{"id":17305,"date":"2024-11-08T21:08:55","date_gmt":"2024-11-08T21:08:55","guid":{"rendered":"https:\/\/dackel.ch\/nouveautes-du-sdc\/"},"modified":"2026-02-03T11:04:03","modified_gmt":"2026-02-03T11:04:03","slug":"nouveautes-du-sdc","status":"publish","type":"page","link":"https:\/\/dackel.ch\/fr\/actualites\/nouveautes-du-sdc\/","title":{"rendered":"Nouveaut\u00e9s du SDC"},"content":{"rendered":"<div  class='flex_column av-nr7dck-93c1d1e783043a2cabe722d17297829d av_one_full  avia-builder-el-0  avia-builder-el-no-sibling  first flex_column_div  '     ><div  class='av-alb-blogposts template-blog  av-blog-meta-author-disabled av-blog-meta-comments-disabled av-blog-meta-category-disabled av-blog-meta-date-disabled av-blog-meta-html-info-disabled av-blog-meta-tag-disabled '  itemscope=\"itemscope\" itemtype=\"https:\/\/schema.org\/Blog\" ><article class=\"post-entry post-entry-type-standard post-entry-19614 post-loop-1 post-parity-odd single-small with-slider post-19614 post type-post status-publish format-standard has-post-thumbnail hentry category-actualites\"  itemscope=\"itemscope\" itemtype=\"https:\/\/schema.org\/BlogPosting\" ><div class=\"blog-meta\"><a href='https:\/\/dackel.ch\/fr\/journee-des-eleveurs-pour-tous-les-eleveurs-et-les-membres-interesses-du-sdc\/' class='small-preview'  title=\"Tassilo-vom-Walkuerenfelsen\"   itemprop=\"image\" itemscope=\"itemscope\" itemtype=\"https:\/\/schema.org\/ImageObject\" ><img decoding=\"async\" loading=\"lazy\" width=\"180\" height=\"180\" src=\"https:\/\/dackel.ch\/wp-content\/uploads\/2025\/06\/Tassilo-vom-Walkuerenfelsen-180x180.jpeg\" class=\"wp-image-17293 avia-img-lazy-loading-17293 attachment-square size-square wp-post-image\" alt=\"\" srcset=\"https:\/\/dackel.ch\/wp-content\/uploads\/2025\/06\/Tassilo-vom-Walkuerenfelsen-180x180.jpeg 180w, https:\/\/dackel.ch\/wp-content\/uploads\/2025\/06\/Tassilo-vom-Walkuerenfelsen-80x80.jpeg 80w, https:\/\/dackel.ch\/wp-content\/uploads\/2025\/06\/Tassilo-vom-Walkuerenfelsen-36x36.jpeg 36w\" sizes=\"auto, (max-width: 180px) 100vw, 180px\" \/><span class='iconfont avia-svg-icon avia-font-svg_entypo-fontello' data-av_svg_icon='pencil' data-av_iconset='svg_entypo-fontello' ><svg version=\"1.1\" xmlns=\"http:\/\/www.w3.org\/2000\/svg\" width=\"25\" height=\"32\" viewBox=\"0 0 25 32\" preserveAspectRatio=\"xMidYMid meet\" role=\"graphics-symbol\" aria-hidden=\"true\">\n<path d=\"M22.976 5.44q1.024 1.024 1.504 2.048t0.48 1.536v0.512l-8.064 8.064-9.28 9.216-7.616 1.664 1.6-7.68 9.28-9.216 8.064-8.064q1.728-0.384 4.032 1.92zM7.168 25.92l0.768-0.768q-0.064-1.408-1.664-3.008-0.704-0.704-1.44-1.12t-1.12-0.416l-0.448-0.064-0.704 0.768-0.576 2.56q0.896 0.512 1.472 1.088 0.768 0.768 1.152 1.536z\"><\/path>\n<\/svg><\/span><\/a><\/div><div class='entry-content-wrapper clearfix standard-content'><header class=\"entry-content-header\" aria-label=\"Articles : Journ\u00e9e des \u00e9leveurs pour tous les \u00e9leveurs et les membres int\u00e9ress\u00e9s du SDC\"><h2 class='post-title entry-title '  itemprop=\"headline\" ><a href=\"https:\/\/dackel.ch\/fr\/journee-des-eleveurs-pour-tous-les-eleveurs-et-les-membres-interesses-du-sdc\/\" rel=\"bookmark\" title=\"Lien permanent : Journ\u00e9e des \u00e9leveurs pour tous les \u00e9leveurs et les membres int\u00e9ress\u00e9s du SDC\">Journ\u00e9e des \u00e9leveurs pour tous les \u00e9leveurs et les membres int\u00e9ress\u00e9s du SDC<span class=\"post-format-icon minor-meta\"><\/span><\/a><\/h2><span class=\"post-meta-infos\"><\/span><\/header><div class=\"entry-content\"  itemprop=\"text\" ><p><a href=\"https:\/\/dackel.ch\/wp-content\/uploads\/2026\/03\/SDC-Zuechtertagung-2026.pdf\" target=\"_blank\" rel=\"noopener\">Journ\u00e9e des \u00e9leveurs SDC 2026 Invitation et inscription<\/a> <\/p>\n<p>25.04.2026 \u00e0 Utzenstorf BE<\/p>\n<\/div><footer class=\"entry-footer\"><\/footer><div class='post_delimiter'><\/div><\/div><div class=\"post_author_timeline\"><\/div><span class='hidden'>\n\t\t\t\t<span class='av-structured-data'  itemprop=\"image\" itemscope=\"itemscope\" itemtype=\"https:\/\/schema.org\/ImageObject\" >\n\t\t\t\t\t\t<span itemprop='url'>https:\/\/dackel.ch\/wp-content\/uploads\/2025\/06\/Tassilo-vom-Walkuerenfelsen.jpeg<\/span>\n\t\t\t\t\t\t<span itemprop='height'>1115<\/span>\n\t\t\t\t\t\t<span itemprop='width'>1179<\/span>\n\t\t\t\t<\/span>\n\t\t\t\t<span class='av-structured-data'  itemprop=\"publisher\" itemtype=\"https:\/\/schema.org\/Organization\" itemscope=\"itemscope\" >\n\t\t\t\t\t\t<span itemprop='name'>admin<\/span>\n\t\t\t\t\t\t<span itemprop='logo' itemscope itemtype='https:\/\/schema.org\/ImageObject'>\n\t\t\t\t\t\t\t<span itemprop='url'>https:\/\/dackel.ch\/wp-content\/uploads\/2015\/09\/logoquer200banner1.png<\/span>\n\t\t\t\t\t\t<\/span>\n\t\t\t\t<\/span><span class='av-structured-data'  itemprop=\"author\" itemscope=\"itemscope\" itemtype=\"https:\/\/schema.org\/Person\" ><span itemprop='name'>admin<\/span><\/span><span class='av-structured-data'  itemprop=\"datePublished\" datetime=\"2026-03-27T12:26:41+00:00\" >2026-03-27 12:26:41<\/span><span class='av-structured-data'  itemprop=\"dateModified\" itemtype=\"https:\/\/schema.org\/dateModified\" >2026-03-27 12:28:33<\/span><span class='av-structured-data'  itemprop=\"mainEntityOfPage\" itemtype=\"https:\/\/schema.org\/mainEntityOfPage\" ><span itemprop='name'>Journ\u00e9e des \u00e9leveurs pour tous les \u00e9leveurs et les membres int\u00e9ress\u00e9s du SDC<\/span><\/span><\/span><\/article><article class=\"post-entry post-entry-type-standard post-entry-17215 post-loop-2 post-parity-even single-small with-slider post-17215 post type-post status-publish format-standard has-post-thumbnail hentry category-actualites\"  itemscope=\"itemscope\" itemtype=\"https:\/\/schema.org\/BlogPosting\" ><div class=\"blog-meta\"><a href='https:\/\/dackel.ch\/fr\/assemblee-generale-2026\/' class='small-preview'  title=\"DSC_0983-1\"   itemprop=\"image\" itemscope=\"itemscope\" itemtype=\"https:\/\/schema.org\/ImageObject\" ><img decoding=\"async\" loading=\"lazy\" width=\"180\" height=\"180\" src=\"https:\/\/dackel.ch\/wp-content\/uploads\/2025\/12\/DSC_0983-1-180x180.jpg\" class=\"wp-image-17223 avia-img-lazy-loading-17223 attachment-square size-square wp-post-image\" alt=\"\" srcset=\"https:\/\/dackel.ch\/wp-content\/uploads\/2025\/12\/DSC_0983-1-180x180.jpg 180w, https:\/\/dackel.ch\/wp-content\/uploads\/2025\/12\/DSC_0983-1-80x80.jpg 80w, https:\/\/dackel.ch\/wp-content\/uploads\/2025\/12\/DSC_0983-1-36x36.jpg 36w\" sizes=\"auto, (max-width: 180px) 100vw, 180px\" \/><span class='iconfont avia-svg-icon avia-font-svg_entypo-fontello' data-av_svg_icon='pencil' data-av_iconset='svg_entypo-fontello' ><svg version=\"1.1\" xmlns=\"http:\/\/www.w3.org\/2000\/svg\" width=\"25\" height=\"32\" viewBox=\"0 0 25 32\" preserveAspectRatio=\"xMidYMid meet\" role=\"graphics-symbol\" aria-hidden=\"true\">\n<path d=\"M22.976 5.44q1.024 1.024 1.504 2.048t0.48 1.536v0.512l-8.064 8.064-9.28 9.216-7.616 1.664 1.6-7.68 9.28-9.216 8.064-8.064q1.728-0.384 4.032 1.92zM7.168 25.92l0.768-0.768q-0.064-1.408-1.664-3.008-0.704-0.704-1.44-1.12t-1.12-0.416l-0.448-0.064-0.704 0.768-0.576 2.56q0.896 0.512 1.472 1.088 0.768 0.768 1.152 1.536z\"><\/path>\n<\/svg><\/span><\/a><\/div><div class='entry-content-wrapper clearfix standard-content'><header class=\"entry-content-header\" aria-label=\"Articles : Assembl\u00e9e g\u00e9n\u00e9rale 2026\"><h2 class='post-title entry-title '  itemprop=\"headline\" ><a href=\"https:\/\/dackel.ch\/fr\/assemblee-generale-2026\/\" rel=\"bookmark\" title=\"Lien permanent : Assembl\u00e9e g\u00e9n\u00e9rale 2026\">Assembl\u00e9e g\u00e9n\u00e9rale 2026<span class=\"post-format-icon minor-meta\"><\/span><\/a><\/h2><span class=\"post-meta-infos\"><\/span><\/header><div class=\"entry-content\"  itemprop=\"text\" ><p><a href=\"https:\/\/dackel.ch\/wp-content\/uploads\/2025\/12\/Infos-SDC-GV-2026.pdf\" target=\"_blank\" rel=\"noopener\">Infos AG du SDC 2026<\/a><\/p>\n<\/div><footer class=\"entry-footer\"><\/footer><div class='post_delimiter'><\/div><\/div><div class=\"post_author_timeline\"><\/div><span class='hidden'>\n\t\t\t\t<span class='av-structured-data'  itemprop=\"image\" itemscope=\"itemscope\" itemtype=\"https:\/\/schema.org\/ImageObject\" >\n\t\t\t\t\t\t<span itemprop='url'>https:\/\/dackel.ch\/wp-content\/uploads\/2025\/12\/DSC_0983-1-scaled.jpg<\/span>\n\t\t\t\t\t\t<span itemprop='height'>1696<\/span>\n\t\t\t\t\t\t<span itemprop='width'>2560<\/span>\n\t\t\t\t<\/span>\n\t\t\t\t<span class='av-structured-data'  itemprop=\"publisher\" itemtype=\"https:\/\/schema.org\/Organization\" itemscope=\"itemscope\" >\n\t\t\t\t\t\t<span itemprop='name'>admin<\/span>\n\t\t\t\t\t\t<span itemprop='logo' itemscope itemtype='https:\/\/schema.org\/ImageObject'>\n\t\t\t\t\t\t\t<span itemprop='url'>https:\/\/dackel.ch\/wp-content\/uploads\/2015\/09\/logoquer200banner1.png<\/span>\n\t\t\t\t\t\t<\/span>\n\t\t\t\t<\/span><span class='av-structured-data'  itemprop=\"author\" itemscope=\"itemscope\" itemtype=\"https:\/\/schema.org\/Person\" ><span itemprop='name'>admin<\/span><\/span><span class='av-structured-data'  itemprop=\"datePublished\" datetime=\"2025-12-25T19:48:50+00:00\" >2025-12-25 19:48:50<\/span><span class='av-structured-data'  itemprop=\"dateModified\" itemtype=\"https:\/\/schema.org\/dateModified\" >2026-04-06 12:13:28<\/span><span class='av-structured-data'  itemprop=\"mainEntityOfPage\" itemtype=\"https:\/\/schema.org\/mainEntityOfPage\" ><span itemprop='name'>Assembl\u00e9e g\u00e9n\u00e9rale 2026<\/span><\/span><\/span><\/article><article class=\"post-entry post-entry-type-standard post-entry-18064 post-loop-3 post-parity-odd post-entry-last single-small with-slider post-18064 post type-post status-publish format-standard has-post-thumbnail hentry category-actualites\"  itemscope=\"itemscope\" itemtype=\"https:\/\/schema.org\/BlogPosting\" ><div class=\"blog-meta\"><a href='https:\/\/dackel.ch\/fr\/infos-sdc\/' class='small-preview'  title=\"Logo SDC (large)\"   itemprop=\"image\" itemscope=\"itemscope\" itemtype=\"https:\/\/schema.org\/ImageObject\" ><img decoding=\"async\" loading=\"lazy\" width=\"180\" height=\"180\" src=\"https:\/\/dackel.ch\/wp-content\/uploads\/2025\/01\/SDC_Logo-breit-180x180.jpg\" class=\"wp-image-18086 avia-img-lazy-loading-18086 attachment-square size-square wp-post-image\" alt=\"\" srcset=\"https:\/\/dackel.ch\/wp-content\/uploads\/2025\/01\/SDC_Logo-breit-180x180.jpg 180w, https:\/\/dackel.ch\/wp-content\/uploads\/2025\/01\/SDC_Logo-breit-80x80.jpg 80w, https:\/\/dackel.ch\/wp-content\/uploads\/2025\/01\/SDC_Logo-breit-36x36.jpg 36w\" sizes=\"auto, (max-width: 180px) 100vw, 180px\" \/><span class='iconfont avia-svg-icon avia-font-svg_entypo-fontello' data-av_svg_icon='pencil' data-av_iconset='svg_entypo-fontello' ><svg version=\"1.1\" xmlns=\"http:\/\/www.w3.org\/2000\/svg\" width=\"25\" height=\"32\" viewBox=\"0 0 25 32\" preserveAspectRatio=\"xMidYMid meet\" role=\"graphics-symbol\" aria-hidden=\"true\">\n<path d=\"M22.976 5.44q1.024 1.024 1.504 2.048t0.48 1.536v0.512l-8.064 8.064-9.28 9.216-7.616 1.664 1.6-7.68 9.28-9.216 8.064-8.064q1.728-0.384 4.032 1.92zM7.168 25.92l0.768-0.768q-0.064-1.408-1.664-3.008-0.704-0.704-1.44-1.12t-1.12-0.416l-0.448-0.064-0.704 0.768-0.576 2.56q0.896 0.512 1.472 1.088 0.768 0.768 1.152 1.536z\"><\/path>\n<\/svg><\/span><\/a><\/div><div class='entry-content-wrapper clearfix standard-content'><header class=\"entry-content-header\" aria-label=\"Articles : Infos SDC\"><h2 class='post-title entry-title '  itemprop=\"headline\" ><a href=\"https:\/\/dackel.ch\/fr\/infos-sdc\/\" rel=\"bookmark\" title=\"Lien permanent : Infos SDC\">Infos SDC<span class=\"post-format-icon minor-meta\"><\/span><\/a><\/h2><span class=\"post-meta-infos\"><\/span><\/header><div class=\"entry-content\"  itemprop=\"text\" ><\/div><footer class=\"entry-footer\"><\/footer><div class='post_delimiter'><\/div><\/div><div class=\"post_author_timeline\"><\/div><span class='hidden'>\n\t\t\t\t<span class='av-structured-data'  itemprop=\"image\" itemscope=\"itemscope\" itemtype=\"https:\/\/schema.org\/ImageObject\" >\n\t\t\t\t\t\t<span itemprop='url'>https:\/\/dackel.ch\/wp-content\/uploads\/2025\/01\/SDC_Logo-breit-e1738003861347.jpg<\/span>\n\t\t\t\t\t\t<span itemprop='height'>557<\/span>\n\t\t\t\t\t\t<span itemprop='width'>900<\/span>\n\t\t\t\t<\/span>\n\t\t\t\t<span class='av-structured-data'  itemprop=\"publisher\" itemtype=\"https:\/\/schema.org\/Organization\" itemscope=\"itemscope\" >\n\t\t\t\t\t\t<span itemprop='name'>admin<\/span>\n\t\t\t\t\t\t<span itemprop='logo' itemscope itemtype='https:\/\/schema.org\/ImageObject'>\n\t\t\t\t\t\t\t<span itemprop='url'>https:\/\/dackel.ch\/wp-content\/uploads\/2015\/09\/logoquer200banner1.png<\/span>\n\t\t\t\t\t\t<\/span>\n\t\t\t\t<\/span><span class='av-structured-data'  itemprop=\"author\" itemscope=\"itemscope\" itemtype=\"https:\/\/schema.org\/Person\" ><span itemprop='name'>admin<\/span><\/span><span class='av-structured-data'  itemprop=\"datePublished\" datetime=\"2023-09-18T10:45:23+00:00\" >2023-09-18 10:45:23<\/span><span class='av-structured-data'  itemprop=\"dateModified\" itemtype=\"https:\/\/schema.org\/dateModified\" >2023-09-18 10:45:23<\/span><span class='av-structured-data'  itemprop=\"mainEntityOfPage\" itemtype=\"https:\/\/schema.org\/mainEntityOfPage\" ><span itemprop='name'>Infos SDC<\/span><\/span><\/span><\/article><div class='single-small'><nav class='pagination'><span class='pagination-meta'>Page 1 sur 2<\/span><span class='current'>1<\/span><a href='https:\/\/dackel.ch\/fr\/wp-json\/wp\/v2\/pages\/17305\/page\/2\/' class='inactive next_page' >2<\/a><\/nav>\n<\/div><\/div><\/div>\n","protected":false},"excerpt":{"rendered":"","protected":false},"author":1,"featured_media":0,"parent":17712,"menu_order":0,"comment_status":"closed","ping_status":"closed","template":"","meta":{"ngg_post_thumbnail":0,"footnotes":""},"class_list":["post-17305","page","type-page","status-publish","hentry"],"_links":{"self":[{"href":"https:\/\/dackel.ch\/fr\/wp-json\/wp\/v2\/pages\/17305","targetHints":{"allow":["GET"]}}],"collection":[{"href":"https:\/\/dackel.ch\/fr\/wp-json\/wp\/v2\/pages"}],"about":[{"href":"https:\/\/dackel.ch\/fr\/wp-json\/wp\/v2\/types\/page"}],"author":[{"embeddable":true,"href":"https:\/\/dackel.ch\/fr\/wp-json\/wp\/v2\/users\/1"}],"replies":[{"embeddable":true,"href":"https:\/\/dackel.ch\/fr\/wp-json\/wp\/v2\/comments?post=17305"}],"version-history":[{"count":5,"href":"https:\/\/dackel.ch\/fr\/wp-json\/wp\/v2\/pages\/17305\/revisions"}],"predecessor-version":[{"id":17331,"href":"https:\/\/dackel.ch\/fr\/wp-json\/wp\/v2\/pages\/17305\/revisions\/17331"}],"up":[{"embeddable":true,"href":"https:\/\/dackel.ch\/fr\/wp-json\/wp\/v2\/pages\/17712"}],"wp:attachment":[{"href":"https:\/\/dackel.ch\/fr\/wp-json\/wp\/v2\/media?parent=17305"}],"curies":[{"name":"wp","href":"https:\/\/api.w.org\/{rel}","templated":true}]}}