{"id":17307,"date":"2024-11-09T10:37:11","date_gmt":"2024-11-09T10:37:11","guid":{"rendered":"https:\/\/dackel.ch\/responsable-de-lelevage\/"},"modified":"2026-02-03T11:03:17","modified_gmt":"2026-02-03T11:03:17","slug":"responsable-de-lelevage","status":"publish","type":"page","link":"https:\/\/dackel.ch\/fr\/chiots-et-elevage\/elevage-renseignement-delevage\/responsable-de-lelevage\/","title":{"rendered":"Responsable de l&#8217;\u00e9levage"},"content":{"rendered":"<div  class='flex_column av-urxvoj-b33b3f328ba8906e86316e204f943422 av_one_full  avia-builder-el-0  el_before_av_one_full  avia-builder-el-first  first flex_column_div  '     ><style type=\"text\/css\" data-created_by=\"avia_inline_auto\" id=\"style-css-av-m3a1hex5-68e8c0de34e44d58f388448b6840bccf\">\n.avia-image-container.av-m3a1hex5-68e8c0de34e44d58f388448b6840bccf img.avia_image{\nbox-shadow:none;\n}\n.avia-image-container.av-m3a1hex5-68e8c0de34e44d58f388448b6840bccf .av-image-caption-overlay-center{\ncolor:#ffffff;\n}\n<\/style>\n<div  class='avia-image-container av-m3a1hex5-68e8c0de34e44d58f388448b6840bccf av-styling- avia-align-center  avia-builder-el-1  avia-builder-el-no-sibling '   itemprop=\"image\" itemscope=\"itemscope\" itemtype=\"https:\/\/schema.org\/ImageObject\" ><div class=\"avia-image-container-inner\"><div class=\"avia-image-overlay-wrap\"><img decoding=\"async\" fetchpriority=\"high\" class='wp-image-17311 avia-img-lazy-loading-not-17311 avia_image ' src=\"https:\/\/dackel.ch\/wp-content\/uploads\/2015\/09\/t59a4752-1210x423.jpg\" alt='' title='t59a4752'  height=\"423\" width=\"1210\"  itemprop=\"thumbnailUrl\"  \/><\/div><\/div><\/div><\/div><div  class='flex_column av-j8hlr7-260d0b34dc4c53e9f4a4390bca97479d av_one_full  avia-builder-el-2  el_after_av_one_full  avia-builder-el-last  first flex_column_div  column-top-margin'     ><article  class='iconbox iconbox_left av-m3a16er6-a1fd47f2e23b1022daddace2f69dcff5  avia-builder-el-3  avia-builder-el-no-sibling '  itemscope=\"itemscope\" itemtype=\"https:\/\/schema.org\/CreativeWork\" ><div class=\"iconbox_content\"><header class=\"entry-content-header\" aria-label=\"Ic\u00f4ne : Responsable de l\u2019\u00e9levage, bureau d\u2019\u00e9levage et de confirmation, contr\u00f4le des \u00e9levages, placement de teckels\"><div class='iconbox_icon heading-color avia-iconfont avia-font-entypo-fontello' data-av_icon='\ue80a' data-av_iconfont='entypo-fontello'  ><\/div><h3 class='iconbox_content_title '  itemprop=\"headline\" >Responsable de l\u2019\u00e9levage, bureau d\u2019\u00e9levage et de confirmation, contr\u00f4le des \u00e9levages, placement de teckels<\/h3><\/header><div class='iconbox_content_container '  itemprop=\"text\" ><p>La responsable de l&#8217;\u00e9levage est \u00e0 votre disposition pour toute question concernant l&#8217;\u00e9levage de toutes les races de teckels et le placement de teckels.<\/p>\n<p><b>Tanja Walker<\/b><br \/>\nQuerstrasse 6<br \/>\n8165 Oberweningen<br \/>\nT\u00e9l\u00e9phone : 044 856 17 18<\/p>\n<\/div><\/div><footer class=\"entry-footer\"><\/footer><\/article><\/div><\/p>\n","protected":false},"excerpt":{"rendered":"","protected":false},"author":1,"featured_media":0,"parent":17595,"menu_order":0,"comment_status":"closed","ping_status":"closed","template":"","meta":{"ngg_post_thumbnail":0,"footnotes":""},"class_list":["post-17307","page","type-page","status-publish","hentry"],"_links":{"self":[{"href":"https:\/\/dackel.ch\/fr\/wp-json\/wp\/v2\/pages\/17307","targetHints":{"allow":["GET"]}}],"collection":[{"href":"https:\/\/dackel.ch\/fr\/wp-json\/wp\/v2\/pages"}],"about":[{"href":"https:\/\/dackel.ch\/fr\/wp-json\/wp\/v2\/types\/page"}],"author":[{"embeddable":true,"href":"https:\/\/dackel.ch\/fr\/wp-json\/wp\/v2\/users\/1"}],"replies":[{"embeddable":true,"href":"https:\/\/dackel.ch\/fr\/wp-json\/wp\/v2\/comments?post=17307"}],"version-history":[{"count":3,"href":"https:\/\/dackel.ch\/fr\/wp-json\/wp\/v2\/pages\/17307\/revisions"}],"predecessor-version":[{"id":17327,"href":"https:\/\/dackel.ch\/fr\/wp-json\/wp\/v2\/pages\/17307\/revisions\/17327"}],"up":[{"embeddable":true,"href":"https:\/\/dackel.ch\/fr\/wp-json\/wp\/v2\/pages\/17595"}],"wp:attachment":[{"href":"https:\/\/dackel.ch\/fr\/wp-json\/wp\/v2\/media?parent=17307"}],"curies":[{"name":"wp","href":"https:\/\/api.w.org\/{rel}","templated":true}]}}