{"id":17317,"date":"2024-11-08T19:34:35","date_gmt":"2024-11-08T19:34:35","guid":{"rendered":"https:\/\/dackel.ch\/examen-daptitude-a-la-reproduction\/"},"modified":"2026-02-03T11:03:07","modified_gmt":"2026-02-03T11:03:07","slug":"examen-daptitude-a-la-reproduction","status":"publish","type":"page","link":"https:\/\/dackel.ch\/fr\/chiots-et-elevage\/elevage-renseignement-delevage\/examen-daptitude-a-la-reproduction\/","title":{"rendered":"Examen d&#8217;aptitude \u00e0 la reproduction"},"content":{"rendered":"<div  class='flex_column av-2wodc5j-de390dd42dae1c39b3d3d7b993d00b65 av_one_full  avia-builder-el-0  el_before_av_hr  avia-builder-el-first  first flex_column_div  '     ><section  class='av_textblock_section av-m394w96g-337f1b690914001cf878e11ba8f50646 '   itemscope=\"itemscope\" itemtype=\"https:\/\/schema.org\/CreativeWork\" ><div class='avia_textblock'  itemprop=\"text\" ><h4><strong>\u00c9valuation morphologique<\/strong><\/h4>\n<p>Lors de l&#8217;\u00e9valuation morphologique, deux juges morphologiques sp\u00e9cialement form\u00e9s pour les teckels examinent la morphologie du chien et \u00e9valuent son aptitude \u00e0 la reproduction. Cette \u00e9valuation a lieu individuellement avec chaque ma\u00eetre et son chien. Le document <a href=\"https:\/\/dackel.ch\/fr\/?ddownload=15370\" title=\"D\u00e9roulement du ring\" rel=\"nofollow\" class=\"ddownload-link id-15370 ext-pdf\">D\u00e9roulement du ring<\/a> fournit des informations pour la pr\u00e9paration.<\/p>\n<\/div><\/section><\/div>\n<div  class='hr av-2pw36nb-363850d2e9eaa593eadbabcdaddd8d37 hr-default  avia-builder-el-2  el_after_av_one_full  el_before_av_one_full '><span class='hr-inner '><span class=\"hr-inner-style\"><\/span><\/span><\/div>\n<div  class='flex_column av-26x6zs7-263d73e91d7275ec3542549d07c174c7 av_one_full  avia-builder-el-3  el_after_av_hr  el_before_av_hr  first flex_column_div  '     ><section  class='av_textblock_section av-m394ws7p-5bb34ea88e658ad850689a3102063729 '   itemscope=\"itemscope\" itemtype=\"https:\/\/schema.org\/CreativeWork\" ><div class='avia_textblock'  itemprop=\"text\" ><h4><strong>\u00c9valuation du comportement<\/strong><\/h4>\n<p>Suite \u00e0 l&#8217;augmentation des accidents parfois tr\u00e8s tragiques impliquant des chiens, la SCS a ordonn\u00e9 en 2006 \u00e0 tous les clubs de race qu&#8217;\u00e0 partir du 1er janvier 2007, l&#8217;admission d&#8217;un chien soit soumise \u00e0 une \u00e9valuation non seulement de sa morphologie, mais aussi de son comportement. L&#8217;objectif est d&#8217;emp\u00eacher la reproduction de chiens agressifs ou anxieux. Un chien doit \u00eatre amical envers les autres chiens et les humains et \u00eatre capable de faire face aux contraintes quotidiennes de la civilisation actuelle. <a href=\"https:\/\/dackel.ch\/wp-content\/uploads\/2024\/11\/Die-Verhaltensbeurteilung-bei-SDC.pdf\" target=\"_blank\" rel=\"noopener\">L&#8217;\u00e9valuation du comportement au SDC (fichier pdf)<\/a><\/p>\n<\/div><\/section><\/div>\n<div  class='hr av-1kpb4jr-b03f5d7126b115df5eda5edc91623fc8 hr-default  avia-builder-el-5  el_after_av_one_full  el_before_av_one_full '><span class='hr-inner '><span class=\"hr-inner-style\"><\/span><\/span><\/div>\n<div  class='flex_column av-169q4x3-1a3089b704a57fb37715c91ea20830ee av_one_full  avia-builder-el-6  el_after_av_hr  el_before_av_hr  first flex_column_div  '     ><section  class='av_textblock_section av-m394xi85-bcaeae99967dff8a926c3429c90bcc37 '   itemscope=\"itemscope\" itemtype=\"https:\/\/schema.org\/CreativeWork\" ><div class='avia_textblock'  itemprop=\"text\" ><p><a href=\"https:\/\/dackel.ch\/fr\/?ddownload=13900\" title=\"Profil de comportement des teckels 2024\" rel=\"nofollow\" class=\"ddownload-link id-13900 ext-pdf\">Profil de comportement des teckels 2024<\/a><br \/>\n<a href=\"https:\/\/dackel.ch\/fr\/?ddownload=16595\" title=\"R\u00e8glement d'examen OE \u00e9valuation du comportement EC au SDC\" rel=\"nofollow\" class=\"ddownload-link id-16595 ext-pdf\">R\u00e8glement d'examen OE \u00e9valuation du comportement EC au SDC<\/a><br \/>\n<a href=\"https:\/\/dackel.ch\/wp-content\/uploads\/2024\/11\/Glossar-Verhaltensprofil-ABC.pdf\" target=\"_blank\" rel=\"noopener\">Glossaire-Profil de comportement-ABC<\/a><\/p>\n<\/div><\/section><\/div><div  class='hr av-wl4u87-bf702f2c1f5b1c4d6e267ff95423faa8 hr-default  avia-builder-el-8  el_after_av_one_full  el_before_av_textblock '><span class='hr-inner '><span class=\"hr-inner-style\"><\/span><\/span><\/div><\/p>\n<section  class='av_textblock_section av-m3953b9t-1df9eedad95d77d5ca906f19edf75e7c '   itemscope=\"itemscope\" itemtype=\"https:\/\/schema.org\/CreativeWork\" ><div class='avia_textblock'  itemprop=\"text\" ><h4><strong>Examens d&#8217;aptitude \u00e0 la reproduction<\/strong><\/h4>\n<!-- EventON Calendar --><div id='evcal_calendar_723' class='list_cal ajde_evcal_calendar sev cev color esty_2 ul etttc_custom ' data-cal=''><div id='evcal_head' class='calendar_header ' ><div class='evo_cal_above evodfx evofx_dr_r marb5 evofx_ww'><button class='cal_head_btn evo-gototoday-btn' style='' data-mo='4' data-yr='2026' data-dy='' aria-label='Go to today'>Aktueller Monat<\/button><\/div><div class='evo_cal_above_content'><\/div><div class='evo_header_title '><\/div><\/div><div class='evo_filter_bar evo_main_filter_bar eventon_sorting_section '><div class='evo_filter_container evodfx evo_fx_ai_c'><div class='evo_filter_container_in'><div class='eventon_filter_line' ><div class='evo_loading_bar_holder h100 loading_filters swipe' style='min-height:30px;'><div class='nesthold r g10'><div class='evo_loading_bar wid_100% hi_30px' style='width:100%; height:30px; margin-bottom:1px;'><\/div><div class='evo_loading_bar wid_100% hi_30px' style='width:100%; height:30px; margin-bottom:1px;'><\/div><div class='evo_loading_bar wid_100% hi_30px' style='width:100%; height:30px; margin-bottom:1px;'><\/div><div class='evo_loading_bar wid_100% hi_30px' style='width:100%; height:30px; margin-bottom:1px;'><\/div><div class='evo_loading_bar wid_100% hi_30px' style='width:100%; height:30px; margin-bottom:1px;'><\/div><\/div><\/div><\/div><\/div><div class='evo_filter_nav evo_filter_l'><i class='fa fa-chevron-left'><\/i><\/div><div class='evo_filter_nav evo_filter_r'><i class='fa fa-chevron-right'><\/i><\/div><\/div><div class='evo_filter_aply_btns'><\/div><div class='evo_filter_menu'><\/div><\/div><div id='eventon_loadbar_section'><div id='eventon_loadbar'><\/div><\/div><!-- Events List --><div class='evo_events_list_box'><div id='evcal_list' class='eventon_events_list '><div class='eventon_list_event no_events'><p class='no_events clickable'><a class='evo_no_events_btn' href='https:\/\/dackel.ch\/aktivitaeten\/'><span class='t'>En ce moment, les activit\u00e9s ne sont affich\u00e9es qu'en allemand.\r\nPurtroppo le attivit\u00e0 sono visualizzate solo in tedesco.<\/span><span class=\"st\">Cliquez ici. | Clicca qui<\/span><\/a><\/p><\/div>\t\t\t<\/div>\r\n\t\t\t<\/div><!-- evo_events_list_box -->\t\r\n\t\t\t<div class='clear'><\/div>\r\n\t\t\t\t\t \t<div id='evcal_footer' class='evo_bottom' style='display:none'>\r\n\t\t \t\t<div class='evo_cal_data' data-sc=\"{&quot;accord&quot;:&quot;no&quot;,&quot;bottom_nav&quot;:&quot;no&quot;,&quot;cal_id&quot;:&quot;&quot;,&quot;cal_init_nonajax&quot;:&quot;no&quot;,&quot;calendar_type&quot;:&quot;list&quot;,&quot;ep_fields&quot;:&quot;&quot;,&quot;etc_override&quot;:&quot;yes&quot;,&quot;evc_open&quot;:&quot;no&quot;,&quot;event_count&quot;:0,&quot;event_location&quot;:&quot;all&quot;,&quot;event_order&quot;:&quot;ASC&quot;,&quot;event_organizer&quot;:&quot;all&quot;,&quot;event_parts&quot;:&quot;no&quot;,&quot;event_past_future&quot;:&quot;future&quot;,&quot;event_status&quot;:&quot;all&quot;,&quot;event_tag&quot;:&quot;all&quot;,&quot;event_type&quot;:&quot;56&quot;,&quot;event_type_2&quot;:&quot;all&quot;,&quot;event_virtual&quot;:&quot;all&quot;,&quot;eventtop_date_style&quot;:0,&quot;eventtop_style&quot;:&quot;2&quot;,&quot;exp_jumper&quot;:&quot;no&quot;,&quot;exp_so&quot;:&quot;no&quot;,&quot;filter_relationship&quot;:&quot;AND&quot;,&quot;filter_show_set_only&quot;:&quot;no&quot;,&quot;filter_style&quot;:&quot;default&quot;,&quot;filter_type&quot;:&quot;default&quot;,&quot;filters&quot;:&quot;yes&quot;,&quot;fixed_month&quot;:&quot;4&quot;,&quot;fixed_year&quot;:&quot;2026&quot;,&quot;focus_end_date_range&quot;:&quot;1806530399&quot;,&quot;focus_start_date_range&quot;:&quot;1774994400&quot;,&quot;ft_event_priority&quot;:&quot;no&quot;,&quot;hide_arrows&quot;:&quot;no&quot;,&quot;hide_cancels&quot;:&quot;no&quot;,&quot;hide_empty_months&quot;:&quot;yes&quot;,&quot;hide_end_time&quot;:&quot;no&quot;,&quot;hide_et_dn&quot;:&quot;no&quot;,&quot;hide_et_extra&quot;:&quot;no&quot;,&quot;hide_et_tags&quot;:&quot;no&quot;,&quot;hide_et_tl&quot;:&quot;no&quot;,&quot;hide_ft&quot;:&quot;no&quot;,&quot;hide_ft_img&quot;:&quot;no&quot;,&quot;hide_month_headers&quot;:&quot;yes&quot;,&quot;hide_mult_occur&quot;:&quot;no&quot;,&quot;hide_past&quot;:&quot;yes&quot;,&quot;hide_past_by&quot;:&quot;ee&quot;,&quot;hide_so&quot;:&quot;no&quot;,&quot;ics&quot;:&quot;no&quot;,&quot;jumper&quot;:&quot;no&quot;,&quot;jumper_count&quot;:5,&quot;jumper_offset&quot;:&quot;0&quot;,&quot;lang&quot;:&quot;L1&quot;,&quot;layout_changer&quot;:&quot;no&quot;,&quot;livenow_bar&quot;:&quot;yes&quot;,&quot;mapformat&quot;:&quot;roadmap&quot;,&quot;mapiconurl&quot;:&quot;&quot;,&quot;maps_load&quot;:&quot;yes&quot;,&quot;mapscroll&quot;:&quot;true&quot;,&quot;mapzoom&quot;:&quot;18&quot;,&quot;members_only&quot;:&quot;no&quot;,&quot;ml_priority&quot;:&quot;no&quot;,&quot;ml_toend&quot;:&quot;no&quot;,&quot;month_incre&quot;:0,&quot;number_of_months&quot;:&quot;12&quot;,&quot;only_ft&quot;:&quot;no&quot;,&quot;pec&quot;:&quot;&quot;,&quot;s&quot;:&quot;&quot;,&quot;search&quot;:&quot;&quot;,&quot;search_all&quot;:&quot;no&quot;,&quot;sep_month&quot;:&quot;no&quot;,&quot;show_et_ft_img&quot;:&quot;no&quot;,&quot;show_limit&quot;:&quot;no&quot;,&quot;show_limit_ajax&quot;:&quot;no&quot;,&quot;show_limit_paged&quot;:1,&quot;show_limit_redir&quot;:&quot;&quot;,&quot;show_repeats&quot;:&quot;no&quot;,&quot;show_search&quot;:&quot;no&quot;,&quot;show_upcoming&quot;:0,&quot;show_year&quot;:&quot;no&quot;,&quot;social_share&quot;:&quot;no&quot;,&quot;sort_by&quot;:&quot;sort_date&quot;,&quot;tile_bg&quot;:0,&quot;tile_bg_size&quot;:&quot;full&quot;,&quot;tile_count&quot;:2,&quot;tile_height&quot;:0,&quot;tile_style&quot;:0,&quot;tiles&quot;:&quot;no&quot;,&quot;ux_val&quot;:&quot;0&quot;,&quot;view_switcher&quot;:&quot;no&quot;,&quot;wpml_l1&quot;:&quot;&quot;,&quot;wpml_l2&quot;:&quot;&quot;,&quot;wpml_l3&quot;:&quot;&quot;,&quot;x_ids&quot;:&quot;&quot;,&quot;yl_priority&quot;:&quot;no&quot;,&quot;yl_toend&quot;:&quot;no&quot;,&quot;fixed_day&quot;:&quot;25&quot;,&quot;_cver&quot;:&quot;5.0.6&quot;}\" data-filter_data=\"[]\" data-nav_data=\"{&quot;month_title&quot;:&quot;&lt;p id=&#039;evcal_cur&#039; class=&#039;evo_month_title padr10&#039;&gt; April, 2026&lt;\\\/p&gt;&quot;,&quot;arrows&quot;:&quot;&lt;p class=&#039;evo_arrows&#039;&gt;\\r\\n\\t\\t\\t\\t\\t&lt;button id=&#039;evcal_prev&#039; class=&#039;evcal_arrows evcal_btn_prev evodfx evofx_jc_c evofx_ai_c&#039; aria-label=&#039;Previous Month&#039;&gt;&lt;i class=&#039;fa fa-chevron-left&#039; aria-hidden=&#039;true&#039;&gt;&lt;\\\/i&gt;&lt;\\\/button&gt;\\r\\n\\t\\t\\t\\t\\t&lt;button id=&#039;evcal_next&#039; class=&#039;evcal_arrows evo_arrow_next evcal_btn_next evodfx evofx_jc_c evofx_ai_c&#039; aria-label=&#039;Next Month&#039;&gt;&lt;i class=&#039;fa fa-chevron-right&#039; aria-hidden=&#039;true&#039;&gt;&lt;\\\/i&gt;&lt;\\\/button&gt;\\r\\n\\t\\t\\t\\t\\t&lt;\\\/p&gt;&quot;}\" data-od=\"{&quot;lang_no_events&quot;:&quot;En ce moment, les activit\\u00e9s ne sont affich\\u00e9es qu&#039;en allemand.\\r\\nPurtroppo le attivit\\u00e0 sono visualizzate solo in tedesco.&quot;,&quot;cal_tz_offset&quot;:120,&quot;cal_tz&quot;:&quot;Europe\\\/Zurich&quot;}\" ><\/div>\r\n\t\t \t\t<div class='evo_cal_events' data-events=\"\"><\/div>\r\n\t\t \t<\/div>\r\n\t\t\t\t\r\n\t\t\t\r\n\t\t\t\t\t\t<\/div><!-- EventON End -->\r\n\t\t\t\n<\/div><\/section>\n","protected":false},"excerpt":{"rendered":"","protected":false},"author":1,"featured_media":0,"parent":17595,"menu_order":0,"comment_status":"closed","ping_status":"closed","template":"","meta":{"ngg_post_thumbnail":0,"footnotes":""},"class_list":["post-17317","page","type-page","status-publish","hentry"],"_links":{"self":[{"href":"https:\/\/dackel.ch\/fr\/wp-json\/wp\/v2\/pages\/17317","targetHints":{"allow":["GET"]}}],"collection":[{"href":"https:\/\/dackel.ch\/fr\/wp-json\/wp\/v2\/pages"}],"about":[{"href":"https:\/\/dackel.ch\/fr\/wp-json\/wp\/v2\/types\/page"}],"author":[{"embeddable":true,"href":"https:\/\/dackel.ch\/fr\/wp-json\/wp\/v2\/users\/1"}],"replies":[{"embeddable":true,"href":"https:\/\/dackel.ch\/fr\/wp-json\/wp\/v2\/comments?post=17317"}],"version-history":[{"count":2,"href":"https:\/\/dackel.ch\/fr\/wp-json\/wp\/v2\/pages\/17317\/revisions"}],"predecessor-version":[{"id":17325,"href":"https:\/\/dackel.ch\/fr\/wp-json\/wp\/v2\/pages\/17317\/revisions\/17325"}],"up":[{"embeddable":true,"href":"https:\/\/dackel.ch\/fr\/wp-json\/wp\/v2\/pages\/17595"}],"wp:attachment":[{"href":"https:\/\/dackel.ch\/fr\/wp-json\/wp\/v2\/media?parent=17317"}],"curies":[{"name":"wp","href":"https:\/\/api.w.org\/{rel}","templated":true}]}}