{"id":17337,"date":"2024-11-08T19:01:26","date_gmt":"2024-11-08T19:01:26","guid":{"rendered":"https:\/\/dackel.ch\/chiots-et-elevage\/"},"modified":"2026-02-03T10:55:49","modified_gmt":"2026-02-03T10:55:49","slug":"chiots-et-elevage","status":"publish","type":"page","link":"https:\/\/dackel.ch\/fr\/chiots-et-elevage\/","title":{"rendered":"Chiots et \u00e9levage"},"content":{"rendered":"<div  class='flex_column av-innfdp-38f8fc2ecf7eddf664a300648cf75a06 av_one_full  avia-builder-el-0  avia-builder-el-no-sibling  first flex_column_div  '     ><section  class='av_textblock_section av-m34vuj53-646a204ecd5ca2792994d6a84ee085c9 '   itemscope=\"itemscope\" itemtype=\"https:\/\/schema.org\/CreativeWork\" ><div class='avia_textblock'  itemprop=\"text\" ><p>Nous partons du principe que l&#8217;acquisition d&#8217;un chien est d\u00e9j\u00e0 bien r\u00e9fl\u00e9chie et pr\u00e9par\u00e9e avant que tu ne prennes contact avec un \u00e9leveur. Pour toute question concernant le contrat et l&#8217;acquisition d&#8217;un chiot, n&#8217;h\u00e9site pas \u00e0 contacter notre responsable de l&#8217;\u00e9levage, Madame Tanja Walker.<\/p>\n<p>Tu trouveras d&#8217;autres indications utiles aupr\u00e8s de l&#8217;Office f\u00e9d\u00e9ral de la s\u00e9curit\u00e9 alimentaire et des affaires v\u00e9t\u00e9rinaires&nbsp;<a href=\"http:\/\/www.bvet.admin.ch\/\">www.bvet.admin.ch<\/a> (\u00ab&nbsp;Tout sur le chien&nbsp;\u00bb) et de la SCS&nbsp;<a href=\"http:\/\/www.skg.ch\/\">www.skg.ch<\/a> .<\/p>\n<p>Tu trouveras&nbsp;<a href=\"https:\/\/dackel.ch\/welpenzucht\/zuchtwesen\/zuchter\/\">les \u00e9leveurs du SDC ici.<\/a><\/p>\n<p>Pour la commission d&#8217;\u00e9levage&nbsp;:<br \/>\nTanja Walker, responsable de l&#8217;\u00e9levage SDC<br \/>\nQuerstrasse 6, 8165 Oberweningen<br \/>\nT\u00e9l. 044 856 17 18<\/p>\n<\/div><\/section><\/div>\n","protected":false},"excerpt":{"rendered":"","protected":false},"author":1,"featured_media":0,"parent":0,"menu_order":0,"comment_status":"closed","ping_status":"closed","template":"","meta":{"ngg_post_thumbnail":0,"footnotes":""},"class_list":["post-17337","page","type-page","status-publish","hentry"],"_links":{"self":[{"href":"https:\/\/dackel.ch\/fr\/wp-json\/wp\/v2\/pages\/17337","targetHints":{"allow":["GET"]}}],"collection":[{"href":"https:\/\/dackel.ch\/fr\/wp-json\/wp\/v2\/pages"}],"about":[{"href":"https:\/\/dackel.ch\/fr\/wp-json\/wp\/v2\/types\/page"}],"author":[{"embeddable":true,"href":"https:\/\/dackel.ch\/fr\/wp-json\/wp\/v2\/users\/1"}],"replies":[{"embeddable":true,"href":"https:\/\/dackel.ch\/fr\/wp-json\/wp\/v2\/comments?post=17337"}],"version-history":[{"count":2,"href":"https:\/\/dackel.ch\/fr\/wp-json\/wp\/v2\/pages\/17337\/revisions"}],"predecessor-version":[{"id":17344,"href":"https:\/\/dackel.ch\/fr\/wp-json\/wp\/v2\/pages\/17337\/revisions\/17344"}],"wp:attachment":[{"href":"https:\/\/dackel.ch\/fr\/wp-json\/wp\/v2\/media?parent=17337"}],"curies":[{"name":"wp","href":"https:\/\/api.w.org\/{rel}","templated":true}]}}