{"id":17341,"date":"2024-11-08T19:27:16","date_gmt":"2024-11-08T19:27:16","guid":{"rendered":"https:\/\/dackel.ch\/chasse\/"},"modified":"2026-02-03T10:56:00","modified_gmt":"2026-02-03T10:56:00","slug":"chasse","status":"publish","type":"page","link":"https:\/\/dackel.ch\/fr\/chasse\/","title":{"rendered":"Chasse"},"content":{"rendered":"<div  class='flex_column av-2xxcd7-c221d1569b1801d29861cf4071759d36 av_one_full  avia-builder-el-0  avia-builder-el-no-sibling  first flex_column_div  '     ><section  class='av_textblock_section av-m34x69da-13d79b037a89e2ffdc0cd5f952b93ad4 '   itemscope=\"itemscope\" itemtype=\"https:\/\/schema.org\/CreativeWork\" ><div class='avia_textblock'  itemprop=\"text\" ><h4>Le teckel, chien de chasse<\/h4>\n<p>Le teckel est le plus petit chien polyvalent, travaillant en surface, sous terre et dans l&#8217;eau.<\/p>\n<p>\u2013 C&#8217;est un compagnon de chasse fid\u00e8le.<br \/>\n\u2013 Ses disciplines de pr\u00e9dilection sont la chasse \u00e0 voix haute (poursuite bruyante et fid\u00e8le de la piste).<br \/>\n\u2013 Le travail \u00e0 la sueur (recherche de gibier bless\u00e9\/mort)<br \/>\n\u2013 Le travail souterrain : d\u00e9loger le renard et le blaireau<br \/>\n\u2013 Le broussaillage : d\u00e9busquer le gibier<br \/>\n\u2013 Le travail dans l&#8217;eau : rapporter la volaille abattue<\/p>\n<\/div><\/section><\/div>\n","protected":false},"excerpt":{"rendered":"","protected":false},"author":1,"featured_media":0,"parent":0,"menu_order":0,"comment_status":"closed","ping_status":"closed","template":"","meta":{"ngg_post_thumbnail":0,"footnotes":""},"class_list":["post-17341","page","type-page","status-publish","hentry"],"_links":{"self":[{"href":"https:\/\/dackel.ch\/fr\/wp-json\/wp\/v2\/pages\/17341","targetHints":{"allow":["GET"]}}],"collection":[{"href":"https:\/\/dackel.ch\/fr\/wp-json\/wp\/v2\/pages"}],"about":[{"href":"https:\/\/dackel.ch\/fr\/wp-json\/wp\/v2\/types\/page"}],"author":[{"embeddable":true,"href":"https:\/\/dackel.ch\/fr\/wp-json\/wp\/v2\/users\/1"}],"replies":[{"embeddable":true,"href":"https:\/\/dackel.ch\/fr\/wp-json\/wp\/v2\/comments?post=17341"}],"version-history":[{"count":5,"href":"https:\/\/dackel.ch\/fr\/wp-json\/wp\/v2\/pages\/17341\/revisions"}],"predecessor-version":[{"id":17394,"href":"https:\/\/dackel.ch\/fr\/wp-json\/wp\/v2\/pages\/17341\/revisions\/17394"}],"wp:attachment":[{"href":"https:\/\/dackel.ch\/fr\/wp-json\/wp\/v2\/media?parent=17341"}],"curies":[{"name":"wp","href":"https:\/\/api.w.org\/{rel}","templated":true}]}}