{"id":17360,"date":"2024-11-08T18:50:21","date_gmt":"2024-11-08T18:50:21","guid":{"rendered":"https:\/\/dackel.ch\/nos-missions\/"},"modified":"2026-02-03T11:03:25","modified_gmt":"2026-02-03T11:03:25","slug":"nos-missions","status":"publish","type":"page","link":"https:\/\/dackel.ch\/fr\/notre-club\/nos-missions\/","title":{"rendered":"Nos missions"},"content":{"rendered":"<div  class='flex_column av-1tsqaw-7816eede08a705b33e9289903edb58f3 av_one_full  avia-builder-el-0  avia-builder-el-no-sibling  first flex_column_div  '     ><section  class='av_textblock_section av-m393d6yr-f171dea95c1e811d928e4ab2d4ab8a34 '   itemscope=\"itemscope\" itemtype=\"https:\/\/schema.org\/CreativeWork\" ><div class='avia_textblock'  itemprop=\"text\" ><p>Le Club Suisse du Teckel (CST) est le club de race officiel pour les teckels (\u00e9galement appel\u00e9s dachshunds) en Suisse. En tant que membre de la Soci\u00e9t\u00e9 Cynologique Suisse (SCS), nous nous engageons \u00e0 pr\u00e9server et \u00e0 entretenir la race teckel conform\u00e9ment au standard de la FCI (F\u00e9d\u00e9ration Cynologique Internationale).<\/p>\n<p>Le CST s&#8217;efforce de pr\u00e9server la race teckel en bonne sant\u00e9 et avec un caract\u00e8re irr\u00e9prochable, et de maintenir son aptitude en tant que chien de chasse.<\/p>\n<p>Chaque teckel doit avoir un caract\u00e8re agr\u00e9able et amical et \u00eatre exempt de d\u00e9fauts physiques h\u00e9r\u00e9ditaires. C&#8217;est pourquoi chaque teckel destin\u00e9 \u00e0 la reproduction est examin\u00e9 afin de d\u00e9tecter ces caract\u00e9ristiques ind\u00e9sirables. Le CST contr\u00f4le \u00e9galement les \u00e9leveurs et leur domicile pour v\u00e9rifier s&#8217;ils remplissent les exigences minimales pour un bon \u00e9levage et une bonne socialisation des chiots.<\/p>\n<p>Outre les \u00e9leveurs, les propri\u00e9taires de teckels contribuent \u00e9galement de mani\u00e8re significative \u00e0 faire de leurs teckels des compagnons agr\u00e9ables et amicaux. Les groupes r\u00e9gionaux et les sections offrent \u00e0 leurs membres la possibilit\u00e9 d&#8217;avoir des contacts conviviaux ainsi que des possibilit\u00e9s de formation pour l&#8217;homme et le chien. Une attention particuli\u00e8re est accord\u00e9e \u00e0 la formation polyvalente \u00e0 la chasse, qui correspond aux capacit\u00e9s et aux forces du teckel, ainsi qu&#8217;aux cours de chien d&#8217;accompagnement. En cons\u00e9quence, le CST forme les juges dans les diff\u00e9rentes disciplines.<\/p>\n<\/div><\/section><\/div>\n","protected":false},"excerpt":{"rendered":"","protected":false},"author":1,"featured_media":0,"parent":17632,"menu_order":1,"comment_status":"closed","ping_status":"closed","template":"","meta":{"ngg_post_thumbnail":0,"footnotes":""},"class_list":["post-17360","page","type-page","status-publish","hentry"],"_links":{"self":[{"href":"https:\/\/dackel.ch\/fr\/wp-json\/wp\/v2\/pages\/17360","targetHints":{"allow":["GET"]}}],"collection":[{"href":"https:\/\/dackel.ch\/fr\/wp-json\/wp\/v2\/pages"}],"about":[{"href":"https:\/\/dackel.ch\/fr\/wp-json\/wp\/v2\/types\/page"}],"author":[{"embeddable":true,"href":"https:\/\/dackel.ch\/fr\/wp-json\/wp\/v2\/users\/1"}],"replies":[{"embeddable":true,"href":"https:\/\/dackel.ch\/fr\/wp-json\/wp\/v2\/comments?post=17360"}],"version-history":[{"count":5,"href":"https:\/\/dackel.ch\/fr\/wp-json\/wp\/v2\/pages\/17360\/revisions"}],"predecessor-version":[{"id":17426,"href":"https:\/\/dackel.ch\/fr\/wp-json\/wp\/v2\/pages\/17360\/revisions\/17426"}],"up":[{"embeddable":true,"href":"https:\/\/dackel.ch\/fr\/wp-json\/wp\/v2\/pages\/17632"}],"wp:attachment":[{"href":"https:\/\/dackel.ch\/fr\/wp-json\/wp\/v2\/media?parent=17360"}],"curies":[{"name":"wp","href":"https:\/\/api.w.org\/{rel}","templated":true}]}}