{"id":17384,"date":"2024-11-04T20:29:53","date_gmt":"2024-11-04T20:29:53","guid":{"rendered":"https:\/\/dackel.ch\/le-teckel\/"},"modified":"2026-02-03T10:57:14","modified_gmt":"2026-02-03T10:57:14","slug":"le-teckel","status":"publish","type":"page","link":"https:\/\/dackel.ch\/fr\/le-teckel\/","title":{"rendered":"Le teckel"},"content":{"rendered":"<div  class='flex_column av-10hn4z4-42bf4b8a75b1f128db8d78e75951cf93 av_one_full  avia-builder-el-0  avia-builder-el-no-sibling  first flex_column_div  '     ><section  class='av_textblock_section av-pnhs9c-0dd90f8017554f393db76cd47cee9574 '   itemscope=\"itemscope\" itemtype=\"https:\/\/schema.org\/CreativeWork\" ><div class='avia_textblock'  itemprop=\"text\" ><p><strong>Chiens courants et blaireautiers<\/strong><\/p>\n<p>Les anc\u00eatres du teckel, qui fait partie des races de chiens de chasse, avaient encore des oreilles dress\u00e9es. Ces chiens aux oreilles dress\u00e9es ont donn\u00e9 naissance aux chiens aux oreilles tombantes, dont le chien courant. Il se caract\u00e9rise, outre ses oreilles tombantes, par des pattes arqu\u00e9es. Dans la litt\u00e9rature, ce chien courant est appel\u00e9 Alt-Bracke. Il est l\u2019anc\u00eatre des races de chiens de chasse aux oreilles tombantes, comme le teckel.<br \/>\nSur des images du XVIIIe si\u00e8cle, les anc\u00eatres de notre teckel sont appel\u00e9s Tachs-Kriecher, Tachs-Krieger, Tachs-Schlieffer ou Tachs-W\u00fcrger.<br \/>\nLe Club suisse du teckel a \u00e9t\u00e9 fond\u00e9 en 1902. Le club comptait alors 13 membres.<br \/>\nAujourd\u2019hui, le club compte environ 620 membres, 6 groupes r\u00e9gionaux et la section des teckels de chasse.<\/p>\n<p><a href=\"https:\/\/dackel.ch\/wp-content\/uploads\/2015\/09\/geschichte.jpg\"><img loading=\"lazy\" decoding=\"async\" class=\"alignnone size-full wp-image-79\" src=\"https:\/\/dackel.ch\/wp-content\/uploads\/2015\/09\/geschichte.jpg\" alt=\"histoire\" width=\"718\" height=\"524\" srcset=\"https:\/\/dackel.ch\/wp-content\/uploads\/2015\/09\/geschichte.jpg 718w, https:\/\/dackel.ch\/wp-content\/uploads\/2015\/09\/geschichte-300x219.jpg 300w, https:\/\/dackel.ch\/wp-content\/uploads\/2015\/09\/geschichte-705x515.jpg 705w, https:\/\/dackel.ch\/wp-content\/uploads\/2015\/09\/geschichte-450x328.jpg 450w\" sizes=\"auto, (max-width: 718px) 100vw, 718px\" \/><\/a><\/p>\n<\/div><\/section><\/div>\n","protected":false},"excerpt":{"rendered":"","protected":false},"author":1,"featured_media":0,"parent":0,"menu_order":0,"comment_status":"closed","ping_status":"closed","template":"","meta":{"ngg_post_thumbnail":0,"footnotes":""},"class_list":["post-17384","page","type-page","status-publish","hentry"],"_links":{"self":[{"href":"https:\/\/dackel.ch\/fr\/wp-json\/wp\/v2\/pages\/17384","targetHints":{"allow":["GET"]}}],"collection":[{"href":"https:\/\/dackel.ch\/fr\/wp-json\/wp\/v2\/pages"}],"about":[{"href":"https:\/\/dackel.ch\/fr\/wp-json\/wp\/v2\/types\/page"}],"author":[{"embeddable":true,"href":"https:\/\/dackel.ch\/fr\/wp-json\/wp\/v2\/users\/1"}],"replies":[{"embeddable":true,"href":"https:\/\/dackel.ch\/fr\/wp-json\/wp\/v2\/comments?post=17384"}],"version-history":[{"count":5,"href":"https:\/\/dackel.ch\/fr\/wp-json\/wp\/v2\/pages\/17384\/revisions"}],"predecessor-version":[{"id":17494,"href":"https:\/\/dackel.ch\/fr\/wp-json\/wp\/v2\/pages\/17384\/revisions\/17494"}],"wp:attachment":[{"href":"https:\/\/dackel.ch\/fr\/wp-json\/wp\/v2\/media?parent=17384"}],"curies":[{"name":"wp","href":"https:\/\/api.w.org\/{rel}","templated":true}]}}