{"id":17430,"date":"2024-11-05T20:35:29","date_gmt":"2024-11-05T20:35:29","guid":{"rendered":"https:\/\/dackel.ch\/le-teckel\/infos-sur-les-races\/"},"modified":"2026-02-03T10:56:22","modified_gmt":"2026-02-03T10:56:22","slug":"infos-sur-les-races","status":"publish","type":"page","link":"https:\/\/dackel.ch\/fr\/le-teckel\/infos-sur-les-races\/","title":{"rendered":"Infos sur les races"},"content":{"rendered":"<div  class='flex_column av-1cxayri-cc1b2d556790c0ba1e7902ba8dc94409 av_one_full  avia-builder-el-0  el_before_av_one_third  avia-builder-el-first  first flex_column_div  '     ><section  class='av_textblock_section av-m34vpfdo-ec706aaaa77552eeb2671d65054bfa09 '   itemscope=\"itemscope\" itemtype=\"https:\/\/schema.org\/CreativeWork\" ><div class='avia_textblock'  itemprop=\"text\" ><h4>G\u00e9n\u00e9ralit\u00e9s<\/h4>\n<p>Le teckel, aussi appel\u00e9 dachshund, a une silhouette courte sur pattes, allong\u00e9e mais compacte. Il est tr\u00e8s muscl\u00e9, avec une attitude fi\u00e8re et un regard attentif. Son caract\u00e8re est amical, ni craintif, ni agressif, avec un temp\u00e9rament \u00e9quilibr\u00e9. C&#8217;est un chien de chasse passionn\u00e9, endurant, sensible et agile. Tout cela, associ\u00e9 \u00e0 l&#8217;intelligence, \u00e0 la vigilance et \u00e0 beaucoup de confiance en soi, est une combinaison difficile \u00e0 surpasser.<br \/>\nCette large palette de caract\u00e8res du teckel et son \u00e9norme capacit\u00e9 d&#8217;adaptation en font le<br \/>\ncompagnon et chien de famille id\u00e9al. Il a beaucoup d&#8217;\u00e9nergie, est avide d&#8217;apprendre et a donc besoin de<br \/>\nbeaucoup d&#8217;exercice et de mouvement.<br \/>\nIl appartient \u00e0 la famille des chiens de chasse et, en raison de sa polyvalence, il est volontiers emmen\u00e9 \u00e0 la chasse par de nombreux chasseurs et utilis\u00e9 sp\u00e9cialement pour la recherche apr\u00e8s le coup de feu.<\/p>\n<\/div><\/section><br \/>\n<div  class='hr av-s01c72-1c3b8b1da928f34e0ff35a28bcf6e295 hr-default  avia-builder-el-2  el_after_av_textblock  el_before_av_textblock '><span class='hr-inner '><span class=\"hr-inner-style\"><\/span><\/span><\/div><br \/>\n<section  class='av_textblock_section av-m33ieja5-82278786deab543d3de274ad37f7a445 '   itemscope=\"itemscope\" itemtype=\"https:\/\/schema.org\/CreativeWork\" ><div class='avia_textblock'  itemprop=\"text\" ><h4>3 x 3 teckels<\/h4>\n<p>Le teckel, \u00e9galement appel\u00e9 dachshund, est une race de chien repr\u00e9sent\u00e9e par 3 types de poils et dans 3 tailles diff\u00e9rentes, soit un total de 9 vari\u00e9t\u00e9s\/races (Groupe FCI 4)<\/p>\n<p>Il existe 3 types de poils chez le teckel, \u00e0 savoir le poil dur, le poil court et le poil long. Chaque type de poil existe en trois tailles diff\u00e9rentes, \u00e0 savoir standard, nain et kaninchen, la taille \u00e9tant d\u00e9termin\u00e9e par le tour de poitrine (et non par la taille du corps). Cela peut surprendre au premier abord, mais s&#8217;explique par la t\u00e2che initiale des teckels, qui consistait \u00e0 p\u00e9n\u00e9trer dans les terriers d&#8217;animaux. La question d\u00e9cisive \u00e9tait la suivante&nbsp;: dans quel terrier ce teckel peut-il entrer&nbsp;? Les lapins creusent des tunnels plus petits que les blaireaux. En fait, les teckels kaninchen, les plus petits des teckels, ont \u00e9t\u00e9 sp\u00e9cialement \u00e9lev\u00e9s pour s&#8217;adapter aux petits tunnels des terriers de lapins.<\/p>\n<\/div><\/section><br \/>\n<div  class='hr av-1p5ivge-13bc761df2f15bc8a5b5668289b8b3b6 hr-default  avia-builder-el-4  el_after_av_textblock  el_before_av_textblock '><span class='hr-inner '><span class=\"hr-inner-style\"><\/span><\/span><\/div><br \/>\n<section  class='av_textblock_section av-17tgb5q-1108adc711d5f23c6aed03f25ae44b12 '   itemscope=\"itemscope\" itemtype=\"https:\/\/schema.org\/CreativeWork\" ><div class='avia_textblock'  itemprop=\"text\" ><h4>Traits de caract\u00e8re<\/h4>\n<p>Les teckels sont des \u00ab&nbsp;boules de charme&nbsp;\u00bb avec un caract\u00e8re intense. Le teckel n&#8217;est pas un casanier&nbsp;; il veut vivre des exp\u00e9riences. Les longues promenades sont un must absolu&nbsp;!  <\/p>\n<p>Un teckel est et reste un clown \u00e0 quatre pattes qui te fera toujours rire. Mais il se peut aussi que son ind\u00e9pendance te d\u00e9sesp\u00e8re. Malgr\u00e9 tout, en communaut\u00e9 avec un teckel &#8211; \u00e0 condition d&#8217;une prise en charge affectueuse et d&#8217;une \u00e9ducation coh\u00e9rente &#8211; les ann\u00e9es pass\u00e9es ensemble seront d&#8217;un grand enrichissement.<\/p>\n<\/div><\/section><br \/>\n<div  class='hr av-20ixcu-914303310848dffb38a89bf67dd78815 hr-default  avia-builder-el-6  el_after_av_textblock  el_before_av_textblock '><span class='hr-inner '><span class=\"hr-inner-style\"><\/span><\/span><\/div><br \/>\n<section  class='av_textblock_section av-m34wpvre-6bd795351a42c8c581d9127a7bb38cac '   itemscope=\"itemscope\" itemtype=\"https:\/\/schema.org\/CreativeWork\" ><div class='avia_textblock'  itemprop=\"text\" ><h4>Occupation<\/h4>\n<p>Le teckel est le plus petit <strong>chien polyvalent<\/strong>, il travaille au-dessus et en dessous de la terre ainsi que dans l&#8217;eau.<br \/>\n&#8211; C&#8217;est un fid\u00e8le compagnon de chasse.<br \/>\n&#8211; Ses disciplines royales sont la voie sur piste (chasse bruyante et fid\u00e8le \u00e0 la piste).<br \/>\n&#8211; Travail \u00e0 la sueur (recherche de gibier bless\u00e9\/mort)<br \/>\n&#8211; Travail de construction sous terre&nbsp;: faire sortir les renards et les blaireaux<br \/>\n&#8211; Travail de broussaillage&nbsp;: d\u00e9busquer le gibier<br \/>\n&#8211; Travail dans l&#8217;eau&nbsp;: rapporter la volaille abattue<\/p>\n<p>Mais c&#8217;est aussi le parfait <strong>chien de famille<\/strong>. Le teckel aime \u00eatre occup\u00e9, il a envie d&#8217;apprendre quelque chose<br \/>\net d&#8217;entreprendre des choses.<br \/>\n&#8211; Il existe donc des cours int\u00e9ressants pour chiens de compagnie avec diff\u00e9rents degr\u00e9s de difficult\u00e9.<br \/>\n&#8211; Examens de chiens de compagnie.<br \/>\n&#8211; En tant que chien truffier, il est \u00e9galement de plus en plus demand\u00e9 et effectue un excellent travail.<br \/>\n&#8211; Mantrailing.<br \/>\n&#8211; Chien de th\u00e9rapie.<br \/>\n&#8211; Dackelzauber (tours).<br \/>\n&#8211; Sports Polydog (SchaSu, SpassSport, HoopAgi, Sporttrailen).<br \/>\n&#8211; etc.<\/p>\n<\/div><\/section><\/p><\/div><div  class='flex_column av-2xoe29q-10fe85cbf16b297319d9a1dd5f18a882 av_one_third  avia-builder-el-8  el_after_av_one_full  el_before_av_two_third  first flex_column_div  column-top-margin'     ><p><div  class='hr av-26h25b2-90a4610545615b9a38bf2804d0eeb476 hr-default  avia-builder-el-9  el_before_av_image  avia-builder-el-first '><span class='hr-inner '><span class=\"hr-inner-style\"><\/span><\/span><\/div><br \/>\n\n<style type=\"text\/css\" data-created_by=\"avia_inline_auto\" id=\"style-css-av-m392bt9b-e6df9c96896ee06721a53000bebd6e5f\">\n.avia-image-container.av-m392bt9b-e6df9c96896ee06721a53000bebd6e5f img.avia_image{\nbox-shadow:none;\n}\n.avia-image-container.av-m392bt9b-e6df9c96896ee06721a53000bebd6e5f .av-image-caption-overlay-center{\ncolor:#ffffff;\n}\n<\/style>\n<div  class='avia-image-container av-m392bt9b-e6df9c96896ee06721a53000bebd6e5f av-styling- avia-align-left  avia-builder-el-10  el_after_av_hr  avia-builder-el-last '   itemprop=\"image\" itemscope=\"itemscope\" itemtype=\"https:\/\/schema.org\/ImageObject\" ><div class=\"avia-image-container-inner\"><div class=\"avia-image-overlay-wrap\"><img decoding=\"async\" fetchpriority=\"high\" class='wp-image-17433 avia-img-lazy-loading-not-17433 avia_image ' src=\"https:\/\/dackel.ch\/wp-content\/uploads\/2024\/11\/Kurzhaar-300x203.jpg\" alt='' title='Poil court'  height=\"203\" width=\"300\"  itemprop=\"thumbnailUrl\" srcset=\"https:\/\/dackel.ch\/wp-content\/uploads\/2024\/11\/Kurzhaar-300x203.jpg 300w, https:\/\/dackel.ch\/wp-content\/uploads\/2024\/11\/Kurzhaar.jpg 489w\" sizes=\"(max-width: 300px) 100vw, 300px\" \/><\/div><\/div><\/div><\/p><\/div><\/p>\n<div  class='flex_column av-2ehtdpa-46726c8db9541c7b680119365974fab5 av_two_third  avia-builder-el-11  el_after_av_one_third  el_before_av_hr  flex_column_div  column-top-margin'     ><section  class='av_textblock_section av-m392cwm3-3f3cdee187dd0183d1fd6e8940ffbc75 '   itemscope=\"itemscope\" itemtype=\"https:\/\/schema.org\/CreativeWork\" ><div class='avia_textblock'  itemprop=\"text\" ><p><strong>Teckel \u00e0 poil court<\/strong><\/p>\n<p>Poil court, dense et brillant, bien lisse. Les teckels \u00e0 poil court sont \u00e9lev\u00e9s dans les couleurs rouge, noir-rouge, marron, ainsi que bring\u00e9 et, dans les couleurs susmentionn\u00e9es, \u00e9galement tigr\u00e9. Les teckels \u00e0 poil court sont des chiens vigilants, curieux, intelligents et tr\u00e8s vifs, auxquels on attribue non seulement un attachement prononc\u00e9 et un \u00ab&nbsp;sens de l&#8217;humour&nbsp;\u00bb, mais aussi une bonne dose d&#8217;ent\u00eatement et d&#8217;obstination. Le teckel \u00e0 poil court \u00e9tant assez dominant, il a besoin d&#8217;une \u00e9ducation calme et<br \/>\ncoh\u00e9rente. Il peut \u00eatre un excellent compagnon de jeu pour les enfants.<\/p>\n<\/div><\/section><\/div>\n<div  class='hr av-1aoc0hq-123d70ec2a532cdfe3c126167c226cf9 hr-default  avia-builder-el-13  el_after_av_two_third  el_before_av_one_third '><span class='hr-inner '><span class=\"hr-inner-style\"><\/span><\/span><\/div>\n<div  class='flex_column av-1l328n2-567e0cf88e2372725fd08734dca0ea4b av_one_third  avia-builder-el-14  el_after_av_hr  el_before_av_two_third  first flex_column_div  '     ><p><div  class='hr av-njl0ny-1d99cddb3e9651e1cb1bdcd73697b4a0 hr-default  avia-builder-el-15  el_before_av_image  avia-builder-el-first '><span class='hr-inner '><span class=\"hr-inner-style\"><\/span><\/span><\/div><br \/>\n\n<style type=\"text\/css\" data-created_by=\"avia_inline_auto\" id=\"style-css-av-m392f81p-4443c3b9ca8c904a2871ff5ac048c2ce\">\n.avia-image-container.av-m392f81p-4443c3b9ca8c904a2871ff5ac048c2ce img.avia_image{\nbox-shadow:none;\n}\n.avia-image-container.av-m392f81p-4443c3b9ca8c904a2871ff5ac048c2ce .av-image-caption-overlay-center{\ncolor:#ffffff;\n}\n<\/style>\n<div  class='avia-image-container av-m392f81p-4443c3b9ca8c904a2871ff5ac048c2ce av-styling- avia-align-center  avia-builder-el-16  el_after_av_hr  avia-builder-el-last '   itemprop=\"image\" itemscope=\"itemscope\" itemtype=\"https:\/\/schema.org\/ImageObject\" ><div class=\"avia-image-container-inner\"><div class=\"avia-image-overlay-wrap\"><img decoding=\"async\" fetchpriority=\"high\" class='wp-image-17434 avia-img-lazy-loading-not-17434 avia_image ' src=\"https:\/\/dackel.ch\/wp-content\/uploads\/2024\/11\/Rauhaar-300x215.jpg\" alt='' title='Poil dur'  height=\"215\" width=\"300\"  itemprop=\"thumbnailUrl\" srcset=\"https:\/\/dackel.ch\/wp-content\/uploads\/2024\/11\/Rauhaar-300x215.jpg 300w, https:\/\/dackel.ch\/wp-content\/uploads\/2024\/11\/Rauhaar-260x185.jpg 260w, https:\/\/dackel.ch\/wp-content\/uploads\/2024\/11\/Rauhaar.jpg 489w\" sizes=\"(max-width: 300px) 100vw, 300px\" \/><\/div><\/div><\/div><\/p><\/div>\n<div  class='flex_column av-176rp0e-ad310cb272215ca77a2ebd46e6288ac7 av_two_third  avia-builder-el-17  el_after_av_one_third  el_before_av_hr  flex_column_div  '     ><section  class='av_textblock_section av-m392l1rj-c2881ddd5e25283d560fbbfce4773ac5 '   itemscope=\"itemscope\" itemtype=\"https:\/\/schema.org\/CreativeWork\" ><div class='avia_textblock'  itemprop=\"text\" ><p><strong>Teckel \u00e0 poil dur<\/strong><\/p>\n<p>Le teckel \u00e0 poil dur doit avoir un poil dur avec un sous-poil. Une belle barbe et des sourcils touffus le caract\u00e9risent. Il est \u00e9lev\u00e9 dans les couleurs suivantes&nbsp;: couleur de suie, couleur de suie fonc\u00e9e, noir-rouge, marron et rouge, ainsi que rarement tigr\u00e9. Le teckel \u00e0 poil dur est consid\u00e9r\u00e9 comme un chien courageux, vigilant, extr\u00eamement affectueux et fid\u00e8le \u00e0 son ma\u00eetre, auquel on attribue toutefois \u00e9galement ent\u00eatement et dominance. Il est vif et intelligent. Le contact avec les enfants ne pose aucun probl\u00e8me avec une \u00e9ducation appropri\u00e9e.<\/p>\n<\/div><\/section><\/div>\n<div  class='hr av-mgvuce-9aae1ee27d271be2871435bae3ccbb27 hr-default  avia-builder-el-19  el_after_av_two_third  el_before_av_one_third '><span class='hr-inner '><span class=\"hr-inner-style\"><\/span><\/span><\/div>\n<div  class='flex_column av-1ql55lq-661d98900b2aa7f6d22a51ba52abc470 av_one_third  avia-builder-el-20  el_after_av_hr  el_before_av_two_third  first flex_column_div  '     ><p><div  class='hr av-17uxw66-062d577d697fdca5112755e19c7a9a80 hr-default  avia-builder-el-21  el_before_av_image  avia-builder-el-first '><span class='hr-inner '><span class=\"hr-inner-style\"><\/span><\/span><\/div><br \/>\n\n<style type=\"text\/css\" data-created_by=\"avia_inline_auto\" id=\"style-css-av-m392tvzx-0373ec3f486a83d1c425bb174e7928d7\">\n.avia-image-container.av-m392tvzx-0373ec3f486a83d1c425bb174e7928d7 img.avia_image{\nbox-shadow:none;\n}\n.avia-image-container.av-m392tvzx-0373ec3f486a83d1c425bb174e7928d7 .av-image-caption-overlay-center{\ncolor:#ffffff;\n}\n<\/style>\n<div  class='avia-image-container av-m392tvzx-0373ec3f486a83d1c425bb174e7928d7 av-styling- avia-align-center  avia-builder-el-22  el_after_av_hr  avia-builder-el-last '   itemprop=\"image\" itemscope=\"itemscope\" itemtype=\"https:\/\/schema.org\/ImageObject\" ><div class=\"avia-image-container-inner\"><div class=\"avia-image-overlay-wrap\"><img decoding=\"async\" fetchpriority=\"high\" class='wp-image-17432 avia-img-lazy-loading-not-17432 avia_image ' src=\"https:\/\/dackel.ch\/wp-content\/uploads\/2024\/11\/Langhaaar-300x220.jpg\" alt='' title='Poil long'  height=\"220\" width=\"300\"  itemprop=\"thumbnailUrl\" srcset=\"https:\/\/dackel.ch\/wp-content\/uploads\/2024\/11\/Langhaaar-300x220.jpg 300w, https:\/\/dackel.ch\/wp-content\/uploads\/2024\/11\/Langhaaar.jpg 489w\" sizes=\"(max-width: 300px) 100vw, 300px\" \/><\/div><\/div><\/div><\/p><\/div>\n<div  class='flex_column av-39u0hq-675fe433bec1413f144f063a13d1e950 av_two_third  avia-builder-el-23  el_after_av_one_third  el_before_av_one_full  flex_column_div  '     ><section  class='av_textblock_section av-m392vfrh-e506d763a1523a3bc84d8b3aaf445bda '   itemscope=\"itemscope\" itemtype=\"https:\/\/schema.org\/CreativeWork\" ><div class='avia_textblock'  itemprop=\"text\" ><p><strong>Teckel \u00e0 poil long<\/strong><\/p>\n<p>Poil \u00e9l\u00e9gant, long et soyeux. Le poil simple s&#8217;allonge au niveau du cou, du dessous, des pattes et de la queue. Le poil long est \u00e9lev\u00e9 dans les couleurs rouge, noir-rouge, marron, ainsi que rouge avec un poil de couverture fonc\u00e9 et comme noir et marron tigr\u00e9. Le teckel \u00e0 poil long est un chien vigilant, intelligent mais aussi un peu t\u00eatu. Il est consid\u00e9r\u00e9 comme sociable et joueur et a un certain \u00ab&nbsp;sens de l&#8217;humour&nbsp;\u00bb. Ces chiens se distinguent par un grand attachement \u00e0 leur famille et seraient un peu plus doux que leurs cousins \u00e0 poil court. Ils s&#8217;entendent bien avec les enfants.<\/p>\n<\/div><\/section><\/div>\n<div  class='flex_column av-oojn32-398c7e0033a04f7b43506af503ab89bd av_one_full  avia-builder-el-25  el_after_av_two_third  avia-builder-el-last  first flex_column_div  column-top-margin'     ><section  class='av_textblock_section av-m33igqud-354e43b6139516c4a3281ba435ce2515 '   itemscope=\"itemscope\" itemtype=\"https:\/\/schema.org\/CreativeWork\" ><div class='avia_textblock'  itemprop=\"text\" ><p><a href=\"https:\/\/dackel.ch\/wp-content\/uploads\/2024\/11\/Rassenbeschrieb-V2-13.10.17.pdf\" target=\"_blank\" rel=\"noopener\">Description de la race-V2-13.10.17<\/a><\/p>\n<p><a href=\"https:\/\/dackel.ch\/wp-content\/uploads\/2024\/11\/FCI-Rassen-Standard-2022.pdf\" target=\"_blank\" rel=\"noopener\">Standard de race FCI 2022<\/a><\/p>\n<p><a href=\"https:\/\/dackel.ch\/wp-content\/uploads\/2024\/06\/Stellungnahme-Qualzucht-3.pdf\" target=\"_blank\" rel=\"noopener\">Prise de position sur l&#8217;\u00e9levage de la torture<\/a><\/p>\n<\/div><\/section><\/div>\n","protected":false},"excerpt":{"rendered":"","protected":false},"author":1,"featured_media":0,"parent":17384,"menu_order":0,"comment_status":"closed","ping_status":"closed","template":"","meta":{"ngg_post_thumbnail":0,"footnotes":""},"class_list":["post-17430","page","type-page","status-publish","hentry"],"_links":{"self":[{"href":"https:\/\/dackel.ch\/fr\/wp-json\/wp\/v2\/pages\/17430","targetHints":{"allow":["GET"]}}],"collection":[{"href":"https:\/\/dackel.ch\/fr\/wp-json\/wp\/v2\/pages"}],"about":[{"href":"https:\/\/dackel.ch\/fr\/wp-json\/wp\/v2\/types\/page"}],"author":[{"embeddable":true,"href":"https:\/\/dackel.ch\/fr\/wp-json\/wp\/v2\/users\/1"}],"replies":[{"embeddable":true,"href":"https:\/\/dackel.ch\/fr\/wp-json\/wp\/v2\/comments?post=17430"}],"version-history":[{"count":3,"href":"https:\/\/dackel.ch\/fr\/wp-json\/wp\/v2\/pages\/17430\/revisions"}],"predecessor-version":[{"id":17439,"href":"https:\/\/dackel.ch\/fr\/wp-json\/wp\/v2\/pages\/17430\/revisions\/17439"}],"up":[{"embeddable":true,"href":"https:\/\/dackel.ch\/fr\/wp-json\/wp\/v2\/pages\/17384"}],"wp:attachment":[{"href":"https:\/\/dackel.ch\/fr\/wp-json\/wp\/v2\/media?parent=17430"}],"curies":[{"name":"wp","href":"https:\/\/api.w.org\/{rel}","templated":true}]}}