{"id":17532,"date":"2015-09-09T06:24:33","date_gmt":"2015-09-09T06:24:33","guid":{"rendered":"https:\/\/dackel.ch\/expositions\/"},"modified":"2026-04-16T13:22:28","modified_gmt":"2026-04-16T13:22:28","slug":"expositions","status":"publish","type":"page","link":"https:\/\/dackel.ch\/fr\/activites\/expositions\/","title":{"rendered":"Expositions"},"content":{"rendered":"\n<style type=\"text\/css\" data-created_by=\"avia_inline_auto\" id=\"style-css-av-ba5m9-7daec6af069b62f0befd82523a2ef4ad\">\n.flex_column.av-ba5m9-7daec6af069b62f0befd82523a2ef4ad{\nborder-radius:0px 0px 0px 0px;\npadding:0px 0px 0px 0px;\n}\n<\/style>\n<div  class='flex_column av-ba5m9-7daec6af069b62f0befd82523a2ef4ad av_one_full  avia-builder-el-0  el_before_av_two_fifth  avia-builder-el-first  first flex_column_div av-zero-column-padding  '     ><section  class='av_textblock_section av-abh31-2a5e6c6c394784847707ba22b76f2e74 '   itemscope=\"itemscope\" itemtype=\"https:\/\/schema.org\/CreativeWork\" ><div class='avia_textblock'  itemprop=\"text\" ><p><a href=\"https:\/\/dackel.ch\/wp-content\/uploads\/2015\/09\/ausst_header.jpg\" rel=\"attachment wp-att-828\"><img loading=\"lazy\" decoding=\"async\" class=\"alignnone size-entry_with_sidebar wp-image-828\" src=\"https:\/\/dackel.ch\/wp-content\/uploads\/2015\/09\/ausst_header-845x321.jpg\" alt=\"Expositions\" width=\"845\" height=\"321\"><\/a><\/p>\n<\/div><\/section><\/div>\n\n<style type=\"text\/css\" data-created_by=\"avia_inline_auto\" id=\"style-css-av-a0h0p-ad4a1eb84178a49a2ddb269b87fcdfed\">\n.flex_column.av-a0h0p-ad4a1eb84178a49a2ddb269b87fcdfed{\nborder-radius:0px 0px 0px 0px;\npadding:0px 0px 0px 0px;\n}\n<\/style>\n<div  class='flex_column av-a0h0p-ad4a1eb84178a49a2ddb269b87fcdfed av_two_fifth  avia-builder-el-2  el_after_av_one_full  el_before_av_three_fifth  first flex_column_div av-zero-column-padding  column-top-margin'     ><section  class='av_textblock_section av-96u1l-b0eb946dfdc27b8ac5f44d474da98b08 '   itemscope=\"itemscope\" itemtype=\"https:\/\/schema.org\/CreativeWork\" ><div class='avia_textblock'  itemprop=\"text\" ><p>Prochaines expositions<\/p>\n<!-- EventON Calendar --><div id='evcal_calendar_343' class='list_cal ajde_evcal_calendar sev cev color esty_2 ul etttc_custom ' data-cal=''><div id='evcal_head' class='calendar_header ' ><div class='evo_cal_above evodfx evofx_dr_r marb5 evofx_ww'><button class='cal_head_btn evo-gototoday-btn' style='' data-mo='5' data-yr='2026' data-dy='' aria-label='Go to today'>Aktueller Monat<\/button><\/div><div class='evo_cal_above_content'><\/div><div class='evo_header_title '><\/div><\/div><div class='evo_filter_bar evo_main_filter_bar eventon_sorting_section '><div class='evo_filter_container evodfx evo_fx_ai_c'><div class='evo_filter_container_in'><div class='eventon_filter_line' ><div class='evo_loading_bar_holder h100 loading_filters swipe' style='min-height:30px;'><div class='nesthold r g10'><div class='evo_loading_bar wid_100% hi_30px' style='width:100%; height:30px; margin-bottom:1px;'><\/div><div class='evo_loading_bar wid_100% hi_30px' style='width:100%; height:30px; margin-bottom:1px;'><\/div><div class='evo_loading_bar wid_100% hi_30px' style='width:100%; height:30px; margin-bottom:1px;'><\/div><div class='evo_loading_bar wid_100% hi_30px' style='width:100%; height:30px; margin-bottom:1px;'><\/div><div class='evo_loading_bar wid_100% hi_30px' style='width:100%; height:30px; margin-bottom:1px;'><\/div><\/div><\/div><\/div><\/div><div class='evo_filter_nav evo_filter_l'><i class='fa fa-chevron-left'><\/i><\/div><div class='evo_filter_nav evo_filter_r'><i class='fa fa-chevron-right'><\/i><\/div><\/div><div class='evo_filter_aply_btns'><\/div><div class='evo_filter_menu'><\/div><\/div><div id='eventon_loadbar_section'><div id='eventon_loadbar'><\/div><\/div><!-- Events List --><div class='evo_events_list_box'><div id='evcal_list' class='eventon_events_list '><div class='eventon_list_event no_events'><p class='no_events clickable'><a class='evo_no_events_btn' href='https:\/\/dackel.ch\/aktivitaeten\/'><span class='t'>En ce moment, les activit\u00e9s ne sont affich\u00e9es qu'en allemand.\r\nPurtroppo le attivit\u00e0 sono visualizzate solo in tedesco.<\/span><span class=\"st\">Cliquez ici. | Clicca qui<\/span><\/a><\/p><\/div>\t\t\t<\/div>\r\n\t\t\t<\/div><!-- evo_events_list_box -->\t\r\n\t\t\t<div class='clear'><\/div>\r\n\t\t\t\t\t \t<div id='evcal_footer' class='evo_bottom' style='display:none'>\r\n\t\t \t\t<div class='evo_cal_data' data-sc=\"{&quot;accord&quot;:&quot;no&quot;,&quot;bottom_nav&quot;:&quot;no&quot;,&quot;cal_id&quot;:&quot;&quot;,&quot;cal_init_nonajax&quot;:&quot;no&quot;,&quot;calendar_type&quot;:&quot;list&quot;,&quot;ep_fields&quot;:&quot;&quot;,&quot;etc_override&quot;:&quot;yes&quot;,&quot;evc_open&quot;:&quot;no&quot;,&quot;event_count&quot;:0,&quot;event_location&quot;:&quot;all&quot;,&quot;event_order&quot;:&quot;ASC&quot;,&quot;event_organizer&quot;:&quot;all&quot;,&quot;event_parts&quot;:&quot;no&quot;,&quot;event_past_future&quot;:&quot;future&quot;,&quot;event_status&quot;:&quot;all&quot;,&quot;event_tag&quot;:&quot;all&quot;,&quot;event_type&quot;:&quot;53&quot;,&quot;event_type_2&quot;:&quot;all&quot;,&quot;event_virtual&quot;:&quot;all&quot;,&quot;eventtop_date_style&quot;:0,&quot;eventtop_style&quot;:&quot;2&quot;,&quot;exp_jumper&quot;:&quot;no&quot;,&quot;exp_so&quot;:&quot;no&quot;,&quot;filter_relationship&quot;:&quot;AND&quot;,&quot;filter_show_set_only&quot;:&quot;no&quot;,&quot;filter_style&quot;:&quot;default&quot;,&quot;filter_type&quot;:&quot;default&quot;,&quot;filters&quot;:&quot;yes&quot;,&quot;fixed_month&quot;:&quot;5&quot;,&quot;fixed_year&quot;:&quot;2026&quot;,&quot;focus_end_date_range&quot;:&quot;1809122399&quot;,&quot;focus_start_date_range&quot;:&quot;1777586400&quot;,&quot;ft_event_priority&quot;:&quot;no&quot;,&quot;hide_arrows&quot;:&quot;no&quot;,&quot;hide_cancels&quot;:&quot;no&quot;,&quot;hide_empty_months&quot;:&quot;yes&quot;,&quot;hide_end_time&quot;:&quot;no&quot;,&quot;hide_et_dn&quot;:&quot;no&quot;,&quot;hide_et_extra&quot;:&quot;no&quot;,&quot;hide_et_tags&quot;:&quot;no&quot;,&quot;hide_et_tl&quot;:&quot;no&quot;,&quot;hide_ft&quot;:&quot;no&quot;,&quot;hide_ft_img&quot;:&quot;no&quot;,&quot;hide_month_headers&quot;:&quot;yes&quot;,&quot;hide_mult_occur&quot;:&quot;no&quot;,&quot;hide_past&quot;:&quot;yes&quot;,&quot;hide_past_by&quot;:&quot;ee&quot;,&quot;hide_so&quot;:&quot;no&quot;,&quot;ics&quot;:&quot;no&quot;,&quot;jumper&quot;:&quot;no&quot;,&quot;jumper_count&quot;:5,&quot;jumper_offset&quot;:&quot;0&quot;,&quot;lang&quot;:&quot;L1&quot;,&quot;layout_changer&quot;:&quot;no&quot;,&quot;livenow_bar&quot;:&quot;yes&quot;,&quot;mapformat&quot;:&quot;roadmap&quot;,&quot;mapiconurl&quot;:&quot;&quot;,&quot;maps_load&quot;:&quot;yes&quot;,&quot;mapscroll&quot;:&quot;true&quot;,&quot;mapzoom&quot;:&quot;18&quot;,&quot;members_only&quot;:&quot;no&quot;,&quot;ml_priority&quot;:&quot;no&quot;,&quot;ml_toend&quot;:&quot;no&quot;,&quot;month_incre&quot;:0,&quot;number_of_months&quot;:&quot;12&quot;,&quot;only_ft&quot;:&quot;no&quot;,&quot;pec&quot;:&quot;&quot;,&quot;s&quot;:&quot;&quot;,&quot;search&quot;:&quot;&quot;,&quot;search_all&quot;:&quot;no&quot;,&quot;sep_month&quot;:&quot;no&quot;,&quot;show_et_ft_img&quot;:&quot;no&quot;,&quot;show_limit&quot;:&quot;no&quot;,&quot;show_limit_ajax&quot;:&quot;no&quot;,&quot;show_limit_paged&quot;:1,&quot;show_limit_redir&quot;:&quot;&quot;,&quot;show_repeats&quot;:&quot;no&quot;,&quot;show_search&quot;:&quot;no&quot;,&quot;show_upcoming&quot;:0,&quot;show_year&quot;:&quot;no&quot;,&quot;social_share&quot;:&quot;no&quot;,&quot;sort_by&quot;:&quot;sort_date&quot;,&quot;tile_bg&quot;:0,&quot;tile_bg_size&quot;:&quot;full&quot;,&quot;tile_count&quot;:2,&quot;tile_height&quot;:0,&quot;tile_style&quot;:0,&quot;tiles&quot;:&quot;no&quot;,&quot;ux_val&quot;:&quot;0&quot;,&quot;view_switcher&quot;:&quot;no&quot;,&quot;wpml_l1&quot;:&quot;&quot;,&quot;wpml_l2&quot;:&quot;&quot;,&quot;wpml_l3&quot;:&quot;&quot;,&quot;x_ids&quot;:&quot;&quot;,&quot;yl_priority&quot;:&quot;no&quot;,&quot;yl_toend&quot;:&quot;no&quot;,&quot;fixed_day&quot;:&quot;1&quot;,&quot;_cver&quot;:&quot;5.0.6&quot;}\" data-filter_data=\"[]\" data-nav_data=\"{&quot;month_title&quot;:&quot;&lt;p id=&#039;evcal_cur&#039; class=&#039;evo_month_title padr10&#039;&gt; Mai, 2026&lt;\\\/p&gt;&quot;,&quot;arrows&quot;:&quot;&lt;p class=&#039;evo_arrows&#039;&gt;\\r\\n\\t\\t\\t\\t\\t&lt;button id=&#039;evcal_prev&#039; class=&#039;evcal_arrows evcal_btn_prev evodfx evofx_jc_c evofx_ai_c&#039; aria-label=&#039;Previous Month&#039;&gt;&lt;i class=&#039;fa fa-chevron-left&#039; aria-hidden=&#039;true&#039;&gt;&lt;\\\/i&gt;&lt;\\\/button&gt;\\r\\n\\t\\t\\t\\t\\t&lt;button id=&#039;evcal_next&#039; class=&#039;evcal_arrows evo_arrow_next evcal_btn_next evodfx evofx_jc_c evofx_ai_c&#039; aria-label=&#039;Next Month&#039;&gt;&lt;i class=&#039;fa fa-chevron-right&#039; aria-hidden=&#039;true&#039;&gt;&lt;\\\/i&gt;&lt;\\\/button&gt;\\r\\n\\t\\t\\t\\t\\t&lt;\\\/p&gt;&quot;}\" data-od=\"{&quot;lang_no_events&quot;:&quot;En ce moment, les activit\\u00e9s ne sont affich\\u00e9es qu&#039;en allemand.\\r\\nPurtroppo le attivit\\u00e0 sono visualizzate solo in tedesco.&quot;,&quot;cal_tz_offset&quot;:120,&quot;cal_tz&quot;:&quot;Europe\\\/Zurich&quot;}\" ><\/div>\r\n\t\t \t\t<div class='evo_cal_events' data-events=\"\"><\/div>\r\n\t\t \t<\/div>\r\n\t\t\t\t\r\n\t\t\t\r\n\t\t\t\t\t\t<\/div><!-- EventON End -->\r\n\t\t\t\n<\/div><\/section><\/div>\n\n<style type=\"text\/css\" data-created_by=\"avia_inline_auto\" id=\"style-css-av-8efqt-463b177b5efeb856e444a07295604ca4\">\n.flex_column.av-8efqt-463b177b5efeb856e444a07295604ca4{\nborder-radius:0px 0px 0px 0px;\npadding:0px 0px 0px 0px;\n}\n<\/style>\n<div  class='flex_column av-8efqt-463b177b5efeb856e444a07295604ca4 av_three_fifth  avia-builder-el-4  el_after_av_two_fifth  avia-builder-el-last  flex_column_div av-zero-column-padding  column-top-margin'     ><section  class='av_textblock_section av-7wupx-84bd6e0c37bc9e16e8984e0dd97811de '   itemscope=\"itemscope\" itemtype=\"https:\/\/schema.org\/CreativeWork\" ><div class='avia_textblock'  itemprop=\"text\" ><h4><strong>Informations<\/strong><\/h4>\n<p>pour le formulaire d\u2019inscription et le bulletin d\u2019annonce, clique directement sur l\u2019\u00e9v\u00e9nement<\/p>\n<hr>\n<a href=\"https:\/\/dackel.ch\/fr\/?ddownload=15370\" title=\"D\u00e9roulement du ring\" rel=\"nofollow\" class=\"ddownload-link id-15370 ext-pdf\">D\u00e9roulement du ring<\/a>\n<\/div><\/section><br \/>\n<section  class='av_textblock_section av-7809x-b7724d4006519893e97c902ec378e354 '   itemscope=\"itemscope\" itemtype=\"https:\/\/schema.org\/CreativeWork\" ><div class='avia_textblock'  itemprop=\"text\" ><\/div><\/section><br \/>\n<div  class='hr av-p63x-b1240429201ef0912ba66ae9108ba2fb hr-default  avia-builder-el-7  el_after_av_textblock  el_before_av_textblock '><span class='hr-inner '><span class=\"hr-inner-style\"><\/span><\/span><\/div><br \/>\n<section  class='av_textblock_section av-66mtt-c9f670a87b41895dcfa4f094291a12b1 '   itemscope=\"itemscope\" itemtype=\"https:\/\/schema.org\/CreativeWork\" ><div class='avia_textblock'  itemprop=\"text\" ><h4><strong>Listes<\/strong><\/h4>\n<p><span style=\"color: #ff0000;\"><a style=\"color: #ff0000;\" href=\"https:\/\/dackel.ch\/wp-content\/uploads\/2025\/10\/Ausstellungs_Richterliste-_2025.pdf\" target=\"_blank\" rel=\"noopener\">Juges d\u2019exposition SDC 2024<\/a><\/span><\/p>\n<\/div><\/section><br \/>\n<div  class='hr av-5fffh-8cefa1c59f3902ea2fda0833476b802d hr-default  avia-builder-el-9  el_after_av_textblock  el_before_av_textblock '><span class='hr-inner '><span class=\"hr-inner-style\"><\/span><\/span><\/div><br \/>\n<section  class='av_textblock_section av-isv5-dcf6851ed23c4191dbbdcc55d84922e5 '   itemscope=\"itemscope\" itemtype=\"https:\/\/schema.org\/CreativeWork\" ><div class='avia_textblock'  itemprop=\"text\" ><h4><strong>R\u00e9sultats des expositions<\/strong><\/h4>\n<p><a href=\"https:\/\/dackel.ch\/wp-content\/uploads\/2026\/04\/Schoenste-Ausstellungshunde-2025.pdf\" target=\"_blank\" rel=\"noopener\">Plus beaux chiens d&#8217;exposition 2025<\/a><\/p>\n<p><a href=\"https:\/\/dackel.ch\/wp-content\/uploads\/2025\/01\/Jahresbeste24korr.pdf\" target=\"_blank\" rel=\"noopener\">Meilleurs chiens d&#8217;exposition de l&#8217;ann\u00e9e 2024<\/a><\/p>\n<p><a href=\"https:\/\/dackel.ch\/wp-content\/uploads\/2024\/10\/Ausstellung-Sonterswil-2024.pdf\" target=\"_blank\" rel=\"noopener\">27\/10\/2024 Exposition jeunes et v\u00e9t\u00e9rans Sonterswil 2024<\/a><\/p>\n<p><a href=\"https:\/\/dackel.ch\/wp-content\/uploads\/2024\/01\/Ausstellung-Jahresbeste-2023.pdf\" target=\"_blank\" rel=\"noopener\">Meilleurs chiens d&#8217;exposition de l&#8217;ann\u00e9e 2023<\/a><\/p>\n<p>29.10.23 <a href=\"https:\/\/dackel.ch\/wp-content\/uploads\/2024\/02\/Ausstellung-Sonterswil-Internet-Korr..pdf\" target=\"_blank\" rel=\"noopener\">Exposition des jeunes chiens et des v\u00e9t\u00e9rans Sonterswil<\/a><\/p>\n<p><a href=\"https:\/\/dackel.ch\/wp-content\/uploads\/2023\/01\/Beste-Ausstellungshunde-2022.pdf\" target=\"_blank\" rel=\"noopener\">Meilleurs chiens d&#8217;exposition de l&#8217;ann\u00e9e 2022<\/a><\/p>\n<p>30.10.22 <a href=\"https:\/\/dackel.ch\/wp-content\/uploads\/2022\/11\/Ausstellung-Ju-Hu-Vet-2022-gekuerzt-2.pdf\" target=\"_blank\" rel=\"noopener\">Exposition des jeunes chiens et des v\u00e9t\u00e9rans, Sonterswil<\/a><\/p>\n<p><a href=\"https:\/\/dackel.ch\/wp-content\/uploads\/2022\/01\/Jahresbeste-Ausstellungshunde-2021-2.pdf\" target=\"_blank\" rel=\"noopener\">Meilleurs chiens d&#8217;exposition de l&#8217;ann\u00e9e 2021<\/a><\/p>\n<\/div><\/section><br \/>\n<div  class='hr av-4alzh-4647d50485cb2668dab71abc7134dd84 hr-default  avia-builder-el-11  el_after_av_textblock  el_before_av_textblock '><span class='hr-inner '><span class=\"hr-inner-style\"><\/span><\/span><\/div><br \/>\n<section  class='av_textblock_section av-42em5-8f849aa374e0d9dbaf4ccb1e7d814cf3 '   itemscope=\"itemscope\" itemtype=\"https:\/\/schema.org\/CreativeWork\" ><div class='avia_textblock'  itemprop=\"text\" ><h4><strong>Succ\u00e8s \u00e0 l\u2019\u00e9tranger<br \/>\n<\/strong><span style=\"color: #ffffff;\">..<\/span><\/h4>\n<\/div><\/section><br \/>\n<div  class='avia-button-wrap av-31gg1-d52fc1b57cecaced61c3b1cb3edb6c0c-wrap avia-button-center  avia-builder-el-13  el_after_av_textblock  el_before_av_textblock '><a href='https:\/\/dackel.ch\/fr\/annonce-dun-succes-dexposition-a-letranger-hors-de-suisse\/'  class='avia-button av-31gg1-d52fc1b57cecaced61c3b1cb3edb6c0c av-link-btn avia-icon_select-yes-left-icon avia-size-small avia-position-center avia-color-theme-color'   aria-label=\"Annonce d\u2019un succ\u00e8s d\u2019exposition \u00e0 l\u2019\u00e9tranger (hors de Suisse)\"><span class='avia_button_icon avia_button_icon_left avia-iconfont avia-font-entypo-fontello' data-av_icon='\ue836' data-av_iconfont='entypo-fontello' ><\/span><span class='avia_iconbox_title' >Annonce d\u2019un succ\u00e8s d\u2019exposition \u00e0 l\u2019\u00e9tranger (hors de Suisse)<\/span><\/a><\/div><br \/>\n<section  class='av_textblock_section av-2h7l5-b9609100a12514f939148eec9472d722 '   itemscope=\"itemscope\" itemtype=\"https:\/\/schema.org\/CreativeWork\" ><div class='avia_textblock'  itemprop=\"text\" ><p><a href=\"https:\/\/dackel.ch\/wp-content\/uploads\/2026\/04\/Auslanderfolge-2026.pdf\" target=\"_blank\" rel=\"noopener\">Succ\u00e8s \u00e0 l&#8217;\u00e9tranger 2026<\/a><\/p>\n<p><a href=\"https:\/\/dackel.ch\/wp-content\/uploads\/2026\/01\/Auslanderfolge-1._bis_4._Qu.2026.pdf\" target=\"_blank\" rel=\"noopener\">Succ\u00e8s \u00e0 l&#8217;\u00e9tranger 2025<\/a><\/p>\n<p><a href=\"https:\/\/dackel.ch\/wp-content\/uploads\/2025\/01\/Auslanderfolge-2024-Total.pdf\" target=\"_blank\" rel=\"noopener\">Succ\u00e8s \u00e0 l&#8217;\u00e9tranger 2024<\/a><\/p>\n<p><a href=\"https:\/\/dackel.ch\/wp-content\/uploads\/2024\/01\/Auslanderfolge-2023-1.-4.Qu_.pdf\" target=\"_blank\" rel=\"noopener\">R\u00e9sultats 2023<\/a><\/p>\n<p><a href=\"https:\/\/dackel.ch\/wp-content\/uploads\/2022\/12\/Auslanderfolge-2022.pdf\" target=\"_blank\" rel=\"noopener\">R\u00e9sultats 2022<\/a><\/p>\n<\/div><\/section><br \/>\n<div  class='hr av-24lvt-bfbb460f1dd23663c84c7bbfa8e5fabe hr-default  avia-builder-el-15  el_after_av_textblock  el_before_av_textblock '><span class='hr-inner '><span class=\"hr-inner-style\"><\/span><\/span><\/div><br \/>\n<section  class='av_textblock_section av-1r5gx-271c0ec9030c823c432b85d67dff1742 '   itemscope=\"itemscope\" itemtype=\"https:\/\/schema.org\/CreativeWork\" ><div class='avia_textblock'  itemprop=\"text\" ><h4><strong>R\u00e8glements<\/strong><\/h4>\n<ul class=\"ddownloads_list category-reglemente-ausstellungswesen list-title_ext_filesize\"><li><a href=\"https:\/\/dackel.ch\/fr\/?ddownload=2252\" title=\"Old-Merlin-Wanderpokal V1 (PDF, 1,1 Mo)\" rel=\"nofollow\" class=\"id-2252 ext-pdf\">Old-Merlin-Wanderpokal V1 (PDF, 1,1 Mo)<\/a><\/li><li><a href=\"https:\/\/dackel.ch\/fr\/?ddownload=17129\" title=\"Reglement sch\u00f6nster Dachshund (PDF, 285,4 Ko)\" rel=\"nofollow\" class=\"id-17129 ext-pdf\">Reglement sch\u00f6nster Dachshund (PDF, 285,4 Ko)<\/a><\/li><li><a href=\"https:\/\/dackel.ch\/fr\/?ddownload=1666\" title=\"Reglement SDC Jahressieger 2025 (PDF, 164,3 Ko)\" rel=\"nofollow\" class=\"id-1666 ext-pdf\">Reglement SDC Jahressieger 2025 (PDF, 164,3 Ko)<\/a><\/li><li><a href=\"https:\/\/dackel.ch\/fr\/?ddownload=1665\" title=\"Reglement Z\u00fcchterauszeichnung Ausstellungen 2025 (PDF, 152,1 Ko)\" rel=\"nofollow\" class=\"id-1665 ext-pdf\">Reglement Z\u00fcchterauszeichnung Ausstellungen 2025 (PDF, 152,1 Ko)<\/a><\/li><li><a href=\"https:\/\/dackel.ch\/fr\/?ddownload=3536\" title=\"SDC Ausstellungschampion V1_2 (PDF, 657,5 Ko)\" rel=\"nofollow\" class=\"id-3536 ext-pdf\">SDC Ausstellungschampion V1_2 (PDF, 657,5 Ko)<\/a><\/li><li><a href=\"https:\/\/dackel.ch\/fr\/?ddownload=3539\" title=\"SDC Jugendchampion V3 (PDF, 715,5 Ko)\" rel=\"nofollow\" class=\"id-3539 ext-pdf\">SDC Jugendchampion V3 (PDF, 715,5 Ko)<\/a><\/li><li><a href=\"https:\/\/dackel.ch\/fr\/?ddownload=3541\" title=\"SDC Veteranenchampion V2 (PDF, 675,4 Ko)\" rel=\"nofollow\" class=\"id-3541 ext-pdf\">SDC Veteranenchampion V2 (PDF, 675,4 Ko)<\/a><\/li><\/ul>\n<\/div><\/section><br \/>\n<div  class='hr av-15bfp-0ecd127dfcb8b14cc0eef67f3e49bec6 hr-default'><span class='hr-inner '><span class=\"hr-inner-style\"><\/span><\/span><\/div><\/p><\/div>\n","protected":false},"excerpt":{"rendered":"","protected":false},"author":1,"featured_media":0,"parent":17829,"menu_order":2,"comment_status":"closed","ping_status":"closed","template":"","meta":{"ngg_post_thumbnail":0,"footnotes":""},"class_list":["post-17532","page","type-page","status-publish","hentry"],"_links":{"self":[{"href":"https:\/\/dackel.ch\/fr\/wp-json\/wp\/v2\/pages\/17532","targetHints":{"allow":["GET"]}}],"collection":[{"href":"https:\/\/dackel.ch\/fr\/wp-json\/wp\/v2\/pages"}],"about":[{"href":"https:\/\/dackel.ch\/fr\/wp-json\/wp\/v2\/types\/page"}],"author":[{"embeddable":true,"href":"https:\/\/dackel.ch\/fr\/wp-json\/wp\/v2\/users\/1"}],"replies":[{"embeddable":true,"href":"https:\/\/dackel.ch\/fr\/wp-json\/wp\/v2\/comments?post=17532"}],"version-history":[{"count":11,"href":"https:\/\/dackel.ch\/fr\/wp-json\/wp\/v2\/pages\/17532\/revisions"}],"predecessor-version":[{"id":19696,"href":"https:\/\/dackel.ch\/fr\/wp-json\/wp\/v2\/pages\/17532\/revisions\/19696"}],"up":[{"embeddable":true,"href":"https:\/\/dackel.ch\/fr\/wp-json\/wp\/v2\/pages\/17829"}],"wp:attachment":[{"href":"https:\/\/dackel.ch\/fr\/wp-json\/wp\/v2\/media?parent=17532"}],"curies":[{"name":"wp","href":"https:\/\/api.w.org\/{rel}","templated":true}]}}