{"id":17572,"date":"2015-09-09T06:25:38","date_gmt":"2015-09-09T06:25:38","guid":{"rendered":"https:\/\/dackel.ch\/liens\/"},"modified":"2026-02-03T11:04:03","modified_gmt":"2026-02-03T11:04:03","slug":"liens","status":"publish","type":"page","link":"https:\/\/dackel.ch\/fr\/actualites\/liens\/","title":{"rendered":"Liens"},"content":{"rendered":"\n<style type=\"text\/css\" data-created_by=\"avia_inline_auto\" id=\"style-css-av-48iu5-808b550f8a30894790e301556bf91007\">\n.flex_column.av-48iu5-808b550f8a30894790e301556bf91007{\nborder-radius:0px 0px 0px 0px;\npadding:0px 0px 0px 0px;\n}\n<\/style>\n<div  class='flex_column av-48iu5-808b550f8a30894790e301556bf91007 av_one_full  avia-builder-el-0  avia-builder-el-no-sibling  first flex_column_div av-zero-column-padding  '     ><section  class='av_textblock_section av-dvsd-7a05875e5a662d4a596a6814ae5ceb72 '   itemscope=\"itemscope\" itemtype=\"https:\/\/schema.org\/CreativeWork\" ><div class='avia_textblock'  itemprop=\"text\" ><h4>G\u00e9n\u00e9ralit\u00e9s<\/h4>\n<hr>\n<div style=\"clear:both;\"><\/div><div id=\"gallery-wplp\" class=\"galleryid-wplp gallery-columns-3 wplp-infinite wplp-display\"><figure id=\"gallery-item-0\" class=\"gallery-item wplp-item\">\r\n\t\t\t\t<div class=\"gallery-icon landscape\">\r\n\t\t\t\t<a class=\"wplp_link\" href=\"https:\/\/www.amicus.ch\" target=\"_blank\">\r\n\t\t\t\t<img loading=\"lazy\" decoding=\"async\" width=\"500\" height=\"348\" src=\"https:\/\/dackel.ch\/wp-content\/uploads\/wp-links-page\/AMICUSKennzeichnungRegistrierunginderSchweiz1739924783.jpg\" class=\"attachment-full size-full\" alt=\"\" style=\"\" srcset=\"https:\/\/dackel.ch\/wp-content\/uploads\/wp-links-page\/AMICUSKennzeichnungRegistrierunginderSchweiz1739924783.jpg 500w, https:\/\/dackel.ch\/wp-content\/uploads\/wp-links-page\/AMICUSKennzeichnungRegistrierunginderSchweiz1739924783-300x209.jpg 300w\" sizes=\"auto, (max-width: 500px) 100vw, 500px\" \/>\r\n\t\t\t\t<p class=\"wplp_display\" style=\"text-align: left\" ><\/p>\r\n\t\t\t\t<p class=\"wplp_desc\" style=\"font-size: 10px;  \"><\/p><\/a>\r\n\t\t\t\t<\/div>\r\n\t\t\t\t<\/figure><figure id=\"gallery-item-1\" class=\"gallery-item wplp-item\">\r\n\t\t\t\t<div class=\"gallery-icon landscape\">\r\n\t\t\t\t<a class=\"wplp_link\" href=\"http:\/\/www.blv.admin.ch\" target=\"_blank\">\r\n\t\t\t\t<img loading=\"lazy\" decoding=\"async\" width=\"500\" height=\"348\" src=\"https:\/\/dackel.ch\/wp-content\/uploads\/wp-links-page\/BundesamtfrVeterinrwesen1741134244.jpg\" class=\"attachment-full size-full\" alt=\"\" style=\"\" srcset=\"https:\/\/dackel.ch\/wp-content\/uploads\/wp-links-page\/BundesamtfrVeterinrwesen1741134244.jpg 500w, https:\/\/dackel.ch\/wp-content\/uploads\/wp-links-page\/BundesamtfrVeterinrwesen1741134244-300x209.jpg 300w\" sizes=\"auto, (max-width: 500px) 100vw, 500px\" \/>\r\n\t\t\t\t<p class=\"wplp_display\" style=\"text-align: left\" ><\/p>\r\n\t\t\t\t<p class=\"wplp_desc\" style=\"font-size: 10px;  \"><\/p><\/a>\r\n\t\t\t\t<\/div>\r\n\t\t\t\t<\/figure><figure id=\"gallery-item-2\" class=\"gallery-item wplp-item\">\r\n\t\t\t\t<div class=\"gallery-icon landscape\">\r\n\t\t\t\t<a class=\"wplp_link\" href=\"https:\/\/www.esccap.ch\/\" target=\"_blank\">\r\n\t\t\t\t<img loading=\"lazy\" decoding=\"async\" width=\"500\" height=\"348\" src=\"https:\/\/dackel.ch\/wp-content\/uploads\/wp-links-page\/ESCCAP1741135197.jpg\" class=\"attachment-full size-full\" alt=\"\" style=\"\" srcset=\"https:\/\/dackel.ch\/wp-content\/uploads\/wp-links-page\/ESCCAP1741135197.jpg 500w, https:\/\/dackel.ch\/wp-content\/uploads\/wp-links-page\/ESCCAP1741135197-300x209.jpg 300w\" sizes=\"auto, (max-width: 500px) 100vw, 500px\" \/>\r\n\t\t\t\t<p class=\"wplp_display\" style=\"text-align: left\" ><\/p>\r\n\t\t\t\t<p class=\"wplp_desc\" style=\"font-size: 10px;  \"><\/p><\/a>\r\n\t\t\t\t<\/div>\r\n\t\t\t\t<\/figure><figure id=\"gallery-item-3\" class=\"gallery-item wplp-item\">\r\n\t\t\t\t<div class=\"gallery-icon landscape\">\r\n\t\t\t\t<a class=\"wplp_link\" href=\"http:\/\/www.fci.be\/de\/\" target=\"_blank\">\r\n\t\t\t\t<img loading=\"lazy\" decoding=\"async\" width=\"500\" height=\"348\" src=\"https:\/\/dackel.ch\/wp-content\/uploads\/wp-links-page\/FCIFdrationCynologiqueInternationale1741134360.jpg\" class=\"attachment-full size-full\" alt=\"\" style=\"\" srcset=\"https:\/\/dackel.ch\/wp-content\/uploads\/wp-links-page\/FCIFdrationCynologiqueInternationale1741134360.jpg 500w, https:\/\/dackel.ch\/wp-content\/uploads\/wp-links-page\/FCIFdrationCynologiqueInternationale1741134360-300x209.jpg 300w\" sizes=\"auto, (max-width: 500px) 100vw, 500px\" \/>\r\n\t\t\t\t<p class=\"wplp_display\" style=\"text-align: left\" ><\/p>\r\n\t\t\t\t<p class=\"wplp_desc\" style=\"font-size: 10px;  \"><\/p><\/a>\r\n\t\t\t\t<\/div>\r\n\t\t\t\t<\/figure><figure id=\"gallery-item-4\" class=\"gallery-item wplp-item\">\r\n\t\t\t\t<div class=\"gallery-icon landscape\">\r\n\t\t\t\t<a class=\"wplp_link\" href=\"https:\/\/generatio.de\/\" target=\"_blank\">\r\n\t\t\t\t<img loading=\"lazy\" decoding=\"async\" width=\"500\" height=\"348\" src=\"https:\/\/dackel.ch\/wp-content\/uploads\/wp-links-page\/Generatio1739925194.jpg\" class=\"attachment-full size-full\" alt=\"\" style=\"\" srcset=\"https:\/\/dackel.ch\/wp-content\/uploads\/wp-links-page\/Generatio1739925194.jpg 500w, https:\/\/dackel.ch\/wp-content\/uploads\/wp-links-page\/Generatio1739925194-300x209.jpg 300w\" sizes=\"auto, (max-width: 500px) 100vw, 500px\" \/>\r\n\t\t\t\t<p class=\"wplp_display\" style=\"text-align: left\" ><\/p>\r\n\t\t\t\t<p class=\"wplp_desc\" style=\"font-size: 10px;  \"><\/p><\/a>\r\n\t\t\t\t<\/div>\r\n\t\t\t\t<\/figure><figure id=\"gallery-item-5\" class=\"gallery-item wplp-item\">\r\n\t\t\t\t<div class=\"gallery-icon landscape\">\r\n\t\t\t\t<a class=\"wplp_link\" href=\"https:\/\/www.skg.ch\" target=\"_blank\">\r\n\t\t\t\t<img loading=\"lazy\" decoding=\"async\" width=\"500\" height=\"348\" src=\"https:\/\/dackel.ch\/wp-content\/uploads\/wp-links-page\/SchweizerischeKynologischeGesellschaftSKG1741739585.jpg\" class=\"attachment-full size-full\" alt=\"\" style=\"\" srcset=\"https:\/\/dackel.ch\/wp-content\/uploads\/wp-links-page\/SchweizerischeKynologischeGesellschaftSKG1741739585.jpg 500w, https:\/\/dackel.ch\/wp-content\/uploads\/wp-links-page\/SchweizerischeKynologischeGesellschaftSKG1741739585-300x209.jpg 300w\" sizes=\"auto, (max-width: 500px) 100vw, 500px\" \/>\r\n\t\t\t\t<p class=\"wplp_display\" style=\"text-align: left\" ><\/p>\r\n\t\t\t\t<p class=\"wplp_desc\" style=\"font-size: 10px;  \"><\/p><\/a>\r\n\t\t\t\t<\/div>\r\n\t\t\t\t<\/figure><figure id=\"gallery-item-6\" class=\"gallery-item wplp-item\">\r\n\t\t\t\t<div class=\"gallery-icon landscape\">\r\n\t\t\t\t<a class=\"wplp_link\" href=\"http:\/\/weltunionteckel.com\" target=\"_blank\">\r\n\t\t\t\t<img loading=\"lazy\" decoding=\"async\" width=\"500\" height=\"348\" src=\"https:\/\/dackel.ch\/wp-content\/uploads\/wp-links-page\/WeltUnionTeckelWUT1741134378.jpg\" class=\"attachment-full size-full\" alt=\"\" style=\"\" srcset=\"https:\/\/dackel.ch\/wp-content\/uploads\/wp-links-page\/WeltUnionTeckelWUT1741134378.jpg 500w, https:\/\/dackel.ch\/wp-content\/uploads\/wp-links-page\/WeltUnionTeckelWUT1741134378-300x209.jpg 300w\" sizes=\"auto, (max-width: 500px) 100vw, 500px\" \/>\r\n\t\t\t\t<p class=\"wplp_display\" style=\"text-align: left\" ><\/p>\r\n\t\t\t\t<p class=\"wplp_desc\" style=\"font-size: 10px;  \"><\/p><\/a>\r\n\t\t\t\t<\/div>\r\n\t\t\t\t<\/figure><div class=\"pagination\" style=\"display:none;\"><\/div><\/div><div style=\"clear:both;\"><\/div>\n<\/div><\/section><br \/>\n<section  class='av_textblock_section av-2t7ox-dbc48ae10b8cb126c6f22f22581cf9e3 '   itemscope=\"itemscope\" itemtype=\"https:\/\/schema.org\/CreativeWork\" ><div class='avia_textblock'  itemprop=\"text\" ><h4> <\/h4>\n<h4> <\/h4>\n<h4>Sites sp\u00e9cifiques \u00e0 la chasse<\/h4>\n<hr>\n<div style=\"clear:both;\"><\/div><div id=\"gallery-wplp\" class=\"galleryid-wplp gallery-columns-3 wplp-infinite wplp-display\"><figure id=\"gallery-item-0\" class=\"gallery-item wplp-item\">\r\n\t\t\t\t<div class=\"gallery-icon landscape\">\r\n\t\t\t\t<a class=\"wplp_link\" href=\"http:\/\/www.ag-jagdhunde.ch\/agj_clubs.php\" target=\"_blank\">\r\n\t\t\t\t<img loading=\"lazy\" decoding=\"async\" width=\"500\" height=\"348\" src=\"https:\/\/dackel.ch\/wp-content\/uploads\/wp-links-page\/ArbeitsgemeinschaftfrdasJagdhundewesenAGJ1739924817.jpg\" class=\"attachment-full size-full\" alt=\"\" style=\"\" srcset=\"https:\/\/dackel.ch\/wp-content\/uploads\/wp-links-page\/ArbeitsgemeinschaftfrdasJagdhundewesenAGJ1739924817.jpg 500w, https:\/\/dackel.ch\/wp-content\/uploads\/wp-links-page\/ArbeitsgemeinschaftfrdasJagdhundewesenAGJ1739924817-300x209.jpg 300w\" sizes=\"auto, (max-width: 500px) 100vw, 500px\" \/>\r\n\t\t\t\t<p class=\"wplp_display\" style=\"text-align: left\" ><\/p>\r\n\t\t\t\t<p class=\"wplp_desc\" style=\"\"><\/p><\/a>\r\n\t\t\t\t<\/div>\r\n\t\t\t\t<\/figure><figure id=\"gallery-item-1\" class=\"gallery-item wplp-item\">\r\n\t\t\t\t<div class=\"gallery-icon landscape\">\r\n\t\t\t\t<a class=\"wplp_link\" href=\"http:\/\/www.schlosslandshut.ch\" target=\"_blank\">\r\n\t\t\t\t<img loading=\"lazy\" decoding=\"async\" width=\"500\" height=\"348\" src=\"https:\/\/dackel.ch\/wp-content\/uploads\/wp-links-page\/SchlossLandshut1739924882.jpg\" class=\"attachment-full size-full\" alt=\"\" style=\"\" srcset=\"https:\/\/dackel.ch\/wp-content\/uploads\/wp-links-page\/SchlossLandshut1739924882.jpg 500w, https:\/\/dackel.ch\/wp-content\/uploads\/wp-links-page\/SchlossLandshut1739924882-300x209.jpg 300w\" sizes=\"auto, (max-width: 500px) 100vw, 500px\" \/>\r\n\t\t\t\t<p class=\"wplp_display\" style=\"text-align: left\" ><\/p>\r\n\t\t\t\t<p class=\"wplp_desc\" style=\"\"><\/p><\/a>\r\n\t\t\t\t<\/div>\r\n\t\t\t\t<\/figure><div class=\"pagination\" style=\"display:none;\"><\/div><\/div><div style=\"clear:both;\"><\/div>\n<\/div><\/section><br \/>\n<section  class='av_textblock_section av-4u3d-e0f3fa8055f87a299161d488ca44b205 '   itemscope=\"itemscope\" itemtype=\"https:\/\/schema.org\/CreativeWork\" ><div class='avia_textblock'  itemprop=\"text\" ><h4>&nbsp;<\/h4>\n<h4>&nbsp;<\/h4>\n<h4>Clubs \u00e9trangers de teckels<\/h4>\n<hr>\n<div style=\"clear:both;\"><\/div><div id=\"gallery-wplp\" class=\"galleryid-wplp gallery-columns-3 wplp-infinite wplp-display\"><figure id=\"gallery-item-0\" class=\"gallery-item wplp-item\">\r\n\t\t\t\t<div class=\"gallery-icon landscape\">\r\n\t\t\t\t<a class=\"wplp_link\" href=\"http:\/\/www.dgk.dk\" target=\"_blank\">\r\n\t\t\t\t<img loading=\"lazy\" decoding=\"async\" width=\"500\" height=\"348\" src=\"https:\/\/dackel.ch\/wp-content\/uploads\/wp-links-page\/DnischerDachshundClub1739924954.jpg\" class=\"attachment-full size-full\" alt=\"\" style=\"\" srcset=\"https:\/\/dackel.ch\/wp-content\/uploads\/wp-links-page\/DnischerDachshundClub1739924954.jpg 500w, https:\/\/dackel.ch\/wp-content\/uploads\/wp-links-page\/DnischerDachshundClub1739924954-300x209.jpg 300w\" sizes=\"auto, (max-width: 500px) 100vw, 500px\" \/>\r\n\t\t\t\t<p class=\"wplp_display\" style=\"text-align: left\" ><\/p>\r\n\t\t\t\t<p class=\"wplp_desc\" style=\"\"><\/p><\/a>\r\n\t\t\t\t<\/div>\r\n\t\t\t\t<\/figure><figure id=\"gallery-item-1\" class=\"gallery-item wplp-item\">\r\n\t\t\t\t<div class=\"gallery-icon landscape\">\r\n\t\t\t\t<a class=\"wplp_link\" href=\"https:\/\/teckelklub.de\/\" target=\"_blank\">\r\n\t\t\t\t<img loading=\"lazy\" decoding=\"async\" width=\"500\" height=\"348\" src=\"https:\/\/dackel.ch\/wp-content\/uploads\/wp-links-page\/DeutscherTeckelklub1888eV1739925148.jpg\" class=\"attachment-full size-full\" alt=\"\" style=\"\" srcset=\"https:\/\/dackel.ch\/wp-content\/uploads\/wp-links-page\/DeutscherTeckelklub1888eV1739925148.jpg 500w, https:\/\/dackel.ch\/wp-content\/uploads\/wp-links-page\/DeutscherTeckelklub1888eV1739925148-300x209.jpg 300w\" sizes=\"auto, (max-width: 500px) 100vw, 500px\" \/>\r\n\t\t\t\t<p class=\"wplp_display\" style=\"text-align: left\" ><\/p>\r\n\t\t\t\t<p class=\"wplp_desc\" style=\"\"><\/p><\/a>\r\n\t\t\t\t<\/div>\r\n\t\t\t\t<\/figure><figure id=\"gallery-item-2\" class=\"gallery-item wplp-item\">\r\n\t\t\t\t<div class=\"gallery-icon landscape\">\r\n\t\t\t\t<a class=\"wplp_link\" href=\"https:\/\/www.dtk1888.de\/\" target=\"_blank\">\r\n\t\t\t\t<img loading=\"lazy\" decoding=\"async\" width=\"500\" height=\"348\" src=\"https:\/\/dackel.ch\/wp-content\/uploads\/wp-links-page\/DeutscherTeckelklub1888eV1739925210.jpg\" class=\"attachment-full size-full\" alt=\"\" style=\"\" srcset=\"https:\/\/dackel.ch\/wp-content\/uploads\/wp-links-page\/DeutscherTeckelklub1888eV1739925210.jpg 500w, https:\/\/dackel.ch\/wp-content\/uploads\/wp-links-page\/DeutscherTeckelklub1888eV1739925210-300x209.jpg 300w\" sizes=\"auto, (max-width: 500px) 100vw, 500px\" \/>\r\n\t\t\t\t<p class=\"wplp_display\" style=\"text-align: left\" ><\/p>\r\n\t\t\t\t<p class=\"wplp_desc\" style=\"\"><\/p><\/a>\r\n\t\t\t\t<\/div>\r\n\t\t\t\t<\/figure><figure id=\"gallery-item-3\" class=\"gallery-item wplp-item\">\r\n\t\t\t\t<div class=\"gallery-icon landscape\">\r\n\t\t\t\t<a class=\"wplp_link\" href=\"http:\/\/www.taksiklubi.ee\" target=\"_blank\">\r\n\t\t\t\t<img loading=\"lazy\" decoding=\"async\" width=\"500\" height=\"348\" src=\"https:\/\/dackel.ch\/wp-content\/uploads\/wp-links-page\/EstlndischerDachshundClub1739925035.jpg\" class=\"attachment-full size-full\" alt=\"\" style=\"\" srcset=\"https:\/\/dackel.ch\/wp-content\/uploads\/wp-links-page\/EstlndischerDachshundClub1739925035.jpg 500w, https:\/\/dackel.ch\/wp-content\/uploads\/wp-links-page\/EstlndischerDachshundClub1739925035-300x209.jpg 300w\" sizes=\"auto, (max-width: 500px) 100vw, 500px\" \/>\r\n\t\t\t\t<p class=\"wplp_display\" style=\"text-align: left\" ><\/p>\r\n\t\t\t\t<p class=\"wplp_desc\" style=\"\"><\/p><\/a>\r\n\t\t\t\t<\/div>\r\n\t\t\t\t<\/figure><figure id=\"gallery-item-4\" class=\"gallery-item wplp-item\">\r\n\t\t\t\t<div class=\"gallery-icon landscape\">\r\n\t\t\t\t<a class=\"wplp_link\" href=\"http:\/\/www.mayrakoiraliitto.fi\" target=\"_blank\">\r\n\t\t\t\t<img loading=\"lazy\" decoding=\"async\" width=\"500\" height=\"348\" src=\"https:\/\/dackel.ch\/wp-content\/uploads\/wp-links-page\/FinnischerDachshundClub1741134494.jpg\" class=\"attachment-full size-full\" alt=\"\" style=\"\" srcset=\"https:\/\/dackel.ch\/wp-content\/uploads\/wp-links-page\/FinnischerDachshundClub1741134494.jpg 500w, https:\/\/dackel.ch\/wp-content\/uploads\/wp-links-page\/FinnischerDachshundClub1741134494-300x209.jpg 300w\" sizes=\"auto, (max-width: 500px) 100vw, 500px\" \/>\r\n\t\t\t\t<p class=\"wplp_display\" style=\"text-align: left\" ><\/p>\r\n\t\t\t\t<p class=\"wplp_desc\" style=\"\"><\/p><\/a>\r\n\t\t\t\t<\/div>\r\n\t\t\t\t<\/figure><figure id=\"gallery-item-5\" class=\"gallery-item wplp-item\">\r\n\t\t\t\t<div class=\"gallery-icon landscape\">\r\n\t\t\t\t<a class=\"wplp_link\" href=\"http:\/\/www.chien.com\/clubdesamateursdeteckels\" target=\"_blank\">\r\n\t\t\t\t<img loading=\"lazy\" decoding=\"async\" width=\"500\" height=\"348\" src=\"https:\/\/dackel.ch\/wp-content\/uploads\/wp-links-page\/FranzsischerDachshundclub1741134784.jpg\" class=\"attachment-full size-full\" alt=\"\" style=\"\" srcset=\"https:\/\/dackel.ch\/wp-content\/uploads\/wp-links-page\/FranzsischerDachshundclub1741134784.jpg 500w, https:\/\/dackel.ch\/wp-content\/uploads\/wp-links-page\/FranzsischerDachshundclub1741134784-300x209.jpg 300w\" sizes=\"auto, (max-width: 500px) 100vw, 500px\" \/>\r\n\t\t\t\t<p class=\"wplp_display\" style=\"text-align: left\" ><\/p>\r\n\t\t\t\t<p class=\"wplp_desc\" style=\"\"><\/p><\/a>\r\n\t\t\t\t<\/div>\r\n\t\t\t\t<\/figure><figure id=\"gallery-item-6\" class=\"gallery-item wplp-item\">\r\n\t\t\t\t<div class=\"gallery-icon landscape\">\r\n\t\t\t\t<a class=\"wplp_link\" href=\"http:\/\/www.amicibassottoclub.it\" target=\"_blank\">\r\n\t\t\t\t<img loading=\"lazy\" decoding=\"async\" width=\"500\" height=\"348\" src=\"https:\/\/dackel.ch\/wp-content\/uploads\/wp-links-page\/ItalienischerDachshundclubAmiciBassottoClub1739925124.jpg\" class=\"attachment-full size-full\" alt=\"\" style=\"\" srcset=\"https:\/\/dackel.ch\/wp-content\/uploads\/wp-links-page\/ItalienischerDachshundclubAmiciBassottoClub1739925124.jpg 500w, https:\/\/dackel.ch\/wp-content\/uploads\/wp-links-page\/ItalienischerDachshundclubAmiciBassottoClub1739925124-300x209.jpg 300w\" sizes=\"auto, (max-width: 500px) 100vw, 500px\" \/>\r\n\t\t\t\t<p class=\"wplp_display\" style=\"text-align: left\" ><\/p>\r\n\t\t\t\t<p class=\"wplp_desc\" style=\"\"><\/p><\/a>\r\n\t\t\t\t<\/div>\r\n\t\t\t\t<\/figure><figure id=\"gallery-item-7\" class=\"gallery-item wplp-item\">\r\n\t\t\t\t<div class=\"gallery-icon landscape\">\r\n\t\t\t\t<a class=\"wplp_link\" href=\"http:\/\/www.teckelclub.nl\" target=\"_blank\">\r\n\t\t\t\t<img loading=\"lazy\" decoding=\"async\" width=\"500\" height=\"348\" src=\"https:\/\/dackel.ch\/wp-content\/uploads\/wp-links-page\/NiederlndischerDachshundclub1741740488.jpg\" class=\"attachment-full size-full\" alt=\"\" style=\"\" srcset=\"https:\/\/dackel.ch\/wp-content\/uploads\/wp-links-page\/NiederlndischerDachshundclub1741740488.jpg 500w, https:\/\/dackel.ch\/wp-content\/uploads\/wp-links-page\/NiederlndischerDachshundclub1741740488-300x209.jpg 300w\" sizes=\"auto, (max-width: 500px) 100vw, 500px\" \/>\r\n\t\t\t\t<p class=\"wplp_display\" style=\"text-align: left\" ><\/p>\r\n\t\t\t\t<p class=\"wplp_desc\" style=\"\"><\/p><\/a>\r\n\t\t\t\t<\/div>\r\n\t\t\t\t<\/figure><figure id=\"gallery-item-8\" class=\"gallery-item wplp-item\">\r\n\t\t\t\t<div class=\"gallery-icon landscape\">\r\n\t\t\t\t<a class=\"wplp_link\" href=\"http:\/\/www.norskedachshundklubbersforbund.org\" target=\"_blank\">\r\n\t\t\t\t<img loading=\"lazy\" decoding=\"async\" width=\"500\" height=\"348\" src=\"https:\/\/dackel.ch\/wp-content\/uploads\/wp-links-page\/NorwegischerDachshundClub1740530922.jpg\" class=\"attachment-full size-full\" alt=\"\" style=\"\" srcset=\"https:\/\/dackel.ch\/wp-content\/uploads\/wp-links-page\/NorwegischerDachshundClub1740530922.jpg 500w, https:\/\/dackel.ch\/wp-content\/uploads\/wp-links-page\/NorwegischerDachshundClub1740530922-300x209.jpg 300w\" sizes=\"auto, (max-width: 500px) 100vw, 500px\" \/>\r\n\t\t\t\t<p class=\"wplp_display\" style=\"text-align: left\" ><\/p>\r\n\t\t\t\t<p class=\"wplp_desc\" style=\"\"><\/p><\/a>\r\n\t\t\t\t<\/div>\r\n\t\t\t\t<\/figure><figure id=\"gallery-item-9\" class=\"gallery-item wplp-item\">\r\n\t\t\t\t<div class=\"gallery-icon landscape\">\r\n\t\t\t\t<a class=\"wplp_link\" href=\"http:\/\/www.dachshundeklub.at\" target=\"_blank\">\r\n\t\t\t\t<img loading=\"lazy\" decoding=\"async\" width=\"500\" height=\"348\" src=\"https:\/\/dackel.ch\/wp-content\/uploads\/wp-links-page\/sterreichischerDachshundklub1739924921.jpg\" class=\"attachment-full size-full\" alt=\"\" style=\"\" srcset=\"https:\/\/dackel.ch\/wp-content\/uploads\/wp-links-page\/sterreichischerDachshundklub1739924921.jpg 500w, https:\/\/dackel.ch\/wp-content\/uploads\/wp-links-page\/sterreichischerDachshundklub1739924921-300x209.jpg 300w\" sizes=\"auto, (max-width: 500px) 100vw, 500px\" \/>\r\n\t\t\t\t<p class=\"wplp_display\" style=\"text-align: left\" ><\/p>\r\n\t\t\t\t<p class=\"wplp_desc\" style=\"\"><\/p><\/a>\r\n\t\t\t\t<\/div>\r\n\t\t\t\t<\/figure><figure id=\"gallery-item-10\" class=\"gallery-item wplp-item\">\r\n\t\t\t\t<div class=\"gallery-icon landscape\">\r\n\t\t\t\t<a class=\"wplp_link\" href=\"https:\/\/www.taxklubben.org\/start.htm\" target=\"_blank\">\r\n\t\t\t\t<img loading=\"lazy\" decoding=\"async\" width=\"500\" height=\"348\" src=\"https:\/\/dackel.ch\/wp-content\/uploads\/wp-links-page\/SchwedischerDachshundClub1741134567.jpg\" class=\"attachment-full size-full\" alt=\"\" style=\"\" srcset=\"https:\/\/dackel.ch\/wp-content\/uploads\/wp-links-page\/SchwedischerDachshundClub1741134567.jpg 500w, https:\/\/dackel.ch\/wp-content\/uploads\/wp-links-page\/SchwedischerDachshundClub1741134567-300x209.jpg 300w\" sizes=\"auto, (max-width: 500px) 100vw, 500px\" \/>\r\n\t\t\t\t<p class=\"wplp_display\" style=\"text-align: left\" ><\/p>\r\n\t\t\t\t<p class=\"wplp_desc\" style=\"\"><\/p><\/a>\r\n\t\t\t\t<\/div>\r\n\t\t\t\t<\/figure><figure id=\"gallery-item-11\" class=\"gallery-item wplp-item\">\r\n\t\t\t\t<div class=\"gallery-icon landscape\">\r\n\t\t\t\t<a class=\"wplp_link\" href=\"http:\/\/www.teckelclub.es\" target=\"_blank\">\r\n\t\t\t\t<img loading=\"lazy\" decoding=\"async\" width=\"500\" height=\"348\" src=\"https:\/\/dackel.ch\/wp-content\/uploads\/wp-links-page\/TeckelClubdeEspana1739925093.jpg\" class=\"attachment-full size-full\" alt=\"\" style=\"\" srcset=\"https:\/\/dackel.ch\/wp-content\/uploads\/wp-links-page\/TeckelClubdeEspana1739925093.jpg 500w, https:\/\/dackel.ch\/wp-content\/uploads\/wp-links-page\/TeckelClubdeEspana1739925093-300x209.jpg 300w\" sizes=\"auto, (max-width: 500px) 100vw, 500px\" \/>\r\n\t\t\t\t<p class=\"wplp_display\" style=\"text-align: left\" ><\/p>\r\n\t\t\t\t<p class=\"wplp_desc\" style=\"\"><\/p><\/a>\r\n\t\t\t\t<\/div>\r\n\t\t\t\t<\/figure><figure id=\"gallery-item-12\" class=\"gallery-item wplp-item\">\r\n\t\t\t\t<div class=\"gallery-icon landscape\">\r\n\t\t\t\t<a class=\"wplp_link\" href=\"http:\/\/www.dachshundclub.co.uk\" target=\"_blank\">\r\n\t\t\t\t<img loading=\"lazy\" decoding=\"async\" width=\"500\" height=\"348\" src=\"https:\/\/dackel.ch\/wp-content\/uploads\/wp-links-page\/TheDachshundClubintheUK1741134845.jpg\" class=\"attachment-full size-full\" alt=\"\" style=\"\" srcset=\"https:\/\/dackel.ch\/wp-content\/uploads\/wp-links-page\/TheDachshundClubintheUK1741134845.jpg 500w, https:\/\/dackel.ch\/wp-content\/uploads\/wp-links-page\/TheDachshundClubintheUK1741134845-300x209.jpg 300w\" sizes=\"auto, (max-width: 500px) 100vw, 500px\" \/>\r\n\t\t\t\t<p class=\"wplp_display\" style=\"text-align: left\" ><\/p>\r\n\t\t\t\t<p class=\"wplp_desc\" style=\"\"><\/p><\/a>\r\n\t\t\t\t<\/div>\r\n\t\t\t\t<\/figure><div class=\"pagination\" style=\"display:none;\"><\/div><\/div><div style=\"clear:both;\"><\/div>\n<p>&nbsp;<\/p>\n<\/div><\/section><br \/>\n<section  class='av_textblock_section av-svix-94c93814cc3ad29fdfe85c3a4ec68978 '   itemscope=\"itemscope\" itemtype=\"https:\/\/schema.org\/CreativeWork\" ><div class='avia_textblock'  itemprop=\"text\" ><h4> <\/h4>\n<h4> <\/h4>\n<h4>Autres liens<\/h4>\n<hr>\n<div style=\"clear:both;\"><\/div><div id=\"gallery-wplp\" class=\"galleryid-wplp gallery-columns-3 wplp-infinite wplp-display\"><div class=\"pagination\" style=\"display:none;\"><\/div><\/div><div style=\"clear:both;\"><\/div>\n<\/div><\/section><\/p><\/div>\n","protected":false},"excerpt":{"rendered":"","protected":false},"author":1,"featured_media":0,"parent":17712,"menu_order":0,"comment_status":"closed","ping_status":"closed","template":"","meta":{"ngg_post_thumbnail":0,"footnotes":""},"class_list":["post-17572","page","type-page","status-publish","hentry"],"_links":{"self":[{"href":"https:\/\/dackel.ch\/fr\/wp-json\/wp\/v2\/pages\/17572","targetHints":{"allow":["GET"]}}],"collection":[{"href":"https:\/\/dackel.ch\/fr\/wp-json\/wp\/v2\/pages"}],"about":[{"href":"https:\/\/dackel.ch\/fr\/wp-json\/wp\/v2\/types\/page"}],"author":[{"embeddable":true,"href":"https:\/\/dackel.ch\/fr\/wp-json\/wp\/v2\/users\/1"}],"replies":[{"embeddable":true,"href":"https:\/\/dackel.ch\/fr\/wp-json\/wp\/v2\/comments?post=17572"}],"version-history":[{"count":1,"href":"https:\/\/dackel.ch\/fr\/wp-json\/wp\/v2\/pages\/17572\/revisions"}],"predecessor-version":[{"id":17586,"href":"https:\/\/dackel.ch\/fr\/wp-json\/wp\/v2\/pages\/17572\/revisions\/17586"}],"up":[{"embeddable":true,"href":"https:\/\/dackel.ch\/fr\/wp-json\/wp\/v2\/pages\/17712"}],"wp:attachment":[{"href":"https:\/\/dackel.ch\/fr\/wp-json\/wp\/v2\/media?parent=17572"}],"curies":[{"name":"wp","href":"https:\/\/api.w.org\/{rel}","templated":true}]}}