{"id":17588,"date":"2015-09-09T06:25:20","date_gmt":"2015-09-09T06:25:20","guid":{"rendered":"https:\/\/dackel.ch\/documents-reglements\/"},"modified":"2026-02-03T11:03:07","modified_gmt":"2026-02-03T11:03:07","slug":"documents-reglements","status":"publish","type":"page","link":"https:\/\/dackel.ch\/fr\/documents-reglements\/","title":{"rendered":"Documents \/ R\u00e8glements"},"content":{"rendered":"\n<style type=\"text\/css\" data-created_by=\"avia_inline_auto\" id=\"style-css-av-cb3y3-6bb9110e4a36ccfb83605ca3ca5507d3\">\n.flex_column.av-cb3y3-6bb9110e4a36ccfb83605ca3ca5507d3{\nborder-radius:0px 0px 0px 0px;\npadding:0px 0px 0px 0px;\n}\n<\/style>\n<div  class='flex_column av-cb3y3-6bb9110e4a36ccfb83605ca3ca5507d3 av_one_full  avia-builder-el-0  el_before_av_one_half  avia-builder-el-first  first flex_column_div av-zero-column-padding  '     ><section  class='av_textblock_section av-btoef-eeaa525524a527dca7224f3d75a93766 '   itemscope=\"itemscope\" itemtype=\"https:\/\/schema.org\/CreativeWork\" ><div class='avia_textblock'  itemprop=\"text\" ><h2>Documents g\u00e9n\u00e9raux<\/h2>\n<h2>&nbsp;<\/h2>\n<\/div><\/section><\/div>\n<style type=\"text\/css\" data-created_by=\"avia_inline_auto\" id=\"style-css-av-aw4lv-e315ca8aa1a9892ccb974e3290ad3960\">\n.flex_column.av-aw4lv-e315ca8aa1a9892ccb974e3290ad3960{\nborder-radius:0px 0px 0px 0px;\npadding:0px 0px 0px 0px;\n}\n<\/style>\n<div  class='flex_column av-aw4lv-e315ca8aa1a9892ccb974e3290ad3960 av_one_half  avia-builder-el-2  el_after_av_one_full  el_before_av_one_half  first flex_column_div av-zero-column-padding  column-top-margin'     ><section  class='av_textblock_section av-alodf-06b8da91e797d0cd1187b523d9cac1e9 '   itemscope=\"itemscope\" itemtype=\"https:\/\/schema.org\/CreativeWork\" ><div class='avia_textblock'  itemprop=\"text\" ><hr>\n<h3>Statuts<\/h3>\n<ul class=\"ddownloads_list category-statuten list-title_ext_filesize\"><li><a href=\"https:\/\/dackel.ch\/fr\/?ddownload=15748\" title=\"_Genehmigung der Statuten durch die SKG (PDF, 7,8 Mo)\" rel=\"nofollow\" class=\"id-15748 ext-pdf\">_Genehmigung der Statuten durch die SKG (PDF, 7,8 Mo)<\/a><\/li><li><a href=\"https:\/\/dackel.ch\/fr\/?ddownload=1271\" title=\"Statuten dt. 2023 (PDF, 1,1 Mo)\" rel=\"nofollow\" class=\"id-1271 ext-pdf\">Statuten dt. 2023 (PDF, 1,1 Mo)<\/a><\/li><li><a href=\"https:\/\/dackel.ch\/fr\/?ddownload=1272\" title=\"Statuts fr. 2023 (PDF, 250,7 Ko)\" rel=\"nofollow\" class=\"id-1272 ext-pdf\">Statuts fr. 2023 (PDF, 250,7 Ko)<\/a><\/li><\/ul>\n<\/div><\/section><br \/>\n<section  class='av_textblock_section av-a1usj-c109ef04e26867ace06b15e178a74d55 '   itemscope=\"itemscope\" itemtype=\"https:\/\/schema.org\/CreativeWork\" ><div class='avia_textblock'  itemprop=\"text\" ><hr>\n<h3>Bon \u00e0 savoir<\/h3>\n<ul class=\"ddownloads_list category-wissenswertes list-title_ext_filesize\"><li><a href=\"https:\/\/dackel.ch\/fr\/?ddownload=1571\" title=\"Geb\u00fchren f\u00fcr Eintr\u00e4ge in der Welpen\u2010, Junghunde\u2010 und Dackelliste (PDF, 147,3 Ko)\" rel=\"nofollow\" class=\"id-1571 ext-pdf\">Geb\u00fchren f\u00fcr Eintr\u00e4ge in der Welpen\u2010, Junghunde\u2010 und Dackelliste (PDF, 147,3 Ko)<\/a><\/li><li><a href=\"https:\/\/dackel.ch\/fr\/?ddownload=2759\" title=\"SDC Pr\u00fcfungsgeb\u00fchren 2026 (PDF, 125,2 Ko)\" rel=\"nofollow\" class=\"id-2759 ext-pdf\">SDC Pr\u00fcfungsgeb\u00fchren 2026 (PDF, 125,2 Ko)<\/a><\/li><\/ul>\n<\/div><\/section><br \/>\n<section  class='av_textblock_section av-9i6jb-29e12c2aee03f8d30575e0955aff7300 '   itemscope=\"itemscope\" itemtype=\"https:\/\/schema.org\/CreativeWork\" ><div class='avia_textblock'  itemprop=\"text\" ><hr>\n<h3>Divers<\/h3>\n<ul class=\"ddownloads_list category-allgemeines list-title_ext_filesize\"><li><a href=\"https:\/\/dackel.ch\/fr\/?ddownload=1388\" title=\"Amicus Informationen (PDF, 1,2 Mo)\" rel=\"nofollow\" class=\"id-1388 ext-pdf\">Amicus Informationen (PDF, 1,2 Mo)<\/a><\/li><\/ul>\n<\/div><\/section><\/p><\/div><\/p>\n\n<style type=\"text\/css\" data-created_by=\"avia_inline_auto\" id=\"style-css-av-8lnxn-b93046dc993104289d39a421ef85ab9f\">\n.flex_column.av-8lnxn-b93046dc993104289d39a421ef85ab9f{\nborder-radius:0px 0px 0px 0px;\npadding:0px 0px 0px 0px;\n}\n<\/style>\n<div  class='flex_column av-8lnxn-b93046dc993104289d39a421ef85ab9f av_one_half  avia-builder-el-6  el_after_av_one_half  el_before_av_one_full  flex_column_div av-zero-column-padding  column-top-margin'     ><section  class='av_textblock_section av-82mzb-58b2dd72f9ade1a9494a440b7ca33c01 '   itemscope=\"itemscope\" itemtype=\"https:\/\/schema.org\/CreativeWork\" ><div class='avia_textblock'  itemprop=\"text\" ><hr>\n<h3>Expositions<\/h3>\n<ul class=\"ddownloads_list category-ausstellungswesen list-title_ext_filesize\"><li><a href=\"https:\/\/dackel.ch\/fr\/?ddownload=1274\" title=\"Akronyme Ausstellungswesen (Abk\u00fcrzungen) (PDF, 81,1 Ko)\" rel=\"nofollow\" class=\"id-1274 ext-pdf\">Akronyme Ausstellungswesen (Abk\u00fcrzungen) (PDF, 81,1 Ko)<\/a><\/li><li><a href=\"https:\/\/dackel.ch\/fr\/?ddownload=8678\" title=\"Ringablauf (PDF, 325,2 Ko)\" rel=\"nofollow\" class=\"id-8678 ext-pdf\">Ringablauf (PDF, 325,2 Ko)<\/a><\/li><\/ul>\n<\/div><\/section><br \/>\n<section  class='av_textblock_section av-7fo1v-9f8be878198e57114ba848fbcd613ade '   itemscope=\"itemscope\" itemtype=\"https:\/\/schema.org\/CreativeWork\" ><div class='avia_textblock'  itemprop=\"text\" ><hr>\n<h3>Affaires de chien de chasse<\/h3>\n<ul class=\"ddownloads_list category-jagdgebrauchshundewesen list-title_ext_filesize\"><li><a href=\"https:\/\/dackel.ch\/fr\/?ddownload=1275\" title=\"Akronyme Jagdgebrauchshundewesen (PDF, 82,9 Ko)\" rel=\"nofollow\" class=\"id-1275 ext-pdf\">Akronyme Jagdgebrauchshundewesen (PDF, 82,9 Ko)<\/a><\/li><li><a href=\"https:\/\/dackel.ch\/fr\/?ddownload=1294\" title=\"Der Dachshund als St\u00f6berer und Brackierer (PDF, 71,3 Ko)\" rel=\"nofollow\" class=\"id-1294 ext-pdf\">Der Dachshund als St\u00f6berer und Brackierer (PDF, 71,3 Ko)<\/a><\/li><li><a href=\"https:\/\/dackel.ch\/fr\/?ddownload=1293\" title=\"Gebrauchsteckelfragen von Walter Uhlig (PDF, 68,9 Ko)\" rel=\"nofollow\" class=\"id-1293 ext-pdf\">Gebrauchsteckelfragen von Walter Uhlig (PDF, 68,9 Ko)<\/a><\/li><li><a href=\"https:\/\/dackel.ch\/fr\/?ddownload=13965\" title=\"Leistungsrichter 2026 (PDF, 136,8 Ko)\" rel=\"nofollow\" class=\"id-13965 ext-pdf\">Leistungsrichter 2026 (PDF, 136,8 Ko)<\/a><\/li><\/ul>\n<\/div><\/section><br \/>\n<section  class='av_textblock_section av-6u67j-3a3ef3f96a4f3f678a4fc28d3ab32dd0 '   itemscope=\"itemscope\" itemtype=\"https:\/\/schema.org\/CreativeWork\" ><div class='avia_textblock'  itemprop=\"text\" ><hr>\n<h3>Affaires de chien de compagnie<\/h3>\n<ul class=\"ddownloads_list category-begleithundewesen list-title_ext_filesize\"><li><a href=\"https:\/\/dackel.ch\/fr\/?ddownload=2722\" title=\"Anforderungen an die Organisation BHP (PDF, 48,8 Ko)\" rel=\"nofollow\" class=\"id-2722 ext-pdf\">Anforderungen an die Organisation BHP (PDF, 48,8 Ko)<\/a><\/li><li><a href=\"https:\/\/dackel.ch\/fr\/?ddownload=1726\" title=\"BH goldene Regeln (PDF, 172,7 Ko)\" rel=\"nofollow\" class=\"id-1726 ext-pdf\">BH goldene Regeln (PDF, 172,7 Ko)<\/a><\/li><li><a href=\"https:\/\/dackel.ch\/fr\/?ddownload=1750\" title=\"BH Richterliste (PDF, 139,5 Ko)\" rel=\"nofollow\" class=\"id-1750 ext-pdf\">BH Richterliste (PDF, 139,5 Ko)<\/a><\/li><li><a href=\"https:\/\/dackel.ch\/fr\/?ddownload=1727\" title=\"BH \u00dcbungsheft (PDF, 205,8 Ko)\" rel=\"nofollow\" class=\"id-1727 ext-pdf\">BH \u00dcbungsheft (PDF, 205,8 Ko)<\/a><\/li><li><a href=\"https:\/\/dackel.ch\/fr\/?ddownload=2725\" title=\"Material-Liste f\u00fcr BHP (Checkliste) (PDF, 47,2 Ko)\" rel=\"nofollow\" class=\"id-2725 ext-pdf\">Material-Liste f\u00fcr BHP (Checkliste) (PDF, 47,2 Ko)<\/a><\/li><li><a href=\"https:\/\/dackel.ch\/fr\/?ddownload=1749\" title=\"Meldeformular Begleithundepr\u00fcfungen (PDF, 104,6 Ko)\" rel=\"nofollow\" class=\"id-1749 ext-pdf\">Meldeformular Begleithundepr\u00fcfungen (PDF, 104,6 Ko)<\/a><\/li><li><a href=\"https:\/\/dackel.ch\/fr\/?ddownload=2727\" title=\"Organisation einer BHP (Checkliste) (PDF, 49,8 Ko)\" rel=\"nofollow\" class=\"id-2727 ext-pdf\">Organisation einer BHP (Checkliste) (PDF, 49,8 Ko)<\/a><\/li><\/ul>\n<\/div><\/section><br \/>\n<section  class='av_textblock_section av-nawn-04febe230cb5267167bee6a71b07f8e9 '   itemscope=\"itemscope\" itemtype=\"https:\/\/schema.org\/CreativeWork\" ><div class='avia_textblock'  itemprop=\"text\" ><hr>\n<h3>Affaires d\u2019\u00e9levage<\/h3>\n<ul class=\"ddownloads_list category-zuchtwesen list-title_ext_filesize\"><li><a href=\"https:\/\/dackel.ch\/fr\/?ddownload=14408\" title=\"2024 Allevare nel CSB \/ Passo dopo passo (PDF, 173,0 Ko)\" rel=\"nofollow\" class=\"id-14408 ext-pdf\">2024 Allevare nel CSB \/ Passo dopo passo (PDF, 173,0 Ko)<\/a><\/li><li><a href=\"https:\/\/dackel.ch\/fr\/?ddownload=14397\" title=\"2024 L\u2019\u00e9levage dans le CST \u00e9tape par \u00e9tape (PDF, 75,5 Ko)\" rel=\"nofollow\" class=\"id-14397 ext-pdf\">2024 L\u2019\u00e9levage dans le CST \u00e9tape par \u00e9tape (PDF, 75,5 Ko)<\/a><\/li><li><a href=\"https:\/\/dackel.ch\/fr\/?ddownload=14020\" title=\"2024 Z\u00fcchten im SDC Schritt f\u00fcr Schritt (PDF, 519,9 Ko)\" rel=\"nofollow\" class=\"id-14020 ext-pdf\">2024 Z\u00fcchten im SDC Schritt f\u00fcr Schritt (PDF, 519,9 Ko)<\/a><\/li><li><a href=\"https:\/\/dackel.ch\/fr\/?ddownload=1884\" title=\"Adressliste ECVO Spezialtier\u00e4rzte f\u00fcr die Augenuntersuchung (CH) (PDF, 34,8 Ko)\" rel=\"nofollow\" class=\"id-1884 ext-pdf\">Adressliste ECVO Spezialtier\u00e4rzte f\u00fcr die Augenuntersuchung (CH) (PDF, 34,8 Ko)<\/a><\/li><li><a href=\"https:\/\/dackel.ch\/fr\/?ddownload=1584\" title=\"Adressliste Spezialtier\u00e4rzte f\u00fcr die Augenuntersuchung DE (PDF, 88,8 Ko)\" rel=\"nofollow\" class=\"id-1584 ext-pdf\">Adressliste Spezialtier\u00e4rzte f\u00fcr die Augenuntersuchung DE (PDF, 88,8 Ko)<\/a><\/li><li><a href=\"https:\/\/dackel.ch\/fr\/?ddownload=2702\" title=\"Datenblatt f\u00fcr Augenuntersuchung (PDF, 34,0 Ko)\" rel=\"nofollow\" class=\"id-2702 ext-pdf\">Datenblatt f\u00fcr Augenuntersuchung (PDF, 34,0 Ko)<\/a><\/li><li><a href=\"https:\/\/dackel.ch\/fr\/?ddownload=5422\" title=\"Muster Kaufvertrag SDC (PDF, 115,8 Ko)\" rel=\"nofollow\" class=\"id-5422 ext-pdf\">Muster Kaufvertrag SDC (PDF, 115,8 Ko)<\/a><\/li><li><a href=\"https:\/\/dackel.ch\/fr\/?ddownload=13900\" title=\"Verhaltensprofil Dachshunde (PDF, 236,6 Ko)\" rel=\"nofollow\" class=\"id-13900 ext-pdf\">Verhaltensprofil Dachshunde (PDF, 236,6 Ko)<\/a><\/li><li><a href=\"https:\/\/dackel.ch\/fr\/?ddownload=5420\" title=\"Z\u00fcchterhaftung (Stephan Weber) (PDF, 71,7 Ko)\" rel=\"nofollow\" class=\"id-5420 ext-pdf\">Z\u00fcchterhaftung (Stephan Weber) (PDF, 71,7 Ko)<\/a><\/li><\/ul>\n<\/div><\/section><\/p><\/div>\n\n<style type=\"text\/css\" data-created_by=\"avia_inline_auto\" id=\"style-css-av-5howz-4b9e4a8467a24cbffe75d92a96e2701e\">\n.flex_column.av-5howz-4b9e4a8467a24cbffe75d92a96e2701e{\nborder-radius:0px 0px 0px 0px;\npadding:0px 0px 0px 0px;\n}\n<\/style>\n<div  class='flex_column av-5howz-4b9e4a8467a24cbffe75d92a96e2701e av_one_full  avia-builder-el-11  el_after_av_one_half  el_before_av_one_half  first flex_column_div av-zero-column-padding  column-top-margin'     ><section  class='av_textblock_section av-53u2n-0d91666cf4be77e52a289d69e5a856cd '   itemscope=\"itemscope\" itemtype=\"https:\/\/schema.org\/CreativeWork\" ><div class='avia_textblock'  itemprop=\"text\" ><h2>R\u00e8glements<\/h2>\n<h2><\/h2>\n<\/div><\/section><\/div>\n\n<style type=\"text\/css\" data-created_by=\"avia_inline_auto\" id=\"style-css-av-4chcn-2392cf2c58e80d54bb2ed2ea59d63317\">\n.flex_column.av-4chcn-2392cf2c58e80d54bb2ed2ea59d63317{\nborder-radius:0px 0px 0px 0px;\npadding:0px 0px 0px 0px;\n}\n<\/style>\n<div  class='flex_column av-4chcn-2392cf2c58e80d54bb2ed2ea59d63317 av_one_half  avia-builder-el-13  el_after_av_one_full  el_before_av_one_half  first flex_column_div av-zero-column-padding  column-top-margin'     ><section  class='av_textblock_section av-eejb-c54c0b0fbb7d2503013854775e88a173 '   itemscope=\"itemscope\" itemtype=\"https:\/\/schema.org\/CreativeWork\" ><div class='avia_textblock'  itemprop=\"text\" ><h3>R\u00e8glements concernant les expositions<\/h3>\n<hr>\n<ul class=\"ddownloads_list category-reglemente-ausstellungswesen list-title_ext_filesize\"><li><a href=\"https:\/\/dackel.ch\/fr\/?ddownload=2252\" title=\"Old-Merlin-Wanderpokal V1 (PDF, 1,1 Mo)\" rel=\"nofollow\" class=\"id-2252 ext-pdf\">Old-Merlin-Wanderpokal V1 (PDF, 1,1 Mo)<\/a><\/li><li><a href=\"https:\/\/dackel.ch\/fr\/?ddownload=17129\" title=\"Reglement sch\u00f6nster Dachshund (PDF, 285,4 Ko)\" rel=\"nofollow\" class=\"id-17129 ext-pdf\">Reglement sch\u00f6nster Dachshund (PDF, 285,4 Ko)<\/a><\/li><li><a href=\"https:\/\/dackel.ch\/fr\/?ddownload=1666\" title=\"Reglement SDC Jahressieger 2025 (PDF, 164,3 Ko)\" rel=\"nofollow\" class=\"id-1666 ext-pdf\">Reglement SDC Jahressieger 2025 (PDF, 164,3 Ko)<\/a><\/li><li><a href=\"https:\/\/dackel.ch\/fr\/?ddownload=1665\" title=\"Reglement Z\u00fcchterauszeichnung Ausstellungen 2025 (PDF, 152,1 Ko)\" rel=\"nofollow\" class=\"id-1665 ext-pdf\">Reglement Z\u00fcchterauszeichnung Ausstellungen 2025 (PDF, 152,1 Ko)<\/a><\/li><li><a href=\"https:\/\/dackel.ch\/fr\/?ddownload=3536\" title=\"SDC Ausstellungschampion V1_2 (PDF, 657,5 Ko)\" rel=\"nofollow\" class=\"id-3536 ext-pdf\">SDC Ausstellungschampion V1_2 (PDF, 657,5 Ko)<\/a><\/li><li><a href=\"https:\/\/dackel.ch\/fr\/?ddownload=3539\" title=\"SDC Jugendchampion V3 (PDF, 715,5 Ko)\" rel=\"nofollow\" class=\"id-3539 ext-pdf\">SDC Jugendchampion V3 (PDF, 715,5 Ko)<\/a><\/li><li><a href=\"https:\/\/dackel.ch\/fr\/?ddownload=3541\" title=\"SDC Veteranenchampion V2 (PDF, 675,4 Ko)\" rel=\"nofollow\" class=\"id-3541 ext-pdf\">SDC Veteranenchampion V2 (PDF, 675,4 Ko)<\/a><\/li><\/ul>\n<\/div><\/section><br \/>\n<section  class='av_textblock_section av-32ug7-96ddab891d0e2fb54522c19ca68fbbd5 '   itemscope=\"itemscope\" itemtype=\"https:\/\/schema.org\/CreativeWork\" ><div class='avia_textblock'  itemprop=\"text\" ><h3>R\u00e8glements concernant les chiens d\u2019accompagnement<\/h3>\n<hr>\n<ul class=\"ddownloads_list category-reglemente-begleithundewesen list-title_ext_filesize\"><li><a href=\"https:\/\/dackel.ch\/fr\/?ddownload=1661\" title=\"BH Pr\u00fcfungsordnung 2016 dt. (PDF, 1,5 Mo)\" rel=\"nofollow\" class=\"id-1661 ext-pdf\">BH Pr\u00fcfungsordnung 2016 dt. (PDF, 1,5 Mo)<\/a><\/li><li><a href=\"https:\/\/dackel.ch\/fr\/?ddownload=1662\" title=\"BH Pr\u00fcfungsordnung 2016 fr. (Examen des chiens de compagnie) (PDF, 138,0 Ko)\" rel=\"nofollow\" class=\"id-1662 ext-pdf\">BH Pr\u00fcfungsordnung 2016 fr. (Examen des chiens de compagnie) (PDF, 138,0 Ko)<\/a><\/li><li><a href=\"https:\/\/dackel.ch\/fr\/?ddownload=1725\" title=\"BH Richtlinien Leiter und Richter (PDF, 124,8 Ko)\" rel=\"nofollow\" class=\"id-1725 ext-pdf\">BH Richtlinien Leiter und Richter (PDF, 124,8 Ko)<\/a><\/li><li><a href=\"https:\/\/dackel.ch\/fr\/?ddownload=1663\" title=\"BH-S Pr\u00fcfungsordnung 2016 (PDF, 953,4 Ko)\" rel=\"nofollow\" class=\"id-1663 ext-pdf\">BH-S Pr\u00fcfungsordnung 2016 (PDF, 953,4 Ko)<\/a><\/li><li><a href=\"https:\/\/dackel.ch\/fr\/?ddownload=1666\" title=\"Reglement SDC Jahressieger 2025 (PDF, 164,3 Ko)\" rel=\"nofollow\" class=\"id-1666 ext-pdf\">Reglement SDC Jahressieger 2025 (PDF, 164,3 Ko)<\/a><\/li><\/ul>\n<\/div><\/section><\/p><\/div>\n\n<style type=\"text\/css\" data-created_by=\"avia_inline_auto\" id=\"style-css-av-2sdzf-ae45a01e42a14fad85c8d93f5fb99cff\">\n.flex_column.av-2sdzf-ae45a01e42a14fad85c8d93f5fb99cff{\nborder-radius:0px 0px 0px 0px;\npadding:0px 0px 0px 0px;\n}\n<\/style>\n<div  class='flex_column av-2sdzf-ae45a01e42a14fad85c8d93f5fb99cff av_one_half  avia-builder-el-16  el_after_av_one_half  avia-builder-el-last  flex_column_div av-zero-column-padding  column-top-margin'     ><section  class='av_textblock_section av-1zpnj-cf32666fdd47cb408bc594ffa612e2cf '   itemscope=\"itemscope\" itemtype=\"https:\/\/schema.org\/CreativeWork\" ><div class='avia_textblock'  itemprop=\"text\" ><h3>R\u00e8glements concernant les chiens de chasse<\/h3>\n<hr>\n<ul class=\"ddownloads_list category-reglemente-jagdgebrauchshundewesen list-title_ext_filesize\"><li><a href=\"https:\/\/dackel.ch\/fr\/?ddownload=16662\" title=\"PO Jagdgebrauch 2025 (PDF, 649,6 Ko)\" rel=\"nofollow\" class=\"id-16662 ext-pdf\">PO Jagdgebrauch 2025 (PDF, 649,6 Ko)<\/a><\/li><li><a href=\"https:\/\/dackel.ch\/fr\/?ddownload=2735\" title=\"Regl. Zulassung (GK) b. Ausstellungen 2017 dt.+fr. (PDF, 313,8 Ko)\" rel=\"nofollow\" class=\"id-2735 ext-pdf\">Regl. Zulassung (GK) b. Ausstellungen 2017 dt.+fr. (PDF, 313,8 Ko)<\/a><\/li><li><a href=\"https:\/\/dackel.ch\/fr\/?ddownload=7267\" title=\"Reglement Ernennung und Ausbildung Leistungsrichter 2021 (PDF, 2,7 Mo)\" rel=\"nofollow\" class=\"id-7267 ext-pdf\">Reglement Ernennung und Ausbildung Leistungsrichter 2021 (PDF, 2,7 Mo)<\/a><\/li><li><a href=\"https:\/\/dackel.ch\/fr\/?ddownload=1318\" title=\"Reglement f\u00fcr die Abgabe des Hutabzeichens &#8220;1000m F\u00e4hrte&#8221; 1995 (PDF, 394,6 Ko)\" rel=\"nofollow\" class=\"id-1318 ext-pdf\">Reglement f\u00fcr die Abgabe des Hutabzeichens &#8220;1000m F\u00e4hrte&#8221; 1995 (PDF, 394,6 Ko)<\/a><\/li><li><a href=\"https:\/\/dackel.ch\/fr\/?ddownload=1319\" title=\"Reglement SDC Vollgebrauchshund 2013 (PDF, 363,1 Ko)\" rel=\"nofollow\" class=\"id-1319 ext-pdf\">Reglement SDC Vollgebrauchshund 2013 (PDF, 363,1 Ko)<\/a><\/li><li><a href=\"https:\/\/dackel.ch\/fr\/?ddownload=1664\" title=\"Reglement Z\u00fcchterauszeichnung Gebrauch 2016 (PDF, 245,1 Ko)\" rel=\"nofollow\" class=\"id-1664 ext-pdf\">Reglement Z\u00fcchterauszeichnung Gebrauch 2016 (PDF, 245,1 Ko)<\/a><\/li><li><a href=\"https:\/\/dackel.ch\/fr\/?ddownload=2186\" title=\"Wanderpreis SDC Gebrauchshund (PDF, 1,4 Mo)\" rel=\"nofollow\" class=\"id-2186 ext-pdf\">Wanderpreis SDC Gebrauchshund (PDF, 1,4 Mo)<\/a><\/li><\/ul>\n<\/div><\/section><br \/>\n<section  class='av_textblock_section av-6c0z-ed9ec9a5ae83178be848e2edf8a261dc '   itemscope=\"itemscope\" itemtype=\"https:\/\/schema.org\/CreativeWork\" ><div class='avia_textblock'  itemprop=\"text\" ><h3>R\u00e8glements concernant l\u2019\u00e9levage<\/h3>\n<hr>\n<ul class=\"ddownloads_list category-reglemente-zuchtwesen list-title_ext_filesize\"><li><a href=\"https:\/\/dackel.ch\/fr\/?ddownload=5057\" title=\"FCI Rassen Standard Dachshund 29.11.19 (PDF, 547,3 Ko)\" rel=\"nofollow\" class=\"id-5057 ext-pdf\">FCI Rassen Standard Dachshund 29.11.19 (PDF, 547,3 Ko)<\/a><\/li><li><a href=\"https:\/\/dackel.ch\/fr\/?ddownload=16595\" title=\"PO Verhaltensbeurteilung VB im SDC 2025 (PDF, 5,9 Mo)\" rel=\"nofollow\" class=\"id-16595 ext-pdf\">PO Verhaltensbeurteilung VB im SDC 2025 (PDF, 5,9 Mo)<\/a><\/li><li><a href=\"https:\/\/dackel.ch\/fr\/?ddownload=1322\" title=\"Reglement &#8220;Ausbildung Zuchtst\u00e4ttenkontrolleur&#8221; (PDF, 148,2 Ko)\" rel=\"nofollow\" class=\"id-1322 ext-pdf\">Reglement &#8220;Ausbildung Zuchtst\u00e4ttenkontrolleur&#8221; (PDF, 148,2 Ko)<\/a><\/li><li><a href=\"https:\/\/dackel.ch\/fr\/?ddownload=6558\" title=\"Reglement Ausbildung Wesensrichter 2019 (PDF, 1,7 Mo)\" rel=\"nofollow\" class=\"id-6558 ext-pdf\">Reglement Ausbildung Wesensrichter 2019 (PDF, 1,7 Mo)<\/a><\/li><li><a href=\"https:\/\/dackel.ch\/fr\/?ddownload=13084\" title=\"R\u00e8glement d&#8217;\u00e9levage 2024 (PDF, 231,7 Ko)\" rel=\"nofollow\" class=\"id-13084 ext-pdf\">R\u00e8glement d&#8217;\u00e9levage 2024 (PDF, 231,7 Ko)<\/a><\/li><li><a href=\"https:\/\/dackel.ch\/fr\/?ddownload=16031\" title=\"Regolamento d&#8217;allevamento 2024 (PDF, 217,5 Ko)\" rel=\"nofollow\" class=\"id-16031 ext-pdf\">Regolamento d&#8217;allevamento 2024 (PDF, 217,5 Ko)<\/a><\/li><li><a href=\"https:\/\/dackel.ch\/fr\/?ddownload=1323\" title=\"Zuchtreglement (ZR) 2024 (PDF, 1,7 Mo)\" rel=\"nofollow\" class=\"id-1323 ext-pdf\">Zuchtreglement (ZR) 2024 (PDF, 1,7 Mo)<\/a><\/li><\/ul>\n<\/div><\/section><br \/>\n<section  class='av_textblock_section av-139fz-42967113d9d6b83d9fe59a6e400fa41e '   itemscope=\"itemscope\" itemtype=\"https:\/\/schema.org\/CreativeWork\" ><div class='avia_textblock'  itemprop=\"text\" ><h3>Divers r\u00e8glements<\/h3>\n<hr>\n<p>Aucun t\u00e9l\u00e9chargement trouv\u00e9.<\/p>\n<\/div><\/section><\/p><\/div>\n","protected":false},"excerpt":{"rendered":"","protected":false},"author":1,"featured_media":0,"parent":0,"menu_order":0,"comment_status":"closed","ping_status":"closed","template":"","meta":{"ngg_post_thumbnail":0,"footnotes":""},"class_list":["post-17588","page","type-page","status-publish","hentry"],"_links":{"self":[{"href":"https:\/\/dackel.ch\/fr\/wp-json\/wp\/v2\/pages\/17588","targetHints":{"allow":["GET"]}}],"collection":[{"href":"https:\/\/dackel.ch\/fr\/wp-json\/wp\/v2\/pages"}],"about":[{"href":"https:\/\/dackel.ch\/fr\/wp-json\/wp\/v2\/types\/page"}],"author":[{"embeddable":true,"href":"https:\/\/dackel.ch\/fr\/wp-json\/wp\/v2\/users\/1"}],"replies":[{"embeddable":true,"href":"https:\/\/dackel.ch\/fr\/wp-json\/wp\/v2\/comments?post=17588"}],"version-history":[{"count":1,"href":"https:\/\/dackel.ch\/fr\/wp-json\/wp\/v2\/pages\/17588\/revisions"}],"predecessor-version":[{"id":17596,"href":"https:\/\/dackel.ch\/fr\/wp-json\/wp\/v2\/pages\/17588\/revisions\/17596"}],"wp:attachment":[{"href":"https:\/\/dackel.ch\/fr\/wp-json\/wp\/v2\/media?parent=17588"}],"curies":[{"name":"wp","href":"https:\/\/api.w.org\/{rel}","templated":true}]}}