{"id":17595,"date":"2015-09-09T06:24:19","date_gmt":"2015-09-09T06:24:19","guid":{"rendered":"https:\/\/dackel.ch\/chiots-et-elevage\/elevage-renseignement-delevage\/"},"modified":"2026-02-03T12:33:04","modified_gmt":"2026-02-03T12:33:04","slug":"elevage-renseignement-delevage","status":"publish","type":"page","link":"https:\/\/dackel.ch\/fr\/chiots-et-elevage\/elevage-renseignement-delevage\/","title":{"rendered":"\u00c9levage | Renseignement d&#8217;\u00e9levage"},"content":{"rendered":"\n<style type=\"text\/css\" data-created_by=\"avia_inline_auto\" id=\"style-css-av-htmjn-ab0ff2b91409a8a4641a8f0c8ccf3623\">\n.flex_column.av-htmjn-ab0ff2b91409a8a4641a8f0c8ccf3623{\nborder-radius:0px 0px 0px 0px;\npadding:0px 0px 0px 0px;\n}\n<\/style>\n<div  class='flex_column av-htmjn-ab0ff2b91409a8a4641a8f0c8ccf3623 av_one_full  avia-builder-el-0  el_before_av_one_full  avia-builder-el-first  first flex_column_div av-zero-column-padding  '     ><style type=\"text\/css\" data-created_by=\"avia_inline_auto\" id=\"style-css-av-h2civ-78b49514841c26a15cae2aef398d83f9\">\n.avia-image-container.av-h2civ-78b49514841c26a15cae2aef398d83f9 img.avia_image{\nbox-shadow:none;\n}\n.avia-image-container.av-h2civ-78b49514841c26a15cae2aef398d83f9 .av-image-caption-overlay-center{\ncolor:#ffffff;\n}\n<\/style>\n<div  class='avia-image-container av-h2civ-78b49514841c26a15cae2aef398d83f9 av-styling- avia-align-left  avia-builder-el-1  avia-builder-el-no-sibling '   itemprop=\"image\" itemscope=\"itemscope\" itemtype=\"https:\/\/schema.org\/ImageObject\" ><div class=\"avia-image-container-inner\"><div class=\"avia-image-overlay-wrap\"><img decoding=\"async\" fetchpriority=\"high\" class='wp-image-17311 avia-img-lazy-loading-not-17311 avia_image ' src=\"https:\/\/dackel.ch\/wp-content\/uploads\/2015\/09\/t59a4752-1500x430.jpg\" alt='' title='t59a4752'  height=\"430\" width=\"1500\"  itemprop=\"thumbnailUrl\"  \/><\/div><\/div><\/div><\/div>\n\n<style type=\"text\/css\" data-created_by=\"avia_inline_auto\" id=\"style-css-av-ggz5n-0ea183008b20361f63ca250394e85dd6\">\n.flex_column.av-ggz5n-0ea183008b20361f63ca250394e85dd6{\nborder-radius:0px 0px 0px 0px;\npadding:0px 0px 0px 0px;\n}\n<\/style>\n<div  class='flex_column av-ggz5n-0ea183008b20361f63ca250394e85dd6 av_one_full  avia-builder-el-2  el_after_av_one_full  el_before_av_one_half  first flex_column_div av-zero-column-padding  column-top-margin'     ><p><div  class='hr av-c7grn-5963dc4fe1d69f88ffa4db792c67d632 hr-default  avia-builder-el-3  el_before_av_icon_box  avia-builder-el-first '><span class='hr-inner '><span class=\"hr-inner-style\"><\/span><\/span><\/div><br \/>\n<article  class='iconbox iconbox_left av-bwk3j-ee649c6b5335999e4e1b4df0bf3c889e  avia-builder-el-4  el_after_av_hr  el_before_av_hr '  itemscope=\"itemscope\" itemtype=\"https:\/\/schema.org\/CreativeWork\" ><div class=\"iconbox_content\"><header class=\"entry-content-header\" aria-label=\"Ic\u00f4ne : Responsable de l\u2019\u00e9levage, bureau d\u2019\u00e9levage et de confirmation, contr\u00f4le des \u00e9levages\"><div class='iconbox_icon heading-color avia-iconfont avia-font-entypo-fontello' data-av_icon='\ue80a' data-av_iconfont='entypo-fontello'  ><\/div><h3 class='iconbox_content_title '  itemprop=\"headline\" >Responsable de l\u2019\u00e9levage, bureau d\u2019\u00e9levage et de confirmation, contr\u00f4le des \u00e9levages<\/h3><\/header><div class='iconbox_content_container '  itemprop=\"text\" ><p>Pour les questions d&#8217;\u00e9levage concernant toutes les races de teckels, veuillez contacter la responsable de l&#8217;\u00e9levage.<\/p>\n<p><b>Tanja Walker<\/b><br \/>\nQuerstrasse 6<br \/>\n8165 Oberweningen<br \/>\nT\u00e9l\u00e9phone : 044 856 17 18<\/p>\n<\/div><\/div><footer class=\"entry-footer\"><\/footer><\/article><br \/>\n<div  class='hr av-ay6af-cb20193941e85679349fc6c97c8f3157 hr-default  avia-builder-el-5  el_after_av_icon_box  avia-builder-el-last '><span class='hr-inner '><span class=\"hr-inner-style\"><\/span><\/span><\/div><\/p><\/div>\n\n<style type=\"text\/css\" data-created_by=\"avia_inline_auto\" id=\"style-css-av-accbz-bb2f57eca57122ea31039c059c659060\">\n.flex_column.av-accbz-bb2f57eca57122ea31039c059c659060{\nborder-radius:0px 0px 0px 0px;\npadding:0px 0px 0px 0px;\n}\n<\/style>\n<div  class='flex_column av-accbz-bb2f57eca57122ea31039c059c659060 av_one_half  avia-builder-el-6  el_after_av_one_full  el_before_av_one_half  first flex_column_div av-zero-column-padding  column-top-margin'     ><p><div  class='avia-button-wrap avia-button-center  avia-builder-el-7  el_before_av_hr  avia-builder-el-first '>\n<style type=\"text\/css\" data-created_by=\"avia_inline_auto\" id=\"style-css-av-9zg4v-5866aee323be1bdde29e28b09d4adcd7\">\n#top #wrap_all .avia-button.av-9zg4v-5866aee323be1bdde29e28b09d4adcd7{\ncolor:#ffffff;\ntransition:all 0.4s ease-in-out;\n}\n#top #wrap_all .avia-button.av-9zg4v-5866aee323be1bdde29e28b09d4adcd7:hover{\nbackground-color:silver;\ncolor:#ffffff;\ntransition:all 0.4s ease-in-out;\n}\n#top #wrap_all .avia-button.av-9zg4v-5866aee323be1bdde29e28b09d4adcd7 .avia-svg-icon svg:first-child{\nfill:#ffffff;\nstroke:#ffffff;\n}\n#top #wrap_all .avia-button.av-9zg4v-5866aee323be1bdde29e28b09d4adcd7:hover .avia-svg-icon svg:first-child{\nfill:#ffffff;\nstroke:#ffffff;\n}\n<\/style>\n<a href='https:\/\/dackel.ch\/fr\/chiots-et-elevage\/placement-de-teckels\/' class='avia-color-theme-color avia-button avia-button-fullwidth av-9zg4v-5866aee323be1bdde29e28b09d4adcd7 avia-icon_select-yes-left-icon avia-color-theme-color'   aria-label=\"Placement de chiots\/teckels&lt;br&gt;Placement des chiots et teckels\"><span class='avia_button_icon avia_button_icon_left avia-iconfont avia-font-entypo-fontello' data-av_icon='\ue84b' data-av_iconfont='entypo-fontello' ><\/span><span class='avia_iconbox_title' >Placement de chiots\/teckels&lt;br&gt;Placement des chiots et teckels<\/span><\/a><\/div><br \/>\n<div  class='hr av-9iuu3-c2379741d0d8585b046a5273644a18d5 hr-default  avia-builder-el-8  el_after_av_button_big  el_before_av_button_big  avia-builder-el-no-sibling '><span class='hr-inner '><span class=\"hr-inner-style\"><\/span><\/span><\/div><br \/>\n<div  class='avia-button-wrap avia-button-center  avia-builder-el-9  el_after_av_hr  el_before_av_hr '>\n<style type=\"text\/css\" data-created_by=\"avia_inline_auto\" id=\"style-css-av-8qshv-969c09c45a24b099e46cc8f035f43e9a\">\n#top #wrap_all .avia-button.av-8qshv-969c09c45a24b099e46cc8f035f43e9a{\ncolor:#ffffff;\ntransition:all 0.4s ease-in-out;\n}\n#top #wrap_all .avia-button.av-8qshv-969c09c45a24b099e46cc8f035f43e9a:hover{\nbackground-color:silver;\ncolor:#ffffff;\ntransition:all 0.4s ease-in-out;\n}\n#top #wrap_all .avia-button.av-8qshv-969c09c45a24b099e46cc8f035f43e9a .avia-svg-icon svg:first-child{\nfill:#ffffff;\nstroke:#ffffff;\n}\n#top #wrap_all .avia-button.av-8qshv-969c09c45a24b099e46cc8f035f43e9a:hover .avia-svg-icon svg:first-child{\nfill:#ffffff;\nstroke:#ffffff;\n}\n<\/style>\n<a href='https:\/\/dackel.ch\/fr\/chiots-et-elevage\/placement-de-teckels\/chiots\/' class='avia-color-theme-color avia-button avia-button-fullwidth av-8qshv-969c09c45a24b099e46cc8f035f43e9a avia-icon_select-yes-left-icon avia-color-theme-color'   aria-label=\"Liste des chiots et annonce\"><span class='avia_button_icon avia_button_icon_left avia-iconfont avia-font-entypo-fontello' data-av_icon='\ue84b' data-av_iconfont='entypo-fontello' ><\/span><span class='avia_iconbox_title' >Liste des chiots et annonce<\/span><\/a><\/div><br \/>\n<div  class='hr av-7ucqz-1ae84ddcaffb72fd4ad2e3c29b1dd031 hr-default  avia-builder-el-10  el_after_av_button_big  el_before_av_button_big  avia-builder-el-no-sibling '><span class='hr-inner '><span class=\"hr-inner-style\"><\/span><\/span><\/div><br \/>\n<div  class='avia-button-wrap avia-button-center  avia-builder-el-11  el_after_av_hr  el_before_av_hr '>\n<style type=\"text\/css\" data-created_by=\"avia_inline_auto\" id=\"style-css-av-7mamj-f1ccd8ef9fb7b4495e9f5544497fdd95\">\n#top #wrap_all .avia-button.av-7mamj-f1ccd8ef9fb7b4495e9f5544497fdd95{\ncolor:#ffffff;\ntransition:all 0.4s ease-in-out;\n}\n#top #wrap_all .avia-button.av-7mamj-f1ccd8ef9fb7b4495e9f5544497fdd95:hover{\nbackground-color:silver;\ncolor:#ffffff;\ntransition:all 0.4s ease-in-out;\n}\n#top #wrap_all .avia-button.av-7mamj-f1ccd8ef9fb7b4495e9f5544497fdd95 .avia-svg-icon svg:first-child{\nfill:#ffffff;\nstroke:#ffffff;\n}\n#top #wrap_all .avia-button.av-7mamj-f1ccd8ef9fb7b4495e9f5544497fdd95:hover .avia-svg-icon svg:first-child{\nfill:#ffffff;\nstroke:#ffffff;\n}\n<\/style>\n<a href='https:\/\/dackel.ch\/fr\/annonce-de-saillie\/' class='avia-color-theme-color avia-button avia-button-fullwidth av-7mamj-f1ccd8ef9fb7b4495e9f5544497fdd95 avia-icon_select-yes-left-icon avia-color-theme-color'   aria-label=\"Annonce de saillie (\u00e0 envoyer \u00e0 la responsable de l&#039;\u00e9levage)\"><span class='avia_button_icon avia_button_icon_left avia-iconfont avia-font-entypo-fontello' data-av_icon='\ue83b' data-av_iconfont='entypo-fontello' ><\/span><span class='avia_iconbox_title' >Annonce de saillie (\u00e0 envoyer \u00e0 la responsable de l&#039;\u00e9levage)<\/span><\/a><\/div><br \/>\n<div  class='hr av-6rcff-1d980f8eb30f4006c314028d749461d9 hr-default  avia-builder-el-12  el_after_av_button_big  el_before_av_button_big  avia-builder-el-no-sibling '><span class='hr-inner '><span class=\"hr-inner-style\"><\/span><\/span><\/div><br \/>\n<div  class='avia-button-wrap avia-button-center  avia-builder-el-13  el_after_av_hr  el_before_av_hr '>\n<style type=\"text\/css\" data-created_by=\"avia_inline_auto\" id=\"style-css-av-68ugf-fa0372fba8b356d5f069955dbd26d5eb\">\n#top #wrap_all .avia-button.av-68ugf-fa0372fba8b356d5f069955dbd26d5eb{\ncolor:#ffffff;\ntransition:all 0.4s ease-in-out;\n}\n#top #wrap_all .avia-button.av-68ugf-fa0372fba8b356d5f069955dbd26d5eb:hover{\nbackground-color:silver;\ncolor:#ffffff;\ntransition:all 0.4s ease-in-out;\n}\n#top #wrap_all .avia-button.av-68ugf-fa0372fba8b356d5f069955dbd26d5eb .avia-svg-icon svg:first-child{\nfill:#ffffff;\nstroke:#ffffff;\n}\n#top #wrap_all .avia-button.av-68ugf-fa0372fba8b356d5f069955dbd26d5eb:hover .avia-svg-icon svg:first-child{\nfill:#ffffff;\nstroke:#ffffff;\n}\n<\/style>\n<a href='https:\/\/dackel.ch\/fr\/chiots-et-elevage\/elevage-renseignement-delevage\/eleveur\/' class='avia-color-theme-color avia-button avia-button-fullwidth av-68ugf-fa0372fba8b356d5f069955dbd26d5eb avia-icon_select-yes-left-icon avia-color-theme-color'   aria-label=\"\u00c9leveur\"><span class='avia_button_icon avia_button_icon_left avia-iconfont avia-font-entypo-fontello' data-av_icon='\ue80a' data-av_iconfont='entypo-fontello' ><\/span><span class='avia_iconbox_title' >\u00c9leveur<\/span><\/a><\/div><br \/>\n<div  class='hr av-kha3-ba6c249d6686e3306cbaa95ce8cca684 hr-default  avia-builder-el-14  el_after_av_button_big  el_before_av_button_big  avia-builder-el-no-sibling '><span class='hr-inner '><span class=\"hr-inner-style\"><\/span><\/span><\/div><br \/>\n<div  class='avia-button-wrap avia-button-center  avia-builder-el-15  el_after_av_hr  avia-builder-el-last '>\n<style type=\"text\/css\" data-created_by=\"avia_inline_auto\" id=\"style-css-av-is8v-cafd9f86f50217502dbfe1b8804c08f2\">\n#top #wrap_all .avia-button.av-is8v-cafd9f86f50217502dbfe1b8804c08f2{\ncolor:#ffffff;\ntransition:all 0.4s ease-in-out;\n}\n#top #wrap_all .avia-button.av-is8v-cafd9f86f50217502dbfe1b8804c08f2:hover{\nbackground-color:silver;\ncolor:#ffffff;\ntransition:all 0.4s ease-in-out;\n}\n#top #wrap_all .avia-button.av-is8v-cafd9f86f50217502dbfe1b8804c08f2 .avia-svg-icon svg:first-child{\nfill:#ffffff;\nstroke:#ffffff;\n}\n#top #wrap_all .avia-button.av-is8v-cafd9f86f50217502dbfe1b8804c08f2:hover .avia-svg-icon svg:first-child{\nfill:#ffffff;\nstroke:#ffffff;\n}\n<\/style>\n<a href='https:\/\/dackel.ch\/fr\/chiots-et-elevage\/elevage-renseignement-delevage\/etalons\/' class='avia-color-theme-color avia-button avia-button-fullwidth av-is8v-cafd9f86f50217502dbfe1b8804c08f2 avia-icon_select-yes-left-icon avia-color-theme-color'   aria-label=\"\u00c9talons\"><span class='avia_button_icon avia_button_icon_left avia-iconfont avia-font-entypo-fontello' data-av_icon='\ue86a' data-av_iconfont='entypo-fontello' ><\/span><span class='avia_iconbox_title' >\u00c9talons<\/span><\/a><\/div><\/p><\/div>\n\n<style type=\"text\/css\" data-created_by=\"avia_inline_auto\" id=\"style-css-av-4bwcv-266b4b4f7459a2eb81d2a1130a038440\">\n.flex_column.av-4bwcv-266b4b4f7459a2eb81d2a1130a038440{\nborder-radius:0px 0px 0px 0px;\npadding:0px 0px 0px 0px;\n}\n<\/style>\n<div  class='flex_column av-4bwcv-266b4b4f7459a2eb81d2a1130a038440 av_one_half  avia-builder-el-16  el_after_av_one_half  avia-builder-el-last  flex_column_div av-zero-column-padding  column-top-margin'     ><\/div>\n","protected":false},"excerpt":{"rendered":"","protected":false},"author":1,"featured_media":0,"parent":17337,"menu_order":6,"comment_status":"closed","ping_status":"closed","template":"","meta":{"ngg_post_thumbnail":0,"footnotes":""},"class_list":["post-17595","page","type-page","status-publish","hentry"],"_links":{"self":[{"href":"https:\/\/dackel.ch\/fr\/wp-json\/wp\/v2\/pages\/17595","targetHints":{"allow":["GET"]}}],"collection":[{"href":"https:\/\/dackel.ch\/fr\/wp-json\/wp\/v2\/pages"}],"about":[{"href":"https:\/\/dackel.ch\/fr\/wp-json\/wp\/v2\/types\/page"}],"author":[{"embeddable":true,"href":"https:\/\/dackel.ch\/fr\/wp-json\/wp\/v2\/users\/1"}],"replies":[{"embeddable":true,"href":"https:\/\/dackel.ch\/fr\/wp-json\/wp\/v2\/comments?post=17595"}],"version-history":[{"count":4,"href":"https:\/\/dackel.ch\/fr\/wp-json\/wp\/v2\/pages\/17595\/revisions"}],"predecessor-version":[{"id":19163,"href":"https:\/\/dackel.ch\/fr\/wp-json\/wp\/v2\/pages\/17595\/revisions\/19163"}],"up":[{"embeddable":true,"href":"https:\/\/dackel.ch\/fr\/wp-json\/wp\/v2\/pages\/17337"}],"wp:attachment":[{"href":"https:\/\/dackel.ch\/fr\/wp-json\/wp\/v2\/media?parent=17595"}],"curies":[{"name":"wp","href":"https:\/\/api.w.org\/{rel}","templated":true}]}}