{"id":17625,"date":"2015-09-09T06:23:52","date_gmt":"2015-09-09T06:23:52","guid":{"rendered":"https:\/\/dackel.ch\/evenements-2\/"},"modified":"2026-02-03T12:33:15","modified_gmt":"2026-02-03T12:33:15","slug":"evenements-2","status":"publish","type":"page","link":"https:\/\/dackel.ch\/fr\/activites\/evenements-2\/","title":{"rendered":"\u00c9v\u00e9nements"},"content":{"rendered":"\n<style type=\"text\/css\" data-created_by=\"avia_inline_auto\" id=\"style-css-av-62wpx-4c561f99890aa20937ceb5005058cb85\">\n.flex_column.av-62wpx-4c561f99890aa20937ceb5005058cb85{\nborder-radius:0px 0px 0px 0px;\npadding:0px 0px 0px 0px;\n}\n<\/style>\n<div  class='flex_column av-62wpx-4c561f99890aa20937ceb5005058cb85 av_one_full  avia-builder-el-0  el_before_av_two_third  avia-builder-el-first  first flex_column_div av-zero-column-padding  '     ><p><section  class='av_textblock_section av-5fcnd-1651c692cd7526c8af2ebc0c0e953ab0 '   itemscope=\"itemscope\" itemtype=\"https:\/\/schema.org\/CreativeWork\" ><div class='avia_textblock'  itemprop=\"text\" ><p><a href=\"https:\/\/dackel.ch\/wp-content\/uploads\/2015\/09\/t59a3570_dxo1_-_kopie.jpg\" rel=\"attachment wp-att-541\"><img loading=\"lazy\" decoding=\"async\" class=\"alignnone size-entry_with_sidebar wp-image-541\" src=\"https:\/\/dackel.ch\/wp-content\/uploads\/2015\/09\/t59a3570_dxo1_-_kopie-845x321.jpg\" alt=\"veranstaltungen-Header\" width=\"845\" height=\"321\"><\/a><\/p>\n<\/div><\/section><br \/>\n<div  class='hr av-5117t-c8545c2177354200fe7170ed30bb763a hr-default  avia-builder-el-2  el_after_av_textblock  avia-builder-el-last '><span class='hr-inner '><span class=\"hr-inner-style\"><\/span><\/span><\/div><\/p><\/div>\n<div  class='flex_column av-3e4b1-1170fdf3dbacf732fd5fa73073060fbb av_two_third  avia-builder-el-3  el_after_av_one_full  el_before_av_one_third  first flex_column_div  column-top-margin'     ><p>\n<style type=\"text\/css\" data-created_by=\"avia_inline_auto\" id=\"style-css-av-m34ufhyj-ae2d815e3c6921bfc2731fb4ed4a9045\">\n#top .av_textblock_section.av-m34ufhyj-ae2d815e3c6921bfc2731fb4ed4a9045 .avia_textblock{\nfont-size:10px;\n}\n<\/style>\n<section  class='av_textblock_section av-m34ufhyj-ae2d815e3c6921bfc2731fb4ed4a9045 '   itemscope=\"itemscope\" itemtype=\"https:\/\/schema.org\/CreativeWork\" ><div class='avia_textblock'  itemprop=\"text\" ><p>Clique sur la section souhait\u00e9e&#8230;<\/p>\n<\/div><\/section><br \/>\n<div  class='avia-icon-list-container av-m34us652-d35fac38d3e976d0907145dff7655e00  avia-builder-el-5  el_after_av_textblock  avia-builder-el-last '><ul class='avia-icon-list avia_animate_when_almost_visible avia-icon-list-left av-iconlist-big av-m34us652-d35fac38d3e976d0907145dff7655e00 avia-iconlist-animate'>\n<li><div class='iconlist_icon av-m34uqqf8-deeda17250d4c652d52c1bb7074c3c31 avia-font-entypo-fontello avia-iconfont avia-font-entypo-fontello'><span class='av-icon-char' data-av_icon='\ue84b' data-av_iconfont='entypo-fontello' aria-hidden=\"true\"><\/span><\/div><article class=\"article-icon-entry \"  itemscope=\"itemscope\" itemtype=\"https:\/\/schema.org\/CreativeWork\" ><div class=\"iconlist_content_wrap\"><header class=\"entry-content-header\" aria-label=\"Ic\u00f4ne : &lt;a href=&#039;https:\/\/dackel.ch\/fr\/activites\/evenements-2\/&#039; title=&#039;\u00c9v\u00e9nements&#039;&gt;\u00c9v\u00e9nements&lt;\/a&gt;\"><h4 class='av_iconlist_title iconlist_title  '  itemprop=\"headline\" ><a href='https:\/\/dackel.ch\/fr\/activites\/evenements-2\/' title='\u00c9v\u00e9nements'>\u00c9v\u00e9nements<\/a><\/h4><\/header><div class='iconlist_content '  itemprop=\"text\" ><p>Ce qui se passe&#8230;<\/p>\n<\/div><\/div><footer class=\"entry-footer\"><\/footer><\/article><div class=\"iconlist-timeline\"><\/div><\/li>\n<li><div class='iconlist_icon av-m34ure9m-6d4aa8e067f4e8efb58cad7c327f7830 avia-font-entypo-fontello avia-iconfont avia-font-entypo-fontello'><span class='av-icon-char' data-av_icon='\ue826' data-av_iconfont='entypo-fontello' aria-hidden=\"true\"><\/span><\/div><article class=\"article-icon-entry \"  itemscope=\"itemscope\" itemtype=\"https:\/\/schema.org\/CreativeWork\" ><div class=\"iconlist_content_wrap\"><header class=\"entry-content-header\" aria-label=\"Ic\u00f4ne : &lt;a href=&#039;https:\/\/dackel.ch\/fr\/activites\/expositions\/&#039; title=&#039;Expositions&#039;&gt;Expositions&lt;\/a&gt;\"><h4 class='av_iconlist_title iconlist_title  '  itemprop=\"headline\" ><a href='https:\/\/dackel.ch\/fr\/activites\/expositions\/' title='Expositions'>Expositions<\/a><\/h4><\/header><div class='iconlist_content '  itemprop=\"text\" ><p>Toutes les dates et informations des expositions<\/p>\n<\/div><\/div><footer class=\"entry-footer\"><\/footer><\/article><div class=\"iconlist-timeline\"><\/div><\/li>\n<li><div class='iconlist_icon av-m34uujsw-e33d72129dfdeba15787205a499e0685 avia-font-entypo-fontello avia-iconfont avia-font-entypo-fontello'><span class='av-icon-char' data-av_icon='\ue827' data-av_iconfont='entypo-fontello' aria-hidden=\"true\"><\/span><\/div><article class=\"article-icon-entry \"  itemscope=\"itemscope\" itemtype=\"https:\/\/schema.org\/CreativeWork\" ><div class=\"iconlist_content_wrap\"><header class=\"entry-content-header\" aria-label=\"Ic\u00f4ne : &lt;a href=&#039;https:\/\/dackel.ch\/fr\/activites\/affaires-de-chien-de-compagnie\/&#039; title=&#039;Affaires de chien de compagnie&#039;&gt;Affaires de chien de compagnie&lt;\/a&gt;\"><h4 class='av_iconlist_title iconlist_title  '  itemprop=\"headline\" ><a href='https:\/\/dackel.ch\/fr\/activites\/affaires-de-chien-de-compagnie\/' title='Affaires de chien de compagnie'>Affaires de chien de compagnie<\/a><\/h4><\/header><div class='iconlist_content '  itemprop=\"text\" ><p>Le teckel comme chien de compagnie&nbsp;: toutes les infos et dates<\/p>\n<\/div><\/div><footer class=\"entry-footer\"><\/footer><\/article><div class=\"iconlist-timeline\"><\/div><\/li>\n<li><div class='iconlist_icon av-m34ux89m-7da4bc52c25c85f459aa73f857bda834 avia-font-entypo-fontello avia-iconfont avia-font-entypo-fontello'><span class='av-icon-char' data-av_icon='\ue8a3' data-av_iconfont='entypo-fontello' aria-hidden=\"true\"><\/span><\/div><article class=\"article-icon-entry \"  itemscope=\"itemscope\" itemtype=\"https:\/\/schema.org\/CreativeWork\" ><div class=\"iconlist_content_wrap\"><header class=\"entry-content-header\" aria-label=\"Ic\u00f4ne : &lt;a href=&#039;https:\/\/dackel.ch\/fr\/chasse\/affaires-de-chien-de-chasse\/&#039; title=&#039;Affaires de chien de chasse&#039;&gt;Affaires de chien de chasse&lt;\/a&gt;\"><h4 class='av_iconlist_title iconlist_title  '  itemprop=\"headline\" ><a href='https:\/\/dackel.ch\/fr\/chasse\/affaires-de-chien-de-chasse\/' title='Affaires de chien de chasse'>Affaires de chien de chasse<\/a><\/h4><\/header><div class='iconlist_content '  itemprop=\"text\" ><p>Informations importantes sur le teckel comme chien de chasse<\/p>\n<\/div><\/div><footer class=\"entry-footer\"><\/footer><\/article><div class=\"iconlist-timeline\"><\/div><\/li>\n<li><div class='iconlist_icon av-m34uys16-2a2771e649fbf93b85ad5d2e61d8fbba avia-font-entypo-fontello avia-iconfont avia-font-entypo-fontello'><span class='av-icon-char' data-av_icon='\ue8b8' data-av_iconfont='entypo-fontello' aria-hidden=\"true\"><\/span><\/div><article class=\"article-icon-entry \"  itemscope=\"itemscope\" itemtype=\"https:\/\/schema.org\/CreativeWork\" ><div class=\"iconlist_content_wrap\"><header class=\"entry-content-header\" aria-label=\"Ic\u00f4ne : &lt;a href=&#039;https:\/\/dackel.ch\/fr\/chiots-et-elevage\/elevage-renseignement-delevage\/&#039; title=&#039;Affaires d\u2019\u00e9levage&#039;&gt;Affaires d\u2019\u00e9levage&lt;\/a&gt;\"><h4 class='av_iconlist_title iconlist_title  '  itemprop=\"headline\" ><a href='https:\/\/dackel.ch\/fr\/chiots-et-elevage\/elevage-renseignement-delevage\/' title='Affaires d\u2019\u00e9levage'>Affaires d\u2019\u00e9levage<\/a><\/h4><\/header><div class='iconlist_content '  itemprop=\"text\" ><p>Tout sur l\u2019\u00e9levage&#8230;<br \/>\n<a href=\"https:\/\/dackel.ch\/aktivitaeten\/zuchtwesen\/deckruden\/\">&gt;\u00c9talons<\/a><\/p>\n<p><a href=\"https:\/\/dackel.ch\/view\/welpenliste-12\/\">&gt;Chiots<\/a><\/p>\n<p><a href=\"https:\/\/dackel.ch\/aktivitaeten\/zuchtwesen\/zuchter\/\">&gt;\u00c9leveur<\/a><\/p>\n<\/div><\/div><footer class=\"entry-footer\"><\/footer><\/article><div class=\"iconlist-timeline\"><\/div><\/li>\n<li><div class='iconlist_icon av-m34v09y8-95850cffc818c52afe91ee37cc952127 avia-font-entypo-fontello avia-iconfont avia-font-entypo-fontello'><span class='av-icon-char' data-av_icon='\ue806' data-av_iconfont='entypo-fontello' aria-hidden=\"true\"><\/span><\/div><article class=\"article-icon-entry \"  itemscope=\"itemscope\" itemtype=\"https:\/\/schema.org\/CreativeWork\" ><div class=\"iconlist_content_wrap\"><header class=\"entry-content-header\" aria-label=\"Ic\u00f4ne : &lt;a href=&#039;https:\/\/dackel.ch\/fr\/activites\/sport-jeu-plaisir\/&#039; title=&#039;Sport-jeu-plaisir&#039;&gt;Sport-jeu-plaisir&lt;\/a&gt;\"><h4 class='av_iconlist_title iconlist_title  '  itemprop=\"headline\" ><a href='https:\/\/dackel.ch\/fr\/activites\/sport-jeu-plaisir\/' title='Sport-jeu-plaisir'>Sport-jeu-plaisir<\/a><\/h4><\/header><div class='iconlist_content '  itemprop=\"text\" ><p>Participer, c\u2019est l\u2019essentiel&nbsp;!<\/p>\n<\/div><\/div><footer class=\"entry-footer\"><\/footer><\/article><div class=\"iconlist-timeline\"><\/div><\/li>\n<\/ul><\/div><\/p><\/div>\n<div  class='flex_column av-2ujll-d3a0812102fc0e337b07a6157d28f1cb av_one_third  avia-builder-el-6  el_after_av_two_third  el_before_av_one_full  flex_column_div  column-top-margin'     ><p>\n<style type=\"text\/css\" data-created_by=\"avia_inline_auto\" id=\"style-css-av-m34uniwa-88a40ab320b39bf2e788ff3fa64ee428\">\n.avia-image-container.av-m34uniwa-88a40ab320b39bf2e788ff3fa64ee428 img.avia_image{\nbox-shadow:none;\n}\n.avia-image-container.av-m34uniwa-88a40ab320b39bf2e788ff3fa64ee428 .av-image-caption-overlay-center{\ncolor:#ffffff;\n}\n<\/style>\n<div  class='avia-image-container av-m34uniwa-88a40ab320b39bf2e788ff3fa64ee428 av-styling- avia-align-center  avia-builder-el-7  el_before_av_hr  avia-builder-el-first '   itemprop=\"image\" itemscope=\"itemscope\" itemtype=\"https:\/\/schema.org\/ImageObject\" ><div class=\"avia-image-container-inner\"><div class=\"avia-image-overlay-wrap\"><img decoding=\"async\" fetchpriority=\"high\" class='wp-image-17478 avia-img-lazy-loading-not-17478 avia_image ' src=\"https:\/\/dackel.ch\/wp-content\/uploads\/2024\/11\/JUP_5898-web-300x200.jpg\" alt='' title='JUP_5898-web'  height=\"200\" width=\"300\"  itemprop=\"thumbnailUrl\" srcset=\"https:\/\/dackel.ch\/wp-content\/uploads\/2024\/11\/JUP_5898-web-300x200.jpg 300w, https:\/\/dackel.ch\/wp-content\/uploads\/2024\/11\/JUP_5898-web.jpg 500w\" sizes=\"(max-width: 300px) 100vw, 300px\" \/><\/div><\/div><\/div><br \/>\n<div  class='hr av-88x9-1fe917547102df8aa5c36d528d8c35c3 hr-default  avia-builder-el-8  el_after_av_image  el_before_av_textblock '><span class='hr-inner '><span class=\"hr-inner-style\"><\/span><\/span><\/div><br \/>\n<section  class='av_textblock_section av-m5jyc9hc-7de94d983e4063a8a0dfd61ea2771599 '   itemscope=\"itemscope\" itemtype=\"https:\/\/schema.org\/CreativeWork\" ><div class='avia_textblock'  itemprop=\"text\" ><h4><strong>Programme annuel<\/strong><\/h4>\n<ul class=\"ddownloads_list category-Jahresprogramm list-title_ext_filesize\"><li><a href=\"https:\/\/dackel.ch\/fr\/?ddownload=16012\" title=\"Jahresprogramm 2026 (PDF, 137,3 Ko)\" rel=\"nofollow\" class=\"id-16012 ext-pdf\">Jahresprogramm 2026 (PDF, 137,3 Ko)<\/a><\/li><\/ul>\n<\/div><\/section><br \/>\n<div  class='hr av-1kamp-2bcea301bf7c96ea52dd73fe8b46f245 hr-default  avia-builder-el-10  el_after_av_textblock  el_before_av_button '><span class='hr-inner '><span class=\"hr-inner-style\"><\/span><\/span><\/div><br \/>\n<div  class='avia-button-wrap av-m34u8t3l-3b46e5ae202e98ee62d7515b107c3f00-wrap avia-button-center  avia-builder-el-11  el_after_av_hr  el_before_av_hr '><a href='https:\/\/dackel.ch\/wp-content\/uploads\/2026\/01\/Zuchtkommission-Weiterbildung-1.-Qu.-2026.pdf'  class='avia-button av-m34u8t3l-3b46e5ae202e98ee62d7515b107c3f00 av-link-btn avia-icon_select-yes-left-icon avia-size-large avia-position-center avia-color-theme-color'  target=\"_blank\"  rel=\"noopener noreferrer\"  aria-label=\"Formations continues 1.2026\"><span class='avia_button_icon avia_button_icon_left avia-iconfont avia-font-entypo-fontello' data-av_icon='\ue85b' data-av_iconfont='entypo-fontello' ><\/span><span class='avia_iconbox_title' >Formations continues 1.2026<\/span><\/a><\/div><br \/>\n<div  class='hr av-3hs5-42df78fd4c8a64b80fa8428bbbb041f0 hr-default  avia-builder-el-12  el_after_av_button  avia-builder-el-last '><span class='hr-inner '><span class=\"hr-inner-style\"><\/span><\/span><\/div><\/p><\/div>\n<style type=\"text\/css\" data-created_by=\"avia_inline_auto\" id=\"style-css-av-bgth-4089b86cbe9b01f3b02f1109efb1796d\">\n.flex_column.av-bgth-4089b86cbe9b01f3b02f1109efb1796d{\nborder-radius:0px 0px 0px 0px;\npadding:0px 0px 0px 0px;\n}\n<\/style>\n<div  class='flex_column av-bgth-4089b86cbe9b01f3b02f1109efb1796d av_one_full  avia-builder-el-13  el_after_av_one_third  avia-builder-el-last  first flex_column_div av-zero-column-padding  column-top-margin'     ><p><section  class='av_textblock_section av-2x675-d47531fab119d9b5c79f1014e90a5e23 '   itemscope=\"itemscope\" itemtype=\"https:\/\/schema.org\/CreativeWork\" ><div class='avia_textblock'  itemprop=\"text\" ><!-- EventON Calendar --><div id='evcal_calendar_633' class='list_cal ajde_evcal_calendar sev cev color esty_2 ul etttc_custom ' data-cal=''><div id='evcal_head' class='calendar_header ' ><div class='evo_cal_above evodfx evofx_dr_r marb5 evofx_ww'><button class='cal_head_btn evo-gototoday-btn' style='' data-mo='4' data-yr='2026' data-dy='' aria-label='Go to today'>Aktueller Monat<\/button><\/div><div class='evo_cal_above_content'><\/div><div class='evo_header_title '><\/div><\/div><div class='evo_filter_bar evo_main_filter_bar eventon_sorting_section '><div class='evo_filter_container evodfx evo_fx_ai_c'><div class='evo_filter_container_in'><div class='eventon_filter_line' ><div class='evo_loading_bar_holder h100 loading_filters swipe' style='min-height:30px;'><div class='nesthold r g10'><div class='evo_loading_bar wid_100% hi_30px' style='width:100%; height:30px; margin-bottom:1px;'><\/div><div class='evo_loading_bar wid_100% hi_30px' style='width:100%; height:30px; margin-bottom:1px;'><\/div><div class='evo_loading_bar wid_100% hi_30px' style='width:100%; height:30px; margin-bottom:1px;'><\/div><div class='evo_loading_bar wid_100% hi_30px' style='width:100%; height:30px; margin-bottom:1px;'><\/div><div class='evo_loading_bar wid_100% hi_30px' style='width:100%; height:30px; margin-bottom:1px;'><\/div><\/div><\/div><\/div><\/div><div class='evo_filter_nav evo_filter_l'><i class='fa fa-chevron-left'><\/i><\/div><div class='evo_filter_nav evo_filter_r'><i class='fa fa-chevron-right'><\/i><\/div><\/div><div class='evo_filter_aply_btns'><\/div><div class='evo_filter_menu'><\/div><\/div><div id='eventon_loadbar_section'><div id='eventon_loadbar'><\/div><\/div><!-- Events List --><div class='evo_events_list_box'><div id='evcal_list' class='eventon_events_list '><div class='eventon_list_event no_events'><p class='no_events clickable'><a class='evo_no_events_btn' href='https:\/\/dackel.ch\/aktivitaeten\/'><span class='t'>En ce moment, les activit\u00e9s ne sont affich\u00e9es qu'en allemand.\r\nPurtroppo le attivit\u00e0 sono visualizzate solo in tedesco.<\/span><span class=\"st\">Cliquez ici. | Clicca qui<\/span><\/a><\/p><\/div>\t\t\t<\/div>\r\n\t\t\t<\/div><!-- evo_events_list_box -->\t\r\n\t\t\t<div class='clear'><\/div>\r\n\t\t\t\t\t \t<div id='evcal_footer' class='evo_bottom' style='display:none'>\r\n\t\t \t\t<div class='evo_cal_data' data-sc=\"{&quot;accord&quot;:&quot;no&quot;,&quot;bottom_nav&quot;:&quot;no&quot;,&quot;cal_id&quot;:&quot;&quot;,&quot;cal_init_nonajax&quot;:&quot;no&quot;,&quot;calendar_type&quot;:&quot;list&quot;,&quot;ep_fields&quot;:&quot;&quot;,&quot;etc_override&quot;:&quot;yes&quot;,&quot;evc_open&quot;:&quot;no&quot;,&quot;event_count&quot;:0,&quot;event_location&quot;:&quot;all&quot;,&quot;event_order&quot;:&quot;ASC&quot;,&quot;event_organizer&quot;:&quot;all&quot;,&quot;event_parts&quot;:&quot;no&quot;,&quot;event_past_future&quot;:&quot;future&quot;,&quot;event_status&quot;:&quot;all&quot;,&quot;event_tag&quot;:&quot;all&quot;,&quot;event_type&quot;:&quot;all&quot;,&quot;event_type_2&quot;:&quot;all&quot;,&quot;event_virtual&quot;:&quot;all&quot;,&quot;eventtop_date_style&quot;:0,&quot;eventtop_style&quot;:&quot;2&quot;,&quot;exp_jumper&quot;:&quot;no&quot;,&quot;exp_so&quot;:&quot;no&quot;,&quot;filter_relationship&quot;:&quot;AND&quot;,&quot;filter_show_set_only&quot;:&quot;no&quot;,&quot;filter_style&quot;:&quot;default&quot;,&quot;filter_type&quot;:&quot;default&quot;,&quot;filters&quot;:&quot;yes&quot;,&quot;fixed_month&quot;:&quot;4&quot;,&quot;fixed_year&quot;:&quot;2026&quot;,&quot;focus_end_date_range&quot;:&quot;1806530399&quot;,&quot;focus_start_date_range&quot;:&quot;1774994400&quot;,&quot;ft_event_priority&quot;:&quot;no&quot;,&quot;hide_arrows&quot;:&quot;no&quot;,&quot;hide_cancels&quot;:&quot;no&quot;,&quot;hide_empty_months&quot;:&quot;no&quot;,&quot;hide_end_time&quot;:&quot;no&quot;,&quot;hide_et_dn&quot;:&quot;no&quot;,&quot;hide_et_extra&quot;:&quot;no&quot;,&quot;hide_et_tags&quot;:&quot;no&quot;,&quot;hide_et_tl&quot;:&quot;no&quot;,&quot;hide_ft&quot;:&quot;no&quot;,&quot;hide_ft_img&quot;:&quot;no&quot;,&quot;hide_month_headers&quot;:&quot;yes&quot;,&quot;hide_mult_occur&quot;:&quot;no&quot;,&quot;hide_past&quot;:&quot;yes&quot;,&quot;hide_past_by&quot;:&quot;ee&quot;,&quot;hide_so&quot;:&quot;no&quot;,&quot;ics&quot;:&quot;no&quot;,&quot;jumper&quot;:&quot;no&quot;,&quot;jumper_count&quot;:5,&quot;jumper_offset&quot;:&quot;0&quot;,&quot;lang&quot;:&quot;L1&quot;,&quot;layout_changer&quot;:&quot;no&quot;,&quot;livenow_bar&quot;:&quot;yes&quot;,&quot;mapformat&quot;:&quot;roadmap&quot;,&quot;mapiconurl&quot;:&quot;&quot;,&quot;maps_load&quot;:&quot;yes&quot;,&quot;mapscroll&quot;:&quot;true&quot;,&quot;mapzoom&quot;:&quot;18&quot;,&quot;members_only&quot;:&quot;no&quot;,&quot;ml_priority&quot;:&quot;no&quot;,&quot;ml_toend&quot;:&quot;no&quot;,&quot;month_incre&quot;:0,&quot;number_of_months&quot;:&quot;12&quot;,&quot;only_ft&quot;:&quot;no&quot;,&quot;pec&quot;:&quot;&quot;,&quot;s&quot;:&quot;&quot;,&quot;search&quot;:&quot;&quot;,&quot;search_all&quot;:&quot;no&quot;,&quot;sep_month&quot;:&quot;no&quot;,&quot;show_et_ft_img&quot;:&quot;no&quot;,&quot;show_limit&quot;:&quot;no&quot;,&quot;show_limit_ajax&quot;:&quot;no&quot;,&quot;show_limit_paged&quot;:1,&quot;show_limit_redir&quot;:&quot;&quot;,&quot;show_repeats&quot;:&quot;no&quot;,&quot;show_search&quot;:&quot;no&quot;,&quot;show_upcoming&quot;:0,&quot;show_year&quot;:&quot;no&quot;,&quot;social_share&quot;:&quot;no&quot;,&quot;sort_by&quot;:&quot;sort_date&quot;,&quot;tile_bg&quot;:0,&quot;tile_bg_size&quot;:&quot;full&quot;,&quot;tile_count&quot;:2,&quot;tile_height&quot;:0,&quot;tile_style&quot;:0,&quot;tiles&quot;:&quot;no&quot;,&quot;ux_val&quot;:&quot;0&quot;,&quot;view_switcher&quot;:&quot;no&quot;,&quot;wpml_l1&quot;:&quot;&quot;,&quot;wpml_l2&quot;:&quot;&quot;,&quot;wpml_l3&quot;:&quot;&quot;,&quot;x_ids&quot;:&quot;&quot;,&quot;yl_priority&quot;:&quot;no&quot;,&quot;yl_toend&quot;:&quot;no&quot;,&quot;fixed_day&quot;:&quot;12&quot;,&quot;_cver&quot;:&quot;5.0.6&quot;}\" data-filter_data=\"[]\" data-nav_data=\"{&quot;month_title&quot;:&quot;&lt;p id=&#039;evcal_cur&#039; class=&#039;evo_month_title padr10&#039;&gt; April, 2026&lt;\\\/p&gt;&quot;,&quot;arrows&quot;:&quot;&lt;p class=&#039;evo_arrows&#039;&gt;\\r\\n\\t\\t\\t\\t\\t&lt;button id=&#039;evcal_prev&#039; class=&#039;evcal_arrows evcal_btn_prev evodfx evofx_jc_c evofx_ai_c&#039; aria-label=&#039;Previous Month&#039;&gt;&lt;i class=&#039;fa fa-chevron-left&#039; aria-hidden=&#039;true&#039;&gt;&lt;\\\/i&gt;&lt;\\\/button&gt;\\r\\n\\t\\t\\t\\t\\t&lt;button id=&#039;evcal_next&#039; class=&#039;evcal_arrows evo_arrow_next evcal_btn_next evodfx evofx_jc_c evofx_ai_c&#039; aria-label=&#039;Next Month&#039;&gt;&lt;i class=&#039;fa fa-chevron-right&#039; aria-hidden=&#039;true&#039;&gt;&lt;\\\/i&gt;&lt;\\\/button&gt;\\r\\n\\t\\t\\t\\t\\t&lt;\\\/p&gt;&quot;}\" data-od=\"{&quot;lang_no_events&quot;:&quot;En ce moment, les activit\\u00e9s ne sont affich\\u00e9es qu&#039;en allemand.\\r\\nPurtroppo le attivit\\u00e0 sono visualizzate solo in tedesco.&quot;,&quot;cal_tz_offset&quot;:120,&quot;cal_tz&quot;:&quot;Europe\\\/Zurich&quot;}\" ><\/div>\r\n\t\t \t\t<div class='evo_cal_events' data-events=\"\"><\/div>\r\n\t\t \t<\/div>\r\n\t\t\t\t\r\n\t\t\t\r\n\t\t\t\t\t\t<\/div><!-- EventON End -->\r\n\t\t\t\n<\/div><\/section><br \/>\n<div  class='hr av-231jx-f94613d06abdaae1cc1dbf7e38bc8287 hr-default  avia-builder-el-15  el_after_av_textblock  avia-builder-el-last '><span class='hr-inner '><span class=\"hr-inner-style\"><\/span><\/span><\/div><\/p><\/div><\/p>\n","protected":false},"excerpt":{"rendered":"","protected":false},"author":1,"featured_media":0,"parent":17829,"menu_order":1,"comment_status":"closed","ping_status":"closed","template":"","meta":{"ngg_post_thumbnail":0,"footnotes":""},"class_list":["post-17625","page","type-page","status-publish","hentry"],"_links":{"self":[{"href":"https:\/\/dackel.ch\/fr\/wp-json\/wp\/v2\/pages\/17625","targetHints":{"allow":["GET"]}}],"collection":[{"href":"https:\/\/dackel.ch\/fr\/wp-json\/wp\/v2\/pages"}],"about":[{"href":"https:\/\/dackel.ch\/fr\/wp-json\/wp\/v2\/types\/page"}],"author":[{"embeddable":true,"href":"https:\/\/dackel.ch\/fr\/wp-json\/wp\/v2\/users\/1"}],"replies":[{"embeddable":true,"href":"https:\/\/dackel.ch\/fr\/wp-json\/wp\/v2\/comments?post=17625"}],"version-history":[{"count":12,"href":"https:\/\/dackel.ch\/fr\/wp-json\/wp\/v2\/pages\/17625\/revisions"}],"predecessor-version":[{"id":19179,"href":"https:\/\/dackel.ch\/fr\/wp-json\/wp\/v2\/pages\/17625\/revisions\/19179"}],"up":[{"embeddable":true,"href":"https:\/\/dackel.ch\/fr\/wp-json\/wp\/v2\/pages\/17829"}],"wp:attachment":[{"href":"https:\/\/dackel.ch\/fr\/wp-json\/wp\/v2\/media?parent=17625"}],"curies":[{"name":"wp","href":"https:\/\/api.w.org\/{rel}","templated":true}]}}