{"id":17683,"date":"2017-12-29T11:22:36","date_gmt":"2017-12-29T11:22:36","guid":{"rendered":"https:\/\/dackel.ch\/sport-jeu-plaisir\/"},"modified":"2026-02-03T11:04:27","modified_gmt":"2026-02-03T11:04:27","slug":"sport-jeu-plaisir","status":"publish","type":"page","link":"https:\/\/dackel.ch\/fr\/activites\/sport-jeu-plaisir\/","title":{"rendered":"Sport-jeu-plaisir"},"content":{"rendered":"\n<style type=\"text\/css\" data-created_by=\"avia_inline_auto\" id=\"style-css-av-no85ja-6c7b144da82e0a5af34479aa362f5f33\">\n.flex_column.av-no85ja-6c7b144da82e0a5af34479aa362f5f33{\nborder-radius:0px 0px 0px 0px;\npadding:0px 0px 0px 0px;\n}\n<\/style>\n<div  class='flex_column av-no85ja-6c7b144da82e0a5af34479aa362f5f33 av_one_full  avia-builder-el-0  el_before_av_three_fifth  avia-builder-el-first  first flex_column_div av-zero-column-padding  '     ><section  class='av_textblock_section av-lpo2mu-39ecbcf911834318a6ecb07f6cb650ed '   itemscope=\"itemscope\" itemtype=\"https:\/\/schema.org\/CreativeWork\" ><div class='avia_textblock'  itemprop=\"text\" ><p><a href=\"https:\/\/dackel.ch\/wp-content\/uploads\/2017\/12\/waldi-spass.jpg\"><img loading=\"lazy\" decoding=\"async\" class=\"alignnone size-full wp-image-3300\" src=\"https:\/\/dackel.ch\/wp-content\/uploads\/2017\/12\/waldi-spass.jpg\" alt=\"\" width=\"1500\" height=\"380\" srcset=\"https:\/\/dackel.ch\/wp-content\/uploads\/2017\/12\/waldi-spass.jpg 1500w, https:\/\/dackel.ch\/wp-content\/uploads\/2017\/12\/waldi-spass-300x76.jpg 300w, https:\/\/dackel.ch\/wp-content\/uploads\/2017\/12\/waldi-spass-768x195.jpg 768w, https:\/\/dackel.ch\/wp-content\/uploads\/2017\/12\/waldi-spass-1030x261.jpg 1030w, https:\/\/dackel.ch\/wp-content\/uploads\/2017\/12\/waldi-spass-705x179.jpg 705w, https:\/\/dackel.ch\/wp-content\/uploads\/2017\/12\/waldi-spass-450x114.jpg 450w\" sizes=\"auto, (max-width: 1500px) 100vw, 1500px\" \/><\/a><\/p>\n<\/div><\/section><\/div>\n\n<style type=\"text\/css\" data-created_by=\"avia_inline_auto\" id=\"style-css-av-l9e2ye-9ee13de2daf906d46f2e813b7802f53f\">\n.flex_column.av-l9e2ye-9ee13de2daf906d46f2e813b7802f53f{\nborder-radius:0px 0px 0px 0px;\npadding:0px 0px 0px 0px;\n}\n<\/style>\n<div  class='flex_column av-l9e2ye-9ee13de2daf906d46f2e813b7802f53f av_three_fifth  avia-builder-el-2  el_after_av_one_full  el_before_av_two_fifth  first flex_column_div av-zero-column-padding  column-top-margin'     ><section  class='av_textblock_section av-jdrvs6-d9cc0a992825dd59b7a477bd537ea4b3 '   itemscope=\"itemscope\" itemtype=\"https:\/\/schema.org\/CreativeWork\" ><div class='avia_textblock'  itemprop=\"text\" ><h4><strong>Dates<\/strong><\/h4>\n<\/div><\/section><br \/>\n<section  class='av_textblock_section av-1t6lti-e91988e9885e29076b915a03dee6ab45 '   itemscope=\"itemscope\" itemtype=\"https:\/\/schema.org\/CreativeWork\" ><div class='avia_textblock'  itemprop=\"text\" ><div id=\"vsel\" class=\"vsel-shortcode vsel-shortcode-upcoming-events\"><p class=\"vsel-no-events\"><\/p><\/div>\n<\/div><\/section><br \/>\n<div  class='hr av-f7cxie-8599e33c2423d386a48672de2d9509c6 hr-default  avia-builder-el-5  el_after_av_textblock  el_before_av_textblock '><span class='hr-inner '><span class=\"hr-inner-style\"><\/span><\/span><\/div><br \/>\n<section  class='av_textblock_section av-e2kqkm-36e6b2c9949cad26c94006abe750a43f '   itemscope=\"itemscope\" itemtype=\"https:\/\/schema.org\/CreativeWork\" ><div class='avia_textblock'  itemprop=\"text\" ><h4><strong>R\u00e9sultats<\/strong><\/h4>\n<\/div><\/section><br \/>\n<section  class='av_textblock_section av-m3988eqd-3f8f22611adbafc0b2aa3a5dc74b753b '   itemscope=\"itemscope\" itemtype=\"https:\/\/schema.org\/CreativeWork\" ><div class='avia_textblock'  itemprop=\"text\" ><p><a href=\"https:\/\/dackel.ch\/wp-content\/uploads\/2024\/10\/Dackelrennen-Rangliste-2024.pdf\" target=\"_blank\" rel=\"noopener\">Classement des courses de teckels 2024<\/a> (fichier pdf)<\/p>\n<\/div><\/section><\/p><\/div>\n\n<style type=\"text\/css\" data-created_by=\"avia_inline_auto\" id=\"style-css-av-c8pzcm-0cc1fbf4141a994395a4223a0bd97522\">\n.flex_column.av-c8pzcm-0cc1fbf4141a994395a4223a0bd97522{\nborder-radius:0px 0px 0px 0px;\npadding:0px 0px 0px 0px;\n}\n<\/style>\n<div  class='flex_column av-c8pzcm-0cc1fbf4141a994395a4223a0bd97522 av_two_fifth  avia-builder-el-8  el_after_av_three_fifth  avia-builder-el-last  flex_column_div av-zero-column-padding  column-top-margin'     ><section  class='av_textblock_section av-afm8cm-8d0752f5ee16b0b3bea2257a22a73da9 '   itemscope=\"itemscope\" itemtype=\"https:\/\/schema.org\/CreativeWork\" ><div class='avia_textblock'  itemprop=\"text\" ><h4><strong>Programme<\/strong><\/h4>\n<\/div><\/section><br \/>\n<div  class='hr av-9nosd2-c817926676e45e6cef60f7d72b81471c hr-default  avia-builder-el-10  el_after_av_textblock  el_before_av_button_big  avia-builder-el-last '><span class='hr-inner '><span class=\"hr-inner-style\"><\/span><\/span><\/div><br \/>\n<div  class='avia-button-wrap avia-button-center  avia-builder-el-11  el_after_av_hr  el_before_av_hr '>\n<style type=\"text\/css\" data-created_by=\"avia_inline_auto\" id=\"style-css-av-lbmpbilj-c08fe6ee49c88d56b1c4b4936331b230\">\n#top #wrap_all .avia-button.av-lbmpbilj-c08fe6ee49c88d56b1c4b4936331b230:hover{\ncolor:white;\ntransition:all 0.4s ease-in-out;\n}\n#top #wrap_all .avia-button.av-lbmpbilj-c08fe6ee49c88d56b1c4b4936331b230:hover .avia-svg-icon svg:first-child{\nfill:white;\nstroke:white;\n}\n<\/style>\n<a href='https:\/\/dackel.ch\/wp-content\/uploads\/2025\/01\/Programm-Kurse-Uebungen-RG-2025.pdf' class='avia-color-theme-color avia-font-color-theme-color avia-button avia-button-fullwidth av-lbmpbilj-c08fe6ee49c88d56b1c4b4936331b230 avia-icon_select-no avia-color-theme-color'  target=\"_blank\"  rel=\"noopener noreferrer\"  aria-label=\"Programme 2025\"><span class='avia_iconbox_title' >Programme 2025<\/span><span class='avia_button_background avia-button avia-button-fullwidth avia-color-theme-color-highlight'><\/span><\/a><\/div><br \/>\n<div  class='hr av-554dmu-658cdad54315ea37385c35597e620530 hr-default  avia-builder-el-12  el_after_av_button_big  el_before_av_textblock  avia-builder-el-first '><span class='hr-inner '><span class=\"hr-inner-style\"><\/span><\/span><\/div><br \/>\n<section  class='av_textblock_section av-3n9aja-3ed365eb00c7337561414361160fbc73 '   itemscope=\"itemscope\" itemtype=\"https:\/\/schema.org\/CreativeWork\" ><div class='avia_textblock'  itemprop=\"text\" ><h4><strong>Informations<\/strong><\/h4>\n<p>Inscriptions et informations compl\u00e9mentaires sur les sites web des groupes r\u00e9gionaux.<\/p>\n<p>Vous pouvez demander les num\u00e9ros de t\u00e9l\u00e9phone ou les adresses e-mail des organisateurs \u00e0 la r\u00e9daction du club ou aux<br \/>\npr\u00e9sidents des groupes r\u00e9gionaux. Voir aussi la page de couverture arri\u00e8re de notre forum. <\/p>\n<p>Aucun chemin ne devrait \u00eatre trop long pour participer aux \u00e9v\u00e9nements.<\/p>\n<p>Tous les membres du SDC sont cordialement invit\u00e9s \u00e0 participer, quel que soit leur groupe r\u00e9gional. Ceci vaut \u00e9galement pour les membres de la section des teckels de chasse.<\/p>\n<\/div><\/section><\/p><\/div>\n","protected":false},"excerpt":{"rendered":"","protected":false},"author":1,"featured_media":0,"parent":17829,"menu_order":7,"comment_status":"closed","ping_status":"closed","template":"","meta":{"ngg_post_thumbnail":0,"footnotes":""},"class_list":["post-17683","page","type-page","status-publish","hentry"],"_links":{"self":[{"href":"https:\/\/dackel.ch\/fr\/wp-json\/wp\/v2\/pages\/17683","targetHints":{"allow":["GET"]}}],"collection":[{"href":"https:\/\/dackel.ch\/fr\/wp-json\/wp\/v2\/pages"}],"about":[{"href":"https:\/\/dackel.ch\/fr\/wp-json\/wp\/v2\/types\/page"}],"author":[{"embeddable":true,"href":"https:\/\/dackel.ch\/fr\/wp-json\/wp\/v2\/users\/1"}],"replies":[{"embeddable":true,"href":"https:\/\/dackel.ch\/fr\/wp-json\/wp\/v2\/comments?post=17683"}],"version-history":[{"count":10,"href":"https:\/\/dackel.ch\/fr\/wp-json\/wp\/v2\/pages\/17683\/revisions"}],"predecessor-version":[{"id":17714,"href":"https:\/\/dackel.ch\/fr\/wp-json\/wp\/v2\/pages\/17683\/revisions\/17714"}],"up":[{"embeddable":true,"href":"https:\/\/dackel.ch\/fr\/wp-json\/wp\/v2\/pages\/17829"}],"wp:attachment":[{"href":"https:\/\/dackel.ch\/fr\/wp-json\/wp\/v2\/media?parent=17683"}],"curies":[{"name":"wp","href":"https:\/\/api.w.org\/{rel}","templated":true}]}}