{"id":17742,"date":"2015-11-23T14:59:37","date_gmt":"2015-11-23T14:59:37","guid":{"rendered":"https:\/\/dackel.ch\/chiots-et-elevage\/placement-de-teckels\/"},"modified":"2026-02-03T12:32:28","modified_gmt":"2026-02-03T12:32:28","slug":"placement-de-teckels","status":"publish","type":"page","link":"https:\/\/dackel.ch\/fr\/chiots-et-elevage\/placement-de-teckels\/","title":{"rendered":"Placement de teckels"},"content":{"rendered":"\n<style type=\"text\/css\" data-created_by=\"avia_inline_auto\" id=\"style-css-av-44buut-1ab7f137f822cf37a0ccc62cc2fe8caf\">\n.flex_column.av-44buut-1ab7f137f822cf37a0ccc62cc2fe8caf{\nborder-radius:0px 0px 0px 0px;\npadding:0px 0px 0px 0px;\n}\n<\/style>\n<div  class='flex_column av-44buut-1ab7f137f822cf37a0ccc62cc2fe8caf av_one_half  avia-builder-el-0  el_before_av_one_half  avia-builder-el-first  first flex_column_div av-zero-column-padding  '     ><p><section  class='av_textblock_section av-3yvz5p-c0a2d32f82c91913d3fe5c4127b943e0 '   itemscope=\"itemscope\" itemtype=\"https:\/\/schema.org\/CreativeWork\" ><div class='avia_textblock'  itemprop=\"text\" ><p><strong>Aux d\u00e9tenteurs de chiens<br \/>\n<\/strong>\u00cates-vous int\u00e9ress\u00e9 par des chiots&nbsp;? Veuillez alors vous adresser \u00e0 notre responsable de l\u2019\u00e9levage\/placement de chiots. Madame Tanja Walker se fera un plaisir de vous renseigner.<\/p>\n<\/div><\/section><br \/>\n<section  class='av_textblock_section av-3ona0d-35843b7041b09c06682f15ff55052218 '   itemscope=\"itemscope\" itemtype=\"https:\/\/schema.org\/CreativeWork\" ><div class='avia_textblock'  itemprop=\"text\" ><p><strong>Aux \u00e9leveurs<br \/>\n<\/strong>Veuillez annoncer une port\u00e9e imm\u00e9diatement apr\u00e8s la naissance par carte postale, par t\u00e9l\u00e9phone ou par e-mail&nbsp;:<\/p>\n<\/div><\/section><br \/>\n<div  class='hr av-3kemn1-cff5c2e1d617cc3a76bc8ed8fb65e05b hr-default  avia-builder-el-3  el_after_av_textblock  el_before_av_textblock '><span class='hr-inner '><span class=\"hr-inner-style\"><\/span><\/span><\/div><br \/>\n<section  class='av_textblock_section av-3ckbtx-0feaf22d8d9dae0c46f248818de682c9 '   itemscope=\"itemscope\" itemtype=\"https:\/\/schema.org\/CreativeWork\" ><div class='avia_textblock'  itemprop=\"text\" ><p>Tanja Walker<br \/>\nQuerstrasse 6<br \/>\n8165 Oberweningen<\/p>\n<p>T\u00e9l\u00e9phone&nbsp;: 044 856 17 18<br \/>\n<a href=\"mailto:zuchtwart@dackel.ch\">zuchtwart@dackel.ch<\/a><\/p>\n<\/div><\/section><\/p><\/div>\n\n<style type=\"text\/css\" data-created_by=\"avia_inline_auto\" id=\"style-css-av-38och9-ceaaf6e21c45634f942419e0bdde9f2f\">\n.flex_column.av-38och9-ceaaf6e21c45634f942419e0bdde9f2f{\nborder-radius:0px 0px 0px 0px;\npadding:0px 0px 0px 0px;\n}\n<\/style>\n<div  class='flex_column av-38och9-ceaaf6e21c45634f942419e0bdde9f2f av_one_half  avia-builder-el-5  el_after_av_one_half  el_before_av_one_full  flex_column_div av-zero-column-padding  '     ><p><section  class='av_textblock_section av-3157od-d5aa7db0e01bf9a320b6ec461dcbd23f '   itemscope=\"itemscope\" itemtype=\"https:\/\/schema.org\/CreativeWork\" ><div class='avia_textblock'  itemprop=\"text\" ><p><strong>Aux propri\u00e9taires<br \/>\n<\/strong>Vous \u00eates int\u00e9ress\u00e9 par l\u2019acquisition d\u2019un chien ? Alors veuillez s.v.p. vous adresser \u00e0 Madame Tanja Walker, qui vous donnera volontiers tous les renseignements n\u00e9cessaires.<\/p>\n<\/div><\/section><br \/>\n<section  class='av_textblock_section av-2yj3k5-49aabe982e22b81b89f316dc0e031c4e '   itemscope=\"itemscope\" itemtype=\"https:\/\/schema.org\/CreativeWork\" ><div class='avia_textblock'  itemprop=\"text\" ><p><strong>Aux \u00e9leveurs<br \/>\n<\/strong>Veuillez s.v.p annoncer votre port\u00e9e le plus rapidement possible apr\u00e8s la mise bas, par carte postale, t\u00e9l\u00e9phone ou mail \u00e0 Tanja Walker.<\/p>\n<\/div><\/section><br \/>\n<div  class='hr av-2s6g2t-2eee1f830d623e381f89249ffc81db53 hr-default  avia-builder-el-8  el_after_av_textblock  el_before_av_textblock '><span class='hr-inner '><span class=\"hr-inner-style\"><\/span><\/span><\/div><br \/>\n<section  class='av_textblock_section av-2ii5hx-084ed5829310e752ed8d4f946b30dbb7 '   itemscope=\"itemscope\" itemtype=\"https:\/\/schema.org\/CreativeWork\" ><div class='avia_textblock'  itemprop=\"text\" ><p>Tanja Walker<br \/>\nQuerstrasse 6<br \/>\n8165 Oberweningen<\/p>\n<p>T\u00e9l\u00e9phone&nbsp;: 044 856 17 18<br \/>\n<a href=\"mailto:zuchtwart@dackel.ch\">zuchtwart@dackel.ch<\/a><\/p>\n<\/div><\/section><\/p><\/div>\n<div  class='flex_column av-7g8x9-fbf6402d4089fa18a0b8c0d41f45a6f6 av_one_full  avia-builder-el-10  el_after_av_one_half  el_before_av_one_full  first flex_column_div  column-top-margin'     ><section  class='av_textblock_section av-mbgy5sms-9b894a4320caff9d6006e4a09a5e958c '   itemscope=\"itemscope\" itemtype=\"https:\/\/schema.org\/CreativeWork\" ><div class='avia_textblock'  itemprop=\"text\" ><a href=\"https:\/\/dackel.ch\/fr\/?ddownload=1571\" title=\"Frais d\u2019inscription sur les listes de chiots, de jeunes chiens et de teckels\" rel=\"nofollow\" class=\"ddownload-link id-1571 ext-pdf\">Frais d\u2019inscription sur les listes de chiots, de jeunes chiens et de teckels<\/a>\n<\/div><\/section><\/div>\n<style type=\"text\/css\" data-created_by=\"avia_inline_auto\" id=\"style-css-av-2gyj6l-3b4dce27d9f61d790871fe7a2caf25c5\">\n.flex_column.av-2gyj6l-3b4dce27d9f61d790871fe7a2caf25c5{\nborder-radius:0px 0px 0px 0px;\npadding:0px 0px 0px 0px;\n}\n<\/style>\n<div  class='flex_column av-2gyj6l-3b4dce27d9f61d790871fe7a2caf25c5 av_one_full  avia-builder-el-12  el_after_av_one_full  avia-builder-el-last  first flex_column_div av-zero-column-padding  column-top-margin'     ><section  class='av_textblock_section av-280h1p-c4f8bce4e4e8de964fe442529aee931c '   itemscope=\"itemscope\" itemtype=\"https:\/\/schema.org\/CreativeWork\" ><div class='avia_textblock'  itemprop=\"text\" ><p style=\"text-align: center;\">Pour les nouvelles entr\u00e9es, veuillez consulter les listes respectives.<\/p>\n<p>Attention&nbsp;:<\/p>\n<p>La demande de teckels de tous types de poils et de toutes tailles est actuellement tr\u00e8s forte. La plupart des \u00e9leveurs ont d\u00e9j\u00e0 r\u00e9serv\u00e9 des personnes int\u00e9ress\u00e9es avant m\u00eame la naissance d\u2019une port\u00e9e. C\u2019est pourquoi il est rare de trouver des inscriptions ici actuellement. Si vous \u00eates \u00e0 la recherche d\u2019un teckel, le mieux est de vous renseigner directement aupr\u00e8s de nos \u00e9levages ou de contacter notre service de placement de teckels, la responsable de l\u2019\u00e9levage, Madame Tanja Walker.<\/p>\n<\/div><\/section><br \/>\n<div  class='hr av-20kwbx-de23bd1bd1d3e3cb714c861939db1892 hr-default  avia-builder-el-14  el_after_av_textblock  el_before_av_button_big  avia-builder-el-last '><span class='hr-inner '><span class=\"hr-inner-style\"><\/span><\/span><\/div><br \/>\n<div  class='avia-button-wrap avia-button-center  avia-builder-el-15  el_after_av_hr  el_before_av_hr '>\n<style type=\"text\/css\" data-created_by=\"avia_inline_auto\" id=\"style-css-av-1x629h-ed3e5f323294f656b3f8f70c95ce5b63\">\n#top #wrap_all .avia-button.av-1x629h-ed3e5f323294f656b3f8f70c95ce5b63{\ncolor:#ffffff;\ntransition:all 0.4s ease-in-out;\n}\n#top #wrap_all .avia-button.av-1x629h-ed3e5f323294f656b3f8f70c95ce5b63:hover{\nbackground-color:silver;\ncolor:#ffffff;\ntransition:all 0.4s ease-in-out;\n}\n#top #wrap_all .avia-button.av-1x629h-ed3e5f323294f656b3f8f70c95ce5b63 .avia-svg-icon svg:first-child{\nfill:#ffffff;\nstroke:#ffffff;\n}\n#top #wrap_all .avia-button.av-1x629h-ed3e5f323294f656b3f8f70c95ce5b63:hover .avia-svg-icon svg:first-child{\nfill:#ffffff;\nstroke:#ffffff;\n}\n<\/style>\n<a href='https:\/\/dackel.ch\/fr\/chiots-et-elevage\/placement-de-teckels\/chiots\/' class='avia-color-theme-color avia-button avia-button-fullwidth av-1x629h-ed3e5f323294f656b3f8f70c95ce5b63 avia-icon_select-yes-left-icon avia-color-theme-color'   aria-label=\"Liste des chiots \/ Liste des chiots\"><span class='avia_button_icon avia_button_icon_left avia-iconfont avia-font-entypo-fontello' data-av_icon='\ue84b' data-av_iconfont='entypo-fontello' ><\/span><span class='avia_iconbox_title' >Liste des chiots \/ Liste des chiots<\/span><div class='av-button-description av-button-description-below'><p>Teckels jusqu\u2019\u00e0 4 mois maximum \/ Annonce de chiots Teckel jusqu\u2019\u00e0 4 mois d\u2019\u00e2ge<\/p>\n<\/div><\/a><\/div><br \/>\n<div  class='hr av-1revxh-7f82388ebb9424e68567404f89a5bb4f hr-default  avia-builder-el-16  el_after_av_button_big  el_before_av_button_big  avia-builder-el-no-sibling '><span class='hr-inner '><span class=\"hr-inner-style\"><\/span><\/span><\/div><br \/>\n<div  class='avia-button-wrap avia-button-center  avia-builder-el-17  el_after_av_hr  el_before_av_hr '>\n<style type=\"text\/css\" data-created_by=\"avia_inline_auto\" id=\"style-css-av-1izfjp-8bc987ea282ac29a6091c2c4d81a22f8\">\n#top #wrap_all .avia-button.av-1izfjp-8bc987ea282ac29a6091c2c4d81a22f8{\ncolor:#ffffff;\ntransition:all 0.4s ease-in-out;\n}\n#top #wrap_all .avia-button.av-1izfjp-8bc987ea282ac29a6091c2c4d81a22f8:hover{\nbackground-color:silver;\ncolor:#ffffff;\ntransition:all 0.4s ease-in-out;\n}\n#top #wrap_all .avia-button.av-1izfjp-8bc987ea282ac29a6091c2c4d81a22f8 .avia-svg-icon svg:first-child{\nfill:#ffffff;\nstroke:#ffffff;\n}\n#top #wrap_all .avia-button.av-1izfjp-8bc987ea282ac29a6091c2c4d81a22f8:hover .avia-svg-icon svg:first-child{\nfill:#ffffff;\nstroke:#ffffff;\n}\n<\/style>\n<a href='https:\/\/dackel.ch\/fr\/chiots-et-elevage\/placement-de-teckels\/jeunes-chiens\/' class='avia-color-theme-color avia-button avia-button-fullwidth av-1izfjp-8bc987ea282ac29a6091c2c4d81a22f8 avia-icon_select-yes-left-icon avia-color-theme-color'   aria-label=\"Liste des jeunes chiens \/ Liste des jeunes chiens\"><span class='avia_button_icon avia_button_icon_left avia-iconfont avia-font-entypo-fontello' data-av_icon='\ue84b' data-av_iconfont='entypo-fontello' ><\/span><span class='avia_iconbox_title' >Liste des jeunes chiens \/ Liste des jeunes chiens<\/span><div class='av-button-description av-button-description-below'><p>(teckels jusqu\u2019\u00e0 6 mois maximum<\/p>\n<\/div><\/a><\/div><br \/>\n<div  class='hr av-1g61ut-559c9e277f73b979780d62783a7c476b hr-default  avia-builder-el-18  el_after_av_button_big  el_before_av_button_big  avia-builder-el-no-sibling '><span class='hr-inner '><span class=\"hr-inner-style\"><\/span><\/span><\/div><br \/>\n<div  class='avia-button-wrap avia-button-center  avia-builder-el-19  el_after_av_hr  el_before_av_hr '>\n<style type=\"text\/css\" data-created_by=\"avia_inline_auto\" id=\"style-css-av-1bj3tp-7da1964f26b0193a16f7f16c0bdfa9d6\">\n#top #wrap_all .avia-button.av-1bj3tp-7da1964f26b0193a16f7f16c0bdfa9d6{\ncolor:#ffffff;\ntransition:all 0.4s ease-in-out;\n}\n#top #wrap_all .avia-button.av-1bj3tp-7da1964f26b0193a16f7f16c0bdfa9d6:hover{\nbackground-color:silver;\ncolor:#ffffff;\ntransition:all 0.4s ease-in-out;\n}\n#top #wrap_all .avia-button.av-1bj3tp-7da1964f26b0193a16f7f16c0bdfa9d6 .avia-svg-icon svg:first-child{\nfill:#ffffff;\nstroke:#ffffff;\n}\n#top #wrap_all .avia-button.av-1bj3tp-7da1964f26b0193a16f7f16c0bdfa9d6:hover .avia-svg-icon svg:first-child{\nfill:#ffffff;\nstroke:#ffffff;\n}\n<\/style>\n<a href='https:\/\/dackel.ch\/fr\/chiots-et-elevage\/placement-de-teckels\/teckel-plus-de-6-mois\/' class='avia-color-theme-color avia-button avia-button-fullwidth av-1bj3tp-7da1964f26b0193a16f7f16c0bdfa9d6 avia-icon_select-yes-left-icon avia-color-theme-color'   aria-label=\"Liste des teckels (d\u00e8s 6 mois) \/ Liste des Teckels d\u00e8s 6 mois\"><span class='avia_button_icon avia_button_icon_left avia-iconfont avia-font-entypo-fontello' data-av_icon='\ue84b' data-av_iconfont='entypo-fontello' ><\/span><span class='avia_iconbox_title' >Liste des teckels (d\u00e8s 6 mois) \/ Liste des Teckels d\u00e8s 6 mois<\/span><div class='av-button-description av-button-description-below'><p>Teckels de plus de 6 mois<\/p>\n<\/div><\/a><\/div><br \/>\n<div  class='hr av-12zdw5-943971a2423ac3e084df4966faec20d5 hr-default  avia-builder-el-20  el_after_av_button_big  el_before_av_button_big  avia-builder-el-no-sibling '><span class='hr-inner '><span class=\"hr-inner-style\"><\/span><\/span><\/div><br \/>\n<div  class='avia-button-wrap avia-button-center  avia-builder-el-21  el_after_av_hr  el_before_av_hr '>\n<style type=\"text\/css\" data-created_by=\"avia_inline_auto\" id=\"style-css-av-vrebp-31df122187f42f356ddd7a560f6952fa\">\n#top #wrap_all .avia-button.av-vrebp-31df122187f42f356ddd7a560f6952fa{\ncolor:#ffffff;\ntransition:all 0.4s ease-in-out;\n}\n#top #wrap_all .avia-button.av-vrebp-31df122187f42f356ddd7a560f6952fa:hover{\nbackground-color:silver;\ncolor:#ffffff;\ntransition:all 0.4s ease-in-out;\n}\n#top #wrap_all .avia-button.av-vrebp-31df122187f42f356ddd7a560f6952fa .avia-svg-icon svg:first-child{\nfill:#ffffff;\nstroke:#ffffff;\n}\n#top #wrap_all .avia-button.av-vrebp-31df122187f42f356ddd7a560f6952fa:hover .avia-svg-icon svg:first-child{\nfill:#ffffff;\nstroke:#ffffff;\n}\n<\/style>\n<a href='https:\/\/dackel.ch\/fr\/chiots-et-elevage\/placement-de-teckels\/rechercher-teckel\/' class='avia-color-theme-color avia-button avia-button-fullwidth av-vrebp-31df122187f42f356ddd7a560f6952fa avia-icon_select-yes-left-icon avia-color-theme-color'   aria-label=\"&quot;Recherche teckel&quot; \/ Liste des int\u00e9ress\u00e9s\"><span class='avia_button_icon avia_button_icon_left avia-iconfont avia-font-entypo-fontello' data-av_icon='\ue84b' data-av_iconfont='entypo-fontello' ><\/span><span class='avia_iconbox_title' >&quot;Recherche teckel&quot; \/ Liste des int\u00e9ress\u00e9s<\/span><div class='av-button-description av-button-description-below'><p>Teckels jusqu\u2019\u00e0 3 mois maximum \/ Annonce de chiots Teckel jusqu\u2019\u00e0 3 mois d\u2019\u00e2ge<\/p>\n<\/div><\/a><\/div><br \/>\n<div  class='hr av-tbndh-c852ed76d193ea55e4a9da13bb933fe2 hr-default  avia-builder-el-22  el_after_av_button_big  el_before_av_button_big  avia-builder-el-no-sibling '><span class='hr-inner '><span class=\"hr-inner-style\"><\/span><\/span><\/div><br \/>\n<div  class='avia-button-wrap avia-button-center  avia-builder-el-23  el_after_av_hr  el_before_av_hr '>\n<style type=\"text\/css\" data-created_by=\"avia_inline_auto\" id=\"style-css-av-lsd65-b264529089be74fe300a61a4e28712cf\">\n#top #wrap_all .avia-button.av-lsd65-b264529089be74fe300a61a4e28712cf{\ncolor:#ffffff;\ntransition:all 0.4s ease-in-out;\n}\n#top #wrap_all .avia-button.av-lsd65-b264529089be74fe300a61a4e28712cf:hover{\nbackground-color:silver;\ncolor:#ffffff;\ntransition:all 0.4s ease-in-out;\n}\n#top #wrap_all .avia-button.av-lsd65-b264529089be74fe300a61a4e28712cf .avia-svg-icon svg:first-child{\nfill:#ffffff;\nstroke:#ffffff;\n}\n#top #wrap_all .avia-button.av-lsd65-b264529089be74fe300a61a4e28712cf:hover .avia-svg-icon svg:first-child{\nfill:#ffffff;\nstroke:#ffffff;\n}\n<\/style>\n<a href='https:\/\/dackel.ch\/fr\/chiots-et-elevage\/placement-de-teckels\/annonces-de-portee\/' class='avia-color-theme-color avia-button avia-button-fullwidth av-lsd65-b264529089be74fe300a61a4e28712cf avia-icon_select-yes-left-icon avia-color-theme-color'   aria-label=\"Annonces de port\u00e9e \/ List des annonce des naissances\"><span class='avia_button_icon avia_button_icon_left avia-iconfont avia-font-entypo-fontello' data-av_icon='\ue84b' data-av_iconfont='entypo-fontello' ><\/span><span class='avia_iconbox_title' >Annonces de port\u00e9e \/ List des annonce des naissances<\/span><\/a><\/div><br \/>\n<div  class='hr av-hgmot-5d13f0fbda656d2855b9a317ff70fe84 hr-default  avia-builder-el-24  el_after_av_button_big  el_before_av_button_big  avia-builder-el-no-sibling '><span class='hr-inner '><span class=\"hr-inner-style\"><\/span><\/span><\/div><br \/>\n<div  class='avia-button-wrap avia-button-center  avia-builder-el-25  el_after_av_hr  avia-builder-el-last '>\n<style type=\"text\/css\" data-created_by=\"avia_inline_auto\" id=\"style-css-av-ajbdp-865fe3f966c788aa8067699b5b95a6c9\">\n#top #wrap_all .avia-button.av-ajbdp-865fe3f966c788aa8067699b5b95a6c9{\ncolor:#ffffff;\ntransition:all 0.4s ease-in-out;\n}\n#top #wrap_all .avia-button.av-ajbdp-865fe3f966c788aa8067699b5b95a6c9:hover{\nbackground-color:silver;\ncolor:#ffffff;\ntransition:all 0.4s ease-in-out;\n}\n#top #wrap_all .avia-button.av-ajbdp-865fe3f966c788aa8067699b5b95a6c9 .avia-svg-icon svg:first-child{\nfill:#ffffff;\nstroke:#ffffff;\n}\n#top #wrap_all .avia-button.av-ajbdp-865fe3f966c788aa8067699b5b95a6c9:hover .avia-svg-icon svg:first-child{\nfill:#ffffff;\nstroke:#ffffff;\n}\n<\/style>\n<a href='https:\/\/dackel.ch\/fr\/chiots-et-elevage\/placement-de-teckels\/emplacement-de-vacances-pour-teckels\/' class='avia-color-theme-color avia-button avia-button-fullwidth av-ajbdp-865fe3f966c788aa8067699b5b95a6c9 avia-icon_select-yes-left-icon avia-color-theme-color'   aria-label=\"Emplacement de vacances pour teckels\"><span class='avia_button_icon avia_button_icon_left avia-iconfont avia-font-entypo-fontello' data-av_icon='\ue84b' data-av_iconfont='entypo-fontello' ><\/span><span class='avia_iconbox_title' >Emplacement de vacances pour teckels<\/span><div class='av-button-description av-button-description-below'><p>des membres du SDC<\/p>\n<\/div><\/a><\/div><\/p><\/div><\/p>\n","protected":false},"excerpt":{"rendered":"","protected":false},"author":1,"featured_media":0,"parent":17337,"menu_order":0,"comment_status":"closed","ping_status":"closed","template":"","meta":{"ngg_post_thumbnail":0,"footnotes":""},"class_list":["post-17742","page","type-page","status-publish","hentry"],"_links":{"self":[{"href":"https:\/\/dackel.ch\/fr\/wp-json\/wp\/v2\/pages\/17742","targetHints":{"allow":["GET"]}}],"collection":[{"href":"https:\/\/dackel.ch\/fr\/wp-json\/wp\/v2\/pages"}],"about":[{"href":"https:\/\/dackel.ch\/fr\/wp-json\/wp\/v2\/types\/page"}],"author":[{"embeddable":true,"href":"https:\/\/dackel.ch\/fr\/wp-json\/wp\/v2\/users\/1"}],"replies":[{"embeddable":true,"href":"https:\/\/dackel.ch\/fr\/wp-json\/wp\/v2\/comments?post=17742"}],"version-history":[{"count":2,"href":"https:\/\/dackel.ch\/fr\/wp-json\/wp\/v2\/pages\/17742\/revisions"}],"predecessor-version":[{"id":19086,"href":"https:\/\/dackel.ch\/fr\/wp-json\/wp\/v2\/pages\/17742\/revisions\/19086"}],"up":[{"embeddable":true,"href":"https:\/\/dackel.ch\/fr\/wp-json\/wp\/v2\/pages\/17337"}],"wp:attachment":[{"href":"https:\/\/dackel.ch\/fr\/wp-json\/wp\/v2\/media?parent=17742"}],"curies":[{"name":"wp","href":"https:\/\/api.w.org\/{rel}","templated":true}]}}