{"id":17973,"date":"2015-09-09T06:25:53","date_gmt":"2015-09-09T06:25:53","guid":{"rendered":"https:\/\/dackel.ch\/notre-club\/comite\/"},"modified":"2026-04-10T07:02:46","modified_gmt":"2026-04-10T07:02:46","slug":"comite","status":"publish","type":"page","link":"https:\/\/dackel.ch\/fr\/notre-club\/comite\/","title":{"rendered":"Comit\u00e9"},"content":{"rendered":"\n<style type=\"text\/css\" data-created_by=\"avia_inline_auto\" id=\"style-css-av-datob-c1f0e73c967a092aa4eccf565a181859\">\n.flex_column.av-datob-c1f0e73c967a092aa4eccf565a181859{\nborder-radius:0px 0px 0px 0px;\npadding:0px 0px 0px 0px;\n}\n<\/style>\n<div  class='flex_column av-datob-c1f0e73c967a092aa4eccf565a181859 av_one_third  avia-builder-el-0  el_before_av_one_third  avia-builder-el-first  first flex_column_div av-zero-column-padding  '     ><style type=\"text\/css\" data-created_by=\"avia_inline_auto\" id=\"style-css-av-cry1n-fc45d540440f680647ec2f6e5351a366\">\n#top #wrap_all .avia-team-member.av-cry1n-fc45d540440f680647ec2f6e5351a366 .team-member-name{\ncolor:#ff3d3d;\n}\n.avia-team-member.av-cry1n-fc45d540440f680647ec2f6e5351a366 .team-member-job-title{\ncolor:#ff3d3d;\n}\n<\/style>\n<section  class='avia-team-member av-cry1n-fc45d540440f680647ec2f6e5351a366  avia-builder-el-1  avia-builder-el-no-sibling '  itemscope=\"itemscope\" itemtype=\"https:\/\/schema.org\/Person\" ><div class=\"team-img-container\"><img decoding=\"async\" fetchpriority=\"high\" class='wp-image-17987 avia-img-lazy-loading-not-17987 avia_image avia_image_team' src=\"https:\/\/dackel.ch\/wp-content\/uploads\/2024\/11\/OG-ZH-Unternaehrer-300x280-1.jpg\" alt='Eliane Untern\u00e4hrer'  itemprop=\"image\"   height=\"280\" width=\"300\" \/><\/div><h3 class='team-member-name '  itemprop=\"name\" >Eliane Untern\u00e4hrer<\/h3><div class='team-member-job-title av_opacity_variation'  itemprop=\"jobTitle\" >Pr\u00e9sidente<\/div><div class='team-member-description '  itemprop=\"description\" ><p>Kantonsstrasse 53<br \/>\n6048 Horw<\/p>\n<p>Mobile 078 851 40 06<br \/>\n<a href=&quot;mailto:praesident@dackel.ch&quot;>E-mail<\/a><\/p>\n<\/div><span class='hidden team-member-affiliation'  itemprop=\"affiliation\" >Schweizerischer Dachshund-Club<\/span><\/section><\/div>\n\n<style type=\"text\/css\" data-created_by=\"avia_inline_auto\" id=\"style-css-av-1covj-f143c53df4517b8b0f6281c0ff8d7cb6\">\n.flex_column.av-1covj-f143c53df4517b8b0f6281c0ff8d7cb6{\nborder-radius:0px 0px 0px 0px;\npadding:0px 0px 0px 0px;\n}\n<\/style>\n<div  class='flex_column av-1covj-f143c53df4517b8b0f6281c0ff8d7cb6 av_one_third  avia-builder-el-2  el_after_av_one_third  el_before_av_one_third  flex_column_div av-zero-column-padding  '     ><style type=\"text\/css\" data-created_by=\"avia_inline_auto\" id=\"style-css-av-oiqj-6816d62d60f20f0ab299a76407f4eb58\">\n#top #wrap_all .avia-team-member.av-oiqj-6816d62d60f20f0ab299a76407f4eb58 .team-member-name{\ncolor:#ff3d3d;\n}\n.avia-team-member.av-oiqj-6816d62d60f20f0ab299a76407f4eb58 .team-member-job-title{\ncolor:#ff3d3d;\n}\n<\/style>\n<section  class='avia-team-member av-oiqj-6816d62d60f20f0ab299a76407f4eb58  avia-builder-el-3  avia-builder-el-no-sibling '  itemscope=\"itemscope\" itemtype=\"https:\/\/schema.org\/Person\" ><div class=\"team-img-container\"><img decoding=\"async\" fetchpriority=\"high\" class='wp-image-17988 avia-img-lazy-loading-not-17988 avia_image avia_image_team' src=\"https:\/\/dackel.ch\/wp-content\/uploads\/2024\/11\/Haeuselmann-Clubredaktion-300x280-1.jpg\" alt='Ruth H\u00e4uselmann'  itemprop=\"image\"   height=\"280\" width=\"300\" \/><\/div><h3 class='team-member-name '  itemprop=\"name\" >Ruth H\u00e4uselmann<\/h3><div class='team-member-job-title av_opacity_variation'  itemprop=\"jobTitle\" >Vice-pr\u00e9sidente et r\u00e9daction du club<\/div><div class='team-member-description '  itemprop=\"description\" ><p>Pfarrhausstrasse 11<br \/>\n8426 Lufingen<br \/>\nT\u00e9l 044 814 02 08<br \/>\n<a href=&quot;mailto:vize@dackel.ch&quot;>E-mail Vice-pr\u00e9sidente<\/a><br \/>\n<a href=&quot;mailto:clubredaktion@dackel.ch&quot;>E-mail R\u00e9daction du club<\/a><\/p>\n<\/div><span class='hidden team-member-affiliation'  itemprop=\"affiliation\" >Schweizerischer Dachshund-Club<\/span><\/section><\/div>\n\n<style type=\"text\/css\" data-created_by=\"avia_inline_auto\" id=\"style-css-av-c9b7n-e7cf529bf65b450a9d1369f3740e915a\">\n.flex_column.av-c9b7n-e7cf529bf65b450a9d1369f3740e915a{\nborder-radius:0px 0px 0px 0px;\npadding:0px 0px 0px 0px;\n}\n<\/style>\n<div  class='flex_column av-c9b7n-e7cf529bf65b450a9d1369f3740e915a av_one_third  avia-builder-el-4  el_after_av_one_third  el_before_av_one_third  flex_column_div av-zero-column-padding  '     ><style type=\"text\/css\" data-created_by=\"avia_inline_auto\" id=\"style-css-av-afawf-e620d9e281bf89073c5361e6cabecd86\">\n#top #wrap_all .avia-team-member.av-afawf-e620d9e281bf89073c5361e6cabecd86 .team-member-name{\ncolor:#ff3d3d;\n}\n.avia-team-member.av-afawf-e620d9e281bf89073c5361e6cabecd86 .team-member-job-title{\ncolor:#ff3d3d;\n}\n<\/style>\n<section  class='avia-team-member av-afawf-e620d9e281bf89073c5361e6cabecd86  avia-builder-el-5  avia-builder-el-no-sibling '  itemscope=\"itemscope\" itemtype=\"https:\/\/schema.org\/Person\" ><div class=\"team-img-container\"><img decoding=\"async\" fetchpriority=\"high\" class='wp-image-17985 avia-img-lazy-loading-not-17985 avia_image avia_image_team' src=\"https:\/\/dackel.ch\/wp-content\/uploads\/2024\/11\/Walker-300x280-2.jpg\" alt='Tanja Walker'  itemprop=\"image\"   height=\"280\" width=\"300\" \/><\/div><h3 class='team-member-name '  itemprop=\"name\" >Tanja Walker<\/h3><div class='team-member-job-title av_opacity_variation'  itemprop=\"jobTitle\" >Responsable d\u2019\u00e9levage \/ Respondsable d\u2019elevage<\/div><div class='team-member-description '  itemprop=\"description\" ><p>Querstrasse 6<br \/>\n8165 Oberweningen<br \/>\nT\u00e9l 044 856 17 18<br \/>\n<a href=&quot;mailto:zuchtwart@dackel.ch&quot;>E-mail<\/a><\/p>\n<\/div><span class='hidden team-member-affiliation'  itemprop=\"affiliation\" >Schweizerischer Dachshund-Club<\/span><\/section><\/div>\n\n<style type=\"text\/css\" data-created_by=\"avia_inline_auto\" id=\"style-css-av-axzib-a9835c72d84cffb4b197c38b046e8ef4\">\n.flex_column.av-axzib-a9835c72d84cffb4b197c38b046e8ef4{\nborder-radius:0px 0px 0px 0px;\npadding:0px 0px 0px 0px;\n}\n<\/style>\n<div  class='flex_column av-axzib-a9835c72d84cffb4b197c38b046e8ef4 av_one_third  avia-builder-el-6  el_after_av_one_third  el_before_av_one_third  first flex_column_div av-zero-column-padding  column-top-margin'     ><style type=\"text\/css\" data-created_by=\"avia_inline_auto\" id=\"style-css-av-9ci2b-9834c69bd6c938c2fbe7d7ee5e61e709\">\n#top #wrap_all .avia-team-member.av-9ci2b-9834c69bd6c938c2fbe7d7ee5e61e709 .team-member-name{\ncolor:#ff3d3d;\n}\n.avia-team-member.av-9ci2b-9834c69bd6c938c2fbe7d7ee5e61e709 .team-member-job-title{\ncolor:#ff3d3d;\n}\n<\/style>\n<section  class='avia-team-member av-9ci2b-9834c69bd6c938c2fbe7d7ee5e61e709  avia-builder-el-7  avia-builder-el-no-sibling '  itemscope=\"itemscope\" itemtype=\"https:\/\/schema.org\/Person\" ><div class=\"team-img-container\"><img decoding=\"async\" fetchpriority=\"high\" class='wp-image-17989 avia-img-lazy-loading-not-17989 avia_image avia_image_team' src=\"https:\/\/dackel.ch\/wp-content\/uploads\/2024\/11\/Marcel-mit-Hund-2-1-300x280-1.jpg\" alt='Marcel Widmer'  itemprop=\"image\"   height=\"280\" width=\"300\" \/><\/div><h3 class='team-member-name '  itemprop=\"name\" >Marcel Widmer<\/h3><div class='team-member-job-title av_opacity_variation'  itemprop=\"jobTitle\" >Tr\u00e9sorier\/tr\u00e9sorier<\/div><div class='team-member-description '  itemprop=\"description\" ><p>Baslerstrasse 22c<br \/>\n5200 Brugg<br \/>\nMobile 077 437 93 65<br \/>\n<a href=&quot;mailto:finance@dackel.ch&quot;>E-mail<\/a><\/p>\n<\/div><span class='hidden team-member-affiliation'  itemprop=\"affiliation\" >Schweizerischer Dachshund-Club<\/span><\/section><\/div>\n\n<style type=\"text\/css\" data-created_by=\"avia_inline_auto\" id=\"style-css-av-a02tv-5047302a28fcb96968b88d9d5fbf91e5\">\n.flex_column.av-a02tv-5047302a28fcb96968b88d9d5fbf91e5{\nborder-radius:0px 0px 0px 0px;\npadding:0px 0px 0px 0px;\n}\n<\/style>\n<div  class='flex_column av-a02tv-5047302a28fcb96968b88d9d5fbf91e5 av_one_third  avia-builder-el-8  el_after_av_one_third  el_before_av_one_third  flex_column_div av-zero-column-padding  column-top-margin'     ><style type=\"text\/css\" data-created_by=\"avia_inline_auto\" id=\"style-css-av-bqpm3-9318ad959421594259c4d129bb0ffc8e\">\n#top #wrap_all .avia-team-member.av-bqpm3-9318ad959421594259c4d129bb0ffc8e .team-member-name{\ncolor:#ff3d3d;\n}\n.avia-team-member.av-bqpm3-9318ad959421594259c4d129bb0ffc8e .team-member-job-title{\ncolor:#ff3d3d;\n}\n<\/style>\n<section  class='avia-team-member av-bqpm3-9318ad959421594259c4d129bb0ffc8e  avia-builder-el-9  avia-builder-el-no-sibling '  itemscope=\"itemscope\" itemtype=\"https:\/\/schema.org\/Person\" ><div class=\"team-img-container\"><img decoding=\"async\" fetchpriority=\"high\" class='wp-image-19634 avia-img-lazy-loading-not-19634 avia_image avia_image_team' src=\"https:\/\/dackel.ch\/wp-content\/uploads\/2026\/03\/Kirsten-mit-Emil-22.jpg\" alt='Kirsten Bischof'  itemprop=\"image\"   height=\"280\" width=\"300\" \/><\/div><h3 class='team-member-name '  itemprop=\"name\" >Kirsten Bischof<\/h3><div class='team-member-job-title av_opacity_variation'  itemprop=\"jobTitle\" >Actuaire<\/div><div class='team-member-description '  itemprop=\"description\" ><p>Auf der B\u00e4len 6<br \/>\n8154 Oberglatt<br \/>\nT\u00e9l 043 537 66 35<br \/>\n<a href=&quot;mailto:aktuarin@dackel.ch&quot;>E-mail<\/a><\/p>\n<\/div><span class='hidden team-member-affiliation'  itemprop=\"affiliation\" >Schweizerischer Dachshund-Club<\/span><\/section><\/div>\n\n<style type=\"text\/css\" data-created_by=\"avia_inline_auto\" id=\"style-css-av-8vni7-60cbce3ad0273a86c3fe0b5f70b06413\">\n.flex_column.av-8vni7-60cbce3ad0273a86c3fe0b5f70b06413{\nborder-radius:0px 0px 0px 0px;\npadding:0px 0px 0px 0px;\n}\n<\/style>\n<div  class='flex_column av-8vni7-60cbce3ad0273a86c3fe0b5f70b06413 av_one_third  avia-builder-el-10  el_after_av_one_third  el_before_av_one_third  flex_column_div av-zero-column-padding  column-top-margin'     ><style type=\"text\/css\" data-created_by=\"avia_inline_auto\" id=\"style-css-av-2vw57-6b23d2c33d07058643b0df68388b0b29\">\n#top #wrap_all .avia-team-member.av-2vw57-6b23d2c33d07058643b0df68388b0b29 .team-member-name{\ncolor:#ff3d3d;\n}\n.avia-team-member.av-2vw57-6b23d2c33d07058643b0df68388b0b29 .team-member-job-title{\ncolor:#ff3d3d;\n}\n<\/style>\n<section  class='avia-team-member av-2vw57-6b23d2c33d07058643b0df68388b0b29  avia-builder-el-11  avia-builder-el-no-sibling '  itemscope=\"itemscope\" itemtype=\"https:\/\/schema.org\/Person\" ><div class=\"team-img-container\"><img decoding=\"async\" fetchpriority=\"high\" class='wp-image-17982 avia-img-lazy-loading-not-17982 avia_image avia_image_team' src=\"https:\/\/dackel.ch\/wp-content\/uploads\/2024\/11\/Feusi-Beisitzer-300x280-1.jpg\" alt='Patrik Feusi'  itemprop=\"image\"   height=\"280\" width=\"300\" \/><\/div><h3 class='team-member-name '  itemprop=\"name\" >Patrik Feusi<\/h3><div class='team-member-job-title av_opacity_variation'  itemprop=\"jobTitle\" >Secr\u00e9tariat<\/div><div class='team-member-description '  itemprop=\"description\" ><p>Amselweg 11<br \/>\n8836 Bennau<br \/>\nT\u00e9l 055 412 23 53<br \/>\nMobile 076 388 87 86<br \/>\n<a href=&quot;mailto:sekretariat@dackel.ch&quot;>E-mail<\/a><\/p>\n<\/div><span class='hidden team-member-affiliation'  itemprop=\"affiliation\" >Schweizerischer Dachshund-Club<\/span><\/section><\/div>\n\n<style type=\"text\/css\" data-created_by=\"avia_inline_auto\" id=\"style-css-av-ridj-b5b626bd2f9202d9874183c08c00c07d\">\n.flex_column.av-ridj-b5b626bd2f9202d9874183c08c00c07d{\nborder-radius:0px 0px 0px 0px;\npadding:0px 0px 0px 0px;\n}\n<\/style>\n<div  class='flex_column av-ridj-b5b626bd2f9202d9874183c08c00c07d av_one_third  avia-builder-el-12  el_after_av_one_third  el_before_av_one_third  first flex_column_div av-zero-column-padding  column-top-margin'     ><style type=\"text\/css\" data-created_by=\"avia_inline_auto\" id=\"style-css-av-6qbsb-223d54c93ebd98b69159cceaad57cd5b\">\n#top #wrap_all .avia-team-member.av-6qbsb-223d54c93ebd98b69159cceaad57cd5b .team-member-name{\ncolor:#ff3d3d;\n}\n.avia-team-member.av-6qbsb-223d54c93ebd98b69159cceaad57cd5b .team-member-job-title{\ncolor:#ff3d3d;\n}\n<\/style>\n<section  class='avia-team-member av-6qbsb-223d54c93ebd98b69159cceaad57cd5b  avia-builder-el-13  avia-builder-el-no-sibling '  itemscope=\"itemscope\" itemtype=\"https:\/\/schema.org\/Person\" ><div class=\"team-img-container\"><img decoding=\"async\" fetchpriority=\"high\" class='wp-image-17990 avia-img-lazy-loading-not-17990 avia_image avia_image_team' src=\"https:\/\/dackel.ch\/wp-content\/uploads\/2024\/11\/Rickenbacher-e1617026016466-300x280-1.jpg\" alt='Rebecca Rickenbacher'  itemprop=\"image\"   height=\"280\" width=\"300\" \/><\/div><h3 class='team-member-name '  itemprop=\"name\" >Rebecca Rickenbacher<\/h3><div class='team-member-job-title av_opacity_variation'  itemprop=\"jobTitle\" >Expositions\/expositions<\/div><div class='team-member-description '  itemprop=\"description\" ><p>L\u00f6gert 15<br \/>\n9466 Sennwald<br \/>\nMobile 079 413 84 33<br \/>\n<a href=&quot;mailto:ausstellungswesen@dackel.ch&quot;>E-mail<\/a><\/p>\n<\/div><span class='hidden team-member-affiliation'  itemprop=\"affiliation\" >Schweizerischer Dachshund-Club<\/span><\/section><\/div>\n\n<style type=\"text\/css\" data-created_by=\"avia_inline_auto\" id=\"style-css-av-66t8n-636c56c3e7cd6737f838789708065e95\">\n.flex_column.av-66t8n-636c56c3e7cd6737f838789708065e95{\nborder-radius:0px 0px 0px 0px;\npadding:0px 0px 0px 0px;\n}\n<\/style>\n<div  class='flex_column av-66t8n-636c56c3e7cd6737f838789708065e95 av_one_third  avia-builder-el-14  el_after_av_one_third  el_before_av_one_third  flex_column_div av-zero-column-padding  column-top-margin'     ><style type=\"text\/css\" data-created_by=\"avia_inline_auto\" id=\"style-css-av-5vg7n-1c0e4d91591a4c76670f176e34802706\">\n#top #wrap_all .avia-team-member.av-5vg7n-1c0e4d91591a4c76670f176e34802706 .team-member-name{\ncolor:#ff3d3d;\n}\n.avia-team-member.av-5vg7n-1c0e4d91591a4c76670f176e34802706 .team-member-job-title{\ncolor:#ff3d3d;\n}\n<\/style>\n<section  class='avia-team-member av-5vg7n-1c0e4d91591a4c76670f176e34802706  avia-builder-el-15  avia-builder-el-no-sibling '  itemscope=\"itemscope\" itemtype=\"https:\/\/schema.org\/Person\" ><div class=\"team-img-container\"><img decoding=\"async\" fetchpriority=\"high\" class='wp-image-17981 avia-img-lazy-loading-not-17981 avia_image avia_image_team' src=\"https:\/\/dackel.ch\/wp-content\/uploads\/2024\/11\/Gabi-Meier-3-300x280-1.jpg\" alt='Gabriela Meier'  itemprop=\"image\"   height=\"280\" width=\"300\" \/><\/div><h3 class='team-member-name '  itemprop=\"name\" >Gabriela Meier<\/h3><div class='team-member-job-title av_opacity_variation'  itemprop=\"jobTitle\" >Chiens de compagnie\/chiens de compagnie<\/div><div class='team-member-description '  itemprop=\"description\" ><p>Landenbergstrasse 4<br \/>\n8239 D\u00f6rflingen<br \/>\nMobile 079 545 52 16<br \/>\n<a href=&quot;mailto:bhwesen@dackel.ch&quot;>E-mail<\/a><\/p>\n<\/div><span class='hidden team-member-affiliation'  itemprop=\"affiliation\" >Schweizerischer Dachshund-Club<\/span><\/section><\/div>\n\n<style type=\"text\/css\" data-created_by=\"avia_inline_auto\" id=\"style-css-av-4jmu7-f4d11f4bd4a6263cba4d53678efaa891\">\n.flex_column.av-4jmu7-f4d11f4bd4a6263cba4d53678efaa891{\nborder-radius:0px 0px 0px 0px;\npadding:0px 0px 0px 0px;\n}\n<\/style>\n<div  class='flex_column av-4jmu7-f4d11f4bd4a6263cba4d53678efaa891 av_one_third  avia-builder-el-16  el_after_av_one_third  el_before_av_one_third  flex_column_div av-zero-column-padding  column-top-margin'     ><style type=\"text\/css\" data-created_by=\"avia_inline_auto\" id=\"style-css-av-41tk3-5096b7d5fddb70bc00b0216079b401e2\">\n#top #wrap_all .avia-team-member.av-41tk3-5096b7d5fddb70bc00b0216079b401e2 .team-member-name{\ncolor:#ff3d3d;\n}\n.avia-team-member.av-41tk3-5096b7d5fddb70bc00b0216079b401e2 .team-member-job-title{\ncolor:#ff3d3d;\n}\n<\/style>\n<section  class='avia-team-member av-41tk3-5096b7d5fddb70bc00b0216079b401e2  avia-builder-el-17  avia-builder-el-no-sibling '  itemscope=\"itemscope\" itemtype=\"https:\/\/schema.org\/Person\" ><div class=\"team-img-container\"><img decoding=\"async\" fetchpriority=\"high\" class='wp-image-19635 avia-img-lazy-loading-not-19635 avia_image avia_image_team' src=\"https:\/\/dackel.ch\/wp-content\/uploads\/2026\/04\/Frank-Hofer2.jpg\" alt='Frank Hofer'  itemprop=\"image\"   height=\"280\" width=\"300\" \/><\/div><h3 class='team-member-name '  itemprop=\"name\" >Frank Hofer<\/h3><div class='team-member-job-title av_opacity_variation'  itemprop=\"jobTitle\" >Examens des chiens de chasse\/examens des chiens de chasse<\/div><div class='team-member-description '  itemprop=\"description\" ><p>Schartenfelsstr. 29<br \/>\n5400 Baden<br \/>\nMobile +41 79 909 63 99<br \/>\n<a href=&quot;mailto:jghwesen@dackel.ch&quot;>E-mail<\/a><\/p>\n<\/div><span class='hidden team-member-affiliation'  itemprop=\"affiliation\" >Schweizerischer Dachshund-Club<\/span><\/section><\/div>\n<style type=\"text\/css\" data-created_by=\"avia_inline_auto\" id=\"style-css-av-16k1j-ead7e1ac982bbef5fcf5aaa4c73d40ee\">\n.flex_column.av-16k1j-ead7e1ac982bbef5fcf5aaa4c73d40ee{\nborder-radius:0px 0px 0px 0px;\npadding:0px 0px 0px 0px;\n}\n<\/style>\n<div  class='flex_column av-16k1j-ead7e1ac982bbef5fcf5aaa4c73d40ee av_one_third  avia-builder-el-18  el_after_av_one_third  el_before_av_one_third  first flex_column_div av-zero-column-padding  column-top-margin'     ><style type=\"text\/css\" data-created_by=\"avia_inline_auto\" id=\"style-css-av-luppjb3v-500ae5d0c12c8abc4e6fbfa686646ca7\">\n#top #wrap_all .avia-team-member.av-luppjb3v-500ae5d0c12c8abc4e6fbfa686646ca7 .team-member-name{\ncolor:#ff3d3d;\n}\n.avia-team-member.av-luppjb3v-500ae5d0c12c8abc4e6fbfa686646ca7 .team-member-job-title{\ncolor:#ff3d3d;\n}\n<\/style>\n<section  class='avia-team-member av-luppjb3v-500ae5d0c12c8abc4e6fbfa686646ca7  avia-builder-el-19  avia-builder-el-no-sibling '  itemscope=\"itemscope\" itemtype=\"https:\/\/schema.org\/Person\" ><div class=\"team-img-container\"><img decoding=\"async\" fetchpriority=\"high\" class='wp-image-17991 avia-img-lazy-loading-not-17991 avia_image avia_image_team' src=\"https:\/\/dackel.ch\/wp-content\/uploads\/2024\/04\/dk-monicawidmer.jpg\" alt='Monica Widmer'  itemprop=\"image\"   height=\"245\" width=\"245\" srcset=\"https:\/\/dackel.ch\/wp-content\/uploads\/2024\/04\/dk-monicawidmer.jpg 245w, https:\/\/dackel.ch\/wp-content\/uploads\/2024\/04\/dk-monicawidmer-80x80.jpg 80w, https:\/\/dackel.ch\/wp-content\/uploads\/2024\/04\/dk-monicawidmer-36x36.jpg 36w, https:\/\/dackel.ch\/wp-content\/uploads\/2024\/04\/dk-monicawidmer-180x180.jpg 180w\" sizes=\"(max-width: 245px) 100vw, 245px\" \/><\/div><h3 class='team-member-name '  itemprop=\"name\" >Monica Widmer<\/h3><div class='team-member-job-title av_opacity_variation'  itemprop=\"jobTitle\" >Assesseure<\/div><div class='team-member-description '  itemprop=\"description\" ><p>Hofstrasse 21<br \/>\n9642 Ebnat-Kappel<br \/>\nMobile 079 435 57 17<br \/>\n<a href=&quot;mailto:monica.widmer@dackel.ch&quot;>E-mail<\/a><\/p>\n<\/div><span class='hidden team-member-affiliation'  itemprop=\"affiliation\" >Schweizerischer Dachshund-Club<\/span><\/section><\/div><\/p>\n\n<style type=\"text\/css\" data-created_by=\"avia_inline_auto\" id=\"style-css-av-149pn-b79e55ed0626cdd067610d9c7343a401\">\n.flex_column.av-149pn-b79e55ed0626cdd067610d9c7343a401{\nborder-radius:0px 0px 0px 0px;\npadding:0px 0px 0px 0px;\n}\n<\/style>\n<div  class='flex_column av-149pn-b79e55ed0626cdd067610d9c7343a401 av_one_third  avia-builder-el-20  el_after_av_one_third  el_before_av_one_third  flex_column_div av-zero-column-padding  column-top-margin'     ><style type=\"text\/css\" data-created_by=\"avia_inline_auto\" id=\"style-css-av-mnn4dwtf-980792a931c715436304b4ab663ae0eb\">\n#top #wrap_all .avia-team-member.av-mnn4dwtf-980792a931c715436304b4ab663ae0eb .team-member-name{\ncolor:#ff3d3d;\n}\n.avia-team-member.av-mnn4dwtf-980792a931c715436304b4ab663ae0eb .team-member-job-title{\ncolor:#ff3d3d;\n}\n<\/style>\n<section  class='avia-team-member av-mnn4dwtf-980792a931c715436304b4ab663ae0eb  avia-builder-el-21  avia-builder-el-no-sibling '  itemscope=\"itemscope\" itemtype=\"https:\/\/schema.org\/Person\" ><div class=\"team-img-container\"><img decoding=\"async\" fetchpriority=\"high\" class='wp-image-19674 avia-img-lazy-loading-not-19674 avia_image avia_image_team' src=\"https:\/\/dackel.ch\/wp-content\/uploads\/2026\/04\/Ulli-Sand2.jpg\" alt='Ulli Sand'  itemprop=\"image\"   height=\"280\" width=\"300\" \/><\/div><h3 class='team-member-name '  itemprop=\"name\" >Ulli Sand<\/h3><div class='team-member-job-title av_opacity_variation'  itemprop=\"jobTitle\" >D\u00e9l\u00e9gu\u00e9 de la conf\u00e9rence des pr\u00e9sidents<\/div><div class='team-member-description '  itemprop=\"description\" ><p>20, rue de Hagenthal<br \/>\n68220 Neuwiller (France)<br \/>\nMobile +41 79 644 39 83<br \/>\n<a href=&quot;mailto:ulli.sand@dackel.ch&quot;>E-mail<\/a><\/p>\n<\/div><span class='hidden team-member-affiliation'  itemprop=\"affiliation\" >Schweizerischer Dachshund-Club<\/span><\/section><\/div>\n\n<style type=\"text\/css\" data-created_by=\"avia_inline_auto\" id=\"style-css-av-1lywj-d5943393cd02e01ce543a7655e82ce30\">\n.flex_column.av-1lywj-d5943393cd02e01ce543a7655e82ce30{\nborder-radius:0px 0px 0px 0px;\npadding:0px 0px 0px 0px;\n}\n<\/style>\n<div  class='flex_column av-1lywj-d5943393cd02e01ce543a7655e82ce30 av_one_third  avia-builder-el-22  el_after_av_one_third  el_before_av_one_third  flex_column_div av-zero-column-padding  column-top-margin'     ><div  class='avia-button-wrap avia-button-center  avia-builder-el-23  avia-builder-el-no-sibling '>\n<style type=\"text\/css\" data-created_by=\"avia_inline_auto\" id=\"style-css-av-14enf-ebae0bf589e037b111078d0a2d465327\">\n#top #wrap_all .avia-button.av-14enf-ebae0bf589e037b111078d0a2d465327:hover{\nbackground-color:silver;\ncolor:white;\ntransition:all 0.4s ease-in-out;\n}\n#top #wrap_all .avia-button.av-14enf-ebae0bf589e037b111078d0a2d465327:hover .avia-svg-icon svg:first-child{\nfill:white;\nstroke:white;\n}\n<\/style>\n<a href='mailto:gabriele.andreae@dackel.ch' class='avia-color-theme-color avia-font-color-theme-color avia-button avia-button-fullwidth av-14enf-ebae0bf589e037b111078d0a2d465327 avia-icon_select-yes-left-icon avia-color-theme-color'   aria-label=\"Pour renseignements en fran\u00e7ais (E-Mail)\"><span class='avia_button_icon avia_button_icon_left avia-iconfont avia-font-entypo-fontello' data-av_icon='\ue83b' data-av_iconfont='entypo-fontello' ><\/span><span class='avia_iconbox_title' >Pour renseignements en fran\u00e7ais (E-Mail)<\/span><div class='av-button-description av-button-description-below'><p>Gabriele Andreae<br \/>\nMobile 079 307 90 18<br \/>\ngabriele.andreae@dackel.ch<\/p>\n<\/div><\/a><\/div><\/div>\n\n<style type=\"text\/css\" data-created_by=\"avia_inline_auto\" id=\"style-css-av-1ys3b-5331e0aeb748e3dcbf09d75f1590dc06\">\n.flex_column.av-1ys3b-5331e0aeb748e3dcbf09d75f1590dc06{\nborder-radius:0px 0px 0px 0px;\npadding:0px 0px 0px 0px;\n}\n<\/style>\n<div  class='flex_column av-1ys3b-5331e0aeb748e3dcbf09d75f1590dc06 av_one_third  avia-builder-el-24  el_after_av_one_third  el_before_av_textblock  first flex_column_div av-zero-column-padding  column-top-margin'     ><div  class='avia-button-wrap avia-button-center  avia-builder-el-25  avia-builder-el-no-sibling '>\n<style type=\"text\/css\" data-created_by=\"avia_inline_auto\" id=\"style-css-av-mf4g7hk6-c4762a7a0f41de64816daadd15edb1c9\">\n#top #wrap_all .avia-button.av-mf4g7hk6-c4762a7a0f41de64816daadd15edb1c9:hover{\nbackground-color:silver;\ncolor:white;\ntransition:all 0.4s ease-in-out;\n}\n#top #wrap_all .avia-button.av-mf4g7hk6-c4762a7a0f41de64816daadd15edb1c9:hover .avia-svg-icon svg:first-child{\nfill:white;\nstroke:white;\n}\n<\/style>\n<a href='mailto:doris.vetsch@dackel.ch' class='avia-color-theme-color avia-font-color-theme-color avia-button avia-button-fullwidth av-mf4g7hk6-c4762a7a0f41de64816daadd15edb1c9 avia-icon_select-yes-left-icon avia-color-theme-color'   aria-label=\"Demandes concernant la formation des juges d\u2019exposition (E-mail)\"><span class='avia_button_icon avia_button_icon_left avia-iconfont avia-font-entypo-fontello' data-av_icon='\ue83b' data-av_iconfont='entypo-fontello' ><\/span><span class='avia_iconbox_title' >Demandes concernant la formation des juges d\u2019exposition (E-mail)<\/span><div class='av-button-description av-button-description-below'><p>Doris Vetsch<\/p>\n<p>doris.vetsch@dackel.ch<\/p>\n<\/div><\/a><\/div><\/div>\n<section  class='av_textblock_section av-zsaj-9b2160e0c86c5465944236414e79b14f '   itemscope=\"itemscope\" itemtype=\"https:\/\/schema.org\/CreativeWork\" ><div class='avia_textblock'  itemprop=\"text\" ><hr>\n<p>Coordonn\u00e9es bancaires :<\/p>\n<p>Raiffeisenbank<br \/>\nIBAN CH86 8080 8001 3080 6683 6<br \/>\nBIC&nbsp;: RAIFCH22XXX<\/p>\n<p>Schweizerischer Dachshund-Club, 6048 Horw<\/p>\n<\/div><\/section>\n","protected":false},"excerpt":{"rendered":"","protected":false},"author":1,"featured_media":0,"parent":17632,"menu_order":1,"comment_status":"closed","ping_status":"closed","template":"","meta":{"ngg_post_thumbnail":0,"footnotes":""},"class_list":["post-17973","page","type-page","status-publish","hentry"],"_links":{"self":[{"href":"https:\/\/dackel.ch\/fr\/wp-json\/wp\/v2\/pages\/17973","targetHints":{"allow":["GET"]}}],"collection":[{"href":"https:\/\/dackel.ch\/fr\/wp-json\/wp\/v2\/pages"}],"about":[{"href":"https:\/\/dackel.ch\/fr\/wp-json\/wp\/v2\/types\/page"}],"author":[{"embeddable":true,"href":"https:\/\/dackel.ch\/fr\/wp-json\/wp\/v2\/users\/1"}],"replies":[{"embeddable":true,"href":"https:\/\/dackel.ch\/fr\/wp-json\/wp\/v2\/comments?post=17973"}],"version-history":[{"count":24,"href":"https:\/\/dackel.ch\/fr\/wp-json\/wp\/v2\/pages\/17973\/revisions"}],"predecessor-version":[{"id":19680,"href":"https:\/\/dackel.ch\/fr\/wp-json\/wp\/v2\/pages\/17973\/revisions\/19680"}],"up":[{"embeddable":true,"href":"https:\/\/dackel.ch\/fr\/wp-json\/wp\/v2\/pages\/17632"}],"wp:attachment":[{"href":"https:\/\/dackel.ch\/fr\/wp-json\/wp\/v2\/media?parent=17973"}],"curies":[{"name":"wp","href":"https:\/\/api.w.org\/{rel}","templated":true}]}}