{"id":18009,"date":"2015-09-09T06:25:01","date_gmt":"2015-09-09T06:25:01","guid":{"rendered":"https:\/\/dackel.ch\/activites\/affaires-de-chien-de-compagnie\/"},"modified":"2026-02-03T12:33:03","modified_gmt":"2026-02-03T12:33:03","slug":"affaires-de-chien-de-compagnie","status":"publish","type":"page","link":"https:\/\/dackel.ch\/fr\/activites\/affaires-de-chien-de-compagnie\/","title":{"rendered":"Affaires de chien de compagnie"},"content":{"rendered":"\n<style type=\"text\/css\" data-created_by=\"avia_inline_auto\" id=\"style-css-av-rf1x-7104609f668316a88f8f16c36dfc0195\">\n.flex_column.av-rf1x-7104609f668316a88f8f16c36dfc0195{\nborder-radius:0px 0px 0px 0px;\npadding:0px 0px 0px 0px;\n}\n<\/style>\n<div  class='flex_column av-rf1x-7104609f668316a88f8f16c36dfc0195 av_one_full  avia-builder-el-0  el_before_av_three_fifth  avia-builder-el-first  first flex_column_div av-zero-column-padding  '     ><style type=\"text\/css\" data-created_by=\"avia_inline_auto\" id=\"style-css-av-6xrj1-5804d664783fd11e32ea2a4ef822022c\">\n.avia-image-container.av-6xrj1-5804d664783fd11e32ea2a4ef822022c img.avia_image{\nbox-shadow:none;\n}\n.avia-image-container.av-6xrj1-5804d664783fd11e32ea2a4ef822022c .av-image-caption-overlay-center{\ncolor:#ffffff;\n}\n<\/style>\n<div  class='avia-image-container av-6xrj1-5804d664783fd11e32ea2a4ef822022c av-styling- avia-align-left  avia-builder-el-1  avia-builder-el-no-sibling '   itemprop=\"image\" itemscope=\"itemscope\" itemtype=\"https:\/\/schema.org\/ImageObject\" ><div class=\"avia-image-container-inner\"><div class=\"avia-image-overlay-wrap\"><img decoding=\"async\" fetchpriority=\"high\" class='wp-image-17476 avia-img-lazy-loading-not-17476 avia_image ' src=\"https:\/\/dackel.ch\/wp-content\/uploads\/2017\/07\/Wasserdackel-e1500898058593.jpg\" alt='' title='Teckel d&#039;eau'  height=\"597\" width=\"1100\"  itemprop=\"thumbnailUrl\"  \/><\/div><\/div><\/div><\/div>\n\n<style type=\"text\/css\" data-created_by=\"avia_inline_auto\" id=\"style-css-av-6jl9l-01804939743c162e25270543f5613312\">\n.flex_column.av-6jl9l-01804939743c162e25270543f5613312{\nborder-radius:0px 0px 0px 0px;\npadding:0px 0px 0px 0px;\n}\n<\/style>\n<div  class='flex_column av-6jl9l-01804939743c162e25270543f5613312 av_three_fifth  avia-builder-el-2  el_after_av_one_full  el_before_av_two_fifth  first flex_column_div av-zero-column-padding  column-top-margin'     ><section  class='av_textblock_section av-5hmd9-70d1db9a3d42270e305e769cf5a715fd '   itemscope=\"itemscope\" itemtype=\"https:\/\/schema.org\/CreativeWork\" ><div class='avia_textblock'  itemprop=\"text\" ><h4><strong>Examens<\/strong><\/h4>\n<!-- EventON Calendar --><div id='evcal_calendar_338' class='list_cal ajde_evcal_calendar sev cev color esty_2 ul etttc_custom ' data-cal=''><div id='evcal_head' class='calendar_header ' ><div class='evo_cal_above evodfx evofx_dr_r marb5 evofx_ww'><button class='cal_head_btn evo-gototoday-btn' style='' data-mo='4' data-yr='2026' data-dy='' aria-label='Go to today'>Aktueller Monat<\/button><\/div><div class='evo_cal_above_content'><\/div><div class='evo_header_title '><\/div><\/div><div class='evo_filter_bar evo_main_filter_bar eventon_sorting_section '><div class='evo_filter_container evodfx evo_fx_ai_c'><div class='evo_filter_container_in'><div class='eventon_filter_line' ><div class='evo_loading_bar_holder h100 loading_filters swipe' style='min-height:30px;'><div class='nesthold r g10'><div class='evo_loading_bar wid_100% hi_30px' style='width:100%; height:30px; margin-bottom:1px;'><\/div><div class='evo_loading_bar wid_100% hi_30px' style='width:100%; height:30px; margin-bottom:1px;'><\/div><div class='evo_loading_bar wid_100% hi_30px' style='width:100%; height:30px; margin-bottom:1px;'><\/div><div class='evo_loading_bar wid_100% hi_30px' style='width:100%; height:30px; margin-bottom:1px;'><\/div><div class='evo_loading_bar wid_100% hi_30px' style='width:100%; height:30px; margin-bottom:1px;'><\/div><\/div><\/div><\/div><\/div><div class='evo_filter_nav evo_filter_l'><i class='fa fa-chevron-left'><\/i><\/div><div class='evo_filter_nav evo_filter_r'><i class='fa fa-chevron-right'><\/i><\/div><\/div><div class='evo_filter_aply_btns'><\/div><div class='evo_filter_menu'><\/div><\/div><div id='eventon_loadbar_section'><div id='eventon_loadbar'><\/div><\/div><!-- Events List --><div class='evo_events_list_box'><div id='evcal_list' class='eventon_events_list '><div class='eventon_list_event no_events'><p class='no_events clickable'><a class='evo_no_events_btn' href='https:\/\/dackel.ch\/aktivitaeten\/'><span class='t'>En ce moment, les activit\u00e9s ne sont affich\u00e9es qu'en allemand.\r\nPurtroppo le attivit\u00e0 sono visualizzate solo in tedesco.<\/span><span class=\"st\">Cliquez ici. | Clicca qui<\/span><\/a><\/p><\/div>\t\t\t<\/div>\r\n\t\t\t<\/div><!-- evo_events_list_box -->\t\r\n\t\t\t<div class='clear'><\/div>\r\n\t\t\t\t\t \t<div id='evcal_footer' class='evo_bottom' style='display:none'>\r\n\t\t \t\t<div class='evo_cal_data' data-sc=\"{&quot;accord&quot;:&quot;no&quot;,&quot;bottom_nav&quot;:&quot;no&quot;,&quot;cal_id&quot;:&quot;&quot;,&quot;cal_init_nonajax&quot;:&quot;no&quot;,&quot;calendar_type&quot;:&quot;list&quot;,&quot;ep_fields&quot;:&quot;&quot;,&quot;etc_override&quot;:&quot;yes&quot;,&quot;evc_open&quot;:&quot;no&quot;,&quot;event_count&quot;:0,&quot;event_location&quot;:&quot;all&quot;,&quot;event_order&quot;:&quot;ASC&quot;,&quot;event_organizer&quot;:&quot;all&quot;,&quot;event_parts&quot;:&quot;no&quot;,&quot;event_past_future&quot;:&quot;future&quot;,&quot;event_status&quot;:&quot;all&quot;,&quot;event_tag&quot;:&quot;all&quot;,&quot;event_type&quot;:&quot;54&quot;,&quot;event_type_2&quot;:&quot;all&quot;,&quot;event_virtual&quot;:&quot;all&quot;,&quot;eventtop_date_style&quot;:0,&quot;eventtop_style&quot;:&quot;2&quot;,&quot;exp_jumper&quot;:&quot;no&quot;,&quot;exp_so&quot;:&quot;no&quot;,&quot;filter_relationship&quot;:&quot;AND&quot;,&quot;filter_show_set_only&quot;:&quot;no&quot;,&quot;filter_style&quot;:&quot;default&quot;,&quot;filter_type&quot;:&quot;default&quot;,&quot;filters&quot;:&quot;yes&quot;,&quot;fixed_month&quot;:&quot;4&quot;,&quot;fixed_year&quot;:&quot;2026&quot;,&quot;focus_end_date_range&quot;:&quot;1806530399&quot;,&quot;focus_start_date_range&quot;:&quot;1774994400&quot;,&quot;ft_event_priority&quot;:&quot;no&quot;,&quot;hide_arrows&quot;:&quot;no&quot;,&quot;hide_cancels&quot;:&quot;no&quot;,&quot;hide_empty_months&quot;:&quot;yes&quot;,&quot;hide_end_time&quot;:&quot;no&quot;,&quot;hide_et_dn&quot;:&quot;no&quot;,&quot;hide_et_extra&quot;:&quot;no&quot;,&quot;hide_et_tags&quot;:&quot;no&quot;,&quot;hide_et_tl&quot;:&quot;no&quot;,&quot;hide_ft&quot;:&quot;no&quot;,&quot;hide_ft_img&quot;:&quot;no&quot;,&quot;hide_month_headers&quot;:&quot;yes&quot;,&quot;hide_mult_occur&quot;:&quot;no&quot;,&quot;hide_past&quot;:&quot;yes&quot;,&quot;hide_past_by&quot;:&quot;ee&quot;,&quot;hide_so&quot;:&quot;no&quot;,&quot;ics&quot;:&quot;no&quot;,&quot;jumper&quot;:&quot;no&quot;,&quot;jumper_count&quot;:5,&quot;jumper_offset&quot;:&quot;0&quot;,&quot;lang&quot;:&quot;L1&quot;,&quot;layout_changer&quot;:&quot;no&quot;,&quot;livenow_bar&quot;:&quot;yes&quot;,&quot;mapformat&quot;:&quot;roadmap&quot;,&quot;mapiconurl&quot;:&quot;&quot;,&quot;maps_load&quot;:&quot;yes&quot;,&quot;mapscroll&quot;:&quot;true&quot;,&quot;mapzoom&quot;:&quot;18&quot;,&quot;members_only&quot;:&quot;no&quot;,&quot;ml_priority&quot;:&quot;no&quot;,&quot;ml_toend&quot;:&quot;no&quot;,&quot;month_incre&quot;:0,&quot;number_of_months&quot;:&quot;12&quot;,&quot;only_ft&quot;:&quot;no&quot;,&quot;pec&quot;:&quot;&quot;,&quot;s&quot;:&quot;&quot;,&quot;search&quot;:&quot;&quot;,&quot;search_all&quot;:&quot;no&quot;,&quot;sep_month&quot;:&quot;no&quot;,&quot;show_et_ft_img&quot;:&quot;no&quot;,&quot;show_limit&quot;:&quot;no&quot;,&quot;show_limit_ajax&quot;:&quot;no&quot;,&quot;show_limit_paged&quot;:1,&quot;show_limit_redir&quot;:&quot;&quot;,&quot;show_repeats&quot;:&quot;no&quot;,&quot;show_search&quot;:&quot;no&quot;,&quot;show_upcoming&quot;:0,&quot;show_year&quot;:&quot;no&quot;,&quot;social_share&quot;:&quot;no&quot;,&quot;sort_by&quot;:&quot;sort_date&quot;,&quot;tile_bg&quot;:0,&quot;tile_bg_size&quot;:&quot;full&quot;,&quot;tile_count&quot;:2,&quot;tile_height&quot;:0,&quot;tile_style&quot;:0,&quot;tiles&quot;:&quot;no&quot;,&quot;ux_val&quot;:&quot;0&quot;,&quot;view_switcher&quot;:&quot;no&quot;,&quot;wpml_l1&quot;:&quot;&quot;,&quot;wpml_l2&quot;:&quot;&quot;,&quot;wpml_l3&quot;:&quot;&quot;,&quot;x_ids&quot;:&quot;&quot;,&quot;yl_priority&quot;:&quot;no&quot;,&quot;yl_toend&quot;:&quot;no&quot;,&quot;fixed_day&quot;:&quot;25&quot;,&quot;_cver&quot;:&quot;5.0.6&quot;}\" data-filter_data=\"[]\" data-nav_data=\"{&quot;month_title&quot;:&quot;&lt;p id=&#039;evcal_cur&#039; class=&#039;evo_month_title padr10&#039;&gt; April, 2026&lt;\\\/p&gt;&quot;,&quot;arrows&quot;:&quot;&lt;p class=&#039;evo_arrows&#039;&gt;\\r\\n\\t\\t\\t\\t\\t&lt;button id=&#039;evcal_prev&#039; class=&#039;evcal_arrows evcal_btn_prev evodfx evofx_jc_c evofx_ai_c&#039; aria-label=&#039;Previous Month&#039;&gt;&lt;i class=&#039;fa fa-chevron-left&#039; aria-hidden=&#039;true&#039;&gt;&lt;\\\/i&gt;&lt;\\\/button&gt;\\r\\n\\t\\t\\t\\t\\t&lt;button id=&#039;evcal_next&#039; class=&#039;evcal_arrows evo_arrow_next evcal_btn_next evodfx evofx_jc_c evofx_ai_c&#039; aria-label=&#039;Next Month&#039;&gt;&lt;i class=&#039;fa fa-chevron-right&#039; aria-hidden=&#039;true&#039;&gt;&lt;\\\/i&gt;&lt;\\\/button&gt;\\r\\n\\t\\t\\t\\t\\t&lt;\\\/p&gt;&quot;}\" data-od=\"{&quot;lang_no_events&quot;:&quot;En ce moment, les activit\\u00e9s ne sont affich\\u00e9es qu&#039;en allemand.\\r\\nPurtroppo le attivit\\u00e0 sono visualizzate solo in tedesco.&quot;,&quot;cal_tz_offset&quot;:120,&quot;cal_tz&quot;:&quot;Europe\\\/Zurich&quot;}\" ><\/div>\r\n\t\t \t\t<div class='evo_cal_events' data-events=\"\"><\/div>\r\n\t\t \t<\/div>\r\n\t\t\t\t\r\n\t\t\t\r\n\t\t\t\t\t\t<\/div><!-- EventON End -->\r\n\t\t\t\n<\/div><\/section><br \/>\n<div  class='hr av-iwkl-b892d6d06aa2c3322b44b141e1b11eff hr-default  avia-builder-el-4  el_after_av_textblock  el_before_av_textblock '><span class='hr-inner '><span class=\"hr-inner-style\"><\/span><\/span><\/div><br \/>\n<section  class='av_textblock_section av-4icb1-22ea7185583b2972f4fb987e9aae8f97 '   itemscope=\"itemscope\" itemtype=\"https:\/\/schema.org\/CreativeWork\" ><div class='avia_textblock'  itemprop=\"text\" ><h4><strong>R\u00e9sultats des examens<\/strong><\/h4>\n<table border=\"0\" width=\"100%\" cellspacing=\"0\" cellpadding=\"4\">\n<tbody>\n<tr>\n<td width=\"20\"> <\/td>\n<td valign=\"TOP\" width=\"180\"><b>2025<\/b><\/td>\n<td colspan=\"2\" valign=\"TOP\"><a href=\"https:\/\/dackel.ch\/wp-content\/uploads\/2025\/12\/Jahressieger-2025.pdf\" target=\"_blank\" rel=\"noopener\">Vainqueur annuel 2025<\/a><\/td>\n<\/tr>\n<tr>\n<td width=\"20\"> <\/td>\n<td valign=\"TOP\" width=\"180\"><b>Sa, 18 octobre 2025<\/b><\/td>\n<td colspan=\"2\" valign=\"TOP\"><a href=\"https:\/\/dackel.ch\/wp-content\/uploads\/2025\/10\/bhp_rl_sm_2025-10-11.pdf\" target=\"_blank\" rel=\"noopener\">Championnat suisse BHP<\/a><br \/>\nLieu&nbsp;: Horw<\/td>\n<\/tr>\n<tr>\n<td width=\"20\"> <\/td>\n<td valign=\"TOP\" width=\"180\"><b>Sa, 20 septembre 2025<\/b><\/td>\n<td colspan=\"2\" valign=\"TOP\"><a href=\"https:\/\/dackel.ch\/wp-content\/uploads\/2025\/10\/Resultate-intern.-BHP_2025.pdf\" target=\"_blank\" rel=\"noopener\">Tournoi international BHP pour chiens de compagnie<\/a><br \/>\nLieu&nbsp;: Egnach<\/td>\n<\/tr>\n<tr>\n<td width=\"20\"> <\/td>\n<td valign=\"TOP\" width=\"180\"><b>Sa, 23 ao\u00fbt 2025<\/b><\/td>\n<td colspan=\"2\" valign=\"TOP\"><a href=\"https:\/\/dackel.ch\/wp-content\/uploads\/2025\/09\/Rangliste-BHP-RG-OST-2025-V2.pdf\" target=\"_blank\" rel=\"noopener\">BHP de la RG Ost<\/a><br \/>\nLieu&nbsp;: Sitterdorf<\/td>\n<\/tr>\n<tr>\n<td width=\"20\"> <\/td>\n<td valign=\"TOP\" width=\"180\"><b>Di, 13 juillet 2025<\/b><\/td>\n<td colspan=\"2\" valign=\"TOP\"><a href=\"https:\/\/dackel.ch\/wp-content\/uploads\/2025\/09\/bhp_rl_grti_2025-07-13.pdf\" target=\"_blank\" rel=\"noopener\">BHP de la RG GR-TI<\/a><br \/>\nLieu&nbsp;: Bonaduz<\/td>\n<\/tr>\n<tr>\n<td width=\"20\"> <\/td>\n<td valign=\"TOP\" width=\"180\"><b>Je, 5 juin 2025<\/b><\/td>\n<td colspan=\"2\" valign=\"TOP\"><a href=\"https:\/\/dackel.ch\/wp-content\/uploads\/2025\/08\/Rangliste-BHP-Vet-Orsgrppe-Ost-2025.pdf\" target=\"_blank\" rel=\"noopener\">BHP v\u00e9t\u00e9rans de la RG Ost<\/a><br \/>\nLieu&nbsp;: Sitterdorf<\/td>\n<\/tr>\n<tr>\n<td width=\"20\"> <\/td>\n<td valign=\"TOP\" width=\"180\"><b>Di, 6 octobre 2024<\/b><\/td>\n<td colspan=\"2\" valign=\"TOP\"><a href=\"https:\/\/dackel.ch\/wp-content\/uploads\/2024\/11\/Rsngliste_BHP_2024_GR-TI.pdf\" target=\"_blank\" rel=\"noopener\">BHP de la RG GR\/TI<\/a><br \/>\nLieu&nbsp;: Landquart<\/td>\n<\/tr>\n<tr>\n<td width=\"20\"> <\/td>\n<td valign=\"TOP\" width=\"180\"><b>2024<\/b><\/td>\n<td colspan=\"2\" valign=\"TOP\"><a href=\"https:\/\/dackel.ch\/wp-content\/uploads\/2024\/11\/Jahressieger-2024.pdf\" target=\"_blank\" rel=\"noopener\">Vainqueur annuel 2024<\/a><\/td>\n<\/tr>\n<tr>\n<td width=\"20\"> <\/td>\n<td valign=\"TOP\" width=\"180\"><b>Sa, 21 septembre 2024<\/b><\/td>\n<td colspan=\"2\" valign=\"TOP\"><a href=\"https:\/\/dackel.ch\/wp-content\/uploads\/2024\/10\/BHP-international-DE.pdf\" target=\"_blank\" rel=\"noopener\">Tournoi international BHP pour chiens de compagnie<\/a><br \/>\nLieu&nbsp;: Grossbottwar DE<\/td>\n<\/tr>\n<tr>\n<td width=\"20\"> <\/td>\n<td valign=\"TOP\" width=\"180\"><b>Di, 15 septembre 2024<\/b><\/td>\n<td colspan=\"2\" valign=\"TOP\"><a href=\"https:\/\/dackel.ch\/wp-content\/uploads\/2024\/09\/Rangliste-SM-2024-2.pdf\" target=\"_blank\" rel=\"noopener\">Championnat suisse BHP<\/a><br \/>\nLieu&nbsp;: Sitterdorf<\/td>\n<\/tr>\n<tr>\n<td width=\"20\"> <\/td>\n<td valign=\"TOP\" width=\"180\"><b>Di, 11 ao\u00fbt 2024<\/b><\/td>\n<td colspan=\"2\" valign=\"TOP\"><a href=\"https:\/\/dackel.ch\/wp-content\/uploads\/2024\/09\/Rangliste-BHP2024-RG-OST-2.pdf\" target=\"_blank\" rel=\"noopener\">BHP de la RG Ost<\/a><br \/>\nLieu&nbsp;: Sitterdorf<\/td>\n<\/tr>\n<tr>\n<td width=\"20\"> <\/td>\n<td valign=\"TOP\" width=\"180\"><b>Sa, 13 juillet 2024<\/b><\/td>\n<td colspan=\"2\" valign=\"TOP\"><a href=\"https:\/\/dackel.ch\/wp-content\/uploads\/2024\/07\/bhp_rangliste_13.07.24-RG-Bern.pdf\" target=\"_blank\" rel=\"noopener\">BHP de la RG Bern<\/a><br \/>\nLieu&nbsp;: M\u00fcnsingen\/Belp<\/td>\n<\/tr>\n<tr>\n<td width=\"20\"> <\/td>\n<td valign=\"TOP\" width=\"180\"><b>2023<\/b><\/td>\n<td colspan=\"2\" valign=\"TOP\"><a href=\"https:\/\/dackel.ch\/wp-content\/uploads\/2024\/01\/Clubsieger-2023-2.pdf\" target=\"_blank\" rel=\"noopener\">Vainqueur du club 2023<\/a><\/td>\n<\/tr>\n<tr>\n<td width=\"20\"> <\/td>\n<td valign=\"TOP\" width=\"180\"><b>Di, 24 septembre 2023<\/b><\/td>\n<td colspan=\"2\" valign=\"TOP\"><a href=\"https:\/\/dackel.ch\/wp-content\/uploads\/2023\/09\/BHP-Schweizerm-Rangliste-2023.png\" target=\"_blank\" rel=\"noopener\">Championnat suisse BHP 2023<\/a><br \/>\nLieu&nbsp;: Sitterdorf<\/td>\n<\/tr>\n<tr>\n<td width=\"20\"> <\/td>\n<td valign=\"TOP\" width=\"180\"><b>Di, 6 ao\u00fbt 2023<\/b><\/td>\n<td colspan=\"2\" valign=\"TOP\"><a href=\"https:\/\/dackel.ch\/wp-content\/uploads\/2023\/08\/BH-Pruefung-OG-Ostschweiz-Rangliste-2023-2.pdf\" target=\"_blank\" rel=\"noopener\">BHP de l\u2019OG Ost<\/a><br \/>\nLieu&nbsp;: Sitterdorf<\/td>\n<\/tr>\n<tr>\n<td width=\"20\"> <\/td>\n<td valign=\"TOP\" width=\"180\"><b>Sa, 15 juillet 2023<\/b><\/td>\n<td colspan=\"2\" valign=\"TOP\"><a href=\"https:\/\/dackel.ch\/wp-content\/uploads\/2023\/07\/BHP-Rangliste-15.07.23.pdf\" target=\"_blank\" rel=\"noopener\">BHP de la RG Bern<\/a><br \/>\nLieu&nbsp;: M\u00fcnsingen\/Belp<\/td>\n<\/tr>\n<tr>\n<td width=\"20\"> <\/td>\n<td valign=\"TOP\" width=\"180\"><b>Di, 9 juillet 2023<\/b><\/td>\n<td colspan=\"2\" valign=\"TOP\"><a href=\"https:\/\/dackel.ch\/wp-content\/uploads\/2023\/07\/BHP-Rangliste_2023-07-09-1.pdf\" target=\"_blank\" rel=\"noopener\">BHP de l\u2019OG GR\/TI<\/a><br \/>\nLieu&nbsp;: Ganda<\/td>\n<\/tr>\n<tr>\n<td width=\"20\"> <\/td>\n<td valign=\"TOP\" width=\"180\"><b>Di, 21 mai 2023<\/b><\/td>\n<td colspan=\"2\" valign=\"TOP\"><a href=\"https:\/\/dackel.ch\/wp-content\/uploads\/2023\/05\/Rangliste-BHP-Vet-Orsgrppe-Ost-2023.pdf\" target=\"_blank\" rel=\"noopener\">BHP v\u00e9t\u00e9rans de l\u2019OG Ost<\/a><br \/>\nLieu&nbsp;: Sitterdorf<\/td>\n<\/tr>\n<tr>\n<td width=\"20\"> <\/td>\n<td valign=\"TOP\" width=\"180\"><b>Di, 6 novembre 2022<\/b><\/td>\n<td colspan=\"2\" valign=\"TOP\"><a href=\"https:\/\/dackel.ch\/wp-content\/uploads\/2022\/11\/BHPS-Rangliste_2022-11-06.pdf\" target=\"_blank\" rel=\"noopener\">BHP S de l\u2019OG Z\u00fcrich<\/a><br \/>\nLieu&nbsp;: W\u00e4denswil-Beichlen<\/td>\n<\/tr>\n<tr>\n<td width=\"20\"> <\/td>\n<td valign=\"TOP\" width=\"180\"><b>Di, 21 ao\u00fbt 2022<\/b><\/td>\n<td colspan=\"2\" valign=\"TOP\"><a href=\"https:\/\/dackel.ch\/wp-content\/uploads\/2022\/08\/Rangliste-Schweizermeisterschaft-2022.pdf\" target=\"_blank\" rel=\"noopener\">Championnat suisse BHP<\/a><br \/>\nLieu&nbsp;: Ganda, Landquart<\/td>\n<\/tr>\n<tr>\n<td width=\"20\"> <\/td>\n<td valign=\"TOP\" width=\"180\"><b>Di, 7 ao\u00fbt 2022<\/b><\/td>\n<td colspan=\"2\" valign=\"TOP\"><a href=\"https:\/\/dackel.ch\/wp-content\/uploads\/2022\/10\/BHP-Ostschweiz-7.8.2022_2.pdf\" target=\"_blank\" rel=\"noopener\">BHP de l\u2019OG Ostschweiz<\/a><br \/>\nLieu&nbsp;: Sitterdorf TG<\/td>\n<\/tr>\n<tr>\n<td width=\"20\"> <\/td>\n<td valign=\"TOP\" width=\"180\"><b>Di, 10 juillet 2022<\/b><\/td>\n<td colspan=\"2\" valign=\"TOP\"><a href=\"https:\/\/dackel.ch\/wp-content\/uploads\/2022\/07\/BHP-ZH-10.7.22.pdf\" target=\"_blank\" rel=\"noopener\">BHP de l\u2019OG Z\u00fcrich<\/a><br \/>\nLieu&nbsp;: Schlatt TG<\/td>\n<\/tr>\n<\/tbody>\n<\/table>\n<\/div><\/section><\/p><\/div>\n<style type=\"text\/css\" data-created_by=\"avia_inline_auto\" id=\"style-css-av-3tpch-5b8143055b5a1358d929117c7bed22bd\">\n.flex_column.av-3tpch-5b8143055b5a1358d929117c7bed22bd{\nborder-radius:0px 0px 0px 0px;\npadding:0px 0px 0px 0px;\n}\n<\/style>\n<div  class='flex_column av-3tpch-5b8143055b5a1358d929117c7bed22bd av_two_fifth  avia-builder-el-6  el_after_av_three_fifth  avia-builder-el-last  flex_column_div av-zero-column-padding  column-top-margin'     ><section  class='av_textblock_section av-3hcft-6274097c60eb7578da4e18e8d2e91ce9 '   itemscope=\"itemscope\" itemtype=\"https:\/\/schema.org\/CreativeWork\" ><div class='avia_textblock'  itemprop=\"text\" ><h4><strong>Informations<br \/>\n<\/strong><\/h4>\n<p>Le cours de chien de compagnie pour un avenir commun&nbsp;!<\/p>\n<p>Chers amis teckels<\/p>\n<p>Les nombreux participants aux cours et les dipl\u00f4m\u00e9s des examens me donnent raison&nbsp;; les cours de chien de compagnie dans les groupes r\u00e9gionaux sont une continuation r\u00e9ussie des cours de base. Ils mettent les teckels et les gens au d\u00e9fi, favorisent les relations entre le chien et son ma\u00eetre et cr\u00e9ent de superbes contacts dans le groupe. <\/p>\n<p>Tous les propri\u00e9taires de teckels sont cordialement invit\u00e9s \u00e0 participer \u00e0 ce cours&nbsp;! M\u00eame les propri\u00e9taires de teckels sont toujours \u00e9tonn\u00e9s de la capacit\u00e9 d\u2019apprentissage de leurs chiens. C\u2019est pourquoi chaque chien doit avoir cette chance et il le prouvera&nbsp;; cela profite au quotidien du teckel et nous fait tous progresser&nbsp;!  <\/p>\n<p>Je remercie toutes les \u00e9quipes des groupes r\u00e9gionaux qui soutiennent cet effort. Je suis heureux de pouvoir entrer en contact avec les personnes int\u00e9ress\u00e9es. <\/p>\n<p>Les groupes r\u00e9gionaux commencent les cours en avril. Il reste encore des places\u2026\u2026. <\/p>\n<p>Je suis \u00e0 votre disposition pour toute question ou pr\u00e9occupation.<\/p>\n<p>Gabriela Meier, responsable des chiens de compagnie SDC<\/p>\n<p>Landenbergstrasse&nbsp;4, 8239&nbsp;D\u00f6rflingen<br \/>\nT\u00e9l. 079 545 52 16<br \/>\n<a href=\"mailto:bhwesen@dackel.ch\">bhwesen@dackel.ch<\/a><\/p>\n<\/div><\/section><br \/>\n<div  class='hr av-2kqo9-651941f360695d4ae7cb19aea684022f hr-default  avia-builder-el-8  el_after_av_textblock  el_before_av_textblock '><span class='hr-inner '><span class=\"hr-inner-style\"><\/span><\/span><\/div><br \/>\n<section  class='av_textblock_section av-219qx-1c92ad741dc373681ec17ee58077f0ed '   itemscope=\"itemscope\" itemtype=\"https:\/\/schema.org\/CreativeWork\" ><div class='avia_textblock'  itemprop=\"text\" ><h4><strong>Formulaires<\/strong><\/h4>\n<ul>\n<li><a href=\"https:\/\/dackel.ch\/fr\/?ddownload=1749\" title=\"Formulaire d\u2019inscription aux examens BHP et BHPS\" rel=\"nofollow\" class=\"ddownload-link id-1749 ext-pdf\">Formulaire d\u2019inscription aux examens BHP et BHPS<\/a><\/li>\n<li><a href=\"https:\/\/dackel.ch\/fr\/?ddownload=1727\" title=\"Cahier d\u2019exercices BH\" rel=\"nofollow\" class=\"ddownload-link id-1727 ext-pdf\">Cahier d\u2019exercices BH<\/a><\/li>\n<li><a href=\"https:\/\/dackel.ch\/fr\/?ddownload=1726\" title=\"R\u00e8gles d\u2019or BH\" rel=\"nofollow\" class=\"ddownload-link id-1726 ext-pdf\">R\u00e8gles d\u2019or BH<\/a><\/li>\n<li><a href=\"https:\/\/dackel.ch\/fr\/?ddownload=1750\" title=\"Liste des juges BH\" rel=\"nofollow\" class=\"ddownload-link id-1750 ext-pdf\">Liste des juges BH<\/a><\/li>\n<li><a href=\"https:\/\/dackel.ch\/fr\/?ddownload=2727\" title=\"Organisation d\u2019un BHP (liste de contr\u00f4le)\" rel=\"nofollow\" class=\"ddownload-link id-2727 ext-pdf\">Organisation d\u2019un BHP (liste de contr\u00f4le)<\/a><\/li>\n<li><a href=\"https:\/\/dackel.ch\/fr\/?ddownload=2725\" title=\"Liste du mat\u00e9riel pour BHP (liste de contr\u00f4le)\" rel=\"nofollow\" class=\"ddownload-link id-2725 ext-pdf\">Liste du mat\u00e9riel pour BHP (liste de contr\u00f4le)<\/a><\/li>\n<li><a href=\"https:\/\/dackel.ch\/fr\/?ddownload=2722\" title=\"Exigences relatives \u00e0 l\u2019organisation BHP\" rel=\"nofollow\" class=\"ddownload-link id-2722 ext-pdf\">Exigences relatives \u00e0 l\u2019organisation BHP<\/a><\/li>\n<\/ul>\n<\/div><\/section><br \/>\n<div  class='hr av-1lc7p-b179b2e1ff6ae72966315a5facc2c38c hr-default  avia-builder-el-10  el_after_av_textblock  el_before_av_textblock '><span class='hr-inner '><span class=\"hr-inner-style\"><\/span><\/span><\/div><br \/>\n<section  class='av_textblock_section av-og15-93310f2ab080a75535d9d2a406014fdb '   itemscope=\"itemscope\" itemtype=\"https:\/\/schema.org\/CreativeWork\" ><div class='avia_textblock'  itemprop=\"text\" ><h4><strong>R\u00e8glements<br \/>\n<\/strong><\/h4>\n<ul class=\"ddownloads_list category-reglemente-begleithundewesen list-title_ext_filesize\"><li><a href=\"https:\/\/dackel.ch\/fr\/?ddownload=1661\" title=\"BH Pr\u00fcfungsordnung 2016 dt. (PDF, 1,5 Mo)\" rel=\"nofollow\" class=\"id-1661 ext-pdf\">BH Pr\u00fcfungsordnung 2016 dt. (PDF, 1,5 Mo)<\/a><\/li><li><a href=\"https:\/\/dackel.ch\/fr\/?ddownload=1662\" title=\"BH Pr\u00fcfungsordnung 2016 fr. (Examen des chiens de compagnie) (PDF, 138,0 Ko)\" rel=\"nofollow\" class=\"id-1662 ext-pdf\">BH Pr\u00fcfungsordnung 2016 fr. (Examen des chiens de compagnie) (PDF, 138,0 Ko)<\/a><\/li><li><a href=\"https:\/\/dackel.ch\/fr\/?ddownload=1725\" title=\"BH Richtlinien Leiter und Richter (PDF, 124,8 Ko)\" rel=\"nofollow\" class=\"id-1725 ext-pdf\">BH Richtlinien Leiter und Richter (PDF, 124,8 Ko)<\/a><\/li><li><a href=\"https:\/\/dackel.ch\/fr\/?ddownload=1663\" title=\"BH-S Pr\u00fcfungsordnung 2016 (PDF, 953,4 Ko)\" rel=\"nofollow\" class=\"id-1663 ext-pdf\">BH-S Pr\u00fcfungsordnung 2016 (PDF, 953,4 Ko)<\/a><\/li><li><a href=\"https:\/\/dackel.ch\/fr\/?ddownload=1666\" title=\"Reglement SDC Jahressieger 2025 (PDF, 164,3 Ko)\" rel=\"nofollow\" class=\"id-1666 ext-pdf\">Reglement SDC Jahressieger 2025 (PDF, 164,3 Ko)<\/a><\/li><\/ul>\n<\/div><\/section><\/p><\/div><\/p>\n","protected":false},"excerpt":{"rendered":"","protected":false},"author":1,"featured_media":0,"parent":17829,"menu_order":3,"comment_status":"closed","ping_status":"closed","template":"","meta":{"ngg_post_thumbnail":0,"footnotes":""},"class_list":["post-18009","page","type-page","status-publish","hentry"],"_links":{"self":[{"href":"https:\/\/dackel.ch\/fr\/wp-json\/wp\/v2\/pages\/18009","targetHints":{"allow":["GET"]}}],"collection":[{"href":"https:\/\/dackel.ch\/fr\/wp-json\/wp\/v2\/pages"}],"about":[{"href":"https:\/\/dackel.ch\/fr\/wp-json\/wp\/v2\/types\/page"}],"author":[{"embeddable":true,"href":"https:\/\/dackel.ch\/fr\/wp-json\/wp\/v2\/users\/1"}],"replies":[{"embeddable":true,"href":"https:\/\/dackel.ch\/fr\/wp-json\/wp\/v2\/comments?post=18009"}],"version-history":[{"count":13,"href":"https:\/\/dackel.ch\/fr\/wp-json\/wp\/v2\/pages\/18009\/revisions"}],"predecessor-version":[{"id":19161,"href":"https:\/\/dackel.ch\/fr\/wp-json\/wp\/v2\/pages\/18009\/revisions\/19161"}],"up":[{"embeddable":true,"href":"https:\/\/dackel.ch\/fr\/wp-json\/wp\/v2\/pages\/17829"}],"wp:attachment":[{"href":"https:\/\/dackel.ch\/fr\/wp-json\/wp\/v2\/media?parent=18009"}],"curies":[{"name":"wp","href":"https:\/\/api.w.org\/{rel}","templated":true}]}}