{"id":18287,"date":"2016-03-14T12:48:18","date_gmt":"2016-03-14T12:48:18","guid":{"rendered":"https:\/\/dackel.ch\/annonce-de-saillie\/"},"modified":"2016-03-14T12:48:18","modified_gmt":"2016-03-14T12:48:18","slug":"annonce-de-saillie","status":"publish","type":"page","link":"https:\/\/dackel.ch\/fr\/annonce-de-saillie\/","title":{"rendered":"Annonce de saillie"},"content":{"rendered":"<script type=\"text\/javascript\">\n\/* <![CDATA[ *\/\nvar gform;gform||(document.addEventListener(\"gform_main_scripts_loaded\",function(){gform.scriptsLoaded=!0}),document.addEventListener(\"gform\/theme\/scripts_loaded\",function(){gform.themeScriptsLoaded=!0}),window.addEventListener(\"DOMContentLoaded\",function(){gform.domLoaded=!0}),gform={domLoaded:!1,scriptsLoaded:!1,themeScriptsLoaded:!1,isFormEditor:()=>\"function\"==typeof InitializeEditor,callIfLoaded:function(o){return!(!gform.domLoaded||!gform.scriptsLoaded||!gform.themeScriptsLoaded&&!gform.isFormEditor()||(gform.isFormEditor()&&console.warn(\"The use of gform.initializeOnLoaded() is deprecated in the form editor context and will be removed in Gravity Forms 3.1.\"),o(),0))},initializeOnLoaded:function(o){gform.callIfLoaded(o)||(document.addEventListener(\"gform_main_scripts_loaded\",()=>{gform.scriptsLoaded=!0,gform.callIfLoaded(o)}),document.addEventListener(\"gform\/theme\/scripts_loaded\",()=>{gform.themeScriptsLoaded=!0,gform.callIfLoaded(o)}),window.addEventListener(\"DOMContentLoaded\",()=>{gform.domLoaded=!0,gform.callIfLoaded(o)}))},hooks:{action:{},filter:{}},addAction:function(o,r,e,t){gform.addHook(\"action\",o,r,e,t)},addFilter:function(o,r,e,t){gform.addHook(\"filter\",o,r,e,t)},doAction:function(o){gform.doHook(\"action\",o,arguments)},applyFilters:function(o){return gform.doHook(\"filter\",o,arguments)},removeAction:function(o,r){gform.removeHook(\"action\",o,r)},removeFilter:function(o,r,e){gform.removeHook(\"filter\",o,r,e)},addHook:function(o,r,e,t,n){null==gform.hooks[o][r]&&(gform.hooks[o][r]=[]);var d=gform.hooks[o][r];null==n&&(n=r+\"_\"+d.length),gform.hooks[o][r].push({tag:n,callable:e,priority:t=null==t?10:t})},doHook:function(r,o,e){var t;if(e=Array.prototype.slice.call(e,1),null!=gform.hooks[r][o]&&((o=gform.hooks[r][o]).sort(function(o,r){return o.priority-r.priority}),o.forEach(function(o){\"function\"!=typeof(t=o.callable)&&(t=window[t]),\"action\"==r?t.apply(null,e):e[0]=t.apply(null,e)})),\"filter\"==r)return e[0]},removeHook:function(o,r,t,n){var e;null!=gform.hooks[o][r]&&(e=(e=gform.hooks[o][r]).filter(function(o,r,e){return!!(null!=n&&n!=o.tag||null!=t&&t!=o.priority)}),gform.hooks[o][r]=e)}});\n\/* ]]> *\/\n<\/script>\n\n                <div class='gf_browser_gecko gform_wrapper gform_legacy_markup_wrapper gform-theme--no-framework' data-form-theme='legacy' data-form-index='0' id='gform_wrapper_9' >\n                        <div class='gform_heading'>\n                            <h3 class=\"gform_title\">Annonce de saillie<\/h3>\n                            <p class='gform_description'><\/p>\n                        <\/div><form method='post' enctype='multipart\/form-data'  id='gform_9'  action='\/fr\/wp-json\/wp\/v2\/pages\/18287' data-formid='9' novalidate>\n                        <div class='gform-body gform_body'><ul id='gform_fields_9' class='gform_fields left_label form_sublabel_below description_below validation_below'><li id=\"field_9_5\" class=\"gfield gfield--type-section gsection field_sublabel_below gfield--no-description field_description_below field_validation_below gfield_visibility_visible\"  ><h2 class=\"gsection_title\">Informations sur le chien<\/h2><\/li><li id=\"field_9_21\" class=\"gfield gfield--type-select field_sublabel_below gfield--no-description field_description_below field_validation_below gfield_visibility_visible\"  ><label class='gfield_label gform-field-label' for='input_9_21'>Race\/Taille<\/label><div class='ginput_container ginput_container_select'><select name='input_21' id='input_9_21' class='medium gfield_select'     aria-invalid=\"false\" ><option value='Teckel \u00e0 poil court standard' >Teckel \u00e0 poil court standard<\/option><option value='Teckel nain \u00e0 poil court' >Teckel nain \u00e0 poil court<\/option><option value='Teckel Kaninchen \u00e0 poil court' >Teckel Kaninchen \u00e0 poil court<\/option><option value='Teckel \u00e0 poil dur standard' >Teckel \u00e0 poil dur standard<\/option><option value='Teckel nain \u00e0 poil dur' >Teckel nain \u00e0 poil dur<\/option><option value='Teckel Kaninchen \u00e0 poil dur' >Teckel Kaninchen \u00e0 poil dur<\/option><option value='Teckel \u00e0 poil long standard' >Teckel \u00e0 poil long standard<\/option><option value='Teckel nain \u00e0 poil long' >Teckel nain \u00e0 poil long<\/option><option value='Teckel Kaninchen \u00e0 poil long' >Teckel Kaninchen \u00e0 poil long<\/option><\/select><\/div><\/li><li id=\"field_9_1\" class=\"gfield gfield--type-text field_sublabel_below gfield--no-description field_description_below field_validation_below gfield_visibility_visible\"  ><label class='gfield_label gform-field-label' for='input_9_1'>Nom d&#039;\u00e9levage<\/label><div class='ginput_container ginput_container_text'><input name='input_1' id='input_9_1' type='text' value='' class='medium'      aria-invalid=\"false\"   \/><\/div><\/li><li id=\"field_9_12\" class=\"gfield gfield--type-date gfield--input-type-datepicker gfield--datepicker-default-icon field_sublabel_below gfield--no-description field_description_below field_validation_below gfield_visibility_visible\"  ><label class='gfield_label gform-field-label' for='input_9_12'>Date de saillie<\/label><div class='ginput_container ginput_container_date'>\n                            <input name='input_12' id='input_9_12' type='text' value='' class='datepicker gform-datepicker dmy_dot datepicker_with_icon gdatepicker_with_icon'   placeholder='jj.mm.aaaa' aria-describedby=\"input_9_12_date_format\" aria-invalid=\"false\" \/>\n                            <span id='input_9_12_date_format' class='screen-reader-text'>JJ point MM point AAAA<\/span>\n                        <\/div>\n                        <input type='hidden' id='gforms_calendar_icon_input_9_12' class='gform_hidden' value='https:\/\/dackel.ch\/wp-content\/plugins\/gravityforms\/images\/datepicker\/datepicker.svg'\/><\/li><li id=\"field_9_13\" class=\"gfield gfield--type-text field_sublabel_below gfield--no-description field_description_below field_validation_below gfield_visibility_visible\"  ><label class='gfield_label gform-field-label' for='input_9_13'>N\u00b0 d&#039;affixe<\/label><div class='ginput_container ginput_container_text'><input name='input_13' id='input_9_13' type='text' value='' class='small'      aria-invalid=\"false\"   \/><\/div><\/li><li id=\"field_9_15\" class=\"gfield gfield--type-text field_sublabel_below gfield--no-description field_description_below field_validation_below gfield_visibility_visible\"  ><label class='gfield_label gform-field-label' for='input_9_15'>P\u00e8re<\/label><div class='ginput_container ginput_container_text'><input name='input_15' id='input_9_15' type='text' value='' class='medium'      aria-invalid=\"false\"   \/><\/div><\/li><li id=\"field_9_17\" class=\"gfield gfield--type-text field_sublabel_below gfield--no-description field_description_below field_validation_below gfield_visibility_visible\"  ><label class='gfield_label gform-field-label' for='input_9_17'>M\u00e8re<\/label><div class='ginput_container ginput_container_text'><input name='input_17' id='input_9_17' type='text' value='' class='medium'      aria-invalid=\"false\"   \/><\/div><\/li><li id=\"field_9_18\" class=\"gfield gfield--type-text field_sublabel_below gfield--no-description field_description_below field_validation_below gfield_visibility_visible\"  ><label class='gfield_label gform-field-label' for='input_9_18'>SHSB M\u00e8re<\/label><div class='ginput_container ginput_container_text'><input name='input_18' id='input_9_18' type='text' value='' class='small'      aria-invalid=\"false\"   \/><\/div><\/li><li id=\"field_9_4\" class=\"gfield gfield--type-section gsection field_sublabel_below gfield--no-description field_description_below field_validation_below gfield_visibility_visible\"  ><h2 class=\"gsection_title\">Informations sur la personne<\/h2><\/li><li id=\"field_9_6\" class=\"gfield gfield--type-text field_sublabel_below gfield--no-description field_description_below field_validation_below gfield_visibility_visible\"  ><label class='gfield_label gform-field-label' for='input_9_6'>Nom Pr\u00e9nom (personne de contact)<\/label><div class='ginput_container ginput_container_text'><input name='input_6' id='input_9_6' type='text' value='' class='medium'      aria-invalid=\"false\"   \/><\/div><\/li><li id=\"field_9_3\" class=\"gfield gfield--type-text field_sublabel_below gfield--no-description field_description_below field_validation_below gfield_visibility_visible\"  ><label class='gfield_label gform-field-label' for='input_9_3'>Num\u00e9ro de membre SDC<\/label><div class='ginput_container ginput_container_text'><input name='input_3' id='input_9_3' type='text' value='' class='small'      aria-invalid=\"false\"   \/><\/div><\/li><li id=\"field_9_7\" class=\"gfield gfield--type-text field_sublabel_below gfield--no-description field_description_below field_validation_below gfield_visibility_visible\"  ><label class='gfield_label gform-field-label' for='input_9_7'>Adresse<\/label><div class='ginput_container ginput_container_text'><input name='input_7' id='input_9_7' type='text' value='' class='medium'      aria-invalid=\"false\"   \/><\/div><\/li><li id=\"field_9_8\" class=\"gfield gfield--type-text field_sublabel_below gfield--no-description field_description_below field_validation_below gfield_visibility_visible\"  ><label class='gfield_label gform-field-label' for='input_9_8'>NPA Lieu<\/label><div class='ginput_container ginput_container_text'><input name='input_8' id='input_9_8' type='text' value='' class='medium'      aria-invalid=\"false\"   \/><\/div><\/li><li id=\"field_9_11\" class=\"gfield gfield--type-phone field_sublabel_below gfield--no-description field_description_below field_validation_below gfield_visibility_visible\"  ><label class='gfield_label gform-field-label' for='input_9_11'>T\u00e9l\u00e9phone<\/label><div class='ginput_container ginput_container_phone'><input name='input_11' id='input_9_11' type='tel' value='' class='medium'    aria-invalid=\"false\"   \/><\/div><\/li><li id=\"field_9_10\" class=\"gfield gfield--type-email field_sublabel_below gfield--no-description field_description_below field_validation_below gfield_visibility_visible\"  ><label class='gfield_label gform-field-label' for='input_9_10'>E-mail<\/label><div class='ginput_container ginput_container_email'>\n                            <input name='input_10' id='input_9_10' type='email' value='' class='medium'     aria-invalid=\"false\"  \/>\n                        <\/div><\/li><li id=\"field_9_16\" class=\"gfield gfield--type-textarea field_sublabel_below gfield--no-description field_description_below field_validation_below gfield_visibility_visible\"  ><label class='gfield_label gform-field-label' for='input_9_16'>Remarques<\/label><div class='ginput_container ginput_container_textarea'><textarea name='input_16' id='input_9_16' class='textarea medium'      aria-invalid=\"false\"   rows='10' cols='50'><\/textarea><\/div><\/li><li id=\"field_9_20\" class=\"gfield gfield--type-website field_sublabel_below gfield--no-description field_description_below field_validation_below gfield_visibility_visible\"  ><label class='gfield_label gform-field-label' for='input_9_20'>Site web\/Lien<\/label><div class='ginput_container ginput_container_website'>\n                    <input name='input_20' id='input_9_20' type='url' value='' class='medium'    placeholder='http:\/\/'  aria-invalid=\"false\" \/>\n                <\/div><\/li><li id=\"field_9_22\" class=\"gfield gfield--type-html gfield_html gfield_html_formatted gfield_no_follows_desc field_sublabel_below gfield--no-description field_description_below field_validation_below gfield_visibility_visible\"  >Les inscriptions dans cette liste ne sont possibles que si la m\u00e8re est enregistr\u00e9e au SCS et que l'\u00e9talon remplit les exigences du RC ! Elles sont gratuites pour les membres du SDC qui ont \u00e9galement des annonces d'\u00e9leveurs sur le forum.\nLe p\u00e8re et la m\u00e8re doivent \u00eatre nomm\u00e9s, nom d'\u00e9levage inclus. Les inscriptions sont automatiquement supprim\u00e9es 65 jours apr\u00e8s la date de saillie.   <\/li><li id=\"field_9_23\" class=\"gfield gfield--type-captcha field_sublabel_below gfield--no-description field_description_below field_validation_below gfield_visibility_visible\"  ><label class='gfield_label gform-field-label' for='input_9_23'>Protection anti-spam<\/label><div id='input_9_23' class='ginput_container ginput_recaptcha' data-sitekey='6LfuwRcUAAAAANyGwP9AvnbPYja1JTkT56hWiXI4'  data-theme='light' data-tabindex='0'  data-badge=''><\/div><\/li><\/ul><\/div>\n        <div class='gform-footer gform_footer left_label'> <input type='submit' id='gform_submit_button_9' class='gform_button button' onclick='gform.submission.handleButtonClick(this);' data-submission-type='submit' value='Envoyer'  \/> \n            <input type='hidden' class='gform_hidden' name='gform_submission_method' data-js='gform_submission_method_9' value='postback' \/>\n            <input type='hidden' class='gform_hidden' name='gform_theme' data-js='gform_theme_9' id='gform_theme_9' value='legacy' \/>\n            <input type='hidden' class='gform_hidden' name='gform_style_settings' data-js='gform_style_settings_9' id='gform_style_settings_9' value='[]' \/>\n            <input type='hidden' class='gform_hidden' name='is_submit_9' value='1' \/>\n            <input type='hidden' class='gform_hidden' name='gform_submit' value='9' \/>\n            \n            <input type='hidden' class='gform_hidden' name='gform_currency' data-currency='CHF' value='is2CbYIRSsGAIkZPzySdvarQT3UKK6VdQUH\/9z+yIYSjXY4c0wQ6rZNUGaly6aFcUtUBEv+YCJ\/fctDPwlmYWtBUZJsh6etGCyvziDJflnl3Ido=' \/>\n            <input type='hidden' class='gform_hidden' name='gform_unique_id' value='' \/>\n            <input type='hidden' class='gform_hidden' name='state_9' value='WyJbXSIsIjdmMDY1YzZhM2FiYzczMTNiYjRmZTQ0YWIwMDM0ZDk0Il0=' \/>\n            <input type='hidden' autocomplete='off' class='gform_hidden' name='gform_target_page_number_9' id='gform_target_page_number_9' value='0' \/>\n            <input type='hidden' autocomplete='off' class='gform_hidden' name='gform_source_page_number_9' id='gform_source_page_number_9' value='1' \/>\n            <input type='hidden' name='gform_field_values' value='' \/>\n            \n        <\/div>\n                        <p style=\"display: none !important;\" class=\"akismet-fields-container\" data-prefix=\"ak_\"><label>&#916;<textarea name=\"ak_hp_textarea\" cols=\"45\" rows=\"8\" maxlength=\"100\"><\/textarea><\/label><input type=\"hidden\" id=\"ak_js_1\" name=\"ak_js\" value=\"5\"\/><script>document.getElementById( \"ak_js_1\" ).setAttribute( \"value\", ( new Date() ).getTime() );<\/script><\/p><\/form>\n                        <\/div><script type=\"text\/javascript\">\n\/* <![CDATA[ *\/\n gform.initializeOnLoaded( function() {gformInitSpinner( 9, 'https:\/\/dackel.ch\/wp-content\/plugins\/gravityforms\/images\/spinner.svg', true );jQuery('#gform_ajax_frame_9').on('load',function(){var contents = jQuery(this).contents().find('*').html();var is_postback = contents.indexOf('GF_AJAX_POSTBACK') >= 0;if(!is_postback){return;}var form_content = jQuery(this).contents().find('#gform_wrapper_9');var is_confirmation = jQuery(this).contents().find('#gform_confirmation_wrapper_9').length > 0;var is_redirect = contents.indexOf('gformRedirect(){') >= 0;var is_form = form_content.length > 0 && ! is_redirect && ! is_confirmation;var mt = parseInt(jQuery('html').css('margin-top'), 10) + parseInt(jQuery('body').css('margin-top'), 10) + 100;if(is_form){jQuery('#gform_wrapper_9').html(form_content.html());if(form_content.hasClass('gform_validation_error')){jQuery('#gform_wrapper_9').addClass('gform_validation_error');} else {jQuery('#gform_wrapper_9').removeClass('gform_validation_error');}setTimeout( function() { \/* delay the scroll by 50 milliseconds to fix a bug in chrome *\/  }, 50 );if(window['gformInitDatepicker']) {gformInitDatepicker();}if(window['gformInitPriceFields']) {gformInitPriceFields();}var current_page = jQuery('#gform_source_page_number_9').val();gformInitSpinner( 9, 'https:\/\/dackel.ch\/wp-content\/plugins\/gravityforms\/images\/spinner.svg', true );jQuery(document).trigger('gform_page_loaded', [9, current_page]);window['gf_submitting_9'] = false;}else if(!is_redirect){var confirmation_content = jQuery(this).contents().find('.GF_AJAX_POSTBACK').html();if(!confirmation_content){confirmation_content = contents;}jQuery('#gform_wrapper_9').replaceWith(confirmation_content);jQuery(document).trigger('gform_confirmation_loaded', [9]);window['gf_submitting_9'] = false;wp.a11y.speak(jQuery('#gform_confirmation_message_9').text());}else{jQuery('#gform_9').append(contents);if(window['gformRedirect']) {gformRedirect();}}jQuery(document).trigger(\"gform_pre_post_render\", [{ formId: \"9\", currentPage: \"current_page\", abort: function() { this.preventDefault(); } }]);        if (event && event.defaultPrevented) {                return;        }        const gformWrapperDiv = document.getElementById( \"gform_wrapper_9\" );        if ( gformWrapperDiv ) {            const visibilitySpan = document.createElement( \"span\" );            visibilitySpan.id = \"gform_visibility_test_9\";            gformWrapperDiv.insertAdjacentElement( \"afterend\", visibilitySpan );        }        const visibilityTestDiv = document.getElementById( \"gform_visibility_test_9\" );        let postRenderFired = false;        function triggerPostRender() {            if ( postRenderFired ) {                return;            }            postRenderFired = true;            gform.core.triggerPostRenderEvents( 9, current_page );            if ( visibilityTestDiv ) {                visibilityTestDiv.parentNode.removeChild( visibilityTestDiv );            }        }        function debounce( func, wait, immediate ) {            var timeout;            return function() {                var context = this, args = arguments;                var later = function() {                    timeout = null;                    if ( !immediate ) func.apply( context, args );                };                var callNow = immediate && !timeout;                clearTimeout( timeout );                timeout = setTimeout( later, wait );                if ( callNow ) func.apply( context, args );            };        }        const debouncedTriggerPostRender = debounce( function() {            triggerPostRender();        }, 200 );        if ( visibilityTestDiv && visibilityTestDiv.offsetParent === null ) {            const observer = new MutationObserver( ( mutations ) => {                mutations.forEach( ( mutation ) => {                    if ( mutation.type === 'attributes' && visibilityTestDiv.offsetParent !== null ) {                        debouncedTriggerPostRender();                        observer.disconnect();                    }                });            });            observer.observe( document.body, {                attributes: true,                childList: false,                subtree: true,                attributeFilter: [ 'style', 'class' ],            });        } else {            triggerPostRender();        }    } );} ); \n\/* ]]> *\/\n<\/script>\n\n<hr>\n<p><b>Les inscriptions dans cette liste ne sont possibles que si la m\u00e8re est enregistr\u00e9e au SHSB et que l\u2019\u00e9talon r\u00e9pond aux exigences du r\u00e8glement d\u2019\u00e9levage&nbsp;! Elles sont gratuites pour les membres du SDC qui ont \u00e9galement des annonces d\u2019\u00e9leveurs sur le forum.<\/b><br \/>\nLe p\u00e8re et la m\u00e8re doivent \u00eatre nomm\u00e9s, y compris le nom d\u2019\u00e9levage&nbsp;! Les inscriptions seront supprim\u00e9es 65&nbsp;jours apr\u00e8s la date de saillie.  <\/p>\n","protected":false},"excerpt":{"rendered":"<p>Les inscriptions dans cette liste ne sont possibles que si la m\u00e8re est enregistr\u00e9e au SHSB et que l\u2019\u00e9talon r\u00e9pond aux exigences du r\u00e8glement d\u2019\u00e9levage&nbsp;! Elles sont gratuites pour les membres du SDC qui ont \u00e9galement des annonces d\u2019\u00e9leveurs sur le forum. Le p\u00e8re et la m\u00e8re doivent \u00eatre nomm\u00e9s, y compris le nom d\u2019\u00e9levage&nbsp;! [&hellip;]<\/p>\n","protected":false},"author":1,"featured_media":0,"parent":0,"menu_order":0,"comment_status":"closed","ping_status":"closed","template":"","meta":{"ngg_post_thumbnail":0,"footnotes":""},"class_list":["post-18287","page","type-page","status-publish","hentry"],"_links":{"self":[{"href":"https:\/\/dackel.ch\/fr\/wp-json\/wp\/v2\/pages\/18287","targetHints":{"allow":["GET"]}}],"collection":[{"href":"https:\/\/dackel.ch\/fr\/wp-json\/wp\/v2\/pages"}],"about":[{"href":"https:\/\/dackel.ch\/fr\/wp-json\/wp\/v2\/types\/page"}],"author":[{"embeddable":true,"href":"https:\/\/dackel.ch\/fr\/wp-json\/wp\/v2\/users\/1"}],"replies":[{"embeddable":true,"href":"https:\/\/dackel.ch\/fr\/wp-json\/wp\/v2\/comments?post=18287"}],"version-history":[{"count":0,"href":"https:\/\/dackel.ch\/fr\/wp-json\/wp\/v2\/pages\/18287\/revisions"}],"wp:attachment":[{"href":"https:\/\/dackel.ch\/fr\/wp-json\/wp\/v2\/media?parent=18287"}],"curies":[{"name":"wp","href":"https:\/\/api.w.org\/{rel}","templated":true}]}}