{"id":18306,"date":"2016-02-20T17:04:21","date_gmt":"2016-02-20T17:04:21","guid":{"rendered":"https:\/\/dackel.ch\/chiots-et-elevage\/placement-de-teckels\/rechercher-teckel\/"},"modified":"2026-02-03T11:06:26","modified_gmt":"2026-02-03T11:06:26","slug":"rechercher-teckel","status":"publish","type":"page","link":"https:\/\/dackel.ch\/fr\/chiots-et-elevage\/placement-de-teckels\/rechercher-teckel\/","title":{"rendered":"Rechercher Teckel"},"content":{"rendered":"\n<style type=\"text\/css\" data-created_by=\"avia_inline_auto\" id=\"style-css-av-11gfxf-bd46b096292593a36d52e77e627b2182\">\n.flex_column.av-11gfxf-bd46b096292593a36d52e77e627b2182{\nborder-radius:0px 0px 0px 0px;\npadding:0px 0px 0px 0px;\n}\n<\/style>\n<div  class='flex_column av-11gfxf-bd46b096292593a36d52e77e627b2182 av_one_full  avia-builder-el-0  el_before_av_one_full  avia-builder-el-first  first flex_column_div av-zero-column-padding  '     ><p><div  class='avia-button-wrap av-37f1f-80622855720ff1492e5833dc065cc250-wrap avia-button-right  avia-builder-el-1  el_before_av_textblock  avia-builder-el-first '><a href='#forminteressenten'  class='avia-button av-37f1f-80622855720ff1492e5833dc065cc250 av-link-btn avia-icon_select-yes-left-icon avia-size-small avia-position-right avia-color-theme-color'   aria-label=\"Ajouter une nouvelle annonce\"><span class='avia_button_icon avia_button_icon_left avia-iconfont avia-font-entypo-fontello' data-av_icon='\ue836' data-av_iconfont='entypo-fontello' ><\/span><span class='avia_iconbox_title' >Ajouter une nouvelle annonce<\/span><\/a><\/div><br \/>\n<section  class='av_textblock_section av-qi4pn-21fb58f1edfbcf687354ea350f982ab9 '   itemscope=\"itemscope\" itemtype=\"https:\/\/schema.org\/CreativeWork\" ><div class='avia_textblock'  itemprop=\"text\" ><h3>Liste des personnes int\u00e9ress\u00e9es par les teckels<br \/>\nRecherche d&#8217;un teckel \u00ab&nbsp;plus \u00e2g\u00e9&nbsp;\u00bb<\/h3>\n<hr>\n<h3><\/h3>\n<p>Merci d&#8217;envoyer ton offre, en indiquant l&#8217;ID concern\u00e9, au service de <a href=\"mailto:welpenvermittlung@dackel.ch\" target=\"_blank\" rel=\"noopener\">placement de teckels\/chiots<\/a> du SDC&nbsp;!<\/p>\n<hr>\n<div id=\"gv-view-889-1\" class=\"gv-template-list\"><div class=\"gv-list-container gv-list-multiple-container gv-container gv-container-889\">\n\t\t\t<div id=\"gv_list_2068\" class=\"gv-list-view\">\n\n\t\t\n\t\t\t<div class=\"gv-list-view-title\">\n\t\t\t\t<h3 class=\"gv-field-11-18\"><span class=\"gv-field-label\">Dackel gesucht! Rasse\/Gr\u00f6sse:<\/span>Rauhhaardackel Standard<\/h3>\t\t\t\t\t\t<div class=\"gv-list-view-subtitle\">\n\t\t\t\t\t\t<h4 id=\"gv-field-11-id\" class=\"gv-field-11-id\"><span class=\"gv-field-label\">ID:<\/span>2068<\/h4>\t\t\t\t\t\t<\/div>\n\t\t\t\t\t\t\t\t\t<\/div>\n\t\t\t\t\t\t<div class=\"gv-grid gv-list-view-content\">\n\n\t\t\t\t\t\t\t\t\t\t<div class=\"gv-grid-col-1-3 gv-list-view-content-image\">\n\t\t\t\t\t\t<div id=\"gv-field-11-17\" class=\"gv-field-11-17\"><span class=\"gv-field-label\">Wunschalter<\/span>ab 10 Jahren<\/div>\t\t\t\t\t\t<\/div>\n\t\t\t\t\t\t\t\t\t\t\t\t<div class=\"gv-grid-col-2-3 gv-list-view-content-description\">\n\t\t\t\t\t\t<div id=\"gv-field-11-16\" class=\"gv-field-11-16\"><span class=\"gv-field-label\">Bemerkungen:<\/span><p>Ihr lieben Wir w\u00fcrden einem alten Dackel (Geschlecht egal) einen wundersch\u00f6nen Platz bieten, sollte vertr\u00e4glich sein mit anderen Tieren, Katzen, Hunden, H\u00fchner etc<\/p>\n<\/div>\t\t\t\t\t\t<\/div>\n\t\t\t\t\t\t\n\t\t\t<\/div>\n\n\t\t\t\n\t\t<\/div>\n\n\t\t\t\t<div id=\"gv_list_2077\" class=\"gv-list-view\">\n\n\t\t\n\t\t\t<div class=\"gv-list-view-title\">\n\t\t\t\t<h3 class=\"gv-field-11-18\"><span class=\"gv-field-label\">Dackel gesucht! Rasse\/Gr\u00f6sse:<\/span>Langhaardackel Standard<\/h3>\t\t\t\t\t\t<div class=\"gv-list-view-subtitle\">\n\t\t\t\t\t\t<h4 id=\"gv-field-11-id\" class=\"gv-field-11-id\"><span class=\"gv-field-label\">ID:<\/span>2077<\/h4>\t\t\t\t\t\t<\/div>\n\t\t\t\t\t\t\t\t\t<\/div>\n\t\t\t\t\t\t<div class=\"gv-grid gv-list-view-content\">\n\n\t\t\t\t\t\t\t\t\t\t<div class=\"gv-grid-col-1-3 gv-list-view-content-image\">\n\t\t\t\t\t\t<div id=\"gv-field-11-17\" class=\"gv-field-11-17\"><span class=\"gv-field-label\">Wunschalter<\/span>8 - 10 Jahre<\/div>\t\t\t\t\t\t<\/div>\n\t\t\t\t\t\t\t\t\t\t\t\t<div class=\"gv-grid-col-2-3 gv-list-view-content-description\">\n\t\t\t\t\t\t<div id=\"gv-field-11-16\" class=\"gv-field-11-16\"><span class=\"gv-field-label\">Bemerkungen:<\/span><p>Wir mussten unsere 12 1\/2 j\u00e4hrige Langhaardackel-Dame am 31.01.2026 \u00fcber die Regenborgenbr\u00fccke begleiten. Wir hatten Queini erst als 10-j\u00e4hrige \u00fcbernommen und hatten noch eine wundersch\u00f6ne Zeit mit ihr.<br \/>\nGerne w\u00fcrden wir wieder einem Hund einen sch\u00f6nen Lebensabend erm\u00f6glichen - sie muss aber gut erzogen sein, gerne autofahren und sich in einem Restaurant gut benehmen und ohne Probleme daheim alleine sein.<\/p>\n<\/div>\t\t\t\t\t\t<\/div>\n\t\t\t\t\t\t\n\t\t\t<\/div>\n\n\t\t\t\n\t\t<\/div>\n\n\t\t\t\t<div id=\"gv_list_2080\" class=\"gv-list-view\">\n\n\t\t\n\t\t\t<div class=\"gv-list-view-title\">\n\t\t\t\t<h3 class=\"gv-field-11-18\"><span class=\"gv-field-label\">Dackel gesucht! Rasse\/Gr\u00f6sse:<\/span>Rauhhaardackel Standard<\/h3>\t\t\t\t\t\t<div class=\"gv-list-view-subtitle\">\n\t\t\t\t\t\t<h4 id=\"gv-field-11-id\" class=\"gv-field-11-id\"><span class=\"gv-field-label\">ID:<\/span>2080<\/h4>\t\t\t\t\t\t<\/div>\n\t\t\t\t\t\t\t\t\t<\/div>\n\t\t\t\t\t\t<div class=\"gv-grid gv-list-view-content\">\n\n\t\t\t\t\t\t\t\t\t\t<div class=\"gv-grid-col-1-3 gv-list-view-content-image\">\n\t\t\t\t\t\t<div id=\"gv-field-11-17\" class=\"gv-field-11-17\"><span class=\"gv-field-label\">Wunschalter<\/span>Below 1 year old.<\/div>\t\t\t\t\t\t<\/div>\n\t\t\t\t\t\t\t\t\t\t\t\t<div class=\"gv-grid-col-2-3 gv-list-view-content-description\">\n\t\t\t\t\t\t<div id=\"gv-field-11-16\" class=\"gv-field-11-16\"><span class=\"gv-field-label\">Bemerkungen:<\/span><p>Hi everyone! <\/p>\n<p>Myself and my girlfriend are looking for a wirehaired dachshund to add to our lives in Switzerland. If anyone has any information on where or who might be able to help up in finding our new best friend that would be much appreciated!! <\/p>\n<p>Thank you in advance,<br \/>\nCian and Katie<\/p>\n<\/div>\t\t\t\t\t\t<\/div>\n\t\t\t\t\t\t\n\t\t\t<\/div>\n\n\t\t\t\n\t\t<\/div>\n\n\t\t\t\t<div id=\"gv_list_2081\" class=\"gv-list-view\">\n\n\t\t\n\t\t\t<div class=\"gv-list-view-title\">\n\t\t\t\t<h3 class=\"gv-field-11-18\"><span class=\"gv-field-label\">Dackel gesucht! Rasse\/Gr\u00f6sse:<\/span>Rauhhaardackel Standard<\/h3>\t\t\t\t\t\t<div class=\"gv-list-view-subtitle\">\n\t\t\t\t\t\t<h4 id=\"gv-field-11-id\" class=\"gv-field-11-id\"><span class=\"gv-field-label\">ID:<\/span>2081<\/h4>\t\t\t\t\t\t<\/div>\n\t\t\t\t\t\t\t\t\t<\/div>\n\t\t\t\t\t\t<div class=\"gv-grid gv-list-view-content\">\n\n\t\t\t\t\t\t\t\t\t\t<div class=\"gv-grid-col-1-3 gv-list-view-content-image\">\n\t\t\t\t\t\t<div id=\"gv-field-11-17\" class=\"gv-field-11-17\"><span class=\"gv-field-label\">Wunschalter<\/span>Welpen oder 1 bis 2 J\u00e4hrig auch \u00e4lter bis 5 Jahre<\/div>\t\t\t\t\t\t<\/div>\n\t\t\t\t\t\t\t\t\t\t\t\t<div class=\"gv-grid-col-2-3 gv-list-view-content-description\">\n\t\t\t\t\t\t<div id=\"gv-field-11-16\" class=\"gv-field-11-16\"><span class=\"gv-field-label\">Bemerkungen:<\/span><p>Guten Tag meine Damen und Herren,<br \/>\nWir suchen eine Rauhaar-Dackel Dame schwarz\/rot<\/p>\n<p>Unsere Dackel Dame ist gestern gestorben Sie wurde 17 Jahr und 7 Monate alt<br \/>\n                                  Gruss A. Julmy<\/p>\n<\/div>\t\t\t\t\t\t<\/div>\n\t\t\t\t\t\t\n\t\t\t<\/div>\n\n\t\t\t\n\t\t<\/div>\n\n\t\t\t\t<div id=\"gv_list_2083\" class=\"gv-list-view\">\n\n\t\t\n\t\t\t<div class=\"gv-list-view-title\">\n\t\t\t\t<h3 class=\"gv-field-11-18\"><span class=\"gv-field-label\">Dackel gesucht! Rasse\/Gr\u00f6sse:<\/span>Kurzhaardackel Zwerg<\/h3>\t\t\t\t\t\t<div class=\"gv-list-view-subtitle\">\n\t\t\t\t\t\t<h4 id=\"gv-field-11-id\" class=\"gv-field-11-id\"><span class=\"gv-field-label\">ID:<\/span>2083<\/h4>\t\t\t\t\t\t<\/div>\n\t\t\t\t\t\t\t\t\t<\/div>\n\t\t\t\t\t\t<div class=\"gv-grid gv-list-view-content\">\n\n\t\t\t\t\t\t\t\t\t\t<div class=\"gv-grid-col-1-3 gv-list-view-content-image\">\n\t\t\t\t\t\t<div id=\"gv-field-11-17\" class=\"gv-field-11-17\"><span class=\"gv-field-label\">Wunschalter<\/span>Ab 12 Monate<\/div>\t\t\t\t\t\t<\/div>\n\t\t\t\t\t\t\t\t\t\t\t\t<div class=\"gv-grid-col-2-3 gv-list-view-content-description\">\n\t\t\t\t\t\t<div id=\"gv-field-11-16\" class=\"gv-field-11-16\"><span class=\"gv-field-label\">Bemerkungen:<\/span><p>Wir sind seit langem auf der Suche nach einem glatt- oder Rauhaardackel bis ca 8kg.<br \/>\nWir sind ein Hunde- und dackelerfahrenes Ehepaar (59 J) und haben einen 9-j\u00e4hrigen lieben rauhaar-Zwerg. wir m\u00f6chten einem Dackel von einigen Monaten bis ca. 6 Jahren einen guten Lebensplatz erm\u00f6glichen. F\u00fcr jegliche Hinweise bis in den s\u00fcddeutschen Raum sind wir dankbar.<br \/>\nHerzliche Gr\u00fcsse<\/p>\n<\/div>\t\t\t\t\t\t<\/div>\n\t\t\t\t\t\t\n\t\t\t<\/div>\n\n\t\t\t\n\t\t<\/div>\n\n\t\t\t<\/div>\n\t\t<style>\n\t\t\t.fancybox-container {\n\t\t\t\tz-index: 100000; \/** Divi is 99999 *\/\n\t\t\t}\n\n\t\t\t.admin-bar .fancybox-container {\n\t\t\t\tmargin-top: 32px;\n\t\t\t}\n\t\t<\/style>\n\t\t<script>\n\t\t\tif ( window.Fancybox ){\n\t\t\t\tFancybox.bind(\".gravityview-fancybox\", {\"animationEffect\":\"fade\",\"toolbar\":true,\"closeExisting\":true,\"arrows\":true,\"buttons\":[\"thumbs\",\"close\"],\"i18n\":{\"en\":{\"CLOSE\":\"Fermer\",\"NEXT\":\"Suivant\",\"PREV\":\"Pr\\u00e9c\\u00e9dent\",\"ERROR\":\"Le contenu demand\\u00e9 ne peut pas \\u00eatre charg\\u00e9. Veuillez r\\u00e9essayer plus tard.\",\"PLAY_START\":\"D\\u00e9marrer le diaporama\",\"PLAY_STOP\":\"Mettre le diaporama en pause\",\"FULL_SCREEN\":\"Plein \\u00e9cran\",\"THUMBS\":\"Vignettes\",\"DOWNLOAD\":\"T\\u00e9l\\u00e9charger\",\"SHARE\":\"Partager\",\"ZOOM\":\"Zoom\"}}});\n\t\t\t}\n\t\t<\/script>\n\t\t<input type=\"hidden\" class=\"gravityview-view-id\" value=\"889\"><\/div>\n<h4><\/h4>\n<h3><\/h3>\n<\/div><\/section><\/p><\/div>\n<style type=\"text\/css\" data-created_by=\"avia_inline_auto\" id=\"style-css-av-m4c5n-bb6a54b38545e03f21824f9701ded7e3\">\n.flex_column.av-m4c5n-bb6a54b38545e03f21824f9701ded7e3{\nborder-radius:0px 0px 0px 0px;\npadding:0px 0px 0px 10px;\nbackground-color:#ededc2;\n}\n<\/style>\n<div  class='flex_column av-m4c5n-bb6a54b38545e03f21824f9701ded7e3 av_one_full  avia-builder-el-3  el_after_av_one_full  avia-builder-el-last  first flex_column_div  column-top-margin'     ><p><section  class='av_textblock_section av-fr1iz-6741b88c02c3268031889064390a7fc0 '   itemscope=\"itemscope\" itemtype=\"https:\/\/schema.org\/CreativeWork\" ><div class='avia_textblock'  itemprop=\"text\" ><p><a name=\"forminteressenten\"><\/a><\/p>\n<p style=\"text-align: center;\">Ajouter une nouvelle annonce &#8230;<\/p>\n<\/div><\/section><br \/>\n<section  class='av_textblock_section av-7j0w3-f439c33e6a5dda83fb897c53ad603b2e '   itemscope=\"itemscope\" itemtype=\"https:\/\/schema.org\/CreativeWork\" ><div class='avia_textblock'  itemprop=\"text\" ><script type=\"text\/javascript\">\n\/* <![CDATA[ *\/\nvar gform;gform||(document.addEventListener(\"gform_main_scripts_loaded\",function(){gform.scriptsLoaded=!0}),document.addEventListener(\"gform\/theme\/scripts_loaded\",function(){gform.themeScriptsLoaded=!0}),window.addEventListener(\"DOMContentLoaded\",function(){gform.domLoaded=!0}),gform={domLoaded:!1,scriptsLoaded:!1,themeScriptsLoaded:!1,isFormEditor:()=>\"function\"==typeof InitializeEditor,callIfLoaded:function(o){return!(!gform.domLoaded||!gform.scriptsLoaded||!gform.themeScriptsLoaded&&!gform.isFormEditor()||(gform.isFormEditor()&&console.warn(\"The use of gform.initializeOnLoaded() is deprecated in the form editor context and will be removed in Gravity Forms 3.1.\"),o(),0))},initializeOnLoaded:function(o){gform.callIfLoaded(o)||(document.addEventListener(\"gform_main_scripts_loaded\",()=>{gform.scriptsLoaded=!0,gform.callIfLoaded(o)}),document.addEventListener(\"gform\/theme\/scripts_loaded\",()=>{gform.themeScriptsLoaded=!0,gform.callIfLoaded(o)}),window.addEventListener(\"DOMContentLoaded\",()=>{gform.domLoaded=!0,gform.callIfLoaded(o)}))},hooks:{action:{},filter:{}},addAction:function(o,r,e,t){gform.addHook(\"action\",o,r,e,t)},addFilter:function(o,r,e,t){gform.addHook(\"filter\",o,r,e,t)},doAction:function(o){gform.doHook(\"action\",o,arguments)},applyFilters:function(o){return gform.doHook(\"filter\",o,arguments)},removeAction:function(o,r){gform.removeHook(\"action\",o,r)},removeFilter:function(o,r,e){gform.removeHook(\"filter\",o,r,e)},addHook:function(o,r,e,t,n){null==gform.hooks[o][r]&&(gform.hooks[o][r]=[]);var d=gform.hooks[o][r];null==n&&(n=r+\"_\"+d.length),gform.hooks[o][r].push({tag:n,callable:e,priority:t=null==t?10:t})},doHook:function(r,o,e){var t;if(e=Array.prototype.slice.call(e,1),null!=gform.hooks[r][o]&&((o=gform.hooks[r][o]).sort(function(o,r){return o.priority-r.priority}),o.forEach(function(o){\"function\"!=typeof(t=o.callable)&&(t=window[t]),\"action\"==r?t.apply(null,e):e[0]=t.apply(null,e)})),\"filter\"==r)return e[0]},removeHook:function(o,r,t,n){var e;null!=gform.hooks[o][r]&&(e=(e=gform.hooks[o][r]).filter(function(o,r,e){return!!(null!=n&&n!=o.tag||null!=t&&t!=o.priority)}),gform.hooks[o][r]=e)}});\n\/* ]]> *\/\n<\/script>\n\n                <div class='gf_browser_gecko gform_wrapper gform_legacy_markup_wrapper gform-theme--no-framework' data-form-theme='legacy' data-form-index='0' id='gform_wrapper_11' >\n                        <div class='gform_heading'>\n                            <h3 class=\"gform_title\">Rechercher Teckel<\/h3>\n                            <p class='gform_description'><\/p>\n                        <\/div><form method='post' enctype='multipart\/form-data'  id='gform_11'  action='\/fr\/wp-json\/wp\/v2\/pages\/18306' data-formid='11' novalidate>\n                        <div class='gform-body gform_body'><ul id='gform_fields_11' class='gform_fields left_label form_sublabel_below description_below validation_below'><li id=\"field_11_6\" class=\"gfield gfield--type-text field_sublabel_below gfield--no-description field_description_below field_validation_below gfield_visibility_visible\"  ><label class='gfield_label gform-field-label' for='input_11_6'>Nom Pr\u00e9nom (personne de contact)<\/label><div class='ginput_container ginput_container_text'><input name='input_6' id='input_11_6' type='text' value='' class='medium'      aria-invalid=\"false\"   \/><\/div><\/li><li id=\"field_11_7\" class=\"gfield gfield--type-text field_sublabel_below gfield--no-description field_description_below field_validation_below gfield_visibility_visible\"  ><label class='gfield_label gform-field-label' for='input_11_7'>Adresse<\/label><div class='ginput_container ginput_container_text'><input name='input_7' id='input_11_7' type='text' value='' class='medium'      aria-invalid=\"false\"   \/><\/div><\/li><li id=\"field_11_8\" class=\"gfield gfield--type-text field_sublabel_below gfield--no-description field_description_below field_validation_below gfield_visibility_visible\"  ><label class='gfield_label gform-field-label' for='input_11_8'>NPA Lieu<\/label><div class='ginput_container ginput_container_text'><input name='input_8' id='input_11_8' type='text' value='' class='medium'      aria-invalid=\"false\"   \/><\/div><\/li><li id=\"field_11_11\" class=\"gfield gfield--type-phone field_sublabel_below gfield--no-description field_description_below field_validation_below gfield_visibility_visible\"  ><label class='gfield_label gform-field-label' for='input_11_11'>T\u00e9l\u00e9phone<\/label><div class='ginput_container ginput_container_phone'><input name='input_11' id='input_11_11' type='tel' value='' class='medium'    aria-invalid=\"false\"   \/><\/div><\/li><li id=\"field_11_10\" class=\"gfield gfield--type-email field_sublabel_below gfield--no-description field_description_below field_validation_below gfield_visibility_visible\"  ><label class='gfield_label gform-field-label' for='input_11_10'>E-mail<\/label><div class='ginput_container ginput_container_email'>\n                            <input name='input_10' id='input_11_10' type='email' value='' class='medium'     aria-invalid=\"false\"  \/>\n                        <\/div><\/li><li id=\"field_11_18\" class=\"gfield gfield--type-select field_sublabel_below gfield--no-description field_description_below field_validation_below gfield_visibility_visible\"  ><label class='gfield_label gform-field-label' for='input_11_18'>Race souhait\u00e9e<\/label><div class='ginput_container ginput_container_select'><select name='input_18' id='input_11_18' class='medium gfield_select'     aria-invalid=\"false\" ><option value='Teckel \u00e0 poil court standard' >Teckel \u00e0 poil court standard<\/option><option value='Teckel nain \u00e0 poil court' >Teckel nain \u00e0 poil court<\/option><option value='Teckel Kaninchen \u00e0 poil court' >Teckel Kaninchen \u00e0 poil court<\/option><option value='Teckel \u00e0 poil dur standard' >Teckel \u00e0 poil dur standard<\/option><option value='Teckel nain \u00e0 poil dur' >Teckel nain \u00e0 poil dur<\/option><option value='Teckel Kaninchen \u00e0 poil dur' >Teckel Kaninchen \u00e0 poil dur<\/option><option value='Teckel \u00e0 poil long standard' >Teckel \u00e0 poil long standard<\/option><option value='Teckel nain \u00e0 poil long' >Teckel nain \u00e0 poil long<\/option><option value='Teckel Kaninchen \u00e0 poil long' >Teckel Kaninchen \u00e0 poil long<\/option><option value='Teckel' >Teckel<\/option><\/select><\/div><\/li><li id=\"field_11_17\" class=\"gfield gfield--type-text field_sublabel_below gfield--no-description field_description_below field_validation_below gfield_visibility_visible\"  ><label class='gfield_label gform-field-label' for='input_11_17'>\u00c2ge souhait\u00e9<\/label><div class='ginput_container ginput_container_text'><input name='input_17' id='input_11_17' type='text' value='' class='small'      aria-invalid=\"false\"   \/><\/div><\/li><li id=\"field_11_16\" class=\"gfield gfield--type-textarea field_sublabel_below gfield--no-description field_description_below field_validation_below gfield_visibility_visible\"  ><label class='gfield_label gform-field-label' for='input_11_16'>Texte de l&#039;annonce<\/label><div class='ginput_container ginput_container_textarea'><textarea name='input_16' id='input_11_16' class='textarea medium'      aria-invalid=\"false\"   rows='10' cols='50'><\/textarea><\/div><\/li><li id=\"field_11_19\" class=\"gfield gfield--type-html gfield_html gfield_html_formatted gfield_no_follows_desc field_sublabel_below gfield--no-description field_description_below field_validation_below gfield_visibility_visible\"  ><a href=\"https:\/\/dackel.ch\/fr\/?ddownload=1571\" title=\"Frais\" rel=\"nofollow\" class=\"ddownload-link id-1571 ext-pdf\">Frais<\/a><\/li><li id=\"field_11_20\" class=\"gfield gfield--type-captcha field_sublabel_below gfield--no-description field_description_below field_validation_below gfield_visibility_visible\"  ><label class='gfield_label gform-field-label' for='input_11_20'>Protection anti-spam<\/label><div id='input_11_20' class='ginput_container ginput_recaptcha' data-sitekey='6LfuwRcUAAAAANyGwP9AvnbPYja1JTkT56hWiXI4'  data-theme='light' data-tabindex='0'  data-badge=''><\/div><\/li><\/ul><\/div>\n        <div class='gform-footer gform_footer left_label'> <input type='submit' id='gform_submit_button_11' class='gform_button button' onclick='gform.submission.handleButtonClick(this);' data-submission-type='submit' value='Envoyer'  \/> \n            <input type='hidden' class='gform_hidden' name='gform_submission_method' data-js='gform_submission_method_11' value='postback' \/>\n            <input type='hidden' class='gform_hidden' name='gform_theme' data-js='gform_theme_11' id='gform_theme_11' value='legacy' \/>\n            <input type='hidden' class='gform_hidden' name='gform_style_settings' data-js='gform_style_settings_11' id='gform_style_settings_11' value='[]' \/>\n            <input type='hidden' class='gform_hidden' name='is_submit_11' value='1' \/>\n            <input type='hidden' class='gform_hidden' name='gform_submit' value='11' \/>\n            \n            <input type='hidden' class='gform_hidden' name='gform_currency' data-currency='CHF' value='TxUzRJi9uVybhcXv+eu+tgXpBBQATfhROyjOUEagTgeeZHpFhbUBN+KWP\/tJiNGKEyvnftH3+UsMENBqUXHif4Xb3rDx9OflKFZ5du7f9R+y1dU=' \/>\n            <input type='hidden' class='gform_hidden' name='gform_unique_id' value='' \/>\n            <input type='hidden' class='gform_hidden' name='state_11' value='WyJbXSIsIjdmMDY1YzZhM2FiYzczMTNiYjRmZTQ0YWIwMDM0ZDk0Il0=' \/>\n            <input type='hidden' autocomplete='off' class='gform_hidden' name='gform_target_page_number_11' id='gform_target_page_number_11' value='0' \/>\n            <input type='hidden' autocomplete='off' class='gform_hidden' name='gform_source_page_number_11' id='gform_source_page_number_11' value='1' \/>\n            <input type='hidden' name='gform_field_values' value='' \/>\n            \n        <\/div>\n                        <p style=\"display: none !important;\" class=\"akismet-fields-container\" data-prefix=\"ak_\"><label>&#916;<textarea name=\"ak_hp_textarea\" cols=\"45\" rows=\"8\" maxlength=\"100\"><\/textarea><\/label><input type=\"hidden\" id=\"ak_js_1\" name=\"ak_js\" value=\"27\"\/><script>document.getElementById( \"ak_js_1\" ).setAttribute( \"value\", ( new Date() ).getTime() );<\/script><\/p><\/form>\n                        <\/div><script type=\"text\/javascript\">\n\/* <![CDATA[ *\/\n gform.initializeOnLoaded( function() {gformInitSpinner( 11, 'https:\/\/dackel.ch\/wp-content\/plugins\/gravityforms\/images\/spinner.svg', true );jQuery('#gform_ajax_frame_11').on('load',function(){var contents = jQuery(this).contents().find('*').html();var is_postback = contents.indexOf('GF_AJAX_POSTBACK') >= 0;if(!is_postback){return;}var form_content = jQuery(this).contents().find('#gform_wrapper_11');var is_confirmation = jQuery(this).contents().find('#gform_confirmation_wrapper_11').length > 0;var is_redirect = contents.indexOf('gformRedirect(){') >= 0;var is_form = form_content.length > 0 && ! is_redirect && ! is_confirmation;var mt = parseInt(jQuery('html').css('margin-top'), 10) + parseInt(jQuery('body').css('margin-top'), 10) + 100;if(is_form){jQuery('#gform_wrapper_11').html(form_content.html());if(form_content.hasClass('gform_validation_error')){jQuery('#gform_wrapper_11').addClass('gform_validation_error');} else {jQuery('#gform_wrapper_11').removeClass('gform_validation_error');}setTimeout( function() { \/* delay the scroll by 50 milliseconds to fix a bug in chrome *\/  }, 50 );if(window['gformInitDatepicker']) {gformInitDatepicker();}if(window['gformInitPriceFields']) {gformInitPriceFields();}var current_page = jQuery('#gform_source_page_number_11').val();gformInitSpinner( 11, 'https:\/\/dackel.ch\/wp-content\/plugins\/gravityforms\/images\/spinner.svg', true );jQuery(document).trigger('gform_page_loaded', [11, current_page]);window['gf_submitting_11'] = false;}else if(!is_redirect){var confirmation_content = jQuery(this).contents().find('.GF_AJAX_POSTBACK').html();if(!confirmation_content){confirmation_content = contents;}jQuery('#gform_wrapper_11').replaceWith(confirmation_content);jQuery(document).trigger('gform_confirmation_loaded', [11]);window['gf_submitting_11'] = false;wp.a11y.speak(jQuery('#gform_confirmation_message_11').text());}else{jQuery('#gform_11').append(contents);if(window['gformRedirect']) {gformRedirect();}}jQuery(document).trigger(\"gform_pre_post_render\", [{ formId: \"11\", currentPage: \"current_page\", abort: function() { this.preventDefault(); } }]);        if (event && event.defaultPrevented) {                return;        }        const gformWrapperDiv = document.getElementById( \"gform_wrapper_11\" );        if ( gformWrapperDiv ) {            const visibilitySpan = document.createElement( \"span\" );            visibilitySpan.id = \"gform_visibility_test_11\";            gformWrapperDiv.insertAdjacentElement( \"afterend\", visibilitySpan );        }        const visibilityTestDiv = document.getElementById( \"gform_visibility_test_11\" );        let postRenderFired = false;        function triggerPostRender() {            if ( postRenderFired ) {                return;            }            postRenderFired = true;            gform.core.triggerPostRenderEvents( 11, current_page );            if ( visibilityTestDiv ) {                visibilityTestDiv.parentNode.removeChild( visibilityTestDiv );            }        }        function debounce( func, wait, immediate ) {            var timeout;            return function() {                var context = this, args = arguments;                var later = function() {                    timeout = null;                    if ( !immediate ) func.apply( context, args );                };                var callNow = immediate && !timeout;                clearTimeout( timeout );                timeout = setTimeout( later, wait );                if ( callNow ) func.apply( context, args );            };        }        const debouncedTriggerPostRender = debounce( function() {            triggerPostRender();        }, 200 );        if ( visibilityTestDiv && visibilityTestDiv.offsetParent === null ) {            const observer = new MutationObserver( ( mutations ) => {                mutations.forEach( ( mutation ) => {                    if ( mutation.type === 'attributes' && visibilityTestDiv.offsetParent !== null ) {                        debouncedTriggerPostRender();                        observer.disconnect();                    }                });            });            observer.observe( document.body, {                attributes: true,                childList: false,                subtree: true,                attributeFilter: [ 'style', 'class' ],            });        } else {            triggerPostRender();        }    } );} ); \n\/* ]]> *\/\n<\/script>\n\n<\/div><\/section><\/p><\/div><\/p>\n","protected":false},"excerpt":{"rendered":"","protected":false},"author":1,"featured_media":0,"parent":17742,"menu_order":0,"comment_status":"closed","ping_status":"closed","template":"","meta":{"ngg_post_thumbnail":0,"footnotes":""},"class_list":["post-18306","page","type-page","status-publish","hentry"],"_links":{"self":[{"href":"https:\/\/dackel.ch\/fr\/wp-json\/wp\/v2\/pages\/18306","targetHints":{"allow":["GET"]}}],"collection":[{"href":"https:\/\/dackel.ch\/fr\/wp-json\/wp\/v2\/pages"}],"about":[{"href":"https:\/\/dackel.ch\/fr\/wp-json\/wp\/v2\/types\/page"}],"author":[{"embeddable":true,"href":"https:\/\/dackel.ch\/fr\/wp-json\/wp\/v2\/users\/1"}],"replies":[{"embeddable":true,"href":"https:\/\/dackel.ch\/fr\/wp-json\/wp\/v2\/comments?post=18306"}],"version-history":[{"count":10,"href":"https:\/\/dackel.ch\/fr\/wp-json\/wp\/v2\/pages\/18306\/revisions"}],"predecessor-version":[{"id":18336,"href":"https:\/\/dackel.ch\/fr\/wp-json\/wp\/v2\/pages\/18306\/revisions\/18336"}],"up":[{"embeddable":true,"href":"https:\/\/dackel.ch\/fr\/wp-json\/wp\/v2\/pages\/17742"}],"wp:attachment":[{"href":"https:\/\/dackel.ch\/fr\/wp-json\/wp\/v2\/media?parent=18306"}],"curies":[{"name":"wp","href":"https:\/\/api.w.org\/{rel}","templated":true}]}}