{"id":18331,"date":"2016-02-20T16:03:56","date_gmt":"2016-02-20T16:03:56","guid":{"rendered":"https:\/\/dackel.ch\/chiots-et-elevage\/placement-de-teckels\/jeunes-chiens\/"},"modified":"2026-02-03T11:06:27","modified_gmt":"2026-02-03T11:06:27","slug":"jeunes-chiens","status":"publish","type":"page","link":"https:\/\/dackel.ch\/fr\/chiots-et-elevage\/placement-de-teckels\/jeunes-chiens\/","title":{"rendered":"Jeunes chiens"},"content":{"rendered":"\n<style type=\"text\/css\" data-created_by=\"avia_inline_auto\" id=\"style-css-av-41txi-8fc2b6929634cda1fb2a2713b36d444e\">\n.flex_column.av-41txi-8fc2b6929634cda1fb2a2713b36d444e{\nborder-radius:0px 0px 0px 0px;\npadding:0px 0px 0px 0px;\n}\n<\/style>\n<div  class='flex_column av-41txi-8fc2b6929634cda1fb2a2713b36d444e av_one_full  avia-builder-el-0  el_before_av_one_full  avia-builder-el-first  first flex_column_div av-zero-column-padding  '     ><p><div  class='avia-button-wrap av-yhxt2-f00ba7631d2ca8eac13603425703fa74-wrap avia-button-right  avia-builder-el-1  el_before_av_textblock  avia-builder-el-first '><a href='#formjunghunde'  class='avia-button av-yhxt2-f00ba7631d2ca8eac13603425703fa74 av-link-btn avia-icon_select-yes-left-icon avia-size-small avia-position-right avia-color-theme-color'   aria-label=\"Ajouter une nouvelle annonce\"><span class='avia_button_icon avia_button_icon_left avia-iconfont avia-font-entypo-fontello' data-av_icon='\ue836' data-av_iconfont='entypo-fontello' ><\/span><span class='avia_iconbox_title' >Ajouter une nouvelle annonce<\/span><\/a><\/div><br \/>\n<section  class='av_textblock_section av-pnkdy-f1fbd9ad7e8b49208ed2ad4235529ed0 '   itemscope=\"itemscope\" itemtype=\"https:\/\/schema.org\/CreativeWork\" ><div class='avia_textblock'  itemprop=\"text\" ><h3>Liste des jeunes chiens du SDC<br \/>\nListe des jeunes chiens<\/h3>\n<p>(Dachshunds jusqu\u2019\u00e0 6 mois maximum \/ Annonce de chiens jusqu\u2019\u00e0 6 mois d\u2019\u00e2ge)<\/p>\n<hr>\n<h3><\/h3>\n<div id=\"gv-view-863-1\" class=\"gv-template-list\"><div class=\"gv-list-container gv-list-multiple-container gv-container gv-container-863 gv-container-no-results\">\n\t\t<div class=\"gv-list-view gv-no-results gv-no-results-text\">\n\t\t<div class=\"gv-list-view-title\">\n\t\t\t<h3><p>Hier sind im Moment keine Eintr\u00e4ge vorhanden.<\/p>\n<\/h3>\n\t\t<\/div>\n\t<\/div>\n\t\t<\/div>\n\t\t<style>\n\t\t\t.fancybox-container {\n\t\t\t\tz-index: 100000; \/** Divi is 99999 *\/\n\t\t\t}\n\n\t\t\t.admin-bar .fancybox-container {\n\t\t\t\tmargin-top: 32px;\n\t\t\t}\n\t\t<\/style>\n\t\t<script>\n\t\t\tif ( window.Fancybox ){\n\t\t\t\tFancybox.bind(\".gravityview-fancybox\", {\"animationEffect\":\"fade\",\"toolbar\":true,\"closeExisting\":true,\"arrows\":true,\"buttons\":[\"thumbs\",\"close\"],\"i18n\":{\"en\":{\"CLOSE\":\"Fermer\",\"NEXT\":\"Suivant\",\"PREV\":\"Pr\\u00e9c\\u00e9dent\",\"ERROR\":\"Le contenu demand\\u00e9 ne peut pas \\u00eatre charg\\u00e9. Veuillez r\\u00e9essayer plus tard.\",\"PLAY_START\":\"D\\u00e9marrer le diaporama\",\"PLAY_STOP\":\"Mettre le diaporama en pause\",\"FULL_SCREEN\":\"Plein \\u00e9cran\",\"THUMBS\":\"Vignettes\",\"DOWNLOAD\":\"T\\u00e9l\\u00e9charger\",\"SHARE\":\"Partager\",\"ZOOM\":\"Zoom\"}}});\n\t\t\t}\n\t\t<\/script>\n\t\t<input type=\"hidden\" class=\"gravityview-view-id\" value=\"863\"><\/div>\n<h4><\/h4>\n<h3><\/h3>\n<\/div><\/section><\/p><\/div>\n\n<style type=\"text\/css\" data-created_by=\"avia_inline_auto\" id=\"style-css-av-kel5a-23cce4f98149b3d2625dc4ca7aac5772\">\n.flex_column.av-kel5a-23cce4f98149b3d2625dc4ca7aac5772{\nborder-radius:0px 0px 0px 0px;\npadding:0px 0px 0px 10px;\nbackground-color:#ededc2;\n}\n<\/style>\n<div  class='flex_column av-kel5a-23cce4f98149b3d2625dc4ca7aac5772 av_one_full  avia-builder-el-3  el_after_av_one_full  avia-builder-el-last  first flex_column_div  column-top-margin'     ><p><section  class='av_textblock_section av-e5uva-1f447b0d85fb7803d20071788d46d01c '   itemscope=\"itemscope\" itemtype=\"https:\/\/schema.org\/CreativeWork\" ><div class='avia_textblock'  itemprop=\"text\" ><p><a name=\"formjunghunde\"><\/a><\/p>\n<p style=\"text-align: center;\">Ajouter une nouvelle annonce &#8230;<\/p>\n<\/div><\/section><br \/>\n<section  class='av_textblock_section av-6xp4m-75475a2dd14dfa0f64074a60506adf42 '   itemscope=\"itemscope\" itemtype=\"https:\/\/schema.org\/CreativeWork\" ><div class='avia_textblock'  itemprop=\"text\" ><script type=\"text\/javascript\">\n\/* <![CDATA[ *\/\nvar gform;gform||(document.addEventListener(\"gform_main_scripts_loaded\",function(){gform.scriptsLoaded=!0}),document.addEventListener(\"gform\/theme\/scripts_loaded\",function(){gform.themeScriptsLoaded=!0}),window.addEventListener(\"DOMContentLoaded\",function(){gform.domLoaded=!0}),gform={domLoaded:!1,scriptsLoaded:!1,themeScriptsLoaded:!1,isFormEditor:()=>\"function\"==typeof InitializeEditor,callIfLoaded:function(o){return!(!gform.domLoaded||!gform.scriptsLoaded||!gform.themeScriptsLoaded&&!gform.isFormEditor()||(gform.isFormEditor()&&console.warn(\"The use of gform.initializeOnLoaded() is deprecated in the form editor context and will be removed in Gravity Forms 3.1.\"),o(),0))},initializeOnLoaded:function(o){gform.callIfLoaded(o)||(document.addEventListener(\"gform_main_scripts_loaded\",()=>{gform.scriptsLoaded=!0,gform.callIfLoaded(o)}),document.addEventListener(\"gform\/theme\/scripts_loaded\",()=>{gform.themeScriptsLoaded=!0,gform.callIfLoaded(o)}),window.addEventListener(\"DOMContentLoaded\",()=>{gform.domLoaded=!0,gform.callIfLoaded(o)}))},hooks:{action:{},filter:{}},addAction:function(o,r,e,t){gform.addHook(\"action\",o,r,e,t)},addFilter:function(o,r,e,t){gform.addHook(\"filter\",o,r,e,t)},doAction:function(o){gform.doHook(\"action\",o,arguments)},applyFilters:function(o){return gform.doHook(\"filter\",o,arguments)},removeAction:function(o,r){gform.removeHook(\"action\",o,r)},removeFilter:function(o,r,e){gform.removeHook(\"filter\",o,r,e)},addHook:function(o,r,e,t,n){null==gform.hooks[o][r]&&(gform.hooks[o][r]=[]);var d=gform.hooks[o][r];null==n&&(n=r+\"_\"+d.length),gform.hooks[o][r].push({tag:n,callable:e,priority:t=null==t?10:t})},doHook:function(r,o,e){var t;if(e=Array.prototype.slice.call(e,1),null!=gform.hooks[r][o]&&((o=gform.hooks[r][o]).sort(function(o,r){return o.priority-r.priority}),o.forEach(function(o){\"function\"!=typeof(t=o.callable)&&(t=window[t]),\"action\"==r?t.apply(null,e):e[0]=t.apply(null,e)})),\"filter\"==r)return e[0]},removeHook:function(o,r,t,n){var e;null!=gform.hooks[o][r]&&(e=(e=gform.hooks[o][r]).filter(function(o,r,e){return!!(null!=n&&n!=o.tag||null!=t&&t!=o.priority)}),gform.hooks[o][r]=e)}});\n\/* ]]> *\/\n<\/script>\n\n                <div class='gf_browser_gecko gform_wrapper gform_legacy_markup_wrapper gform-theme--no-framework' data-form-theme='legacy' data-form-index='0' id='gform_wrapper_6' >\n                        <div class='gform_heading'>\n                            <h3 class=\"gform_title\">Annonce de jeune chien<\/h3>\n                            <p class='gform_description'><\/p>\n                        <\/div><form method='post' enctype='multipart\/form-data'  id='gform_6'  action='\/fr\/wp-json\/wp\/v2\/pages\/18331' data-formid='6' novalidate>\n                        <div class='gform-body gform_body'><ul id='gform_fields_6' class='gform_fields left_label form_sublabel_below description_below validation_below'><li id=\"field_6_5\" class=\"gfield gfield--type-section gsection field_sublabel_below gfield--no-description field_description_below field_validation_below gfield_visibility_visible\"  ><h2 class=\"gsection_title\">Informations sur le chien<\/h2><\/li><li id=\"field_6_24\" class=\"gfield gfield--type-select field_sublabel_below gfield--no-description field_description_below field_validation_below gfield_visibility_visible\"  ><label class='gfield_label gform-field-label' for='input_6_24'>Race\/Taille<\/label><div class='ginput_container ginput_container_select'><select name='input_24' id='input_6_24' class='medium gfield_select'     aria-invalid=\"false\" ><option value='Teckel \u00e0 poil court standard' >Teckel \u00e0 poil court standard<\/option><option value='Teckel nain \u00e0 poil court' >Teckel nain \u00e0 poil court<\/option><option value='Teckel Kaninchen \u00e0 poil court' >Teckel Kaninchen \u00e0 poil court<\/option><option value='Teckel \u00e0 poil dur standard' >Teckel \u00e0 poil dur standard<\/option><option value='Teckel nain \u00e0 poil dur' >Teckel nain \u00e0 poil dur<\/option><option value='Teckel Kaninchen \u00e0 poil dur' >Teckel Kaninchen \u00e0 poil dur<\/option><option value='Teckel \u00e0 poil long standard' >Teckel \u00e0 poil long standard<\/option><option value='Teckel nain \u00e0 poil long' >Teckel nain \u00e0 poil long<\/option><option value='Teckel Kaninchen \u00e0 poil long' >Teckel Kaninchen \u00e0 poil long<\/option><\/select><\/div><\/li><li id=\"field_6_1\" class=\"gfield gfield--type-text field_sublabel_below gfield--no-description field_description_below field_validation_below gfield_visibility_visible\"  ><label class='gfield_label gform-field-label' for='input_6_1'>Nom du chien<\/label><div class='ginput_container ginput_container_text'><input name='input_1' id='input_6_1' type='text' value='' class='medium'      aria-invalid=\"false\"   \/><\/div><\/li><li id=\"field_6_12\" class=\"gfield gfield--type-date gfield--input-type-datepicker gfield--datepicker-default-icon field_sublabel_below gfield--no-description field_description_below field_validation_below gfield_visibility_visible\"  ><label class='gfield_label gform-field-label' for='input_6_12'>Date de naissance<\/label><div class='ginput_container ginput_container_date'>\n                            <input name='input_12' id='input_6_12' type='text' value='' class='datepicker gform-datepicker dmy_dot datepicker_with_icon gdatepicker_with_icon'   placeholder='jj.mm.aaaa' aria-describedby=\"input_6_12_date_format\" aria-invalid=\"false\" \/>\n                            <span id='input_6_12_date_format' class='screen-reader-text'>JJ point MM point AAAA<\/span>\n                        <\/div>\n                        <input type='hidden' id='gforms_calendar_icon_input_6_12' class='gform_hidden' value='https:\/\/dackel.ch\/wp-content\/plugins\/gravityforms\/images\/datepicker\/datepicker.svg'\/><\/li><li id=\"field_6_13\" class=\"gfield gfield--type-text field_sublabel_below gfield--no-description field_description_below field_validation_below gfield_visibility_visible\"  ><label class='gfield_label gform-field-label' for='input_6_13'>Couleur du poil<\/label><div class='ginput_container ginput_container_text'><input name='input_13' id='input_6_13' type='text' value='' class='medium'      aria-invalid=\"false\"   \/><\/div><\/li><li id=\"field_6_15\" class=\"gfield gfield--type-text field_sublabel_below gfield--no-description field_description_below field_validation_below gfield_visibility_visible\"  ><label class='gfield_label gform-field-label' for='input_6_15'>P\u00e8re<\/label><div class='ginput_container ginput_container_text'><input name='input_15' id='input_6_15' type='text' value='' class='medium'      aria-invalid=\"false\"   \/><\/div><\/li><li id=\"field_6_17\" class=\"gfield gfield--type-text field_sublabel_below gfield--no-description field_description_below field_validation_below gfield_visibility_visible\"  ><label class='gfield_label gform-field-label' for='input_6_17'>M\u00e8re<\/label><div class='ginput_container ginput_container_text'><input name='input_17' id='input_6_17' type='text' value='' class='medium'      aria-invalid=\"false\"   \/><\/div><\/li><li id=\"field_6_18\" class=\"gfield gfield--type-text field_sublabel_below gfield--no-description field_description_below field_validation_below gfield_visibility_visible\"  ><label class='gfield_label gform-field-label' for='input_6_18'>SCS<\/label><div class='ginput_container ginput_container_text'><input name='input_18' id='input_6_18' type='text' value='' class='small'      aria-invalid=\"false\"   \/><\/div><\/li><li id=\"field_6_21\" class=\"gfield gfield--type-number field_sublabel_below gfield--no-description field_description_below field_validation_below gfield_visibility_visible\"  ><label class='gfield_label gform-field-label' for='input_6_21'>N\u00b0 d&#039;\u00e9levage<\/label><div class='ginput_container ginput_container_number'><input name='input_21' id='input_6_21' type='number' step='any'   value='' class='small'      aria-invalid=\"false\"  \/><\/div><\/li><li id=\"field_6_22\" class=\"gfield gfield--type-number field_sublabel_below gfield--no-description field_description_below field_validation_below gfield_visibility_visible\"  ><label class='gfield_label gform-field-label' for='input_6_22'>--vide--<\/label><div class='ginput_container ginput_container_number'><input name='input_22' id='input_6_22' type='number' step='any'   value='' class='small'      aria-invalid=\"false\"  \/><\/div><\/li><li id=\"field_6_23\" class=\"gfield gfield--type-post_image field_sublabel_below gfield--no-description field_description_below field_validation_below gfield_visibility_visible\"  ><label class='gfield_label gform-field-label' for='input_6_23'>T\u00e9l\u00e9charger une photo (facultatif)<\/label><div class='ginput_complex ginput_container ginput_container_post_image gform-grid-row'><span class='ginput_full gform-grid-col'><input name='input_23' id='input_6_23' type='file' class='medium'   aria-invalid=\"false\" aria-describedby=\"extensions_message_6_23\" \/><span id='extensions_message_6_23' class='gfield_description gform_fileupload_rules'>Types de fichiers accept\u00e9s&nbsp;: jpg, jpeg, png, gif.<\/span><\/span><\/div><\/li><li id=\"field_6_4\" class=\"gfield gfield--type-section gsection field_sublabel_below gfield--no-description field_description_below field_validation_below gfield_visibility_visible\"  ><h2 class=\"gsection_title\">Informations sur la personne<\/h2><\/li><li id=\"field_6_6\" class=\"gfield gfield--type-text field_sublabel_below gfield--no-description field_description_below field_validation_below gfield_visibility_visible\"  ><label class='gfield_label gform-field-label' for='input_6_6'>Nom Pr\u00e9nom (personne de contact)<\/label><div class='ginput_container ginput_container_text'><input name='input_6' id='input_6_6' type='text' value='' class='medium'      aria-invalid=\"false\"   \/><\/div><\/li><li id=\"field_6_3\" class=\"gfield gfield--type-text field_sublabel_below gfield--no-description field_description_below field_validation_below gfield_visibility_visible\"  ><label class='gfield_label gform-field-label' for='input_6_3'>Num\u00e9ro de membre SDC<\/label><div class='ginput_container ginput_container_text'><input name='input_3' id='input_6_3' type='text' value='' class='small'      aria-invalid=\"false\"   \/><\/div><\/li><li id=\"field_6_7\" class=\"gfield gfield--type-text field_sublabel_below gfield--no-description field_description_below field_validation_below gfield_visibility_visible\"  ><label class='gfield_label gform-field-label' for='input_6_7'>Adresse<\/label><div class='ginput_container ginput_container_text'><input name='input_7' id='input_6_7' type='text' value='' class='medium'      aria-invalid=\"false\"   \/><\/div><\/li><li id=\"field_6_8\" class=\"gfield gfield--type-text field_sublabel_below gfield--no-description field_description_below field_validation_below gfield_visibility_visible\"  ><label class='gfield_label gform-field-label' for='input_6_8'>NPA Lieu<\/label><div class='ginput_container ginput_container_text'><input name='input_8' id='input_6_8' type='text' value='' class='medium'      aria-invalid=\"false\"   \/><\/div><\/li><li id=\"field_6_11\" class=\"gfield gfield--type-phone field_sublabel_below gfield--no-description field_description_below field_validation_below gfield_visibility_visible\"  ><label class='gfield_label gform-field-label' for='input_6_11'>T\u00e9l\u00e9phone<\/label><div class='ginput_container ginput_container_phone'><input name='input_11' id='input_6_11' type='tel' value='' class='medium'    aria-invalid=\"false\"   \/><\/div><\/li><li id=\"field_6_10\" class=\"gfield gfield--type-email field_sublabel_below gfield--no-description field_description_below field_validation_below gfield_visibility_visible\"  ><label class='gfield_label gform-field-label' for='input_6_10'>E-mail<\/label><div class='ginput_container ginput_container_email'>\n                            <input name='input_10' id='input_6_10' type='email' value='' class='medium'     aria-invalid=\"false\"  \/>\n                        <\/div><\/li><li id=\"field_6_16\" class=\"gfield gfield--type-textarea field_sublabel_below gfield--no-description field_description_below field_validation_below gfield_visibility_visible\"  ><label class='gfield_label gform-field-label' for='input_6_16'>Texte de l&#039;annonce<\/label><div class='ginput_container ginput_container_textarea'><textarea name='input_16' id='input_6_16' class='textarea medium'      aria-invalid=\"false\"   rows='10' cols='50'><\/textarea><\/div><\/li><li id=\"field_6_20\" class=\"gfield gfield--type-website field_sublabel_below gfield--no-description field_description_below field_validation_below gfield_visibility_visible\"  ><label class='gfield_label gform-field-label' for='input_6_20'>Site web\/Lien<\/label><div class='ginput_container ginput_container_website'>\n                    <input name='input_20' id='input_6_20' type='url' value='' class='medium'    placeholder='http:\/\/'  aria-invalid=\"false\" \/>\n                <\/div><\/li><li id=\"field_6_25\" class=\"gfield gfield--type-html gfield_html gfield_html_formatted gfield_no_follows_desc field_sublabel_below gfield--no-description field_description_below field_validation_below gfield_visibility_visible\"  >Veuillez saisir le nom du chien, nom d'\u00e9levage inclus, tel qu'il figure sur le pedigree&nbsp;!\nLes inscriptions sur la liste des jeunes chiens sont gratuites pour les membres du SDC qui ont \u00e9galement des annonces d'\u00e9leveurs sur le forum. Les inscriptions sont automatiquement supprim\u00e9es une fois le d\u00e9lai convenu (1&nbsp;mois) atteint. Le d\u00e9lai peut \u00eatre prolong\u00e9, veuillez contacter la r\u00e9daction du club avant la date d'expiration.  \n<a href=\"https:\/\/dackel.ch\/fr\/?ddownload=1571\" title=\"Frais\" rel=\"nofollow\" class=\"ddownload-link id-1571 ext-pdf\">Frais<\/a><\/li><li id=\"field_6_26\" class=\"gfield gfield--type-captcha field_sublabel_below gfield--no-description field_description_below field_validation_below gfield_visibility_visible\"  ><label class='gfield_label gform-field-label' for='input_6_26'>Protection anti-spam<\/label><div id='input_6_26' class='ginput_container ginput_recaptcha' data-sitekey='6LfuwRcUAAAAANyGwP9AvnbPYja1JTkT56hWiXI4'  data-theme='light' data-tabindex='0'  data-badge=''><\/div><\/li><\/ul><\/div>\n        <div class='gform-footer gform_footer left_label'> <input type='submit' id='gform_submit_button_6' class='gform_button button' onclick='gform.submission.handleButtonClick(this);' data-submission-type='submit' value='Envoyer'  \/> \n            <input type='hidden' class='gform_hidden' name='gform_submission_method' data-js='gform_submission_method_6' value='postback' \/>\n            <input type='hidden' class='gform_hidden' name='gform_theme' data-js='gform_theme_6' id='gform_theme_6' value='legacy' \/>\n            <input type='hidden' class='gform_hidden' name='gform_style_settings' data-js='gform_style_settings_6' id='gform_style_settings_6' value='[]' \/>\n            <input type='hidden' class='gform_hidden' name='is_submit_6' value='1' \/>\n            <input type='hidden' class='gform_hidden' name='gform_submit' value='6' \/>\n            \n            <input type='hidden' class='gform_hidden' name='gform_currency' data-currency='CHF' value='pt1szitZjjpjtHQrKMnOlXzy4+o1Nsc6DdaW50d5DHxHdJ1K20ulkqUGx1AwZJzYs\/\/mKXYDVGRPq2pU9cr0Q0LiDAlndLZoEydkfGL6FXm3IpM=' \/>\n            <input type='hidden' class='gform_hidden' name='gform_unique_id' value='' \/>\n            <input type='hidden' class='gform_hidden' name='state_6' value='WyJbXSIsIjdmMDY1YzZhM2FiYzczMTNiYjRmZTQ0YWIwMDM0ZDk0Il0=' \/>\n            <input type='hidden' autocomplete='off' class='gform_hidden' name='gform_target_page_number_6' id='gform_target_page_number_6' value='0' \/>\n            <input type='hidden' autocomplete='off' class='gform_hidden' name='gform_source_page_number_6' id='gform_source_page_number_6' value='1' \/>\n            <input type='hidden' name='gform_field_values' value='' \/>\n            \n        <\/div>\n                        <p style=\"display: none !important;\" class=\"akismet-fields-container\" data-prefix=\"ak_\"><label>&#916;<textarea name=\"ak_hp_textarea\" cols=\"45\" rows=\"8\" maxlength=\"100\"><\/textarea><\/label><input type=\"hidden\" id=\"ak_js_1\" name=\"ak_js\" value=\"11\"\/><script>document.getElementById( \"ak_js_1\" ).setAttribute( \"value\", ( new Date() ).getTime() );<\/script><\/p><\/form>\n                        <\/div><script type=\"text\/javascript\">\n\/* <![CDATA[ *\/\n gform.initializeOnLoaded( function() {gformInitSpinner( 6, 'https:\/\/dackel.ch\/wp-content\/plugins\/gravityforms\/images\/spinner.svg', true );jQuery('#gform_ajax_frame_6').on('load',function(){var contents = jQuery(this).contents().find('*').html();var is_postback = contents.indexOf('GF_AJAX_POSTBACK') >= 0;if(!is_postback){return;}var form_content = jQuery(this).contents().find('#gform_wrapper_6');var is_confirmation = jQuery(this).contents().find('#gform_confirmation_wrapper_6').length > 0;var is_redirect = contents.indexOf('gformRedirect(){') >= 0;var is_form = form_content.length > 0 && ! is_redirect && ! is_confirmation;var mt = parseInt(jQuery('html').css('margin-top'), 10) + parseInt(jQuery('body').css('margin-top'), 10) + 100;if(is_form){jQuery('#gform_wrapper_6').html(form_content.html());if(form_content.hasClass('gform_validation_error')){jQuery('#gform_wrapper_6').addClass('gform_validation_error');} else {jQuery('#gform_wrapper_6').removeClass('gform_validation_error');}setTimeout( function() { \/* delay the scroll by 50 milliseconds to fix a bug in chrome *\/  }, 50 );if(window['gformInitDatepicker']) {gformInitDatepicker();}if(window['gformInitPriceFields']) {gformInitPriceFields();}var current_page = jQuery('#gform_source_page_number_6').val();gformInitSpinner( 6, 'https:\/\/dackel.ch\/wp-content\/plugins\/gravityforms\/images\/spinner.svg', true );jQuery(document).trigger('gform_page_loaded', [6, current_page]);window['gf_submitting_6'] = false;}else if(!is_redirect){var confirmation_content = jQuery(this).contents().find('.GF_AJAX_POSTBACK').html();if(!confirmation_content){confirmation_content = contents;}jQuery('#gform_wrapper_6').replaceWith(confirmation_content);jQuery(document).trigger('gform_confirmation_loaded', [6]);window['gf_submitting_6'] = false;wp.a11y.speak(jQuery('#gform_confirmation_message_6').text());}else{jQuery('#gform_6').append(contents);if(window['gformRedirect']) {gformRedirect();}}jQuery(document).trigger(\"gform_pre_post_render\", [{ formId: \"6\", currentPage: \"current_page\", abort: function() { this.preventDefault(); } }]);        if (event && event.defaultPrevented) {                return;        }        const gformWrapperDiv = document.getElementById( \"gform_wrapper_6\" );        if ( gformWrapperDiv ) {            const visibilitySpan = document.createElement( \"span\" );            visibilitySpan.id = \"gform_visibility_test_6\";            gformWrapperDiv.insertAdjacentElement( \"afterend\", visibilitySpan );        }        const visibilityTestDiv = document.getElementById( \"gform_visibility_test_6\" );        let postRenderFired = false;        function triggerPostRender() {            if ( postRenderFired ) {                return;            }            postRenderFired = true;            gform.core.triggerPostRenderEvents( 6, current_page );            if ( visibilityTestDiv ) {                visibilityTestDiv.parentNode.removeChild( visibilityTestDiv );            }        }        function debounce( func, wait, immediate ) {            var timeout;            return function() {                var context = this, args = arguments;                var later = function() {                    timeout = null;                    if ( !immediate ) func.apply( context, args );                };                var callNow = immediate && !timeout;                clearTimeout( timeout );                timeout = setTimeout( later, wait );                if ( callNow ) func.apply( context, args );            };        }        const debouncedTriggerPostRender = debounce( function() {            triggerPostRender();        }, 200 );        if ( visibilityTestDiv && visibilityTestDiv.offsetParent === null ) {            const observer = new MutationObserver( ( mutations ) => {                mutations.forEach( ( mutation ) => {                    if ( mutation.type === 'attributes' && visibilityTestDiv.offsetParent !== null ) {                        debouncedTriggerPostRender();                        observer.disconnect();                    }                });            });            observer.observe( document.body, {                attributes: true,                childList: false,                subtree: true,                attributeFilter: [ 'style', 'class' ],            });        } else {            triggerPostRender();        }    } );} ); \n\/* ]]> *\/\n<\/script>\n\n<\/div><\/section><\/p><\/div>\n","protected":false},"excerpt":{"rendered":"","protected":false},"author":1,"featured_media":0,"parent":17742,"menu_order":0,"comment_status":"closed","ping_status":"closed","template":"","meta":{"ngg_post_thumbnail":0,"footnotes":""},"class_list":["post-18331","page","type-page","status-publish","hentry"],"_links":{"self":[{"href":"https:\/\/dackel.ch\/fr\/wp-json\/wp\/v2\/pages\/18331","targetHints":{"allow":["GET"]}}],"collection":[{"href":"https:\/\/dackel.ch\/fr\/wp-json\/wp\/v2\/pages"}],"about":[{"href":"https:\/\/dackel.ch\/fr\/wp-json\/wp\/v2\/types\/page"}],"author":[{"embeddable":true,"href":"https:\/\/dackel.ch\/fr\/wp-json\/wp\/v2\/users\/1"}],"replies":[{"embeddable":true,"href":"https:\/\/dackel.ch\/fr\/wp-json\/wp\/v2\/comments?post=18331"}],"version-history":[{"count":1,"href":"https:\/\/dackel.ch\/fr\/wp-json\/wp\/v2\/pages\/18331\/revisions"}],"predecessor-version":[{"id":18340,"href":"https:\/\/dackel.ch\/fr\/wp-json\/wp\/v2\/pages\/18331\/revisions\/18340"}],"up":[{"embeddable":true,"href":"https:\/\/dackel.ch\/fr\/wp-json\/wp\/v2\/pages\/17742"}],"wp:attachment":[{"href":"https:\/\/dackel.ch\/fr\/wp-json\/wp\/v2\/media?parent=18331"}],"curies":[{"name":"wp","href":"https:\/\/api.w.org\/{rel}","templated":true}]}}