{"id":17345,"date":"2024-11-08T19:27:16","date_gmt":"2024-11-08T19:27:16","guid":{"rendered":"https:\/\/dackel.ch\/caccia\/"},"modified":"2026-02-03T10:55:50","modified_gmt":"2026-02-03T10:55:50","slug":"caccia","status":"publish","type":"page","link":"https:\/\/dackel.ch\/it\/caccia\/","title":{"rendered":"Caccia"},"content":{"rendered":"<div  class='flex_column av-2xxcd7-c221d1569b1801d29861cf4071759d36 av_one_full  avia-builder-el-0  avia-builder-el-no-sibling  first flex_column_div  '     ><section  class='av_textblock_section av-m34x69da-13d79b037a89e2ffdc0cd5f952b93ad4 '   itemscope=\"itemscope\" itemtype=\"https:\/\/schema.org\/CreativeWork\" ><div class='avia_textblock'  itemprop=\"text\" ><h4>Il bassotto come cane da caccia<\/h4>\n<p>Il bassotto \u00e8 il pi\u00f9 piccolo cane polivalente, lavora sopra e sotto terra, nonch\u00e9 in acqua.<\/p>\n<p>\u2013 \u00c8 un fedele compagno di caccia.<br \/>\n\u2013 Le sue discipline principali sono l&#8217;abilit\u00e0 di seguire la traccia abbaiando (caccia rumorosa e fedele alla traccia).<br \/>\n\u2013 Ricerca su traccia di sangue (recupero di selvaggina ferita\/morta)<br \/>\n\u2013 Lavoro in tana sottoterra: stanare volpi e tassi<br \/>\n\u2013 Scovo: stanare la selvaggina<br \/>\n\u2013 Lavoro in acqua: riporto di pollame abbattuto<\/p>\n<\/div><\/section><\/div>\n","protected":false},"excerpt":{"rendered":"","protected":false},"author":1,"featured_media":0,"parent":0,"menu_order":0,"comment_status":"closed","ping_status":"closed","template":"","meta":{"ngg_post_thumbnail":0,"footnotes":""},"class_list":["post-17345","page","type-page","status-publish","hentry"],"_links":{"self":[{"href":"https:\/\/dackel.ch\/it\/wp-json\/wp\/v2\/pages\/17345","targetHints":{"allow":["GET"]}}],"collection":[{"href":"https:\/\/dackel.ch\/it\/wp-json\/wp\/v2\/pages"}],"about":[{"href":"https:\/\/dackel.ch\/it\/wp-json\/wp\/v2\/types\/page"}],"author":[{"embeddable":true,"href":"https:\/\/dackel.ch\/it\/wp-json\/wp\/v2\/users\/1"}],"replies":[{"embeddable":true,"href":"https:\/\/dackel.ch\/it\/wp-json\/wp\/v2\/comments?post=17345"}],"version-history":[{"count":2,"href":"https:\/\/dackel.ch\/it\/wp-json\/wp\/v2\/pages\/17345\/revisions"}],"predecessor-version":[{"id":17352,"href":"https:\/\/dackel.ch\/it\/wp-json\/wp\/v2\/pages\/17345\/revisions\/17352"}],"wp:attachment":[{"href":"https:\/\/dackel.ch\/it\/wp-json\/wp\/v2\/media?parent=17345"}],"curies":[{"name":"wp","href":"https:\/\/api.w.org\/{rel}","templated":true}]}}