{"id":17368,"date":"2024-11-05T21:05:03","date_gmt":"2024-11-05T21:05:03","guid":{"rendered":"https:\/\/dackel.ch\/informazioni-per-gli-allevatori\/"},"modified":"2026-02-03T11:03:03","modified_gmt":"2026-02-03T11:03:03","slug":"informazioni-per-gli-allevatori","status":"publish","type":"page","link":"https:\/\/dackel.ch\/it\/cuccioli-allevamento\/allevamento-renseignement-delevage\/informazioni-per-gli-allevatori\/","title":{"rendered":"Informazioni per gli allevatori"},"content":{"rendered":"<div  class='flex_column av-14898vn-fa0aacf42e74187a11e8852014a9707c av_one_full  avia-builder-el-0  avia-builder-el-no-sibling  first flex_column_div  '     ><section  class='av_textblock_section av-r5o8c3-52c00c1737eade41a9cf0341da90535d '   itemscope=\"itemscope\" itemtype=\"https:\/\/schema.org\/CreativeWork\" ><div class='avia_textblock'  itemprop=\"text\" ><ul>\n<li><a href=\"https:\/\/dackel.ch\/wp-content\/uploads\/2024\/11\/FCI-Rassen-Standard-2022.pdf\" target=\"_blank\" rel=\"noopener\">Standard di razza FCI Bassotto 14.03.2022<\/a><\/li>\n<li><a href=\"https:\/\/dackel.ch\/it\/?ddownload=1323\" title=\"Regolamento di allevamento (RA) 2024\" rel=\"nofollow\" class=\"ddownload-link id-1323 ext-pdf\">Regolamento di allevamento (RA) 2024<\/a><\/li>\n<li><a href=\"https:\/\/dackel.ch\/it\/?ddownload=13084\" title=\"R\u00e8glement d'\u00e9levage 2024\" rel=\"nofollow\" class=\"ddownload-link id-13084 ext-pdf\">R\u00e8glement d'\u00e9levage 2024<\/a><\/li>\n<li><a href=\"https:\/\/dackel.ch\/it\/?ddownload=16031\" title=\"Regolamento d'allevamento 2024\" rel=\"nofollow\" class=\"ddownload-link id-16031 ext-pdf\">Regolamento d'allevamento 2024<\/a><\/li>\n<li><a href=\"https:\/\/dackel.ch\/it\/?ddownload=14020\" title=\"Allevare nell'SDC passo dopo passo\" rel=\"nofollow\" class=\"ddownload-link id-14020 ext-pdf\">Allevare nell'SDC passo dopo passo<\/a><\/li>\n<li><a href=\"https:\/\/dackel.ch\/it\/?ddownload=14397\" title=\"Elevage dans le Club Suisse du Teckel fr.\" rel=\"nofollow\" class=\"ddownload-link id-14397 ext-pdf\">Elevage dans le Club Suisse du Teckel fr.<\/a><\/li>\n<li><a href=\"https:\/\/dackel.ch\/it\/?ddownload=14408\" title=\"Allevare nello Schweiz. Dachshund-Club it.\" rel=\"nofollow\" class=\"ddownload-link id-14408 ext-pdf\">Allevare nello Schweiz. Dachshund-Club it.<\/a><\/li>\n<li><a href=\"https:\/\/dackel.ch\/wp-content\/uploads\/2023\/02\/Muster-Kaufvertrag-SDC-3.2.23.pdf\" target=\"_blank\" rel=\"noopener\">Esempio di contratto di acquisto SDC<\/a><\/li>\n<li><a href=\"https:\/\/dackel.ch\/wp-content\/uploads\/2020\/05\/Z%C3%BCchterhaftung-von-Stephan-Weber.pdf\" target=\"_blank\" rel=\"noopener\">Responsabilit\u00e0 dell&#8217;allevatore (di Stephan Weber)<\/a><\/li>\n<li><a href=\"https:\/\/dackel.ch\/it\/?ddownload=1884\" title=\"Elenco indirizzi veterinari specializzati per l'esame degli occhi (CH)\" rel=\"nofollow\" class=\"ddownload-link id-1884 ext-pdf\">Elenco indirizzi veterinari specializzati per l'esame degli occhi (CH)<\/a><\/li>\n<li><a href=\"https:\/\/dackel.ch\/wp-content\/uploads\/2025\/06\/Dr-Precht-Dysplasie-Vortrag-SDC_26.4.25.pdf\" target=\"_blank\" rel=\"noopener\">Dr Precht Radiografia della schiena Conferenza SDC_26.4.25<\/a><\/li>\n<li><a href=\"https:\/\/dackel.ch\/wp-content\/uploads\/2025\/06\/Dr-Precht-Dysplasie-Conference-CST_26.4.25.pdf\" target=\"_blank\" rel=\"noopener\">Dr Precht Radiographie du Dos Conf\u00e9rence CST_26.4.25<\/a><\/li>\n<li><a href=\"https:\/\/dackel.ch\/wp-content\/uploads\/2025\/08\/Ruecken-Vortrag-2025.pdf\" target=\"_blank\" rel=\"noopener\">Presentazione sulla valutazione dei dischi intervertebrali nella radiografia, Facolt\u00e0 Vetsuisse 2025<\/a><\/li>\n<li><a href=\"https:\/\/dackel.ch\/wp-content\/uploads\/2025\/09\/Phaenotyp-R.-Osterwalder.pdf\" target=\"_blank\" rel=\"noopener\">Fenotipo R. Osterwalder<\/a><\/li>\n<\/ul>\n<\/div><\/section><br \/>\n<div  class='hr av-nlugr7-40f0712b9571eca7c6ec81986ba89e99 hr-default  avia-builder-el-2  el_after_av_textblock  el_before_av_textblock '><span class='hr-inner '><span class=\"hr-inner-style\"><\/span><\/span><\/div><br \/>\n<section  class='av_textblock_section av-mi362yux-0a5df756eb3e873b2bee3d5addce0e80 '   itemscope=\"itemscope\" itemtype=\"https:\/\/schema.org\/CreativeWork\" ><div class='avia_textblock'  itemprop=\"text\" ><p class=\"v1MsoNormal\">I membri dell&#8217;SDC possono richiedere alla responsabile dell&#8217;allevamento un modello per il contratto di cessione dei diritti di allevamento e il contratto di allevamento con balia.<\/p>\n<p class=\"v1MsoNormal\"><span lang=\"FR-CH\">Un mod\u00e8le de cession des droits d&#8217;\u00e9levage et d&#8217;\u00e9levage par une nourrice pour les membres du CST peut \u00eatre demand\u00e9 \u00e0 la responsable d&#8217;\u00e9levage.<\/span><\/p>\n<p class=\"v1MsoNormal\"><span lang=\"FR-CH\"> <\/span><\/p>\n<\/div><\/section><\/p><\/div>\n","protected":false},"excerpt":{"rendered":"","protected":false},"author":1,"featured_media":0,"parent":17570,"menu_order":0,"comment_status":"closed","ping_status":"closed","template":"","meta":{"ngg_post_thumbnail":0,"footnotes":""},"class_list":["post-17368","page","type-page","status-publish","hentry"],"_links":{"self":[{"href":"https:\/\/dackel.ch\/it\/wp-json\/wp\/v2\/pages\/17368","targetHints":{"allow":["GET"]}}],"collection":[{"href":"https:\/\/dackel.ch\/it\/wp-json\/wp\/v2\/pages"}],"about":[{"href":"https:\/\/dackel.ch\/it\/wp-json\/wp\/v2\/types\/page"}],"author":[{"embeddable":true,"href":"https:\/\/dackel.ch\/it\/wp-json\/wp\/v2\/users\/1"}],"replies":[{"embeddable":true,"href":"https:\/\/dackel.ch\/it\/wp-json\/wp\/v2\/comments?post=17368"}],"version-history":[{"count":5,"href":"https:\/\/dackel.ch\/it\/wp-json\/wp\/v2\/pages\/17368\/revisions"}],"predecessor-version":[{"id":17485,"href":"https:\/\/dackel.ch\/it\/wp-json\/wp\/v2\/pages\/17368\/revisions\/17485"}],"up":[{"embeddable":true,"href":"https:\/\/dackel.ch\/it\/wp-json\/wp\/v2\/pages\/17570"}],"wp:attachment":[{"href":"https:\/\/dackel.ch\/it\/wp-json\/wp\/v2\/media?parent=17368"}],"curies":[{"name":"wp","href":"https:\/\/api.w.org\/{rel}","templated":true}]}}