{"id":17692,"date":"2016-03-02T11:21:47","date_gmt":"2016-03-02T11:21:47","guid":{"rendered":"https:\/\/dackel.ch\/segnalazione-di-un-successo-espositivo-allestero-al-di-fuori-della-svizzera\/"},"modified":"2026-02-03T11:03:59","modified_gmt":"2026-02-03T11:03:59","slug":"segnalazione-di-un-successo-espositivo-allestero-al-di-fuori-della-svizzera","status":"publish","type":"page","link":"https:\/\/dackel.ch\/it\/segnalazione-di-un-successo-espositivo-allestero-al-di-fuori-della-svizzera\/","title":{"rendered":"Segnalazione di un successo espositivo all&#8217;estero (al di fuori della Svizzera)"},"content":{"rendered":"\n<style type=\"text\/css\" data-created_by=\"avia_inline_auto\" id=\"style-css-av-av_one_full-352b07ef7d3bc99b2e9f92e7a9e06bdb\">\n.flex_column.av-av_one_full-352b07ef7d3bc99b2e9f92e7a9e06bdb{\nborder-radius:0px 0px 0px 0px;\npadding:0px 0px 0px 0px;\n}\n<\/style>\n<div  class='flex_column av-av_one_full-352b07ef7d3bc99b2e9f92e7a9e06bdb av_one_full  avia-builder-el-0  avia-builder-el-no-sibling  first flex_column_div av-zero-column-padding  '     ><section  class='av_textblock_section av-av_textblock-0366cc7376be6c9e82a3e9cc8987b64f '   itemscope=\"itemscope\" itemtype=\"https:\/\/schema.org\/CreativeWork\" ><div class='avia_textblock'  itemprop=\"text\" ><script type=\"text\/javascript\">\n\/* <![CDATA[ *\/\nvar gform;gform||(document.addEventListener(\"gform_main_scripts_loaded\",function(){gform.scriptsLoaded=!0}),document.addEventListener(\"gform\/theme\/scripts_loaded\",function(){gform.themeScriptsLoaded=!0}),window.addEventListener(\"DOMContentLoaded\",function(){gform.domLoaded=!0}),gform={domLoaded:!1,scriptsLoaded:!1,themeScriptsLoaded:!1,isFormEditor:()=>\"function\"==typeof InitializeEditor,callIfLoaded:function(o){return!(!gform.domLoaded||!gform.scriptsLoaded||!gform.themeScriptsLoaded&&!gform.isFormEditor()||(gform.isFormEditor()&&console.warn(\"The use of gform.initializeOnLoaded() is deprecated in the form editor context and will be removed in Gravity Forms 3.1.\"),o(),0))},initializeOnLoaded:function(o){gform.callIfLoaded(o)||(document.addEventListener(\"gform_main_scripts_loaded\",()=>{gform.scriptsLoaded=!0,gform.callIfLoaded(o)}),document.addEventListener(\"gform\/theme\/scripts_loaded\",()=>{gform.themeScriptsLoaded=!0,gform.callIfLoaded(o)}),window.addEventListener(\"DOMContentLoaded\",()=>{gform.domLoaded=!0,gform.callIfLoaded(o)}))},hooks:{action:{},filter:{}},addAction:function(o,r,e,t){gform.addHook(\"action\",o,r,e,t)},addFilter:function(o,r,e,t){gform.addHook(\"filter\",o,r,e,t)},doAction:function(o){gform.doHook(\"action\",o,arguments)},applyFilters:function(o){return gform.doHook(\"filter\",o,arguments)},removeAction:function(o,r){gform.removeHook(\"action\",o,r)},removeFilter:function(o,r,e){gform.removeHook(\"filter\",o,r,e)},addHook:function(o,r,e,t,n){null==gform.hooks[o][r]&&(gform.hooks[o][r]=[]);var d=gform.hooks[o][r];null==n&&(n=r+\"_\"+d.length),gform.hooks[o][r].push({tag:n,callable:e,priority:t=null==t?10:t})},doHook:function(r,o,e){var t;if(e=Array.prototype.slice.call(e,1),null!=gform.hooks[r][o]&&((o=gform.hooks[r][o]).sort(function(o,r){return o.priority-r.priority}),o.forEach(function(o){\"function\"!=typeof(t=o.callable)&&(t=window[t]),\"action\"==r?t.apply(null,e):e[0]=t.apply(null,e)})),\"filter\"==r)return e[0]},removeHook:function(o,r,t,n){var e;null!=gform.hooks[o][r]&&(e=(e=gform.hooks[o][r]).filter(function(o,r,e){return!!(null!=n&&n!=o.tag||null!=t&&t!=o.priority)}),gform.hooks[o][r]=e)}});\n\/* ]]> *\/\n<\/script>\n\n                <div class='gf_browser_gecko gform_wrapper gform_legacy_markup_wrapper gform-theme--no-framework' data-form-theme='legacy' data-form-index='0' id='gform_wrapper_12' ><div id='gf_12' class='gform_anchor' tabindex='-1'><\/div>\n                        <div class='gform_heading'>\n                            <h3 class=\"gform_title\">Successo all'estero<\/h3>\n                            <p class='gform_description'><\/p>\n                        <\/div><form method='post' enctype='multipart\/form-data' target='gform_ajax_frame_12' id='gform_12'  action='\/it\/wp-json\/wp\/v2\/pages\/17692#gf_12' data-formid='12' novalidate>\n                        <div class='gform-body gform_body'><ul id='gform_fields_12' class='gform_fields left_label form_sublabel_below description_below validation_below'><li id=\"field_12_6\" class=\"gfield gfield--type-text field_sublabel_below gfield--no-description field_description_below field_validation_below gfield_visibility_visible\"  ><label class='gfield_label gform-field-label' for='input_12_6'>Cognome Nome (persona di contatto)<\/label><div class='ginput_container ginput_container_text'><input name='input_6' id='input_12_6' type='text' value='' class='medium'      aria-invalid=\"false\"   \/><\/div><\/li><li id=\"field_12_7\" class=\"gfield gfield--type-text field_sublabel_below gfield--no-description field_description_below field_validation_below gfield_visibility_visible\"  ><label class='gfield_label gform-field-label' for='input_12_7'>Indirizzo<\/label><div class='ginput_container ginput_container_text'><input name='input_7' id='input_12_7' type='text' value='' class='medium'      aria-invalid=\"false\"   \/><\/div><\/li><li id=\"field_12_8\" class=\"gfield gfield--type-text field_sublabel_below gfield--no-description field_description_below field_validation_below gfield_visibility_visible\"  ><label class='gfield_label gform-field-label' for='input_12_8'>CAP Citt\u00e0<\/label><div class='ginput_container ginput_container_text'><input name='input_8' id='input_12_8' type='text' value='' class='medium'      aria-invalid=\"false\"   \/><\/div><\/li><li id=\"field_12_11\" class=\"gfield gfield--type-phone field_sublabel_below gfield--no-description field_description_below field_validation_below gfield_visibility_visible\"  ><label class='gfield_label gform-field-label' for='input_12_11'>Telefono<\/label><div class='ginput_container ginput_container_phone'><input name='input_11' id='input_12_11' type='tel' value='' class='medium'    aria-invalid=\"false\"   \/><\/div><\/li><li id=\"field_12_10\" class=\"gfield gfield--type-email field_sublabel_below gfield--no-description field_description_below field_validation_below gfield_visibility_visible\"  ><label class='gfield_label gform-field-label' for='input_12_10'>E-mail<\/label><div class='ginput_container ginput_container_email'>\n                            <input name='input_10' id='input_12_10' type='email' value='' class='medium'     aria-invalid=\"false\"  \/>\n                        <\/div><\/li><li id=\"field_12_22\" class=\"gfield gfield--type-section gsection field_sublabel_below gfield--no-description field_description_below field_validation_below gfield_visibility_visible\"  ><h2 class=\"gsection_title\">Dati sul successo espositivo<\/h2><\/li><li id=\"field_12_23\" class=\"gfield gfield--type-date gfield--input-type-datepicker gfield--datepicker-default-icon field_sublabel_below gfield--no-description field_description_below field_validation_below gfield_visibility_visible\"  ><label class='gfield_label gform-field-label' for='input_12_23'>Data<\/label><div class='ginput_container ginput_container_date'>\n                            <input name='input_23' id='input_12_23' type='text' value='' class='datepicker gform-datepicker mdy datepicker_with_icon gdatepicker_with_icon'   placeholder='mm\/dd\/yyyy' aria-describedby=\"input_12_23_date_format\" aria-invalid=\"false\" \/>\n                            <span id='input_12_23_date_format' class='screen-reader-text'>MM slash DD slash YYYY<\/span>\n                        <\/div>\n                        <input type='hidden' id='gforms_calendar_icon_input_12_23' class='gform_hidden' value='https:\/\/dackel.ch\/wp-content\/plugins\/gravityforms\/images\/datepicker\/datepicker.svg'\/><\/li><li id=\"field_12_21\" class=\"gfield gfield--type-text field_sublabel_below gfield--no-description field_description_below field_validation_below gfield_visibility_visible\"  ><label class='gfield_label gform-field-label' for='input_12_21'>Esposizione<\/label><div class='ginput_container ginput_container_text'><input name='input_21' id='input_12_21' type='text' value='' class='large'      aria-invalid=\"false\"   \/><\/div><\/li><li id=\"field_12_24\" class=\"gfield gfield--type-select field_sublabel_below gfield--no-description field_description_below field_validation_below gfield_visibility_visible\"  ><label class='gfield_label gform-field-label' for='input_12_24'>Razza<\/label><div class='ginput_container ginput_container_select'><select name='input_24' id='input_12_24' class='medium gfield_select'     aria-invalid=\"false\" ><option value='Bassotto tedesco a pelo corto Standard' >Bassotto tedesco a pelo corto Standard<\/option><option value='Bassotto tedesco a pelo corto Nano' >Bassotto tedesco a pelo corto Nano<\/option><option value='Bassotto tedesco a pelo duro Standard' >Bassotto tedesco a pelo duro Standard<\/option><option value='Bassotto tedesco a pelo duro Nano' >Bassotto tedesco a pelo duro Nano<\/option><option value='Bassotto tedesco a pelo duro Kaninchen' >Bassotto tedesco a pelo duro Kaninchen<\/option><option value='Bassotto tedesco a pelo lungo Standard' >Bassotto tedesco a pelo lungo Standard<\/option><option value='Bassotto tedesco a pelo lungo Nano' >Bassotto tedesco a pelo lungo Nano<\/option><option value='Bassotto tedesco a pelo lungo Kaninchen' >Bassotto tedesco a pelo lungo Kaninchen<\/option><\/select><\/div><\/li><li id=\"field_12_25\" class=\"gfield gfield--type-text field_sublabel_below gfield--no-description field_description_below field_validation_below gfield_visibility_visible\"  ><label class='gfield_label gform-field-label' for='input_12_25'>N. SHSB<\/label><div class='ginput_container ginput_container_text'><input name='input_25' id='input_12_25' type='text' value='' class='medium'      aria-invalid=\"false\"   \/><\/div><\/li><li id=\"field_12_28\" class=\"gfield gfield--type-text field_sublabel_below gfield--no-description field_description_below field_validation_below gfield_visibility_visible\"  ><label class='gfield_label gform-field-label' for='input_12_28'>Nome del cane<\/label><div class='ginput_container ginput_container_text'><input name='input_28' id='input_12_28' type='text' value='' class='medium'      aria-invalid=\"false\"   \/><\/div><\/li><li id=\"field_12_27\" class=\"gfield gfield--type-text field_sublabel_below gfield--no-description field_description_below field_validation_below gfield_visibility_hidden\"  ><div class=\"admin-hidden-markup\"><i class=\"gform-icon gform-icon--hidden\" aria-hidden=\"true\" title=\"This field is hidden when viewing the form\"><\/i><span>This field is hidden when viewing the form<\/span><\/div><label class='gfield_label gform-field-label' for='input_12_27'>N. SHSB<\/label><div class='ginput_container ginput_container_text'><input name='input_27' id='input_12_27' type='text' value='' class='medium'      aria-invalid=\"false\"   \/><\/div><\/li><li id=\"field_12_26\" class=\"gfield gfield--type-text field_sublabel_below gfield--no-description field_description_below field_validation_below gfield_visibility_visible\"  ><label class='gfield_label gform-field-label' for='input_12_26'>Valutazione<\/label><div class='ginput_container ginput_container_text'><input name='input_26' id='input_12_26' type='text' value='' class='medium'      aria-invalid=\"false\"   \/><\/div><\/li><li id=\"field_12_29\" class=\"gfield gfield--type-text field_sublabel_below gfield--no-description field_description_below field_validation_below gfield_visibility_visible\"  ><label class='gfield_label gform-field-label' for='input_12_29'>Allevatore<\/label><div class='ginput_container ginput_container_text'><input name='input_29' id='input_12_29' type='text' value='' class='medium'      aria-invalid=\"false\"   \/><\/div><\/li><li id=\"field_12_30\" class=\"gfield gfield--type-text field_sublabel_below gfield--no-description field_description_below field_validation_below gfield_visibility_visible\"  ><label class='gfield_label gform-field-label' for='input_12_30'>Conduttore<\/label><div class='ginput_container ginput_container_text'><input name='input_30' id='input_12_30' type='text' value='' class='medium'      aria-invalid=\"false\"   \/><\/div><\/li><li id=\"field_12_31\" class=\"gfield gfield--type-html gfield_html gfield_html_formatted gfield_no_follows_desc field_sublabel_below gfield--no-description field_description_below field_validation_below gfield_visibility_visible\"  ><a href=\"javascript:void(0)\" onclick=\"window.print()\">Stampa l'annuncio<\/a><br><br>\nAttenzione! I cani allevati all'estero e residenti in Svizzera devono essere registrati nello SHSB. <br>\nAttention! Les chiens \u00e9lev\u00e9s \u00e0 l\u2018\u00e9tranger r\u00e9sidants en Suisse doivent \u00eatre enregistr\u00e9s dans le LOS. <\/li><li id=\"field_12_32\" class=\"gfield gfield--type-captcha field_sublabel_below gfield--no-description field_description_below field_validation_below gfield_visibility_visible\"  ><label class='gfield_label gform-field-label' for='input_12_32'>Protezione dallo spam<\/label><div id='input_12_32' class='ginput_container ginput_recaptcha' data-sitekey='6LfuwRcUAAAAANyGwP9AvnbPYja1JTkT56hWiXI4'  data-theme='light' data-tabindex='0'  data-badge=''><\/div><\/li><\/ul><\/div>\n        <div class='gform-footer gform_footer left_label'> <input type='submit' id='gform_submit_button_12' class='gform_button button' onclick='gform.submission.handleButtonClick(this);' data-submission-type='submit' value='Invia'  \/> <input type='hidden' name='gform_ajax' value='form_id=12&amp;title=1&amp;description=1&amp;tabindex=0&amp;theme=legacy&amp;styles=[]&amp;hash=b00477d3a4ad16d727089ee4b0fbd84f' \/>\n            <input type='hidden' class='gform_hidden' name='gform_submission_method' data-js='gform_submission_method_12' value='iframe' \/>\n            <input type='hidden' class='gform_hidden' name='gform_theme' data-js='gform_theme_12' id='gform_theme_12' value='legacy' \/>\n            <input type='hidden' class='gform_hidden' name='gform_style_settings' data-js='gform_style_settings_12' id='gform_style_settings_12' value='[]' \/>\n            <input type='hidden' class='gform_hidden' name='is_submit_12' value='1' \/>\n            <input type='hidden' class='gform_hidden' name='gform_submit' value='12' \/>\n            \n            <input type='hidden' class='gform_hidden' name='gform_currency' data-currency='CHF' value='CuhFazv+k60U\/cwgtr4dKJgQf0eaWCuVbMXMKZqARsfN9YSjoq7B+apHQsVjVpXd\/eXxjQ0gZUQicumgJtUeHT7lim6\/FpXoG1BCy5TGJilCH28=' \/>\n            <input type='hidden' class='gform_hidden' name='gform_unique_id' value='' \/>\n            <input type='hidden' class='gform_hidden' name='state_12' value='WyJbXSIsIjdmMDY1YzZhM2FiYzczMTNiYjRmZTQ0YWIwMDM0ZDk0Il0=' \/>\n            <input type='hidden' autocomplete='off' class='gform_hidden' name='gform_target_page_number_12' id='gform_target_page_number_12' value='0' \/>\n            <input type='hidden' autocomplete='off' class='gform_hidden' name='gform_source_page_number_12' id='gform_source_page_number_12' value='1' \/>\n            <input type='hidden' name='gform_field_values' value='' \/>\n            \n        <\/div>\n                        <p style=\"display: none !important;\" class=\"akismet-fields-container\" data-prefix=\"ak_\"><label>&#916;<textarea name=\"ak_hp_textarea\" cols=\"45\" rows=\"8\" maxlength=\"100\"><\/textarea><\/label><input type=\"hidden\" id=\"ak_js_1\" name=\"ak_js\" value=\"52\"\/><script>document.getElementById( \"ak_js_1\" ).setAttribute( \"value\", ( new Date() ).getTime() );<\/script><\/p><\/form>\n                        <\/div>\n\t\t                <iframe style='display:none;width:0px;height:0px;' src='about:blank' name='gform_ajax_frame_12' id='gform_ajax_frame_12' title='This iframe contains the logic required to handle Ajax powered Gravity Forms.'><\/iframe>\n\t\t                <script type=\"text\/javascript\">\n\/* <![CDATA[ *\/\n gform.initializeOnLoaded( function() {gformInitSpinner( 12, 'https:\/\/dackel.ch\/wp-content\/plugins\/gravityforms\/images\/spinner.svg', true );jQuery('#gform_ajax_frame_12').on('load',function(){var contents = jQuery(this).contents().find('*').html();var is_postback = contents.indexOf('GF_AJAX_POSTBACK') >= 0;if(!is_postback){return;}var form_content = jQuery(this).contents().find('#gform_wrapper_12');var is_confirmation = jQuery(this).contents().find('#gform_confirmation_wrapper_12').length > 0;var is_redirect = contents.indexOf('gformRedirect(){') >= 0;var is_form = form_content.length > 0 && ! is_redirect && ! is_confirmation;var mt = parseInt(jQuery('html').css('margin-top'), 10) + parseInt(jQuery('body').css('margin-top'), 10) + 100;if(is_form){jQuery('#gform_wrapper_12').html(form_content.html());if(form_content.hasClass('gform_validation_error')){jQuery('#gform_wrapper_12').addClass('gform_validation_error');} else {jQuery('#gform_wrapper_12').removeClass('gform_validation_error');}setTimeout( function() { \/* delay the scroll by 50 milliseconds to fix a bug in chrome *\/ jQuery(document).scrollTop(jQuery('#gform_wrapper_12').offset().top - mt); }, 50 );if(window['gformInitDatepicker']) {gformInitDatepicker();}if(window['gformInitPriceFields']) {gformInitPriceFields();}var current_page = jQuery('#gform_source_page_number_12').val();gformInitSpinner( 12, 'https:\/\/dackel.ch\/wp-content\/plugins\/gravityforms\/images\/spinner.svg', true );jQuery(document).trigger('gform_page_loaded', [12, current_page]);window['gf_submitting_12'] = false;}else if(!is_redirect){var confirmation_content = jQuery(this).contents().find('.GF_AJAX_POSTBACK').html();if(!confirmation_content){confirmation_content = contents;}jQuery('#gform_wrapper_12').replaceWith(confirmation_content);jQuery(document).scrollTop(jQuery('#gf_12').offset().top - mt);jQuery(document).trigger('gform_confirmation_loaded', [12]);window['gf_submitting_12'] = false;wp.a11y.speak(jQuery('#gform_confirmation_message_12').text());}else{jQuery('#gform_12').append(contents);if(window['gformRedirect']) {gformRedirect();}}jQuery(document).trigger(\"gform_pre_post_render\", [{ formId: \"12\", currentPage: \"current_page\", abort: function() { this.preventDefault(); } }]);        if (event && event.defaultPrevented) {                return;        }        const gformWrapperDiv = document.getElementById( \"gform_wrapper_12\" );        if ( gformWrapperDiv ) {            const visibilitySpan = document.createElement( \"span\" );            visibilitySpan.id = \"gform_visibility_test_12\";            gformWrapperDiv.insertAdjacentElement( \"afterend\", visibilitySpan );        }        const visibilityTestDiv = document.getElementById( \"gform_visibility_test_12\" );        let postRenderFired = false;        function triggerPostRender() {            if ( postRenderFired ) {                return;            }            postRenderFired = true;            gform.core.triggerPostRenderEvents( 12, current_page );            if ( visibilityTestDiv ) {                visibilityTestDiv.parentNode.removeChild( visibilityTestDiv );            }        }        function debounce( func, wait, immediate ) {            var timeout;            return function() {                var context = this, args = arguments;                var later = function() {                    timeout = null;                    if ( !immediate ) func.apply( context, args );                };                var callNow = immediate && !timeout;                clearTimeout( timeout );                timeout = setTimeout( later, wait );                if ( callNow ) func.apply( context, args );            };        }        const debouncedTriggerPostRender = debounce( function() {            triggerPostRender();        }, 200 );        if ( visibilityTestDiv && visibilityTestDiv.offsetParent === null ) {            const observer = new MutationObserver( ( mutations ) => {                mutations.forEach( ( mutation ) => {                    if ( mutation.type === 'attributes' && visibilityTestDiv.offsetParent !== null ) {                        debouncedTriggerPostRender();                        observer.disconnect();                    }                });            });            observer.observe( document.body, {                attributes: true,                childList: false,                subtree: true,                attributeFilter: [ 'style', 'class' ],            });        } else {            triggerPostRender();        }    } );} ); \n\/* ]]> *\/\n<\/script>\n\n<\/div><\/section><\/div>\n","protected":false},"excerpt":{"rendered":"","protected":false},"author":1,"featured_media":0,"parent":0,"menu_order":0,"comment_status":"closed","ping_status":"closed","template":"","meta":{"ngg_post_thumbnail":0,"footnotes":""},"class_list":["post-17692","page","type-page","status-publish","hentry"],"_links":{"self":[{"href":"https:\/\/dackel.ch\/it\/wp-json\/wp\/v2\/pages\/17692","targetHints":{"allow":["GET"]}}],"collection":[{"href":"https:\/\/dackel.ch\/it\/wp-json\/wp\/v2\/pages"}],"about":[{"href":"https:\/\/dackel.ch\/it\/wp-json\/wp\/v2\/types\/page"}],"author":[{"embeddable":true,"href":"https:\/\/dackel.ch\/it\/wp-json\/wp\/v2\/users\/1"}],"replies":[{"embeddable":true,"href":"https:\/\/dackel.ch\/it\/wp-json\/wp\/v2\/comments?post=17692"}],"version-history":[{"count":1,"href":"https:\/\/dackel.ch\/it\/wp-json\/wp\/v2\/pages\/17692\/revisions"}],"predecessor-version":[{"id":17694,"href":"https:\/\/dackel.ch\/it\/wp-json\/wp\/v2\/pages\/17692\/revisions\/17694"}],"wp:attachment":[{"href":"https:\/\/dackel.ch\/it\/wp-json\/wp\/v2\/media?parent=17692"}],"curies":[{"name":"wp","href":"https:\/\/api.w.org\/{rel}","templated":true}]}}