{"id":17849,"date":"2015-09-09T06:29:13","date_gmt":"2015-09-09T06:29:13","guid":{"rendered":"https:\/\/dackel.ch\/home\/"},"modified":"2026-02-13T14:56:36","modified_gmt":"2026-02-13T14:56:36","slug":"home","status":"publish","type":"page","link":"https:\/\/dackel.ch\/it\/","title":{"rendered":"Home"},"content":{"rendered":"\n<style type=\"text\/css\" data-created_by=\"avia_inline_auto\" id=\"style-css-av-2ggad-d496021146e6dc44a680eb3cf81cd6f1\">\n.flex_column.av-2ggad-d496021146e6dc44a680eb3cf81cd6f1{\nborder-radius:0px 0px 0px 0px;\npadding:0px 0px 0px 0px;\n}\n<\/style>\n<div  class='flex_column av-2ggad-d496021146e6dc44a680eb3cf81cd6f1 av_one_full  avia-builder-el-0  el_before_av_one_full  avia-builder-el-first  first flex_column_div av-zero-column-padding  '     ><style type=\"text\/css\" data-created_by=\"avia_inline_auto\" id=\"style-css-av-29i7l-f264e87ee107048fa3ca86266d801311\">\n.avia-image-container.av-29i7l-f264e87ee107048fa3ca86266d801311 img.avia_image{\nbox-shadow:none;\n}\n.avia-image-container.av-29i7l-f264e87ee107048fa3ca86266d801311 .av-caption-image-overlay-bg{\nopacity:0.4;\nbackground-color:#000000;\n}\n.avia-image-container.av-29i7l-f264e87ee107048fa3ca86266d801311 .av-image-caption-overlay-center{\ncolor:#ffffff;\n}\n<\/style>\n<div  class='avia-image-container av-29i7l-f264e87ee107048fa3ca86266d801311 av-styling- av-img-linked avia-align-left  avia-builder-el-1  avia-builder-el-no-sibling  noHover av-overlay-on-hover'   itemprop=\"image\" itemscope=\"itemscope\" itemtype=\"https:\/\/schema.org\/ImageObject\" ><div class=\"avia-image-container-inner\"><div class=\"avia-image-overlay-wrap\"><div class=\"av-image-caption-overlay\"><div class=\"av-caption-image-overlay-bg\"><\/div><div class=\"av-image-caption-overlay-position\"><div class=\"av-image-caption-overlay-center\"><p>SDC Forum N. 156<\/p>\n<p>3 Matt \u2013 3 Cacciatori \u2013 3 Bassotti<br \/>\nElla e i 2 fantasmi della palude<br \/>\nFoto: Karl Matt<\/p>\n<\/div><\/div><\/div><img decoding=\"async\" fetchpriority=\"high\" class='wp-image-19351 avia-img-lazy-loading-not-19351 avia_image ' src=\"https:\/\/dackel.ch\/wp-content\/uploads\/2026\/02\/Forum-156-845x684.jpg\" alt='' title='Forum 156'  height=\"684\" width=\"845\"  itemprop=\"thumbnailUrl\" srcset=\"https:\/\/dackel.ch\/wp-content\/uploads\/2026\/02\/Forum-156-845x684.jpg 845w, https:\/\/dackel.ch\/wp-content\/uploads\/2026\/02\/Forum-156-495x400.jpg 495w\" sizes=\"(max-width: 845px) 100vw, 845px\" \/><\/div><\/div><\/div><\/div>\n<style type=\"text\/css\" data-created_by=\"avia_inline_auto\" id=\"style-css-av-1j5ah-c495ecbc3610c3f0a22b595a18b8bf63\">\n.flex_column.av-1j5ah-c495ecbc3610c3f0a22b595a18b8bf63{\nborder-radius:0px 0px 0px 0px;\npadding:0px 0px 0px 0px;\n}\n<\/style>\n<div  class='flex_column av-1j5ah-c495ecbc3610c3f0a22b595a18b8bf63 av_one_full  avia-builder-el-2  el_after_av_one_full  el_before_av_hr  first flex_column_div av-zero-column-padding  column-top-margin'     ><p><section  class='av_textblock_section av-16mwl-e13c3853e613272ad2e8d50ab88fcb96 '   itemscope=\"itemscope\" itemtype=\"https:\/\/schema.org\/CreativeWork\" ><div class='avia_textblock'  itemprop=\"text\" ><p><span class='av_dropcap2 av-av_dropcap2-bd3e2e98007e8df5c1bbaff1392a902e'>C<\/span>ara visitatrice, caro visitatore,<br \/>\nBenvenuti sulla nostra homepage!<\/p>\n<p>Che vogliate conoscere il nostro club, che stiate cercando un bassotto o che siate gi\u00e0 membri del club, ci impegniamo a fornire informazioni utili e aggiornate. Sulla nostra homepage troverete, tra l&#8217;altro, il nostro statuto, i bandi di concorso e le informazioni sulle attivit\u00e0, nonch\u00e9 i risultati di mostre ed esami. Abbiamo anche messo a disposizione molte informazioni utili per gli allevatori.  <\/p>\n<p>Pu\u00f2 anche darsi che vogliate dare dei suggerimenti, che non troviate qualcosa o che vogliate segnalarci dei problemi. In questo caso, potete rivolgervi con fiducia a: <\/p>\n<p style=\"font-weight: 400;\">Eliane Untern\u00e4hrer, Presidente SDC<br \/>\nTel. n. 078 851 40 06<br \/>\nE-mail: <a href=\"mailto:praesident@dackel.ch\">praesident@dackel.ch<\/a> <\/p>\n<\/div><\/section><br \/>\n<div  class='hr av-1epkh-797b1021aabd36f53ef57e674254c397 hr-default  avia-builder-el-4  el_after_av_textblock  el_before_av_textblock '><span class='hr-inner '><span class=\"hr-inner-style\"><\/span><\/span><\/div><br \/>\n<section  class='av_textblock_section av-16mwl-2-050c8f779624075931b2a90b3b077c80 '   itemscope=\"itemscope\" itemtype=\"https:\/\/schema.org\/CreativeWork\" ><div class='avia_textblock'  itemprop=\"text\" ><p><span class='av_dropcap2 av-av_dropcap2-bd3e2e98007e8df5c1bbaff1392a902e'>C<\/span>hers visiteurs<br \/>\nBienvenue sur notre page d\u2019accueil!<\/p>\n<p>Que vous d\u00e9sirez conna\u00eetre notre club, que vous recherchiez un teckel, ou si vous \u00eates d\u00e9j\u00e0 membre, nous nous effor\u00e7ons de vous transmettre toutes les informations n\u00e9cessaires et actualis\u00e9es.<br \/>\nSur notre site vous trouverez entre autres, nos statuts, les annonces et les informations concernant nos activit\u00e9s, ainsi que les r\u00e9sultats des concours et expositions.<br \/>\nPour nos \u00e9leveurs nous avons mis \u00e0 disposition les derni\u00e8res informations utiles.<br \/>\nIl se peut que vous ayez des suggestions, que vous ne trouviez pas la r\u00e9ponse \u00e0 vos questions, ou que vous d\u00e9siriez nous rendre attentifs \u00e0 un probl\u00e8me quelconque.<\/p>\n<p>Dans ce cas, veuillez contacter:<\/p>\n<p style=\"font-weight: 400;\">Eliane Untern\u00e4hrer, Pr\u00e9sidente CST<br \/>\nT\u00e9l\u00e9phone: 078 851 40 06<br \/>\nCourriel : <a href=\"mailto:praesident@dackel.ch\">praesident@dackel.ch<\/a><\/p>\n<\/div><\/section><\/p><\/div><\/p>\n<div  class='hr av-y5fd-c49e884457f39ac69a2cd72b6e7bad99 hr-default  avia-builder-el-6  el_after_av_one_full  el_before_av_textblock '><span class='hr-inner '><span class=\"hr-inner-style\"><\/span><\/span><\/div>\n<section  class='av_textblock_section av-16mwl-1-735a6a5191d6a50a22a6d77bb0bf214f '   itemscope=\"itemscope\" itemtype=\"https:\/\/schema.org\/CreativeWork\" ><div class='avia_textblock'  itemprop=\"text\" ><p><span class='av_dropcap2 av-av_dropcap2-bd3e2e98007e8df5c1bbaff1392a902e'>G<\/span>entile visitatore<br \/>\nBenvenuti nella nostra homepage!<\/p>\n<p>Sia che vogliate conoscere il nostro club, che cerchiate un bassotto o che siate gi\u00e0 soci del club, cerchiamo di trasmettere informazioni utili e aggiornate. Sulla nostra homepage troverete, tra le altre cose, i nostri statuti, gli annunci e i dettagli delle attivit\u00e0, nonch\u00e9 i risultati delle mostre e degli esami. Abbiamo anche fornito molte informazioni utili per gli allevatori.  <\/p>\n<p>Potrebbe anche essere che vogliate dare dei suggerimenti, che non riusciate a trovare qualcosa o che vogliate attirare la nostra attenzione su eventuali problemi. In questo caso vi preghiamo di contattarci: <\/p>\n<p style=\"font-weight: 400;\">Eliane Untern\u00e4hrer, Presidente della DSC<br \/>\nTelefono: 078 851 40 06<br \/>\ne-mail: <a href=\"mailto:praesident@dackel.ch\">praesident@dackel.ch<\/a> <\/p>\n<\/div><\/section>\n","protected":false},"excerpt":{"rendered":"","protected":false},"author":1,"featured_media":0,"parent":0,"menu_order":0,"comment_status":"closed","ping_status":"closed","template":"","meta":{"ngg_post_thumbnail":0,"footnotes":""},"class_list":["post-17849","page","type-page","status-publish","hentry"],"_links":{"self":[{"href":"https:\/\/dackel.ch\/it\/wp-json\/wp\/v2\/pages\/17849","targetHints":{"allow":["GET"]}}],"collection":[{"href":"https:\/\/dackel.ch\/it\/wp-json\/wp\/v2\/pages"}],"about":[{"href":"https:\/\/dackel.ch\/it\/wp-json\/wp\/v2\/types\/page"}],"author":[{"embeddable":true,"href":"https:\/\/dackel.ch\/it\/wp-json\/wp\/v2\/users\/1"}],"replies":[{"embeddable":true,"href":"https:\/\/dackel.ch\/it\/wp-json\/wp\/v2\/comments?post=17849"}],"version-history":[{"count":7,"href":"https:\/\/dackel.ch\/it\/wp-json\/wp\/v2\/pages\/17849\/revisions"}],"predecessor-version":[{"id":19359,"href":"https:\/\/dackel.ch\/it\/wp-json\/wp\/v2\/pages\/17849\/revisions\/19359"}],"wp:attachment":[{"href":"https:\/\/dackel.ch\/it\/wp-json\/wp\/v2\/media?parent=17849"}],"curies":[{"name":"wp","href":"https:\/\/api.w.org\/{rel}","templated":true}]}}