{"id":17907,"date":"2015-09-09T06:26:53","date_gmt":"2015-09-09T06:26:53","guid":{"rendered":"https:\/\/dackel.ch\/il-nostro-club\/notizie-dal-club-inserzioni\/"},"modified":"2026-02-03T12:32:47","modified_gmt":"2026-02-03T12:32:47","slug":"notizie-dal-club-inserzioni","status":"publish","type":"page","link":"https:\/\/dackel.ch\/it\/il-nostro-club\/notizie-dal-club-inserzioni\/","title":{"rendered":"Notizie dal club | Inserzioni"},"content":{"rendered":"\n<style type=\"text\/css\" data-created_by=\"avia_inline_auto\" id=\"style-css-av-1yp37-75db9b856f263110641bdbfb735ed627\">\n.flex_column.av-1yp37-75db9b856f263110641bdbfb735ed627{\nborder-radius:0px 0px 0px 0px;\npadding:0px 0px 0px 0px;\n}\n<\/style>\n<div  class='flex_column av-1yp37-75db9b856f263110641bdbfb735ed627 av_one_full  avia-builder-el-0  el_before_av_hr  avia-builder-el-first  first flex_column_div av-zero-column-padding  '     ><section  class='av_textblock_section av-m39b8y46-9eae0da69e375bad7ccb7cb83979b363 '   itemscope=\"itemscope\" itemtype=\"https:\/\/schema.org\/CreativeWork\" ><div class='avia_textblock'  itemprop=\"text\" ><h4><strong>Forum sul bassotto<\/strong><\/h4>\n<p>Il Forum sul bassotto (rivista del Club svizzero del bassotto) esce 4 volte all&#8217;anno. Contiene tutte le informazioni importanti sugli eventi del club come mostre, esami, comunicazioni e informazioni del consiglio ai membri.  <!--more-->Vengono inoltre pubblicati interessanti contributi e articoli di membri e giornalisti, nonch\u00e9 dei gruppi regionali dell&#8217;SDC sul tema del bassotto. Uno dei componenti pi\u00f9 importanti \u00e8 l&#8217;elenco degli allevatori e degli stalloni, che \u00e8 costantemente a tua disposizione. <\/p>\n<p>Il <strong>termine di redazione<\/strong> \u00e8 rispettivamente il 31 marzo, 30 giugno, 30 settembre e 31 dicembre    <\/p>\n<p>L&#8217;abbonamento \u00e8 incluso nella quota associativa.<br \/>\nContiene informazioni molto utili e importanti.<br \/>\n&#8211; Eventi e attivit\u00e0 del club, mostre, esami<br \/>\n&#8211; preziosi consigli sulla cinologia in generale e in particolare per i bassotti<br \/>\n&#8211; Informazioni interessanti dal consiglio e dai gruppi regionali della Svizzera<br \/>\n&#8211; Relazioni annuali, statuti e decisioni dei responsabili di dipartimento<br \/>\n&#8211; Relazioni e notizie di successo dei membri del club e degli amici<br \/>\n&#8211; Elenchi di allevatori e stalloni, statistiche sul collocamento dei cuccioli<br \/>\n&#8211; Regolamenti di allevamento, controlli e aiuti della commissione di allevamento<br \/>\n&#8211; Bandi di concorso ed esami nel settore della caccia<br \/>\n&#8211; Descrizioni di standard, approvazioni, documenti doganali e di vaccinazione, ecc. <\/p>\n<p>I membri del club, i consigli e i responsabili sono invitati ad arricchire la rivista e a sostenere il club con relazioni e testi per il forum. La redattrice \u00e8 molto grata per ogni articolo. Si prega di inviare i documenti (testo e foto) al seguente indirizzo:  <\/p>\n<p>Redazione Forum: Ruth H\u00e4uselmann, Pfarrhausstrasse 11, 8426 Lufingen<br \/>\nTel. 044 814 02 08, Mail: Clubredaktion@dackel.ch.<\/p>\n<\/div><\/section><\/div>\n<div  class='hr av-xfhz-92553d218e904d40273224c08093f531 hr-default  avia-builder-el-2  el_after_av_one_full  el_before_av_textblock '><span class='hr-inner '><span class=\"hr-inner-style\"><\/span><\/span><\/div>\n<section  class='av_textblock_section av-th27-7a9585ddb360b39e3b1bb92e5e1d4c79 '   itemscope=\"itemscope\" itemtype=\"https:\/\/schema.org\/CreativeWork\" ><div class='avia_textblock'  itemprop=\"text\" ><p><a href=\"http:\/\/www.tinayla.ch\" target=\"_blank\" rel=\"http:\/\/www.tinayla.ch noopener noreferrer\"><img loading=\"lazy\" decoding=\"async\" class=\"alignnone wp-image-2749 size-full\" src=\"https:\/\/dackel.ch\/wp-content\/uploads\/2017\/05\/tinayla.jpg\" alt=\"\" width=\"396\" height=\"301\" srcset=\"https:\/\/dackel.ch\/wp-content\/uploads\/2017\/05\/tinayla.jpg 396w, https:\/\/dackel.ch\/wp-content\/uploads\/2017\/05\/tinayla-300x228.jpg 300w\" sizes=\"auto, (max-width: 396px) 100vw, 396px\" \/><\/a><\/p>\n<hr>\n<p><a href=\"http:\/\/www.vom-margelchopf.ch%20\" target=\"_blank\" rel=\"http:\/\/www.vom-margelchopf.ch noopener noreferrer\"><img loading=\"lazy\" decoding=\"async\" class=\"alignnone wp-image-3036 size-full\" src=\"https:\/\/dackel.ch\/wp-content\/uploads\/2017\/10\/inserat-vetsch.jpg\" alt=\"\" width=\"1030\" height=\"205\" srcset=\"https:\/\/dackel.ch\/wp-content\/uploads\/2017\/10\/inserat-vetsch.jpg 1030w, https:\/\/dackel.ch\/wp-content\/uploads\/2017\/10\/inserat-vetsch-300x60.jpg 300w, https:\/\/dackel.ch\/wp-content\/uploads\/2017\/10\/inserat-vetsch-768x153.jpg 768w, https:\/\/dackel.ch\/wp-content\/uploads\/2017\/10\/inserat-vetsch-705x140.jpg 705w, https:\/\/dackel.ch\/wp-content\/uploads\/2017\/10\/inserat-vetsch-450x90.jpg 450w\" sizes=\"auto, (max-width: 1030px) 100vw, 1030px\" \/><\/a><\/p>\n<hr>\n<p><a href=\"https:\/\/dackel.ch\/wp-content\/uploads\/2018\/08\/126-Z%C3%BCchterinserat-Jegerlehner-1.jpg\"><img loading=\"lazy\" decoding=\"async\" class=\"alignnone wp-image-7020\" src=\"https:\/\/dackel.ch\/wp-content\/uploads\/2021\/04\/Inserat-Jegerlehner-klein-300x221.jpg\" alt=\"\" width=\"400\" height=\"295\" srcset=\"https:\/\/dackel.ch\/wp-content\/uploads\/2021\/04\/Inserat-Jegerlehner-klein-300x221.jpg 300w, https:\/\/dackel.ch\/wp-content\/uploads\/2021\/04\/Inserat-Jegerlehner-klein.jpg 515w\" sizes=\"auto, (max-width: 400px) 100vw, 400px\" \/><\/a><\/p>\n<hr>\n<\/div><\/section>\n","protected":false},"excerpt":{"rendered":"<p>Forum sul bassotto Il Forum sul bassotto (rivista del Club svizzero del bassotto) esce 4 volte all&#8217;anno. Contiene tutte le informazioni importanti sugli eventi del club come mostre, esami, comunicazioni e informazioni del consiglio ai membri.<\/p>\n","protected":false},"author":1,"featured_media":0,"parent":17628,"menu_order":5,"comment_status":"closed","ping_status":"closed","template":"","meta":{"ngg_post_thumbnail":0,"footnotes":""},"class_list":["post-17907","page","type-page","status-publish","hentry"],"_links":{"self":[{"href":"https:\/\/dackel.ch\/it\/wp-json\/wp\/v2\/pages\/17907","targetHints":{"allow":["GET"]}}],"collection":[{"href":"https:\/\/dackel.ch\/it\/wp-json\/wp\/v2\/pages"}],"about":[{"href":"https:\/\/dackel.ch\/it\/wp-json\/wp\/v2\/types\/page"}],"author":[{"embeddable":true,"href":"https:\/\/dackel.ch\/it\/wp-json\/wp\/v2\/users\/1"}],"replies":[{"embeddable":true,"href":"https:\/\/dackel.ch\/it\/wp-json\/wp\/v2\/comments?post=17907"}],"version-history":[{"count":1,"href":"https:\/\/dackel.ch\/it\/wp-json\/wp\/v2\/pages\/17907\/revisions"}],"predecessor-version":[{"id":17941,"href":"https:\/\/dackel.ch\/it\/wp-json\/wp\/v2\/pages\/17907\/revisions\/17941"}],"up":[{"embeddable":true,"href":"https:\/\/dackel.ch\/it\/wp-json\/wp\/v2\/pages\/17628"}],"wp:attachment":[{"href":"https:\/\/dackel.ch\/it\/wp-json\/wp\/v2\/media?parent=17907"}],"curies":[{"name":"wp","href":"https:\/\/api.w.org\/{rel}","templated":true}]}}